{"id":623830,"date":"2022-08-24T17:24:05","date_gmt":"2022-08-24T15:24:05","guid":{"rendered":"https:\/\/taboofashion.com\/shop\/bc-e190-nehez-polo\/"},"modified":"2023-05-17T18:01:23","modified_gmt":"2023-05-17T16:01:23","slug":"bc-e190-nehez-polo","status":"publish","type":"product","link":"https:\/\/taboofashion.com\/hu\/shop\/bc-e190-nehez-polo\/","title":{"rendered":"#E190 F\u00e9rfi p\u00f3l\u00f3"},"content":{"rendered":"<p>Exact 190 cserev\u00e1ltozata (cikksz\u00e1m: 01.0004), testreszabott illeszked\u00e9s, cs\u0151szer\u0171 fel\u00e9p\u00edt\u00e9s, keskeny 2 r\u00e9teg\u0171 bord\u00e1s nyak, nyakszalag, keskeny ujjak<\/p>\n","protected":false},"excerpt":{"rendered":"<p>185 gsm 100% el\u0151zsugor\u00edtott, gy\u0171r\u0171s fon\u00e1s\u00fa pamut Hamu: 99% pamut, 1% viszk\u00f3z Sportsz\u00fcrke: 85% pamut, 15% viszk\u00f3z single jersey<\/p>\n","protected":false},"featured_media":610542,"template":"","meta":[],"product_cat":[3629],"product_tag":[6744],"class_list":{"0":"post-623830","1":"product","2":"type-product","3":"status-publish","4":"has-post-thumbnail","6":"product_cat-polok","7":"product_tag-bc_01_003t_men-hu","8":"pa_brand-bc-collection-hu","9":"pa_colour-arany","10":"pa_colour-atoll-kek-hu","11":"pa_colour-barna-hu","12":"pa_colour-bordo","13":"pa_colour-csendes-oceani-szurke-hu","14":"pa_colour-csokolade-barna","15":"pa_colour-diva-kek","16":"pa_colour-egszinkek","17":"pa_colour-ezereves-lila","18":"pa_colour-ezereves-menta","19":"pa_colour-feher","20":"pa_colour-fekete","21":"pa_colour-hamu","22":"pa_colour-hasznalt-fekete","23":"pa_colour-homok","24":"pa_colour-kelly-green-hu","25":"pa_colour-kiralykek","26":"pa_colour-kobaltkek","27":"pa_colour-kokek-hu","28":"pa_colour-naplemente-narancs","29":"pa_colour-napsarga-hu","30":"pa_colour-narancs","31":"pa_colour-orchidea-rozsaszin","32":"pa_colour-orchidea-zold-hu","33":"pa_colour-piros","34":"pa_colour-pixel-lime-hu-2","35":"pa_colour-ragyogo-lila-2","36":"pa_colour-sargabarack","37":"pa_colour-sorbet-hu","38":"pa_colour-sotetszurke","39":"pa_colour-sport-szurke","40":"pa_colour-tengereszgyalogsag","41":"pa_colour-tengereszkek","42":"pa_colour-termeszetes","43":"pa_colour-tuzpiros-2","44":"pa_colour-uszomedence","45":"pa_colour-uveg-zold","46":"pa_colour-varosi-khaki","47":"pa_colour-varosi-lila","48":"pa_colour-varosi-narancs","49":"pa_size-3xl-hu","50":"pa_size-4xl-hu","51":"pa_size-5xl-hu","52":"pa_size-l-hu","53":"pa_size-m-hu","54":"pa_size-s-hu","55":"pa_size-xl-hu","56":"pa_size-xs-hu","57":"pa_size-xxl-hu","59":"first","60":"instock","61":"taxable","62":"shipping-taxable","63":"purchasable","64":"product-type-variable","65":"has-default-attributes"},"yoast_head":"<!-- This site is optimized with the Yoast SEO plugin v21.8 - https:\/\/yoast.com\/wordpress\/plugins\/seo\/ -->\n<title>#E190 F\u00e9rfi p\u00f3l\u00f3 &#8211; Fashion shop<\/title>\n<meta name=\"robots\" content=\"index, follow, max-snippet:-1, max-image-preview:large, max-video-preview:-1\" \/>\n<link rel=\"canonical\" href=\"https:\/\/taboofashion.com\/hu\/shop\/bc-e190-nehez-polo\/\" \/>\n<meta property=\"og:locale\" content=\"hu_HU\" \/>\n<meta property=\"og:type\" content=\"article\" \/>\n<meta property=\"og:title\" content=\"#E190 F\u00e9rfi p\u00f3l\u00f3 &#8211; Fashion shop\" \/>\n<meta property=\"og:description\" content=\"185 gsm 100% el\u0151zsugor\u00edtott, gy\u0171r\u0171s fon\u00e1s\u00fa pamut Hamu: 99% pamut, 1% viszk\u00f3z Sportsz\u00fcrke: 85% pamut, 15% viszk\u00f3z single jersey\" \/>\n<meta property=\"og:url\" content=\"https:\/\/taboofashion.com\/hu\/shop\/bc-e190-nehez-polo\/\" \/>\n<meta property=\"og:site_name\" content=\"Fashion shop\" \/>\n<meta property=\"article:publisher\" content=\"https:\/\/www.facebook.com\/TabooSlovakia\" \/>\n<meta property=\"article:modified_time\" content=\"2023-05-17T16:01:23+00:00\" \/>\n<meta property=\"og:image\" content=\"https:\/\/taboofashion.com\/wp-content\/uploads\/2022\/08\/BC_01_003T_Men.jpg\" \/>\n\t<meta property=\"og:image:width\" content=\"1000\" \/>\n\t<meta property=\"og:image:height\" content=\"1000\" \/>\n\t<meta property=\"og:image:type\" content=\"image\/jpeg\" \/>\n<meta name=\"twitter:card\" content=\"summary_large_image\" \/>\n<script type=\"application\/ld+json\" class=\"yoast-schema-graph\">{\"@context\":\"https:\/\/schema.org\",\"@graph\":[{\"@type\":\"WebPage\",\"@id\":\"https:\/\/taboofashion.com\/hu\/shop\/bc-e190-nehez-polo\/\",\"url\":\"https:\/\/taboofashion.com\/hu\/shop\/bc-e190-nehez-polo\/\",\"name\":\"#E190 F\u00e9rfi p\u00f3l\u00f3 &#8211; Fashion shop\",\"isPartOf\":{\"@id\":\"https:\/\/taboofashion.com\/hu\/#website\"},\"datePublished\":\"2022-08-24T15:24:05+00:00\",\"dateModified\":\"2023-05-17T16:01:23+00:00\",\"breadcrumb\":{\"@id\":\"https:\/\/taboofashion.com\/hu\/shop\/bc-e190-nehez-polo\/#breadcrumb\"},\"inLanguage\":\"hu\",\"potentialAction\":[{\"@type\":\"ReadAction\",\"target\":[\"https:\/\/taboofashion.com\/hu\/shop\/bc-e190-nehez-polo\/\"]}]},{\"@type\":\"BreadcrumbList\",\"@id\":\"https:\/\/taboofashion.com\/hu\/shop\/bc-e190-nehez-polo\/#breadcrumb\",\"itemListElement\":[{\"@type\":\"ListItem\",\"position\":1,\"name\":\"Home\",\"item\":\"https:\/\/taboofashion.com\/hu\/\"},{\"@type\":\"ListItem\",\"position\":2,\"name\":\"Bolt\",\"item\":\"https:\/\/taboofashion.com\/hu\/\"},{\"@type\":\"ListItem\",\"position\":3,\"name\":\"#E190 F\u00e9rfi p\u00f3l\u00f3\"}]},{\"@type\":\"WebSite\",\"@id\":\"https:\/\/taboofashion.com\/hu\/#website\",\"url\":\"https:\/\/taboofashion.com\/hu\/\",\"name\":\"Fashion shop\",\"description\":\"\",\"publisher\":{\"@id\":\"https:\/\/taboofashion.com\/hu\/#organization\"},\"potentialAction\":[{\"@type\":\"SearchAction\",\"target\":{\"@type\":\"EntryPoint\",\"urlTemplate\":\"https:\/\/taboofashion.com\/hu\/?s={search_term_string}\"},\"query-input\":\"required name=search_term_string\"}],\"inLanguage\":\"hu\"},{\"@type\":\"Organization\",\"@id\":\"https:\/\/taboofashion.com\/hu\/#organization\",\"name\":\"Taboo Slovakia s.r.o.\",\"url\":\"https:\/\/taboofashion.com\/hu\/\",\"logo\":{\"@type\":\"ImageObject\",\"inLanguage\":\"hu\",\"@id\":\"https:\/\/taboofashion.com\/hu\/#\/schema\/logo\/image\/\",\"url\":\"https:\/\/taboofashion.com\/wp-content\/uploads\/2022\/12\/taboologo2100-002.png\",\"contentUrl\":\"https:\/\/taboofashion.com\/wp-content\/uploads\/2022\/12\/taboologo2100-002.png\",\"width\":2100,\"height\":1050,\"caption\":\"Taboo Slovakia s.r.o.\"},\"image\":{\"@id\":\"https:\/\/taboofashion.com\/hu\/#\/schema\/logo\/image\/\"},\"sameAs\":[\"https:\/\/www.facebook.com\/TabooSlovakia\",\"https:\/\/www.linkedin.com\/company\/541747\/\",\"https:\/\/www.instagram.com\/taboofashion.com1\/\"]}]}<\/script>\n<meta property=\"product:brand\" content=\"B&amp;C Collection\" \/>\n<meta property=\"og:availability\" content=\"instock\" \/>\n<meta property=\"product:availability\" content=\"instock\" \/>\n<meta property=\"product:retailer_item_id\" content=\"01003T00100\" \/>\n<meta property=\"product:condition\" content=\"new\" \/>\n<!-- \/ Yoast SEO plugin. -->","yoast_head_json":{"title":"#E190 F\u00e9rfi p\u00f3l\u00f3 &#8211; Fashion shop","robots":{"index":"index","follow":"follow","max-snippet":"max-snippet:-1","max-image-preview":"max-image-preview:large","max-video-preview":"max-video-preview:-1"},"canonical":"https:\/\/taboofashion.com\/hu\/shop\/bc-e190-nehez-polo\/","og_locale":"hu_HU","og_type":"article","og_title":"#E190 F\u00e9rfi p\u00f3l\u00f3 &#8211; Fashion shop","og_description":"185 gsm 100% el\u0151zsugor\u00edtott, gy\u0171r\u0171s fon\u00e1s\u00fa pamut Hamu: 99% pamut, 1% viszk\u00f3z Sportsz\u00fcrke: 85% pamut, 15% viszk\u00f3z single jersey","og_url":"https:\/\/taboofashion.com\/hu\/shop\/bc-e190-nehez-polo\/","og_site_name":"Fashion shop","article_publisher":"https:\/\/www.facebook.com\/TabooSlovakia","article_modified_time":"2023-05-17T16:01:23+00:00","og_image":[{"width":1000,"height":1000,"url":"https:\/\/taboofashion.com\/wp-content\/uploads\/2022\/08\/BC_01_003T_Men.jpg","type":"image\/jpeg"}],"twitter_card":"summary_large_image","schema":{"@context":"https:\/\/schema.org","@graph":[{"@type":"WebPage","@id":"https:\/\/taboofashion.com\/hu\/shop\/bc-e190-nehez-polo\/","url":"https:\/\/taboofashion.com\/hu\/shop\/bc-e190-nehez-polo\/","name":"#E190 F\u00e9rfi p\u00f3l\u00f3 &#8211; Fashion shop","isPartOf":{"@id":"https:\/\/taboofashion.com\/hu\/#website"},"datePublished":"2022-08-24T15:24:05+00:00","dateModified":"2023-05-17T16:01:23+00:00","breadcrumb":{"@id":"https:\/\/taboofashion.com\/hu\/shop\/bc-e190-nehez-polo\/#breadcrumb"},"inLanguage":"hu","potentialAction":[{"@type":"ReadAction","target":["https:\/\/taboofashion.com\/hu\/shop\/bc-e190-nehez-polo\/"]}]},{"@type":"BreadcrumbList","@id":"https:\/\/taboofashion.com\/hu\/shop\/bc-e190-nehez-polo\/#breadcrumb","itemListElement":[{"@type":"ListItem","position":1,"name":"Home","item":"https:\/\/taboofashion.com\/hu\/"},{"@type":"ListItem","position":2,"name":"Bolt","item":"https:\/\/taboofashion.com\/hu\/"},{"@type":"ListItem","position":3,"name":"#E190 F\u00e9rfi p\u00f3l\u00f3"}]},{"@type":"WebSite","@id":"https:\/\/taboofashion.com\/hu\/#website","url":"https:\/\/taboofashion.com\/hu\/","name":"Fashion shop","description":"","publisher":{"@id":"https:\/\/taboofashion.com\/hu\/#organization"},"potentialAction":[{"@type":"SearchAction","target":{"@type":"EntryPoint","urlTemplate":"https:\/\/taboofashion.com\/hu\/?s={search_term_string}"},"query-input":"required name=search_term_string"}],"inLanguage":"hu"},{"@type":"Organization","@id":"https:\/\/taboofashion.com\/hu\/#organization","name":"Taboo Slovakia s.r.o.","url":"https:\/\/taboofashion.com\/hu\/","logo":{"@type":"ImageObject","inLanguage":"hu","@id":"https:\/\/taboofashion.com\/hu\/#\/schema\/logo\/image\/","url":"https:\/\/taboofashion.com\/wp-content\/uploads\/2022\/12\/taboologo2100-002.png","contentUrl":"https:\/\/taboofashion.com\/wp-content\/uploads\/2022\/12\/taboologo2100-002.png","width":2100,"height":1050,"caption":"Taboo Slovakia s.r.o."},"image":{"@id":"https:\/\/taboofashion.com\/hu\/#\/schema\/logo\/image\/"},"sameAs":["https:\/\/www.facebook.com\/TabooSlovakia","https:\/\/www.linkedin.com\/company\/541747\/","https:\/\/www.instagram.com\/taboofashion.com1\/"]}]},"product_brand":"B&amp;C Collection","og_availability":"instock","product_availability":"instock","product_retailer_item_id":"01003T00100","product_condition":"new"},"_links":{"self":[{"href":"https:\/\/taboofashion.com\/hu\/wp-json\/wp\/v2\/product\/623830","targetHints":{"allow":["GET"]}}],"collection":[{"href":"https:\/\/taboofashion.com\/hu\/wp-json\/wp\/v2\/product"}],"about":[{"href":"https:\/\/taboofashion.com\/hu\/wp-json\/wp\/v2\/types\/product"}],"wp:featuredmedia":[{"embeddable":true,"href":"https:\/\/taboofashion.com\/hu\/wp-json\/wp\/v2\/media\/610542"}],"wp:attachment":[{"href":"https:\/\/taboofashion.com\/hu\/wp-json\/wp\/v2\/media?parent=623830"}],"wp:term":[{"taxonomy":"product_cat","embeddable":true,"href":"https:\/\/taboofashion.com\/hu\/wp-json\/wp\/v2\/product_cat?post=623830"},{"taxonomy":"product_tag","embeddable":true,"href":"https:\/\/taboofashion.com\/hu\/wp-json\/wp\/v2\/product_tag?post=623830"}],"curies":[{"name":"wp","href":"https:\/\/api.w.org\/{rel}","templated":true}]}}