{"id":625370,"date":"2022-08-26T20:11:22","date_gmt":"2022-08-26T18:11:22","guid":{"rendered":"https:\/\/taboofashion.com\/shop\/james-nicholson-jn-848-62-munkaruha-nadrag-kantarszinu\/"},"modified":"2023-07-04T11:57:26","modified_gmt":"2023-07-04T09:57:26","slug":"james-nicholson-jn-848-62-munkaruha-nadrag-kantarszin","status":"publish","type":"product","link":"https:\/\/taboofashion.com\/hu\/shop\/james-nicholson-jn-848-62-munkaruha-nadrag-kantarszin\/","title":{"rendered":"JN 848 (62) F\u00e9rfi munkaruh\u00e1zati mellesnadr\u00e1g &#8211; sz\u00ednes"},"content":{"rendered":"<p>Ergonomikus illeszked\u00e9s az elaszt\u00e1n tartalomnak k\u00f6sz\u00f6nhet\u0151en, \u00e1ll\u00edthat\u00f3 el\u0151ke elasztikus p\u00e1ntokkal, rugalmas der\u00e9kp\u00e1nt \u00f6vhurokkal, rejtett gombok \u00e9s cipz\u00e1rak, has\u00edtott zsebek, t\u00f6bb szersz\u00e1mzseb, \u00f6sszecsukhat\u00f3 vonalz\u00f3 zseb, mobiltelefon zseb \u00e9s tolltart\u00f3 zseb, t\u00e1gas zseb cipz\u00e1rral az el\u0151ke, szakad\u00e1s\u00e1ll\u00f3 3 ir\u00e1ny\u00fa varratok, k\u00f6nny\u0171 elasztikus V\u00e1szon min\u0151s\u00e9g, el\u00f6l \u00e9s h\u00e1tul f\u00e9nyvisszaver\u0151 elemekkel (v\u00e9d\u0151 funkci\u00f3 n\u00e9lk\u00fcl), 60\u00b0-on moshat\u00f3, sz\u00e1r\u00edt\u00f3g\u00e9pben sz\u00e1r\u00edthat\u00f3, norm\u00e1l m\u00e9retek cikksz. 02.0848<\/p>\n","protected":false},"excerpt":{"rendered":"<p>250 gsm, 97% pamut, 3% elaszt\u00e1n<\/p>\n","protected":false},"featured_media":609197,"template":"","meta":[],"product_cat":[3617,3625],"product_tag":[],"class_list":{"0":"post-625370","1":"product","2":"type-product","3":"status-publish","4":"has-post-thumbnail","6":"product_cat-nadragok","7":"product_cat-munkaruha-vedoruhazat","8":"pa_brand-james-nicholson-hu","9":"pa_colour-barna-drapp","10":"pa_colour-feher-kiralyi","11":"pa_colour-fekete-lime-zold","12":"pa_colour-kiralyi-feher","13":"pa_colour-piros-navy","14":"pa_colour-sotetzold-narancs-hu","15":"pa_colour-szurke-piros-hu-hu","16":"pa_colour-tengereszgyalogsag-turkiz","17":"pa_size-62-hu","19":"first","20":"instock","21":"taxable","22":"shipping-taxable","23":"purchasable","24":"product-type-variable","25":"has-default-attributes"},"yoast_head":"<!-- This site is optimized with the Yoast SEO plugin v21.8 - https:\/\/yoast.com\/wordpress\/plugins\/seo\/ -->\n<title>JN 848 (62) F\u00e9rfi munkaruh\u00e1zati mellesnadr\u00e1g - sz\u00ednes &#8211; Fashion shop<\/title>\n<meta name=\"robots\" content=\"index, follow, max-snippet:-1, max-image-preview:large, max-video-preview:-1\" \/>\n<link rel=\"canonical\" href=\"https:\/\/taboofashion.com\/hu\/shop\/james-nicholson-jn-848-62-munkaruha-nadrag-kantarszin\/\" \/>\n<meta property=\"og:locale\" content=\"hu_HU\" \/>\n<meta property=\"og:type\" content=\"article\" \/>\n<meta property=\"og:title\" content=\"JN 848 (62) F\u00e9rfi munkaruh\u00e1zati mellesnadr\u00e1g - sz\u00ednes &#8211; Fashion shop\" \/>\n<meta property=\"og:description\" content=\"250 gsm, 97% pamut, 3% elaszt\u00e1n\" \/>\n<meta property=\"og:url\" content=\"https:\/\/taboofashion.com\/hu\/shop\/james-nicholson-jn-848-62-munkaruha-nadrag-kantarszin\/\" \/>\n<meta property=\"og:site_name\" content=\"Fashion shop\" \/>\n<meta property=\"article:publisher\" content=\"https:\/\/www.facebook.com\/TabooSlovakia\" \/>\n<meta property=\"article:modified_time\" content=\"2023-07-04T09:57:26+00:00\" \/>\n<meta property=\"og:image\" content=\"https:\/\/taboofashion.com\/wp-content\/uploads\/2022\/08\/LS-02.0848-James-Nicholson-JN-848-42-60-1.jpg\" \/>\n\t<meta property=\"og:image:width\" content=\"1000\" \/>\n\t<meta property=\"og:image:height\" content=\"1000\" \/>\n\t<meta property=\"og:image:type\" content=\"image\/jpeg\" \/>\n<meta name=\"twitter:card\" content=\"summary_large_image\" \/>\n<script type=\"application\/ld+json\" class=\"yoast-schema-graph\">{\"@context\":\"https:\/\/schema.org\",\"@graph\":[{\"@type\":\"WebPage\",\"@id\":\"https:\/\/taboofashion.com\/hu\/shop\/james-nicholson-jn-848-62-munkaruha-nadrag-kantarszin\/\",\"url\":\"https:\/\/taboofashion.com\/hu\/shop\/james-nicholson-jn-848-62-munkaruha-nadrag-kantarszin\/\",\"name\":\"JN 848 (62) F\u00e9rfi munkaruh\u00e1zati mellesnadr\u00e1g - sz\u00ednes &#8211; Fashion shop\",\"isPartOf\":{\"@id\":\"https:\/\/taboofashion.com\/hu\/#website\"},\"datePublished\":\"2022-08-26T18:11:22+00:00\",\"dateModified\":\"2023-07-04T09:57:26+00:00\",\"breadcrumb\":{\"@id\":\"https:\/\/taboofashion.com\/hu\/shop\/james-nicholson-jn-848-62-munkaruha-nadrag-kantarszin\/#breadcrumb\"},\"inLanguage\":\"hu\",\"potentialAction\":[{\"@type\":\"ReadAction\",\"target\":[\"https:\/\/taboofashion.com\/hu\/shop\/james-nicholson-jn-848-62-munkaruha-nadrag-kantarszin\/\"]}]},{\"@type\":\"BreadcrumbList\",\"@id\":\"https:\/\/taboofashion.com\/hu\/shop\/james-nicholson-jn-848-62-munkaruha-nadrag-kantarszin\/#breadcrumb\",\"itemListElement\":[{\"@type\":\"ListItem\",\"position\":1,\"name\":\"Home\",\"item\":\"https:\/\/taboofashion.com\/hu\/\"},{\"@type\":\"ListItem\",\"position\":2,\"name\":\"Bolt\",\"item\":\"https:\/\/taboofashion.com\/hu\/\"},{\"@type\":\"ListItem\",\"position\":3,\"name\":\"JN 848 (62) F\u00e9rfi munkaruh\u00e1zati mellesnadr\u00e1g &#8211; sz\u00ednes\"}]},{\"@type\":\"WebSite\",\"@id\":\"https:\/\/taboofashion.com\/hu\/#website\",\"url\":\"https:\/\/taboofashion.com\/hu\/\",\"name\":\"Fashion shop\",\"description\":\"\",\"publisher\":{\"@id\":\"https:\/\/taboofashion.com\/hu\/#organization\"},\"potentialAction\":[{\"@type\":\"SearchAction\",\"target\":{\"@type\":\"EntryPoint\",\"urlTemplate\":\"https:\/\/taboofashion.com\/hu\/?s={search_term_string}\"},\"query-input\":\"required name=search_term_string\"}],\"inLanguage\":\"hu\"},{\"@type\":\"Organization\",\"@id\":\"https:\/\/taboofashion.com\/hu\/#organization\",\"name\":\"Taboo Slovakia s.r.o.\",\"url\":\"https:\/\/taboofashion.com\/hu\/\",\"logo\":{\"@type\":\"ImageObject\",\"inLanguage\":\"hu\",\"@id\":\"https:\/\/taboofashion.com\/hu\/#\/schema\/logo\/image\/\",\"url\":\"https:\/\/taboofashion.com\/wp-content\/uploads\/2022\/12\/taboologo2100-002.png\",\"contentUrl\":\"https:\/\/taboofashion.com\/wp-content\/uploads\/2022\/12\/taboologo2100-002.png\",\"width\":2100,\"height\":1050,\"caption\":\"Taboo Slovakia s.r.o.\"},\"image\":{\"@id\":\"https:\/\/taboofashion.com\/hu\/#\/schema\/logo\/image\/\"},\"sameAs\":[\"https:\/\/www.facebook.com\/TabooSlovakia\",\"https:\/\/www.linkedin.com\/company\/541747\/\",\"https:\/\/www.instagram.com\/taboofashion.com1\/\"]}]}<\/script>\n<meta property=\"product:brand\" content=\"James &amp; Nicholson\" \/>\n<meta property=\"og:availability\" content=\"instock\" \/>\n<meta property=\"product:availability\" content=\"instock\" \/>\n<meta property=\"product:retailer_item_id\" content=\"02848X881o7\" \/>\n<meta property=\"product:condition\" content=\"new\" \/>\n<!-- \/ Yoast SEO plugin. -->","yoast_head_json":{"title":"JN 848 (62) F\u00e9rfi munkaruh\u00e1zati mellesnadr\u00e1g - sz\u00ednes &#8211; Fashion shop","robots":{"index":"index","follow":"follow","max-snippet":"max-snippet:-1","max-image-preview":"max-image-preview:large","max-video-preview":"max-video-preview:-1"},"canonical":"https:\/\/taboofashion.com\/hu\/shop\/james-nicholson-jn-848-62-munkaruha-nadrag-kantarszin\/","og_locale":"hu_HU","og_type":"article","og_title":"JN 848 (62) F\u00e9rfi munkaruh\u00e1zati mellesnadr\u00e1g - sz\u00ednes &#8211; Fashion shop","og_description":"250 gsm, 97% pamut, 3% elaszt\u00e1n","og_url":"https:\/\/taboofashion.com\/hu\/shop\/james-nicholson-jn-848-62-munkaruha-nadrag-kantarszin\/","og_site_name":"Fashion shop","article_publisher":"https:\/\/www.facebook.com\/TabooSlovakia","article_modified_time":"2023-07-04T09:57:26+00:00","og_image":[{"width":1000,"height":1000,"url":"https:\/\/taboofashion.com\/wp-content\/uploads\/2022\/08\/LS-02.0848-James-Nicholson-JN-848-42-60-1.jpg","type":"image\/jpeg"}],"twitter_card":"summary_large_image","schema":{"@context":"https:\/\/schema.org","@graph":[{"@type":"WebPage","@id":"https:\/\/taboofashion.com\/hu\/shop\/james-nicholson-jn-848-62-munkaruha-nadrag-kantarszin\/","url":"https:\/\/taboofashion.com\/hu\/shop\/james-nicholson-jn-848-62-munkaruha-nadrag-kantarszin\/","name":"JN 848 (62) F\u00e9rfi munkaruh\u00e1zati mellesnadr\u00e1g - sz\u00ednes &#8211; Fashion shop","isPartOf":{"@id":"https:\/\/taboofashion.com\/hu\/#website"},"datePublished":"2022-08-26T18:11:22+00:00","dateModified":"2023-07-04T09:57:26+00:00","breadcrumb":{"@id":"https:\/\/taboofashion.com\/hu\/shop\/james-nicholson-jn-848-62-munkaruha-nadrag-kantarszin\/#breadcrumb"},"inLanguage":"hu","potentialAction":[{"@type":"ReadAction","target":["https:\/\/taboofashion.com\/hu\/shop\/james-nicholson-jn-848-62-munkaruha-nadrag-kantarszin\/"]}]},{"@type":"BreadcrumbList","@id":"https:\/\/taboofashion.com\/hu\/shop\/james-nicholson-jn-848-62-munkaruha-nadrag-kantarszin\/#breadcrumb","itemListElement":[{"@type":"ListItem","position":1,"name":"Home","item":"https:\/\/taboofashion.com\/hu\/"},{"@type":"ListItem","position":2,"name":"Bolt","item":"https:\/\/taboofashion.com\/hu\/"},{"@type":"ListItem","position":3,"name":"JN 848 (62) F\u00e9rfi munkaruh\u00e1zati mellesnadr\u00e1g &#8211; sz\u00ednes"}]},{"@type":"WebSite","@id":"https:\/\/taboofashion.com\/hu\/#website","url":"https:\/\/taboofashion.com\/hu\/","name":"Fashion shop","description":"","publisher":{"@id":"https:\/\/taboofashion.com\/hu\/#organization"},"potentialAction":[{"@type":"SearchAction","target":{"@type":"EntryPoint","urlTemplate":"https:\/\/taboofashion.com\/hu\/?s={search_term_string}"},"query-input":"required name=search_term_string"}],"inLanguage":"hu"},{"@type":"Organization","@id":"https:\/\/taboofashion.com\/hu\/#organization","name":"Taboo Slovakia s.r.o.","url":"https:\/\/taboofashion.com\/hu\/","logo":{"@type":"ImageObject","inLanguage":"hu","@id":"https:\/\/taboofashion.com\/hu\/#\/schema\/logo\/image\/","url":"https:\/\/taboofashion.com\/wp-content\/uploads\/2022\/12\/taboologo2100-002.png","contentUrl":"https:\/\/taboofashion.com\/wp-content\/uploads\/2022\/12\/taboologo2100-002.png","width":2100,"height":1050,"caption":"Taboo Slovakia s.r.o."},"image":{"@id":"https:\/\/taboofashion.com\/hu\/#\/schema\/logo\/image\/"},"sameAs":["https:\/\/www.facebook.com\/TabooSlovakia","https:\/\/www.linkedin.com\/company\/541747\/","https:\/\/www.instagram.com\/taboofashion.com1\/"]}]},"product_brand":"James &amp; Nicholson","og_availability":"instock","product_availability":"instock","product_retailer_item_id":"02848X881o7","product_condition":"new"},"_links":{"self":[{"href":"https:\/\/taboofashion.com\/hu\/wp-json\/wp\/v2\/product\/625370","targetHints":{"allow":["GET"]}}],"collection":[{"href":"https:\/\/taboofashion.com\/hu\/wp-json\/wp\/v2\/product"}],"about":[{"href":"https:\/\/taboofashion.com\/hu\/wp-json\/wp\/v2\/types\/product"}],"wp:featuredmedia":[{"embeddable":true,"href":"https:\/\/taboofashion.com\/hu\/wp-json\/wp\/v2\/media\/609197"}],"wp:attachment":[{"href":"https:\/\/taboofashion.com\/hu\/wp-json\/wp\/v2\/media?parent=625370"}],"wp:term":[{"taxonomy":"product_cat","embeddable":true,"href":"https:\/\/taboofashion.com\/hu\/wp-json\/wp\/v2\/product_cat?post=625370"},{"taxonomy":"product_tag","embeddable":true,"href":"https:\/\/taboofashion.com\/hu\/wp-json\/wp\/v2\/product_tag?post=625370"}],"curies":[{"name":"wp","href":"https:\/\/api.w.org\/{rel}","templated":true}]}}