{"id":630191,"date":"2022-08-27T12:46:28","date_gmt":"2022-08-27T10:46:28","guid":{"rendered":"https:\/\/taboofashion.com\/shop\/russell-957m-nem-vas-ing-rovid-ujju\/"},"modified":"2023-07-17T16:27:38","modified_gmt":"2023-07-17T14:27:38","slug":"russell-957m-nem-vas-ing-rovid-ujju","status":"publish","type":"product","link":"https:\/\/taboofashion.com\/hu\/shop\/russell-957m-nem-vas-ing-rovid-ujju\/","title":{"rendered":"957M Nem vasalt f\u00e9rfi ing r\u00f6vid ujjal"},"content":{"rendered":"<p>Klasszikus fazon, f\u00e9lig kisz\u00e9lesed\u0151 gombgall\u00e9r, dupla red\u0151s mandzsetta, lekerek\u00edtett szeg\u00e9ly, p\u00f3tgombok, bal mellzseb, h\u00e1toldalon 2 oldalr\u00e9zs\u0171, innovat\u00edv anyag, mely eg\u00e9sz nap frissen \u00e9s form\u00e1ban tartja az inget, vasal\u00e1s n\u00e9lk\u00fcl, 40\u00b0-on moshat\u00f3 , sz\u00e1r\u00edt\u00f3g\u00e9pben sz\u00e1r\u00edthat\u00f3<\/p>\n","protected":false},"excerpt":{"rendered":"<p>120 g\/m\u00b2, 100 % Baumwolle, Mikrovill<\/p>\n","protected":false},"featured_media":608582,"template":"","meta":[],"product_cat":[3621],"product_tag":[],"class_list":{"0":"post-630191","1":"product","2":"type-product","3":"status-publish","4":"has-post-thumbnail","6":"product_cat-ingek","7":"pa_brand-russell-collection-hu","8":"pa_colour-feher","9":"pa_colour-fekete","10":"pa_colour-fenyes-egbolt","11":"pa_size-s-hu","12":"pa_size-m-hu","13":"pa_size-l-hu","14":"pa_size-xl-hu","15":"pa_size-xxl-hu","16":"pa_size-3xl-hu","17":"pa_size-4xl-hu","19":"first","20":"instock","21":"taxable","22":"shipping-taxable","23":"purchasable","24":"product-type-variable","25":"has-default-attributes"},"yoast_head":"<!-- This site is optimized with the Yoast SEO plugin v21.8 - https:\/\/yoast.com\/wordpress\/plugins\/seo\/ -->\n<title>957M Nem vasalt f\u00e9rfi ing r\u00f6vid ujjal &#8211; Fashion shop<\/title>\n<meta name=\"robots\" content=\"index, follow, max-snippet:-1, max-image-preview:large, max-video-preview:-1\" \/>\n<link rel=\"canonical\" href=\"https:\/\/taboofashion.com\/hu\/shop\/russell-957m-nem-vas-ing-rovid-ujju\/\" \/>\n<meta property=\"og:locale\" content=\"hu_HU\" \/>\n<meta property=\"og:type\" content=\"article\" \/>\n<meta property=\"og:title\" content=\"957M Nem vasalt f\u00e9rfi ing r\u00f6vid ujjal &#8211; Fashion shop\" \/>\n<meta property=\"og:description\" content=\"120 g\/m\u00b2, 100 % Baumwolle, Mikrovill\" \/>\n<meta property=\"og:url\" content=\"https:\/\/taboofashion.com\/hu\/shop\/russell-957m-nem-vas-ing-rovid-ujju\/\" \/>\n<meta property=\"og:site_name\" content=\"Fashion shop\" \/>\n<meta property=\"article:publisher\" content=\"https:\/\/www.facebook.com\/TabooSlovakia\" \/>\n<meta property=\"article:modified_time\" content=\"2023-07-17T14:27:38+00:00\" \/>\n<meta property=\"og:image\" content=\"https:\/\/taboofashion.com\/wp-content\/uploads\/2022\/08\/image_246847.jpg\" \/>\n\t<meta property=\"og:image:width\" content=\"1000\" \/>\n\t<meta property=\"og:image:height\" content=\"1000\" \/>\n\t<meta property=\"og:image:type\" content=\"image\/jpeg\" \/>\n<meta name=\"twitter:card\" content=\"summary_large_image\" \/>\n<script type=\"application\/ld+json\" class=\"yoast-schema-graph\">{\"@context\":\"https:\/\/schema.org\",\"@graph\":[{\"@type\":\"WebPage\",\"@id\":\"https:\/\/taboofashion.com\/hu\/shop\/russell-957m-nem-vas-ing-rovid-ujju\/\",\"url\":\"https:\/\/taboofashion.com\/hu\/shop\/russell-957m-nem-vas-ing-rovid-ujju\/\",\"name\":\"957M Nem vasalt f\u00e9rfi ing r\u00f6vid ujjal &#8211; Fashion shop\",\"isPartOf\":{\"@id\":\"https:\/\/taboofashion.com\/hu\/#website\"},\"datePublished\":\"2022-08-27T10:46:28+00:00\",\"dateModified\":\"2023-07-17T14:27:38+00:00\",\"breadcrumb\":{\"@id\":\"https:\/\/taboofashion.com\/hu\/shop\/russell-957m-nem-vas-ing-rovid-ujju\/#breadcrumb\"},\"inLanguage\":\"hu\",\"potentialAction\":[{\"@type\":\"ReadAction\",\"target\":[\"https:\/\/taboofashion.com\/hu\/shop\/russell-957m-nem-vas-ing-rovid-ujju\/\"]}]},{\"@type\":\"BreadcrumbList\",\"@id\":\"https:\/\/taboofashion.com\/hu\/shop\/russell-957m-nem-vas-ing-rovid-ujju\/#breadcrumb\",\"itemListElement\":[{\"@type\":\"ListItem\",\"position\":1,\"name\":\"Home\",\"item\":\"https:\/\/taboofashion.com\/hu\/\"},{\"@type\":\"ListItem\",\"position\":2,\"name\":\"Bolt\",\"item\":\"https:\/\/taboofashion.com\/hu\/\"},{\"@type\":\"ListItem\",\"position\":3,\"name\":\"957M Nem vasalt f\u00e9rfi ing r\u00f6vid ujjal\"}]},{\"@type\":\"WebSite\",\"@id\":\"https:\/\/taboofashion.com\/hu\/#website\",\"url\":\"https:\/\/taboofashion.com\/hu\/\",\"name\":\"Fashion shop\",\"description\":\"\",\"publisher\":{\"@id\":\"https:\/\/taboofashion.com\/hu\/#organization\"},\"potentialAction\":[{\"@type\":\"SearchAction\",\"target\":{\"@type\":\"EntryPoint\",\"urlTemplate\":\"https:\/\/taboofashion.com\/hu\/?s={search_term_string}\"},\"query-input\":\"required name=search_term_string\"}],\"inLanguage\":\"hu\"},{\"@type\":\"Organization\",\"@id\":\"https:\/\/taboofashion.com\/hu\/#organization\",\"name\":\"Taboo Slovakia s.r.o.\",\"url\":\"https:\/\/taboofashion.com\/hu\/\",\"logo\":{\"@type\":\"ImageObject\",\"inLanguage\":\"hu\",\"@id\":\"https:\/\/taboofashion.com\/hu\/#\/schema\/logo\/image\/\",\"url\":\"https:\/\/taboofashion.com\/wp-content\/uploads\/2022\/12\/taboologo2100-002.png\",\"contentUrl\":\"https:\/\/taboofashion.com\/wp-content\/uploads\/2022\/12\/taboologo2100-002.png\",\"width\":2100,\"height\":1050,\"caption\":\"Taboo Slovakia s.r.o.\"},\"image\":{\"@id\":\"https:\/\/taboofashion.com\/hu\/#\/schema\/logo\/image\/\"},\"sameAs\":[\"https:\/\/www.facebook.com\/TabooSlovakia\",\"https:\/\/www.linkedin.com\/company\/541747\/\",\"https:\/\/www.instagram.com\/taboofashion.com1\/\"]}]}<\/script>\n<meta property=\"product:brand\" content=\"Russell Collection\" \/>\n<meta property=\"og:availability\" content=\"instock\" \/>\n<meta property=\"product:availability\" content=\"instock\" \/>\n<meta property=\"product:retailer_item_id\" content=\"11957M00101\" \/>\n<meta property=\"product:condition\" content=\"new\" \/>\n<!-- \/ Yoast SEO plugin. -->","yoast_head_json":{"title":"957M Nem vasalt f\u00e9rfi ing r\u00f6vid ujjal &#8211; Fashion shop","robots":{"index":"index","follow":"follow","max-snippet":"max-snippet:-1","max-image-preview":"max-image-preview:large","max-video-preview":"max-video-preview:-1"},"canonical":"https:\/\/taboofashion.com\/hu\/shop\/russell-957m-nem-vas-ing-rovid-ujju\/","og_locale":"hu_HU","og_type":"article","og_title":"957M Nem vasalt f\u00e9rfi ing r\u00f6vid ujjal &#8211; Fashion shop","og_description":"120 g\/m\u00b2, 100 % Baumwolle, Mikrovill","og_url":"https:\/\/taboofashion.com\/hu\/shop\/russell-957m-nem-vas-ing-rovid-ujju\/","og_site_name":"Fashion shop","article_publisher":"https:\/\/www.facebook.com\/TabooSlovakia","article_modified_time":"2023-07-17T14:27:38+00:00","og_image":[{"width":1000,"height":1000,"url":"https:\/\/taboofashion.com\/wp-content\/uploads\/2022\/08\/image_246847.jpg","type":"image\/jpeg"}],"twitter_card":"summary_large_image","schema":{"@context":"https:\/\/schema.org","@graph":[{"@type":"WebPage","@id":"https:\/\/taboofashion.com\/hu\/shop\/russell-957m-nem-vas-ing-rovid-ujju\/","url":"https:\/\/taboofashion.com\/hu\/shop\/russell-957m-nem-vas-ing-rovid-ujju\/","name":"957M Nem vasalt f\u00e9rfi ing r\u00f6vid ujjal &#8211; Fashion shop","isPartOf":{"@id":"https:\/\/taboofashion.com\/hu\/#website"},"datePublished":"2022-08-27T10:46:28+00:00","dateModified":"2023-07-17T14:27:38+00:00","breadcrumb":{"@id":"https:\/\/taboofashion.com\/hu\/shop\/russell-957m-nem-vas-ing-rovid-ujju\/#breadcrumb"},"inLanguage":"hu","potentialAction":[{"@type":"ReadAction","target":["https:\/\/taboofashion.com\/hu\/shop\/russell-957m-nem-vas-ing-rovid-ujju\/"]}]},{"@type":"BreadcrumbList","@id":"https:\/\/taboofashion.com\/hu\/shop\/russell-957m-nem-vas-ing-rovid-ujju\/#breadcrumb","itemListElement":[{"@type":"ListItem","position":1,"name":"Home","item":"https:\/\/taboofashion.com\/hu\/"},{"@type":"ListItem","position":2,"name":"Bolt","item":"https:\/\/taboofashion.com\/hu\/"},{"@type":"ListItem","position":3,"name":"957M Nem vasalt f\u00e9rfi ing r\u00f6vid ujjal"}]},{"@type":"WebSite","@id":"https:\/\/taboofashion.com\/hu\/#website","url":"https:\/\/taboofashion.com\/hu\/","name":"Fashion shop","description":"","publisher":{"@id":"https:\/\/taboofashion.com\/hu\/#organization"},"potentialAction":[{"@type":"SearchAction","target":{"@type":"EntryPoint","urlTemplate":"https:\/\/taboofashion.com\/hu\/?s={search_term_string}"},"query-input":"required name=search_term_string"}],"inLanguage":"hu"},{"@type":"Organization","@id":"https:\/\/taboofashion.com\/hu\/#organization","name":"Taboo Slovakia s.r.o.","url":"https:\/\/taboofashion.com\/hu\/","logo":{"@type":"ImageObject","inLanguage":"hu","@id":"https:\/\/taboofashion.com\/hu\/#\/schema\/logo\/image\/","url":"https:\/\/taboofashion.com\/wp-content\/uploads\/2022\/12\/taboologo2100-002.png","contentUrl":"https:\/\/taboofashion.com\/wp-content\/uploads\/2022\/12\/taboologo2100-002.png","width":2100,"height":1050,"caption":"Taboo Slovakia s.r.o."},"image":{"@id":"https:\/\/taboofashion.com\/hu\/#\/schema\/logo\/image\/"},"sameAs":["https:\/\/www.facebook.com\/TabooSlovakia","https:\/\/www.linkedin.com\/company\/541747\/","https:\/\/www.instagram.com\/taboofashion.com1\/"]}]},"product_brand":"Russell Collection","og_availability":"instock","product_availability":"instock","product_retailer_item_id":"11957M00101","product_condition":"new"},"_links":{"self":[{"href":"https:\/\/taboofashion.com\/hu\/wp-json\/wp\/v2\/product\/630191","targetHints":{"allow":["GET"]}}],"collection":[{"href":"https:\/\/taboofashion.com\/hu\/wp-json\/wp\/v2\/product"}],"about":[{"href":"https:\/\/taboofashion.com\/hu\/wp-json\/wp\/v2\/types\/product"}],"wp:featuredmedia":[{"embeddable":true,"href":"https:\/\/taboofashion.com\/hu\/wp-json\/wp\/v2\/media\/608582"}],"wp:attachment":[{"href":"https:\/\/taboofashion.com\/hu\/wp-json\/wp\/v2\/media?parent=630191"}],"wp:term":[{"taxonomy":"product_cat","embeddable":true,"href":"https:\/\/taboofashion.com\/hu\/wp-json\/wp\/v2\/product_cat?post=630191"},{"taxonomy":"product_tag","embeddable":true,"href":"https:\/\/taboofashion.com\/hu\/wp-json\/wp\/v2\/product_tag?post=630191"}],"curies":[{"name":"wp","href":"https:\/\/api.w.org\/{rel}","templated":true}]}}