{"id":631013,"date":"2022-08-27T11:34:59","date_gmt":"2022-08-27T09:34:59","guid":{"rendered":"https:\/\/taboofashion.com\/shop\/russell-920m-mosott-oxford-ing-hosszu-ujju\/"},"modified":"2023-07-17T18:05:54","modified_gmt":"2023-07-17T16:05:54","slug":"russell-920m-mosott-oxford-ing-hosszu-ujju","status":"publish","type":"product","link":"https:\/\/taboofashion.com\/hu\/shop\/russell-920m-mosott-oxford-ing-hosszu-ujju\/","title":{"rendered":"920M mosott oxford f\u00e9rfi ing, hossz\u00fa ujj\u00fa"},"content":{"rendered":"<p>Testreszabott szab\u00e1s\u00fa, kontrasztos sz\u00edn\u0171 bels\u0151 gall\u00e9r, gombos gall\u00e9r, lekerek\u00edtett mandzsetta, bel\u00fcl \u00e1ll\u00edthat\u00f3 2 kontraszt sz\u00edn\u0171 gombbal, lekerek\u00edtett szeg\u00e9ly, kontrasztos gombok, bal mellzseb, levehet\u0151 hurok nyakkend\u0151 vagy szem\u00fcveg r\u00f6gz\u00edt\u00e9s\u00e9re, nem vasalhat\u00f3 megjelen\u00e9s, mos\u00f3g\u00e9pben moshat\u00f3 , k\u00f6nnyen kezelhet\u0151, sz\u00e1r\u00edt\u00f3g\u00e9pben sz\u00e1r\u00edthat\u00f3<\/p>\n","protected":false},"excerpt":{"rendered":"<p>140 g\/m\u00b2, 100% min\u0151s\u00edtett biopamut<\/p>\n","protected":false},"featured_media":608610,"template":"","meta":[],"product_cat":[3621],"product_tag":[],"class_list":{"0":"post-631013","1":"product","2":"type-product","3":"status-publish","4":"has-post-thumbnail","6":"product_cat-ingek","7":"pa_brand-russell-collection-hu","8":"pa_colour-feher-oxford-kek","9":"pa_colour-oxford-kek-oxford-tengereszgyalogsag","10":"pa_colour-oxfordi-piros-krem","11":"pa_colour-oxfordi-tengereszgyalogsag-oxfordi-kek","12":"pa_size-s-hu","13":"pa_size-m-hu","14":"pa_size-l-hu","15":"pa_size-xl-hu","16":"pa_size-xxl-hu","17":"pa_size-3xl-hu","18":"pa_size-4xl-hu","20":"first","21":"instock","22":"taxable","23":"shipping-taxable","24":"purchasable","25":"product-type-variable","26":"has-default-attributes"},"yoast_head":"<!-- This site is optimized with the Yoast SEO plugin v21.8 - https:\/\/yoast.com\/wordpress\/plugins\/seo\/ -->\n<title>920M mosott oxford f\u00e9rfi ing, hossz\u00fa ujj\u00fa &#8211; Fashion shop<\/title>\n<meta name=\"robots\" content=\"index, follow, max-snippet:-1, max-image-preview:large, max-video-preview:-1\" \/>\n<link rel=\"canonical\" href=\"https:\/\/taboofashion.com\/hu\/shop\/russell-920m-mosott-oxford-ing-hosszu-ujju\/\" \/>\n<meta property=\"og:locale\" content=\"hu_HU\" \/>\n<meta property=\"og:type\" content=\"article\" \/>\n<meta property=\"og:title\" content=\"920M mosott oxford f\u00e9rfi ing, hossz\u00fa ujj\u00fa &#8211; Fashion shop\" \/>\n<meta property=\"og:description\" content=\"140 g\/m\u00b2, 100% min\u0151s\u00edtett biopamut\" \/>\n<meta property=\"og:url\" content=\"https:\/\/taboofashion.com\/hu\/shop\/russell-920m-mosott-oxford-ing-hosszu-ujju\/\" \/>\n<meta property=\"og:site_name\" content=\"Fashion shop\" \/>\n<meta property=\"article:publisher\" content=\"https:\/\/www.facebook.com\/TabooSlovakia\" \/>\n<meta property=\"article:modified_time\" content=\"2023-07-17T16:05:54+00:00\" \/>\n<meta property=\"og:image\" content=\"https:\/\/taboofashion.com\/wp-content\/uploads\/2022\/08\/LS-11.920M-Russell-920M-3.jpg\" \/>\n\t<meta property=\"og:image:width\" content=\"1000\" \/>\n\t<meta property=\"og:image:height\" content=\"1000\" \/>\n\t<meta property=\"og:image:type\" content=\"image\/jpeg\" \/>\n<meta name=\"twitter:card\" content=\"summary_large_image\" \/>\n<script type=\"application\/ld+json\" class=\"yoast-schema-graph\">{\"@context\":\"https:\/\/schema.org\",\"@graph\":[{\"@type\":\"WebPage\",\"@id\":\"https:\/\/taboofashion.com\/hu\/shop\/russell-920m-mosott-oxford-ing-hosszu-ujju\/\",\"url\":\"https:\/\/taboofashion.com\/hu\/shop\/russell-920m-mosott-oxford-ing-hosszu-ujju\/\",\"name\":\"920M mosott oxford f\u00e9rfi ing, hossz\u00fa ujj\u00fa &#8211; Fashion shop\",\"isPartOf\":{\"@id\":\"https:\/\/taboofashion.com\/hu\/#website\"},\"datePublished\":\"2022-08-27T09:34:59+00:00\",\"dateModified\":\"2023-07-17T16:05:54+00:00\",\"breadcrumb\":{\"@id\":\"https:\/\/taboofashion.com\/hu\/shop\/russell-920m-mosott-oxford-ing-hosszu-ujju\/#breadcrumb\"},\"inLanguage\":\"hu\",\"potentialAction\":[{\"@type\":\"ReadAction\",\"target\":[\"https:\/\/taboofashion.com\/hu\/shop\/russell-920m-mosott-oxford-ing-hosszu-ujju\/\"]}]},{\"@type\":\"BreadcrumbList\",\"@id\":\"https:\/\/taboofashion.com\/hu\/shop\/russell-920m-mosott-oxford-ing-hosszu-ujju\/#breadcrumb\",\"itemListElement\":[{\"@type\":\"ListItem\",\"position\":1,\"name\":\"Home\",\"item\":\"https:\/\/taboofashion.com\/hu\/\"},{\"@type\":\"ListItem\",\"position\":2,\"name\":\"Bolt\",\"item\":\"https:\/\/taboofashion.com\/hu\/\"},{\"@type\":\"ListItem\",\"position\":3,\"name\":\"920M mosott oxford f\u00e9rfi ing, hossz\u00fa ujj\u00fa\"}]},{\"@type\":\"WebSite\",\"@id\":\"https:\/\/taboofashion.com\/hu\/#website\",\"url\":\"https:\/\/taboofashion.com\/hu\/\",\"name\":\"Fashion shop\",\"description\":\"\",\"publisher\":{\"@id\":\"https:\/\/taboofashion.com\/hu\/#organization\"},\"potentialAction\":[{\"@type\":\"SearchAction\",\"target\":{\"@type\":\"EntryPoint\",\"urlTemplate\":\"https:\/\/taboofashion.com\/hu\/?s={search_term_string}\"},\"query-input\":\"required name=search_term_string\"}],\"inLanguage\":\"hu\"},{\"@type\":\"Organization\",\"@id\":\"https:\/\/taboofashion.com\/hu\/#organization\",\"name\":\"Taboo Slovakia s.r.o.\",\"url\":\"https:\/\/taboofashion.com\/hu\/\",\"logo\":{\"@type\":\"ImageObject\",\"inLanguage\":\"hu\",\"@id\":\"https:\/\/taboofashion.com\/hu\/#\/schema\/logo\/image\/\",\"url\":\"https:\/\/taboofashion.com\/wp-content\/uploads\/2022\/12\/taboologo2100-002.png\",\"contentUrl\":\"https:\/\/taboofashion.com\/wp-content\/uploads\/2022\/12\/taboologo2100-002.png\",\"width\":2100,\"height\":1050,\"caption\":\"Taboo Slovakia s.r.o.\"},\"image\":{\"@id\":\"https:\/\/taboofashion.com\/hu\/#\/schema\/logo\/image\/\"},\"sameAs\":[\"https:\/\/www.facebook.com\/TabooSlovakia\",\"https:\/\/www.linkedin.com\/company\/541747\/\",\"https:\/\/www.instagram.com\/taboofashion.com1\/\"]}]}<\/script>\n<meta property=\"product:brand\" content=\"Russell Collection\" \/>\n<meta property=\"og:availability\" content=\"instock\" \/>\n<meta property=\"product:availability\" content=\"instock\" \/>\n<meta property=\"product:retailer_item_id\" content=\"11920Mv6301\" \/>\n<meta property=\"product:condition\" content=\"new\" \/>\n<!-- \/ Yoast SEO plugin. -->","yoast_head_json":{"title":"920M mosott oxford f\u00e9rfi ing, hossz\u00fa ujj\u00fa &#8211; Fashion shop","robots":{"index":"index","follow":"follow","max-snippet":"max-snippet:-1","max-image-preview":"max-image-preview:large","max-video-preview":"max-video-preview:-1"},"canonical":"https:\/\/taboofashion.com\/hu\/shop\/russell-920m-mosott-oxford-ing-hosszu-ujju\/","og_locale":"hu_HU","og_type":"article","og_title":"920M mosott oxford f\u00e9rfi ing, hossz\u00fa ujj\u00fa &#8211; Fashion shop","og_description":"140 g\/m\u00b2, 100% min\u0151s\u00edtett biopamut","og_url":"https:\/\/taboofashion.com\/hu\/shop\/russell-920m-mosott-oxford-ing-hosszu-ujju\/","og_site_name":"Fashion shop","article_publisher":"https:\/\/www.facebook.com\/TabooSlovakia","article_modified_time":"2023-07-17T16:05:54+00:00","og_image":[{"width":1000,"height":1000,"url":"https:\/\/taboofashion.com\/wp-content\/uploads\/2022\/08\/LS-11.920M-Russell-920M-3.jpg","type":"image\/jpeg"}],"twitter_card":"summary_large_image","schema":{"@context":"https:\/\/schema.org","@graph":[{"@type":"WebPage","@id":"https:\/\/taboofashion.com\/hu\/shop\/russell-920m-mosott-oxford-ing-hosszu-ujju\/","url":"https:\/\/taboofashion.com\/hu\/shop\/russell-920m-mosott-oxford-ing-hosszu-ujju\/","name":"920M mosott oxford f\u00e9rfi ing, hossz\u00fa ujj\u00fa &#8211; Fashion shop","isPartOf":{"@id":"https:\/\/taboofashion.com\/hu\/#website"},"datePublished":"2022-08-27T09:34:59+00:00","dateModified":"2023-07-17T16:05:54+00:00","breadcrumb":{"@id":"https:\/\/taboofashion.com\/hu\/shop\/russell-920m-mosott-oxford-ing-hosszu-ujju\/#breadcrumb"},"inLanguage":"hu","potentialAction":[{"@type":"ReadAction","target":["https:\/\/taboofashion.com\/hu\/shop\/russell-920m-mosott-oxford-ing-hosszu-ujju\/"]}]},{"@type":"BreadcrumbList","@id":"https:\/\/taboofashion.com\/hu\/shop\/russell-920m-mosott-oxford-ing-hosszu-ujju\/#breadcrumb","itemListElement":[{"@type":"ListItem","position":1,"name":"Home","item":"https:\/\/taboofashion.com\/hu\/"},{"@type":"ListItem","position":2,"name":"Bolt","item":"https:\/\/taboofashion.com\/hu\/"},{"@type":"ListItem","position":3,"name":"920M mosott oxford f\u00e9rfi ing, hossz\u00fa ujj\u00fa"}]},{"@type":"WebSite","@id":"https:\/\/taboofashion.com\/hu\/#website","url":"https:\/\/taboofashion.com\/hu\/","name":"Fashion shop","description":"","publisher":{"@id":"https:\/\/taboofashion.com\/hu\/#organization"},"potentialAction":[{"@type":"SearchAction","target":{"@type":"EntryPoint","urlTemplate":"https:\/\/taboofashion.com\/hu\/?s={search_term_string}"},"query-input":"required name=search_term_string"}],"inLanguage":"hu"},{"@type":"Organization","@id":"https:\/\/taboofashion.com\/hu\/#organization","name":"Taboo Slovakia s.r.o.","url":"https:\/\/taboofashion.com\/hu\/","logo":{"@type":"ImageObject","inLanguage":"hu","@id":"https:\/\/taboofashion.com\/hu\/#\/schema\/logo\/image\/","url":"https:\/\/taboofashion.com\/wp-content\/uploads\/2022\/12\/taboologo2100-002.png","contentUrl":"https:\/\/taboofashion.com\/wp-content\/uploads\/2022\/12\/taboologo2100-002.png","width":2100,"height":1050,"caption":"Taboo Slovakia s.r.o."},"image":{"@id":"https:\/\/taboofashion.com\/hu\/#\/schema\/logo\/image\/"},"sameAs":["https:\/\/www.facebook.com\/TabooSlovakia","https:\/\/www.linkedin.com\/company\/541747\/","https:\/\/www.instagram.com\/taboofashion.com1\/"]}]},"product_brand":"Russell Collection","og_availability":"instock","product_availability":"instock","product_retailer_item_id":"11920Mv6301","product_condition":"new"},"_links":{"self":[{"href":"https:\/\/taboofashion.com\/hu\/wp-json\/wp\/v2\/product\/631013","targetHints":{"allow":["GET"]}}],"collection":[{"href":"https:\/\/taboofashion.com\/hu\/wp-json\/wp\/v2\/product"}],"about":[{"href":"https:\/\/taboofashion.com\/hu\/wp-json\/wp\/v2\/types\/product"}],"wp:featuredmedia":[{"embeddable":true,"href":"https:\/\/taboofashion.com\/hu\/wp-json\/wp\/v2\/media\/608610"}],"wp:attachment":[{"href":"https:\/\/taboofashion.com\/hu\/wp-json\/wp\/v2\/media?parent=631013"}],"wp:term":[{"taxonomy":"product_cat","embeddable":true,"href":"https:\/\/taboofashion.com\/hu\/wp-json\/wp\/v2\/product_cat?post=631013"},{"taxonomy":"product_tag","embeddable":true,"href":"https:\/\/taboofashion.com\/hu\/wp-json\/wp\/v2\/product_tag?post=631013"}],"curies":[{"name":"wp","href":"https:\/\/api.w.org\/{rel}","templated":true}]}}