{"id":631665,"date":"2022-08-27T10:13:47","date_gmt":"2022-08-27T08:13:47","guid":{"rendered":"https:\/\/taboofashion.com\/shop\/russell-750b-gyerek-suhanadrag\/"},"modified":"2023-05-14T10:00:25","modified_gmt":"2023-05-14T08:00:25","slug":"gyerek-russell-750b-sinadrag","status":"publish","type":"product","link":"https:\/\/taboofashion.com\/hu\/shop\/gyerek-russell-750b-sinadrag\/","title":{"rendered":"750B m\u00e9ret\u0171 kocog\u00f3 nadr\u00e1g gyerekeknek"},"content":{"rendered":"<p>Elasztikus der\u00e9kr\u00e9sz \u00e9s sz\u00e1rv\u00e9gek, 40\u00b0-on moshat\u00f3<\/p>\n","protected":false},"excerpt":{"rendered":"<p>295 gsm, 50% f\u00e9s\u00fclt gy\u0171r\u0171s fon\u00e1s\u00fa pamut, 50% poli\u00e9szter<\/p>\n","protected":false},"featured_media":609189,"template":"","meta":[],"product_cat":[3617,3624,3623],"product_tag":[],"class_list":{"0":"post-631665","1":"product","2":"type-product","3":"status-publish","4":"has-post-thumbnail","6":"product_cat-nadragok","7":"product_cat-soprt-puloverek","8":"product_cat-sport-ruhazat","9":"pa_brand-russell-hu","10":"pa_colour-bordo","11":"pa_colour-fekete","12":"pa_colour-francia-haditengereszet","13":"pa_colour-kozepkek-hu-4","14":"pa_colour-uveg-zold","15":"pa_size-104-hu","16":"pa_size-116-hu","17":"pa_size-128-hu","18":"pa_size-140-hu","19":"pa_size-152-hu","21":"first","22":"instock","23":"taxable","24":"shipping-taxable","25":"purchasable","26":"product-type-variable","27":"has-default-attributes"},"yoast_head":"<!-- This site is optimized with the Yoast SEO plugin v21.8 - https:\/\/yoast.com\/wordpress\/plugins\/seo\/ -->\n<title>750B m\u00e9ret\u0171 kocog\u00f3 nadr\u00e1g gyerekeknek &#8211; Fashion shop<\/title>\n<meta name=\"robots\" content=\"index, follow, max-snippet:-1, max-image-preview:large, max-video-preview:-1\" \/>\n<link rel=\"canonical\" href=\"https:\/\/taboofashion.com\/hu\/shop\/gyerek-russell-750b-sinadrag\/\" \/>\n<meta property=\"og:locale\" content=\"hu_HU\" \/>\n<meta property=\"og:type\" content=\"article\" \/>\n<meta property=\"og:title\" content=\"750B m\u00e9ret\u0171 kocog\u00f3 nadr\u00e1g gyerekeknek &#8211; Fashion shop\" \/>\n<meta property=\"og:description\" content=\"295 gsm, 50% f\u00e9s\u00fclt gy\u0171r\u0171s fon\u00e1s\u00fa pamut, 50% poli\u00e9szter\" \/>\n<meta property=\"og:url\" content=\"https:\/\/taboofashion.com\/hu\/shop\/gyerek-russell-750b-sinadrag\/\" \/>\n<meta property=\"og:site_name\" content=\"Fashion shop\" \/>\n<meta property=\"article:publisher\" content=\"https:\/\/www.facebook.com\/TabooSlovakia\" \/>\n<meta property=\"article:modified_time\" content=\"2023-05-14T08:00:25+00:00\" \/>\n<meta property=\"og:image\" content=\"https:\/\/taboofashion.com\/wp-content\/uploads\/2022\/08\/LS-10.750B-Russell-750B-1.jpg\" \/>\n\t<meta property=\"og:image:width\" content=\"1000\" \/>\n\t<meta property=\"og:image:height\" content=\"1000\" \/>\n\t<meta property=\"og:image:type\" content=\"image\/jpeg\" \/>\n<meta name=\"twitter:card\" content=\"summary_large_image\" \/>\n<script type=\"application\/ld+json\" class=\"yoast-schema-graph\">{\"@context\":\"https:\/\/schema.org\",\"@graph\":[{\"@type\":\"WebPage\",\"@id\":\"https:\/\/taboofashion.com\/hu\/shop\/gyerek-russell-750b-sinadrag\/\",\"url\":\"https:\/\/taboofashion.com\/hu\/shop\/gyerek-russell-750b-sinadrag\/\",\"name\":\"750B m\u00e9ret\u0171 kocog\u00f3 nadr\u00e1g gyerekeknek &#8211; Fashion shop\",\"isPartOf\":{\"@id\":\"https:\/\/taboofashion.com\/hu\/#website\"},\"datePublished\":\"2022-08-27T08:13:47+00:00\",\"dateModified\":\"2023-05-14T08:00:25+00:00\",\"breadcrumb\":{\"@id\":\"https:\/\/taboofashion.com\/hu\/shop\/gyerek-russell-750b-sinadrag\/#breadcrumb\"},\"inLanguage\":\"hu\",\"potentialAction\":[{\"@type\":\"ReadAction\",\"target\":[\"https:\/\/taboofashion.com\/hu\/shop\/gyerek-russell-750b-sinadrag\/\"]}]},{\"@type\":\"BreadcrumbList\",\"@id\":\"https:\/\/taboofashion.com\/hu\/shop\/gyerek-russell-750b-sinadrag\/#breadcrumb\",\"itemListElement\":[{\"@type\":\"ListItem\",\"position\":1,\"name\":\"Home\",\"item\":\"https:\/\/taboofashion.com\/hu\/\"},{\"@type\":\"ListItem\",\"position\":2,\"name\":\"Bolt\",\"item\":\"https:\/\/taboofashion.com\/hu\/\"},{\"@type\":\"ListItem\",\"position\":3,\"name\":\"750B m\u00e9ret\u0171 kocog\u00f3 nadr\u00e1g gyerekeknek\"}]},{\"@type\":\"WebSite\",\"@id\":\"https:\/\/taboofashion.com\/hu\/#website\",\"url\":\"https:\/\/taboofashion.com\/hu\/\",\"name\":\"Fashion shop\",\"description\":\"\",\"publisher\":{\"@id\":\"https:\/\/taboofashion.com\/hu\/#organization\"},\"potentialAction\":[{\"@type\":\"SearchAction\",\"target\":{\"@type\":\"EntryPoint\",\"urlTemplate\":\"https:\/\/taboofashion.com\/hu\/?s={search_term_string}\"},\"query-input\":\"required name=search_term_string\"}],\"inLanguage\":\"hu\"},{\"@type\":\"Organization\",\"@id\":\"https:\/\/taboofashion.com\/hu\/#organization\",\"name\":\"Taboo Slovakia s.r.o.\",\"url\":\"https:\/\/taboofashion.com\/hu\/\",\"logo\":{\"@type\":\"ImageObject\",\"inLanguage\":\"hu\",\"@id\":\"https:\/\/taboofashion.com\/hu\/#\/schema\/logo\/image\/\",\"url\":\"https:\/\/taboofashion.com\/wp-content\/uploads\/2022\/12\/taboologo2100-002.png\",\"contentUrl\":\"https:\/\/taboofashion.com\/wp-content\/uploads\/2022\/12\/taboologo2100-002.png\",\"width\":2100,\"height\":1050,\"caption\":\"Taboo Slovakia s.r.o.\"},\"image\":{\"@id\":\"https:\/\/taboofashion.com\/hu\/#\/schema\/logo\/image\/\"},\"sameAs\":[\"https:\/\/www.facebook.com\/TabooSlovakia\",\"https:\/\/www.linkedin.com\/company\/541747\/\",\"https:\/\/www.instagram.com\/taboofashion.com1\/\"]}]}<\/script>\n<meta property=\"product:brand\" content=\"Russell\" \/>\n<meta property=\"og:availability\" content=\"instock\" \/>\n<meta property=\"product:availability\" content=\"instock\" \/>\n<meta property=\"product:retailer_item_id\" content=\"10750B002a3\" \/>\n<meta property=\"product:condition\" content=\"new\" \/>\n<!-- \/ Yoast SEO plugin. -->","yoast_head_json":{"title":"750B m\u00e9ret\u0171 kocog\u00f3 nadr\u00e1g gyerekeknek &#8211; Fashion shop","robots":{"index":"index","follow":"follow","max-snippet":"max-snippet:-1","max-image-preview":"max-image-preview:large","max-video-preview":"max-video-preview:-1"},"canonical":"https:\/\/taboofashion.com\/hu\/shop\/gyerek-russell-750b-sinadrag\/","og_locale":"hu_HU","og_type":"article","og_title":"750B m\u00e9ret\u0171 kocog\u00f3 nadr\u00e1g gyerekeknek &#8211; Fashion shop","og_description":"295 gsm, 50% f\u00e9s\u00fclt gy\u0171r\u0171s fon\u00e1s\u00fa pamut, 50% poli\u00e9szter","og_url":"https:\/\/taboofashion.com\/hu\/shop\/gyerek-russell-750b-sinadrag\/","og_site_name":"Fashion shop","article_publisher":"https:\/\/www.facebook.com\/TabooSlovakia","article_modified_time":"2023-05-14T08:00:25+00:00","og_image":[{"width":1000,"height":1000,"url":"https:\/\/taboofashion.com\/wp-content\/uploads\/2022\/08\/LS-10.750B-Russell-750B-1.jpg","type":"image\/jpeg"}],"twitter_card":"summary_large_image","schema":{"@context":"https:\/\/schema.org","@graph":[{"@type":"WebPage","@id":"https:\/\/taboofashion.com\/hu\/shop\/gyerek-russell-750b-sinadrag\/","url":"https:\/\/taboofashion.com\/hu\/shop\/gyerek-russell-750b-sinadrag\/","name":"750B m\u00e9ret\u0171 kocog\u00f3 nadr\u00e1g gyerekeknek &#8211; Fashion shop","isPartOf":{"@id":"https:\/\/taboofashion.com\/hu\/#website"},"datePublished":"2022-08-27T08:13:47+00:00","dateModified":"2023-05-14T08:00:25+00:00","breadcrumb":{"@id":"https:\/\/taboofashion.com\/hu\/shop\/gyerek-russell-750b-sinadrag\/#breadcrumb"},"inLanguage":"hu","potentialAction":[{"@type":"ReadAction","target":["https:\/\/taboofashion.com\/hu\/shop\/gyerek-russell-750b-sinadrag\/"]}]},{"@type":"BreadcrumbList","@id":"https:\/\/taboofashion.com\/hu\/shop\/gyerek-russell-750b-sinadrag\/#breadcrumb","itemListElement":[{"@type":"ListItem","position":1,"name":"Home","item":"https:\/\/taboofashion.com\/hu\/"},{"@type":"ListItem","position":2,"name":"Bolt","item":"https:\/\/taboofashion.com\/hu\/"},{"@type":"ListItem","position":3,"name":"750B m\u00e9ret\u0171 kocog\u00f3 nadr\u00e1g gyerekeknek"}]},{"@type":"WebSite","@id":"https:\/\/taboofashion.com\/hu\/#website","url":"https:\/\/taboofashion.com\/hu\/","name":"Fashion shop","description":"","publisher":{"@id":"https:\/\/taboofashion.com\/hu\/#organization"},"potentialAction":[{"@type":"SearchAction","target":{"@type":"EntryPoint","urlTemplate":"https:\/\/taboofashion.com\/hu\/?s={search_term_string}"},"query-input":"required name=search_term_string"}],"inLanguage":"hu"},{"@type":"Organization","@id":"https:\/\/taboofashion.com\/hu\/#organization","name":"Taboo Slovakia s.r.o.","url":"https:\/\/taboofashion.com\/hu\/","logo":{"@type":"ImageObject","inLanguage":"hu","@id":"https:\/\/taboofashion.com\/hu\/#\/schema\/logo\/image\/","url":"https:\/\/taboofashion.com\/wp-content\/uploads\/2022\/12\/taboologo2100-002.png","contentUrl":"https:\/\/taboofashion.com\/wp-content\/uploads\/2022\/12\/taboologo2100-002.png","width":2100,"height":1050,"caption":"Taboo Slovakia s.r.o."},"image":{"@id":"https:\/\/taboofashion.com\/hu\/#\/schema\/logo\/image\/"},"sameAs":["https:\/\/www.facebook.com\/TabooSlovakia","https:\/\/www.linkedin.com\/company\/541747\/","https:\/\/www.instagram.com\/taboofashion.com1\/"]}]},"product_brand":"Russell","og_availability":"instock","product_availability":"instock","product_retailer_item_id":"10750B002a3","product_condition":"new"},"_links":{"self":[{"href":"https:\/\/taboofashion.com\/hu\/wp-json\/wp\/v2\/product\/631665","targetHints":{"allow":["GET"]}}],"collection":[{"href":"https:\/\/taboofashion.com\/hu\/wp-json\/wp\/v2\/product"}],"about":[{"href":"https:\/\/taboofashion.com\/hu\/wp-json\/wp\/v2\/types\/product"}],"wp:featuredmedia":[{"embeddable":true,"href":"https:\/\/taboofashion.com\/hu\/wp-json\/wp\/v2\/media\/609189"}],"wp:attachment":[{"href":"https:\/\/taboofashion.com\/hu\/wp-json\/wp\/v2\/media?parent=631665"}],"wp:term":[{"taxonomy":"product_cat","embeddable":true,"href":"https:\/\/taboofashion.com\/hu\/wp-json\/wp\/v2\/product_cat?post=631665"},{"taxonomy":"product_tag","embeddable":true,"href":"https:\/\/taboofashion.com\/hu\/wp-json\/wp\/v2\/product_tag?post=631665"}],"curies":[{"name":"wp","href":"https:\/\/api.w.org\/{rel}","templated":true}]}}