{"id":632537,"date":"2022-08-29T21:51:46","date_gmt":"2022-08-29T19:51:46","guid":{"rendered":"https:\/\/taboofashion.com\/shop\/result-core-r233jy-kids-quilted-jacket\/"},"modified":"2022-08-29T21:51:46","modified_gmt":"2022-08-29T19:51:46","slug":"result-core-r233jy-kids-quilted-jacket","status":"publish","type":"product","link":"https:\/\/taboofashion.com\/hu\/shop\/result-core-r233jy-kids-quilted-jacket\/","title":{"rendered":"R233JY steppelt gyerekkab\u00e1t"},"content":{"rendered":"<p>P\u00e1rn\u00e1zott kapucni k\u00f6t\u00e9ssel, 2 cipz\u00e1ras oldalzseb, kontrasztos cipz\u00e1rak \u00e9s k\u00f6t\u00e9s, kontrasztos bels\u0151 b\u00e9l\u00e9s, dekor\u00e1ci\u00f3s hozz\u00e1f\u00e9r\u00e9s, f\u00e9nyvisszaver\u0151 cs\u00edp\u0151r\u00e9szlet (v\u00e9d\u0151 funkci\u00f3 n\u00e9lk\u00fcl), semleges m\u00e9ret\u0171 c\u00edmke<\/p>\n","protected":false},"excerpt":{"rendered":"<p>K\u00fcls\u0151\/b\u00e9l\u00e9s: 100% poli\u00e9szter, t\u00f6ltet: 160g\/m\u00b2, 100% poli\u00e9szter<\/p>\n","protected":false},"featured_media":609471,"template":"","meta":[],"product_cat":[3614],"product_tag":[],"class_list":{"0":"post-632537","1":"product","2":"type-product","3":"status-publish","4":"has-post-thumbnail","6":"product_cat-dzsekik","7":"pa_brand-result-hu","8":"pa_colour-fekete","9":"pa_colour-fekete-narancssarga-hu","10":"pa_colour-kiralyi-navy","11":"pa_colour-tengereszgyalogsag","12":"pa_colour-tengereszgyalogsag-kiralyi","13":"pa_colour-tengereszgyalogsag-lime-hu","14":"pa_size-xs-hu","15":"pa_size-xxs-hu","16":"pa_size-s-hu","17":"pa_size-m-hu","18":"pa_size-l-hu","19":"pa_size-xl-hu","20":"pa_size-xxl-hu","22":"first","23":"instock","24":"taxable","25":"shipping-taxable","26":"purchasable","27":"product-type-variable","28":"has-default-attributes"},"yoast_head":"<!-- This site is optimized with the Yoast SEO plugin v21.8 - https:\/\/yoast.com\/wordpress\/plugins\/seo\/ -->\n<title>R233JY steppelt gyerekkab\u00e1t &#8211; Fashion shop<\/title>\n<meta name=\"robots\" content=\"index, follow, max-snippet:-1, max-image-preview:large, max-video-preview:-1\" \/>\n<link rel=\"canonical\" href=\"https:\/\/taboofashion.com\/hu\/shop\/result-core-r233jy-kids-quilted-jacket\/\" \/>\n<meta property=\"og:locale\" content=\"hu_HU\" \/>\n<meta property=\"og:type\" content=\"article\" \/>\n<meta property=\"og:title\" content=\"R233JY steppelt gyerekkab\u00e1t &#8211; Fashion shop\" \/>\n<meta property=\"og:description\" content=\"K\u00fcls\u0151\/b\u00e9l\u00e9s: 100% poli\u00e9szter, t\u00f6ltet: 160g\/m\u00b2, 100% poli\u00e9szter\" \/>\n<meta property=\"og:url\" content=\"https:\/\/taboofashion.com\/hu\/shop\/result-core-r233jy-kids-quilted-jacket\/\" \/>\n<meta property=\"og:site_name\" content=\"Fashion shop\" \/>\n<meta property=\"article:publisher\" content=\"https:\/\/www.facebook.com\/TabooSlovakia\" \/>\n<meta name=\"twitter:card\" content=\"summary_large_image\" \/>\n<script type=\"application\/ld+json\" class=\"yoast-schema-graph\">{\"@context\":\"https:\/\/schema.org\",\"@graph\":[{\"@type\":\"WebPage\",\"@id\":\"https:\/\/taboofashion.com\/hu\/shop\/result-core-r233jy-kids-quilted-jacket\/\",\"url\":\"https:\/\/taboofashion.com\/hu\/shop\/result-core-r233jy-kids-quilted-jacket\/\",\"name\":\"R233JY steppelt gyerekkab\u00e1t &#8211; Fashion shop\",\"isPartOf\":{\"@id\":\"https:\/\/taboofashion.com\/hu\/#website\"},\"datePublished\":\"2022-08-29T19:51:46+00:00\",\"dateModified\":\"2022-08-29T19:51:46+00:00\",\"breadcrumb\":{\"@id\":\"https:\/\/taboofashion.com\/hu\/shop\/result-core-r233jy-kids-quilted-jacket\/#breadcrumb\"},\"inLanguage\":\"hu\",\"potentialAction\":[{\"@type\":\"ReadAction\",\"target\":[\"https:\/\/taboofashion.com\/hu\/shop\/result-core-r233jy-kids-quilted-jacket\/\"]}]},{\"@type\":\"BreadcrumbList\",\"@id\":\"https:\/\/taboofashion.com\/hu\/shop\/result-core-r233jy-kids-quilted-jacket\/#breadcrumb\",\"itemListElement\":[{\"@type\":\"ListItem\",\"position\":1,\"name\":\"Home\",\"item\":\"https:\/\/taboofashion.com\/hu\/\"},{\"@type\":\"ListItem\",\"position\":2,\"name\":\"Bolt\",\"item\":\"https:\/\/taboofashion.com\/hu\/\"},{\"@type\":\"ListItem\",\"position\":3,\"name\":\"R233JY steppelt gyerekkab\u00e1t\"}]},{\"@type\":\"WebSite\",\"@id\":\"https:\/\/taboofashion.com\/hu\/#website\",\"url\":\"https:\/\/taboofashion.com\/hu\/\",\"name\":\"Fashion shop\",\"description\":\"\",\"publisher\":{\"@id\":\"https:\/\/taboofashion.com\/hu\/#organization\"},\"potentialAction\":[{\"@type\":\"SearchAction\",\"target\":{\"@type\":\"EntryPoint\",\"urlTemplate\":\"https:\/\/taboofashion.com\/hu\/?s={search_term_string}\"},\"query-input\":\"required name=search_term_string\"}],\"inLanguage\":\"hu\"},{\"@type\":\"Organization\",\"@id\":\"https:\/\/taboofashion.com\/hu\/#organization\",\"name\":\"Taboo Slovakia s.r.o.\",\"url\":\"https:\/\/taboofashion.com\/hu\/\",\"logo\":{\"@type\":\"ImageObject\",\"inLanguage\":\"hu\",\"@id\":\"https:\/\/taboofashion.com\/hu\/#\/schema\/logo\/image\/\",\"url\":\"https:\/\/taboofashion.com\/wp-content\/uploads\/2022\/12\/taboologo2100-002.png\",\"contentUrl\":\"https:\/\/taboofashion.com\/wp-content\/uploads\/2022\/12\/taboologo2100-002.png\",\"width\":2100,\"height\":1050,\"caption\":\"Taboo Slovakia s.r.o.\"},\"image\":{\"@id\":\"https:\/\/taboofashion.com\/hu\/#\/schema\/logo\/image\/\"},\"sameAs\":[\"https:\/\/www.facebook.com\/TabooSlovakia\",\"https:\/\/www.linkedin.com\/company\/541747\/\",\"https:\/\/www.instagram.com\/taboofashion.com1\/\"]}]}<\/script>\n<meta property=\"product:brand\" content=\"Result\" \/>\n<meta property=\"og:availability\" content=\"instock\" \/>\n<meta property=\"product:availability\" content=\"instock\" \/>\n<meta property=\"product:retailer_item_id\" content=\"30233J00200\" \/>\n<meta property=\"product:condition\" content=\"new\" \/>\n<!-- \/ Yoast SEO plugin. -->","yoast_head_json":{"title":"R233JY steppelt gyerekkab\u00e1t &#8211; Fashion shop","robots":{"index":"index","follow":"follow","max-snippet":"max-snippet:-1","max-image-preview":"max-image-preview:large","max-video-preview":"max-video-preview:-1"},"canonical":"https:\/\/taboofashion.com\/hu\/shop\/result-core-r233jy-kids-quilted-jacket\/","og_locale":"hu_HU","og_type":"article","og_title":"R233JY steppelt gyerekkab\u00e1t &#8211; Fashion shop","og_description":"K\u00fcls\u0151\/b\u00e9l\u00e9s: 100% poli\u00e9szter, t\u00f6ltet: 160g\/m\u00b2, 100% poli\u00e9szter","og_url":"https:\/\/taboofashion.com\/hu\/shop\/result-core-r233jy-kids-quilted-jacket\/","og_site_name":"Fashion shop","article_publisher":"https:\/\/www.facebook.com\/TabooSlovakia","twitter_card":"summary_large_image","schema":{"@context":"https:\/\/schema.org","@graph":[{"@type":"WebPage","@id":"https:\/\/taboofashion.com\/hu\/shop\/result-core-r233jy-kids-quilted-jacket\/","url":"https:\/\/taboofashion.com\/hu\/shop\/result-core-r233jy-kids-quilted-jacket\/","name":"R233JY steppelt gyerekkab\u00e1t &#8211; Fashion shop","isPartOf":{"@id":"https:\/\/taboofashion.com\/hu\/#website"},"datePublished":"2022-08-29T19:51:46+00:00","dateModified":"2022-08-29T19:51:46+00:00","breadcrumb":{"@id":"https:\/\/taboofashion.com\/hu\/shop\/result-core-r233jy-kids-quilted-jacket\/#breadcrumb"},"inLanguage":"hu","potentialAction":[{"@type":"ReadAction","target":["https:\/\/taboofashion.com\/hu\/shop\/result-core-r233jy-kids-quilted-jacket\/"]}]},{"@type":"BreadcrumbList","@id":"https:\/\/taboofashion.com\/hu\/shop\/result-core-r233jy-kids-quilted-jacket\/#breadcrumb","itemListElement":[{"@type":"ListItem","position":1,"name":"Home","item":"https:\/\/taboofashion.com\/hu\/"},{"@type":"ListItem","position":2,"name":"Bolt","item":"https:\/\/taboofashion.com\/hu\/"},{"@type":"ListItem","position":3,"name":"R233JY steppelt gyerekkab\u00e1t"}]},{"@type":"WebSite","@id":"https:\/\/taboofashion.com\/hu\/#website","url":"https:\/\/taboofashion.com\/hu\/","name":"Fashion shop","description":"","publisher":{"@id":"https:\/\/taboofashion.com\/hu\/#organization"},"potentialAction":[{"@type":"SearchAction","target":{"@type":"EntryPoint","urlTemplate":"https:\/\/taboofashion.com\/hu\/?s={search_term_string}"},"query-input":"required name=search_term_string"}],"inLanguage":"hu"},{"@type":"Organization","@id":"https:\/\/taboofashion.com\/hu\/#organization","name":"Taboo Slovakia s.r.o.","url":"https:\/\/taboofashion.com\/hu\/","logo":{"@type":"ImageObject","inLanguage":"hu","@id":"https:\/\/taboofashion.com\/hu\/#\/schema\/logo\/image\/","url":"https:\/\/taboofashion.com\/wp-content\/uploads\/2022\/12\/taboologo2100-002.png","contentUrl":"https:\/\/taboofashion.com\/wp-content\/uploads\/2022\/12\/taboologo2100-002.png","width":2100,"height":1050,"caption":"Taboo Slovakia s.r.o."},"image":{"@id":"https:\/\/taboofashion.com\/hu\/#\/schema\/logo\/image\/"},"sameAs":["https:\/\/www.facebook.com\/TabooSlovakia","https:\/\/www.linkedin.com\/company\/541747\/","https:\/\/www.instagram.com\/taboofashion.com1\/"]}]},"product_brand":"Result","og_availability":"instock","product_availability":"instock","product_retailer_item_id":"30233J00200","product_condition":"new"},"_links":{"self":[{"href":"https:\/\/taboofashion.com\/hu\/wp-json\/wp\/v2\/product\/632537","targetHints":{"allow":["GET"]}}],"collection":[{"href":"https:\/\/taboofashion.com\/hu\/wp-json\/wp\/v2\/product"}],"about":[{"href":"https:\/\/taboofashion.com\/hu\/wp-json\/wp\/v2\/types\/product"}],"wp:featuredmedia":[{"embeddable":true,"href":"https:\/\/taboofashion.com\/hu\/wp-json\/wp\/v2\/media\/609471"}],"wp:attachment":[{"href":"https:\/\/taboofashion.com\/hu\/wp-json\/wp\/v2\/media?parent=632537"}],"wp:term":[{"taxonomy":"product_cat","embeddable":true,"href":"https:\/\/taboofashion.com\/hu\/wp-json\/wp\/v2\/product_cat?post=632537"},{"taxonomy":"product_tag","embeddable":true,"href":"https:\/\/taboofashion.com\/hu\/wp-json\/wp\/v2\/product_tag?post=632537"}],"curies":[{"name":"wp","href":"https:\/\/api.w.org\/{rel}","templated":true}]}}