{"id":632580,"date":"2022-08-29T21:45:24","date_gmt":"2022-08-29T19:45:24","guid":{"rendered":"https:\/\/taboofashion.com\/shop\/result-r232m-men-2-layer-softshell-melleny-nyomtathato\/"},"modified":"2022-08-29T21:45:24","modified_gmt":"2022-08-29T19:45:24","slug":"result-r232m-men-2-layer-softshell-melleny-nyomtathato","status":"publish","type":"product","link":"https:\/\/taboofashion.com\/hu\/shop\/result-r232m-men-2-layer-softshell-melleny-nyomtathato\/","title":{"rendered":"R232M f\u00e9rfi 2 r\u00e9teg\u0171 softshell mell\u00e9ny &#8222;nyomtathat\u00f3&#8221;"},"content":{"rendered":"<p>Testre szabott szab\u00e1s\u00fa, v\u00edzleperget\u0151, l\u00e9g\u00e1tereszt\u0151, sz\u00e9ltasz\u00edt\u00f3, \u00e1ll\u00f3gall\u00e9r, kontrasztos cipz\u00e1r \u00e1llv\u00e9d\u0151vel, oldalzsebek cipz\u00e1rral, dekorat\u00edv varr\u00e1sok, speci\u00e1lis fonalszerkezet elaszt\u00e1n n\u00e9lk\u00fcl a j\u00f3 nyomtathat\u00f3s\u00e1g \u00e9s rugalmass\u00e1g \u00e9rdek\u00e9ben, 60\u00b0-ban moshat\u00f3<\/p>\n","protected":false},"excerpt":{"rendered":"<p>280g\/m\u00b2, k\u00edv\u00fcl: 100% poli\u00e9szter, bel\u00fcl: 100% poli\u00e9szter mikropol\u00e1r<\/p>\n","protected":false},"featured_media":609472,"template":"","meta":[],"product_cat":[3614],"product_tag":[],"class_list":{"0":"post-632580","1":"product","2":"type-product","3":"status-publish","4":"has-post-thumbnail","6":"product_cat-dzsekik","7":"pa_brand-result-hu","8":"pa_colour-elenk-zold-fekete","9":"pa_colour-feher-fekete","10":"pa_colour-fekete-fekete-hu","11":"pa_colour-fekete-narancssarga-hu","12":"pa_colour-lila-fekete","13":"pa_colour-piros-fekete-hu","14":"pa_colour-sarga-fekete","15":"pa_colour-szen-fekete-hu","16":"pa_colour-tengereszgyalogsag-kiralyi","17":"pa_colour-tengereszgyalogsag-tengereszgyalogsag","18":"pa_size-s-hu","19":"pa_size-m-hu","20":"pa_size-l-hu","21":"pa_size-xl-hu","22":"pa_size-xxl-hu","23":"pa_size-3xl-hu","24":"pa_size-4xl-hu","26":"first","27":"instock","28":"taxable","29":"shipping-taxable","30":"purchasable","31":"product-type-variable","32":"has-default-attributes"},"yoast_head":"<!-- This site is optimized with the Yoast SEO plugin v21.8 - https:\/\/yoast.com\/wordpress\/plugins\/seo\/ -->\n<title>R232M f\u00e9rfi 2 r\u00e9teg\u0171 softshell mell\u00e9ny &quot;nyomtathat\u00f3&quot; &#8211; Fashion shop<\/title>\n<meta name=\"robots\" content=\"index, follow, max-snippet:-1, max-image-preview:large, max-video-preview:-1\" \/>\n<link rel=\"canonical\" href=\"https:\/\/taboofashion.com\/hu\/shop\/result-r232m-men-2-layer-softshell-melleny-nyomtathato\/\" \/>\n<meta property=\"og:locale\" content=\"hu_HU\" \/>\n<meta property=\"og:type\" content=\"article\" \/>\n<meta property=\"og:title\" content=\"R232M f\u00e9rfi 2 r\u00e9teg\u0171 softshell mell\u00e9ny &quot;nyomtathat\u00f3&quot; &#8211; Fashion shop\" \/>\n<meta property=\"og:description\" content=\"280g\/m\u00b2, k\u00edv\u00fcl: 100% poli\u00e9szter, bel\u00fcl: 100% poli\u00e9szter mikropol\u00e1r\" \/>\n<meta property=\"og:url\" content=\"https:\/\/taboofashion.com\/hu\/shop\/result-r232m-men-2-layer-softshell-melleny-nyomtathato\/\" \/>\n<meta property=\"og:site_name\" content=\"Fashion shop\" \/>\n<meta property=\"article:publisher\" content=\"https:\/\/www.facebook.com\/TabooSlovakia\" \/>\n<meta name=\"twitter:card\" content=\"summary_large_image\" \/>\n<script type=\"application\/ld+json\" class=\"yoast-schema-graph\">{\"@context\":\"https:\/\/schema.org\",\"@graph\":[{\"@type\":\"WebPage\",\"@id\":\"https:\/\/taboofashion.com\/hu\/shop\/result-r232m-men-2-layer-softshell-melleny-nyomtathato\/\",\"url\":\"https:\/\/taboofashion.com\/hu\/shop\/result-r232m-men-2-layer-softshell-melleny-nyomtathato\/\",\"name\":\"R232M f\u00e9rfi 2 r\u00e9teg\u0171 softshell mell\u00e9ny \\\"nyomtathat\u00f3\\\" &#8211; Fashion shop\",\"isPartOf\":{\"@id\":\"https:\/\/taboofashion.com\/hu\/#website\"},\"datePublished\":\"2022-08-29T19:45:24+00:00\",\"dateModified\":\"2022-08-29T19:45:24+00:00\",\"breadcrumb\":{\"@id\":\"https:\/\/taboofashion.com\/hu\/shop\/result-r232m-men-2-layer-softshell-melleny-nyomtathato\/#breadcrumb\"},\"inLanguage\":\"hu\",\"potentialAction\":[{\"@type\":\"ReadAction\",\"target\":[\"https:\/\/taboofashion.com\/hu\/shop\/result-r232m-men-2-layer-softshell-melleny-nyomtathato\/\"]}]},{\"@type\":\"BreadcrumbList\",\"@id\":\"https:\/\/taboofashion.com\/hu\/shop\/result-r232m-men-2-layer-softshell-melleny-nyomtathato\/#breadcrumb\",\"itemListElement\":[{\"@type\":\"ListItem\",\"position\":1,\"name\":\"Home\",\"item\":\"https:\/\/taboofashion.com\/hu\/\"},{\"@type\":\"ListItem\",\"position\":2,\"name\":\"Bolt\",\"item\":\"https:\/\/taboofashion.com\/hu\/\"},{\"@type\":\"ListItem\",\"position\":3,\"name\":\"R232M f\u00e9rfi 2 r\u00e9teg\u0171 softshell mell\u00e9ny &#8222;nyomtathat\u00f3&#8221;\"}]},{\"@type\":\"WebSite\",\"@id\":\"https:\/\/taboofashion.com\/hu\/#website\",\"url\":\"https:\/\/taboofashion.com\/hu\/\",\"name\":\"Fashion shop\",\"description\":\"\",\"publisher\":{\"@id\":\"https:\/\/taboofashion.com\/hu\/#organization\"},\"potentialAction\":[{\"@type\":\"SearchAction\",\"target\":{\"@type\":\"EntryPoint\",\"urlTemplate\":\"https:\/\/taboofashion.com\/hu\/?s={search_term_string}\"},\"query-input\":\"required name=search_term_string\"}],\"inLanguage\":\"hu\"},{\"@type\":\"Organization\",\"@id\":\"https:\/\/taboofashion.com\/hu\/#organization\",\"name\":\"Taboo Slovakia s.r.o.\",\"url\":\"https:\/\/taboofashion.com\/hu\/\",\"logo\":{\"@type\":\"ImageObject\",\"inLanguage\":\"hu\",\"@id\":\"https:\/\/taboofashion.com\/hu\/#\/schema\/logo\/image\/\",\"url\":\"https:\/\/taboofashion.com\/wp-content\/uploads\/2022\/12\/taboologo2100-002.png\",\"contentUrl\":\"https:\/\/taboofashion.com\/wp-content\/uploads\/2022\/12\/taboologo2100-002.png\",\"width\":2100,\"height\":1050,\"caption\":\"Taboo Slovakia s.r.o.\"},\"image\":{\"@id\":\"https:\/\/taboofashion.com\/hu\/#\/schema\/logo\/image\/\"},\"sameAs\":[\"https:\/\/www.facebook.com\/TabooSlovakia\",\"https:\/\/www.linkedin.com\/company\/541747\/\",\"https:\/\/www.instagram.com\/taboofashion.com1\/\"]}]}<\/script>\n<meta property=\"product:brand\" content=\"Result\" \/>\n<meta property=\"og:availability\" content=\"instock\" \/>\n<meta property=\"product:availability\" content=\"instock\" \/>\n<meta property=\"product:retailer_item_id\" content=\"30232M23901\" \/>\n<meta property=\"product:condition\" content=\"new\" \/>\n<!-- \/ Yoast SEO plugin. -->","yoast_head_json":{"title":"R232M f\u00e9rfi 2 r\u00e9teg\u0171 softshell mell\u00e9ny \"nyomtathat\u00f3\" &#8211; Fashion shop","robots":{"index":"index","follow":"follow","max-snippet":"max-snippet:-1","max-image-preview":"max-image-preview:large","max-video-preview":"max-video-preview:-1"},"canonical":"https:\/\/taboofashion.com\/hu\/shop\/result-r232m-men-2-layer-softshell-melleny-nyomtathato\/","og_locale":"hu_HU","og_type":"article","og_title":"R232M f\u00e9rfi 2 r\u00e9teg\u0171 softshell mell\u00e9ny \"nyomtathat\u00f3\" &#8211; Fashion shop","og_description":"280g\/m\u00b2, k\u00edv\u00fcl: 100% poli\u00e9szter, bel\u00fcl: 100% poli\u00e9szter mikropol\u00e1r","og_url":"https:\/\/taboofashion.com\/hu\/shop\/result-r232m-men-2-layer-softshell-melleny-nyomtathato\/","og_site_name":"Fashion shop","article_publisher":"https:\/\/www.facebook.com\/TabooSlovakia","twitter_card":"summary_large_image","schema":{"@context":"https:\/\/schema.org","@graph":[{"@type":"WebPage","@id":"https:\/\/taboofashion.com\/hu\/shop\/result-r232m-men-2-layer-softshell-melleny-nyomtathato\/","url":"https:\/\/taboofashion.com\/hu\/shop\/result-r232m-men-2-layer-softshell-melleny-nyomtathato\/","name":"R232M f\u00e9rfi 2 r\u00e9teg\u0171 softshell mell\u00e9ny \"nyomtathat\u00f3\" &#8211; Fashion shop","isPartOf":{"@id":"https:\/\/taboofashion.com\/hu\/#website"},"datePublished":"2022-08-29T19:45:24+00:00","dateModified":"2022-08-29T19:45:24+00:00","breadcrumb":{"@id":"https:\/\/taboofashion.com\/hu\/shop\/result-r232m-men-2-layer-softshell-melleny-nyomtathato\/#breadcrumb"},"inLanguage":"hu","potentialAction":[{"@type":"ReadAction","target":["https:\/\/taboofashion.com\/hu\/shop\/result-r232m-men-2-layer-softshell-melleny-nyomtathato\/"]}]},{"@type":"BreadcrumbList","@id":"https:\/\/taboofashion.com\/hu\/shop\/result-r232m-men-2-layer-softshell-melleny-nyomtathato\/#breadcrumb","itemListElement":[{"@type":"ListItem","position":1,"name":"Home","item":"https:\/\/taboofashion.com\/hu\/"},{"@type":"ListItem","position":2,"name":"Bolt","item":"https:\/\/taboofashion.com\/hu\/"},{"@type":"ListItem","position":3,"name":"R232M f\u00e9rfi 2 r\u00e9teg\u0171 softshell mell\u00e9ny &#8222;nyomtathat\u00f3&#8221;"}]},{"@type":"WebSite","@id":"https:\/\/taboofashion.com\/hu\/#website","url":"https:\/\/taboofashion.com\/hu\/","name":"Fashion shop","description":"","publisher":{"@id":"https:\/\/taboofashion.com\/hu\/#organization"},"potentialAction":[{"@type":"SearchAction","target":{"@type":"EntryPoint","urlTemplate":"https:\/\/taboofashion.com\/hu\/?s={search_term_string}"},"query-input":"required name=search_term_string"}],"inLanguage":"hu"},{"@type":"Organization","@id":"https:\/\/taboofashion.com\/hu\/#organization","name":"Taboo Slovakia s.r.o.","url":"https:\/\/taboofashion.com\/hu\/","logo":{"@type":"ImageObject","inLanguage":"hu","@id":"https:\/\/taboofashion.com\/hu\/#\/schema\/logo\/image\/","url":"https:\/\/taboofashion.com\/wp-content\/uploads\/2022\/12\/taboologo2100-002.png","contentUrl":"https:\/\/taboofashion.com\/wp-content\/uploads\/2022\/12\/taboologo2100-002.png","width":2100,"height":1050,"caption":"Taboo Slovakia s.r.o."},"image":{"@id":"https:\/\/taboofashion.com\/hu\/#\/schema\/logo\/image\/"},"sameAs":["https:\/\/www.facebook.com\/TabooSlovakia","https:\/\/www.linkedin.com\/company\/541747\/","https:\/\/www.instagram.com\/taboofashion.com1\/"]}]},"product_brand":"Result","og_availability":"instock","product_availability":"instock","product_retailer_item_id":"30232M23901","product_condition":"new"},"_links":{"self":[{"href":"https:\/\/taboofashion.com\/hu\/wp-json\/wp\/v2\/product\/632580","targetHints":{"allow":["GET"]}}],"collection":[{"href":"https:\/\/taboofashion.com\/hu\/wp-json\/wp\/v2\/product"}],"about":[{"href":"https:\/\/taboofashion.com\/hu\/wp-json\/wp\/v2\/types\/product"}],"wp:featuredmedia":[{"embeddable":true,"href":"https:\/\/taboofashion.com\/hu\/wp-json\/wp\/v2\/media\/609472"}],"wp:attachment":[{"href":"https:\/\/taboofashion.com\/hu\/wp-json\/wp\/v2\/media?parent=632580"}],"wp:term":[{"taxonomy":"product_cat","embeddable":true,"href":"https:\/\/taboofashion.com\/hu\/wp-json\/wp\/v2\/product_cat?post=632580"},{"taxonomy":"product_tag","embeddable":true,"href":"https:\/\/taboofashion.com\/hu\/wp-json\/wp\/v2\/product_tag?post=632580"}],"curies":[{"name":"wp","href":"https:\/\/api.w.org\/{rel}","templated":true}]}}