{"id":633519,"date":"2022-08-29T20:05:28","date_gmt":"2022-08-29T18:05:28","guid":{"rendered":"https:\/\/taboofashion.com\/shop\/result-work-guard-r124x-3-layer-softshell-ripstop-munkaruha-kabat\/"},"modified":"2023-08-08T19:29:35","modified_gmt":"2023-08-08T17:29:35","slug":"result-work-guard-r124x-3-layer-softshell-ripstop-munkaruha-kabat","status":"publish","type":"product","link":"https:\/\/taboofashion.com\/hu\/shop\/result-work-guard-r124x-3-layer-softshell-ripstop-munkaruha-kabat\/","title":{"rendered":"R124X 3 r\u00e9teg\u0171 F\u00e9rfi Softshell Ripstop munkaruh\u00e1zati kab\u00e1t"},"content":{"rendered":"<p>V\u00edz\u00e1ll\u00f3 (8000 mm-es v\u00edzoszlop), l\u00e9g\u00e1tereszt\u0151 (1000 g\/m\u00b2 24 \u00f3ra alatt), Cordura\u00ae bet\u00e9tek a v\u00e1llakon \u00e9s a k\u00f6ny\u00f6k\u00f6k\u00f6n a maxim\u00e1lis tart\u00f3ss\u00e1g \u00e9rdek\u00e9ben, YKK el\u00fcls\u0151 cipz\u00e1r, ujjzseb, \u00e1ll\u00edthat\u00f3 rugalmas h\u00faz\u00f3zsin\u00f3r, dekor\u00e1ci\u00f3s hozz\u00e1f\u00e9r\u00e9s a bal mellkason, f\u00e9nyvisszaver\u0151 h\u00e1tul j\u00e1rom (v\u00e9d\u0151 funkci\u00f3 n\u00e9lk\u00fcl)<\/p>\n","protected":false},"excerpt":{"rendered":"<p>340g\/m\u00b2, 93% poli\u00e9szter, 7% elaszt\u00e1n, membr\u00e1n<\/p>\n","protected":false},"featured_media":609308,"template":"","meta":[],"product_cat":[3614,3625],"product_tag":[],"class_list":{"0":"post-633519","1":"product","2":"type-product","3":"status-publish","4":"has-post-thumbnail","6":"product_cat-dzsekik","7":"product_cat-munkaruha-vedoruhazat","8":"pa_brand-result-hu","9":"pa_colour-kiralyi-fekete","10":"pa_colour-szurke-fekete-2","11":"pa_colour-teljesen-fekete-2","12":"pa_colour-tengereszgyalogsag-fekete","13":"pa_size-s-hu","14":"pa_size-m-hu","15":"pa_size-l-hu","16":"pa_size-xl-hu","17":"pa_size-xxl-hu","18":"pa_size-3xl-hu","19":"pa_size-4xl-hu","21":"first","22":"instock","23":"taxable","24":"shipping-taxable","25":"purchasable","26":"product-type-variable","27":"has-default-attributes"},"yoast_head":"<!-- This site is optimized with the Yoast SEO plugin v21.8 - https:\/\/yoast.com\/wordpress\/plugins\/seo\/ -->\n<title>R124X 3 r\u00e9teg\u0171 F\u00e9rfi Softshell Ripstop munkaruh\u00e1zati kab\u00e1t &#8211; Fashion shop<\/title>\n<meta name=\"robots\" content=\"index, follow, max-snippet:-1, max-image-preview:large, max-video-preview:-1\" \/>\n<link rel=\"canonical\" href=\"https:\/\/taboofashion.com\/hu\/shop\/result-work-guard-r124x-3-layer-softshell-ripstop-munkaruha-kabat\/\" \/>\n<meta property=\"og:locale\" content=\"hu_HU\" \/>\n<meta property=\"og:type\" content=\"article\" \/>\n<meta property=\"og:title\" content=\"R124X 3 r\u00e9teg\u0171 F\u00e9rfi Softshell Ripstop munkaruh\u00e1zati kab\u00e1t &#8211; Fashion shop\" \/>\n<meta property=\"og:description\" content=\"340g\/m\u00b2, 93% poli\u00e9szter, 7% elaszt\u00e1n, membr\u00e1n\" \/>\n<meta property=\"og:url\" content=\"https:\/\/taboofashion.com\/hu\/shop\/result-work-guard-r124x-3-layer-softshell-ripstop-munkaruha-kabat\/\" \/>\n<meta property=\"og:site_name\" content=\"Fashion shop\" \/>\n<meta property=\"article:publisher\" content=\"https:\/\/www.facebook.com\/TabooSlovakia\" \/>\n<meta property=\"article:modified_time\" content=\"2023-08-08T17:29:35+00:00\" \/>\n<meta property=\"og:image\" content=\"https:\/\/taboofashion.com\/wp-content\/uploads\/2022\/08\/LS-30.124X-Result-Work-Guard-R124X-6.jpg\" \/>\n\t<meta property=\"og:image:width\" content=\"1000\" \/>\n\t<meta property=\"og:image:height\" content=\"1000\" \/>\n\t<meta property=\"og:image:type\" content=\"image\/jpeg\" \/>\n<meta name=\"twitter:card\" content=\"summary_large_image\" \/>\n<script type=\"application\/ld+json\" class=\"yoast-schema-graph\">{\"@context\":\"https:\/\/schema.org\",\"@graph\":[{\"@type\":\"WebPage\",\"@id\":\"https:\/\/taboofashion.com\/hu\/shop\/result-work-guard-r124x-3-layer-softshell-ripstop-munkaruha-kabat\/\",\"url\":\"https:\/\/taboofashion.com\/hu\/shop\/result-work-guard-r124x-3-layer-softshell-ripstop-munkaruha-kabat\/\",\"name\":\"R124X 3 r\u00e9teg\u0171 F\u00e9rfi Softshell Ripstop munkaruh\u00e1zati kab\u00e1t &#8211; Fashion shop\",\"isPartOf\":{\"@id\":\"https:\/\/taboofashion.com\/hu\/#website\"},\"datePublished\":\"2022-08-29T18:05:28+00:00\",\"dateModified\":\"2023-08-08T17:29:35+00:00\",\"breadcrumb\":{\"@id\":\"https:\/\/taboofashion.com\/hu\/shop\/result-work-guard-r124x-3-layer-softshell-ripstop-munkaruha-kabat\/#breadcrumb\"},\"inLanguage\":\"hu\",\"potentialAction\":[{\"@type\":\"ReadAction\",\"target\":[\"https:\/\/taboofashion.com\/hu\/shop\/result-work-guard-r124x-3-layer-softshell-ripstop-munkaruha-kabat\/\"]}]},{\"@type\":\"BreadcrumbList\",\"@id\":\"https:\/\/taboofashion.com\/hu\/shop\/result-work-guard-r124x-3-layer-softshell-ripstop-munkaruha-kabat\/#breadcrumb\",\"itemListElement\":[{\"@type\":\"ListItem\",\"position\":1,\"name\":\"Home\",\"item\":\"https:\/\/taboofashion.com\/hu\/\"},{\"@type\":\"ListItem\",\"position\":2,\"name\":\"Bolt\",\"item\":\"https:\/\/taboofashion.com\/hu\/\"},{\"@type\":\"ListItem\",\"position\":3,\"name\":\"R124X 3 r\u00e9teg\u0171 F\u00e9rfi Softshell Ripstop munkaruh\u00e1zati kab\u00e1t\"}]},{\"@type\":\"WebSite\",\"@id\":\"https:\/\/taboofashion.com\/hu\/#website\",\"url\":\"https:\/\/taboofashion.com\/hu\/\",\"name\":\"Fashion shop\",\"description\":\"\",\"publisher\":{\"@id\":\"https:\/\/taboofashion.com\/hu\/#organization\"},\"potentialAction\":[{\"@type\":\"SearchAction\",\"target\":{\"@type\":\"EntryPoint\",\"urlTemplate\":\"https:\/\/taboofashion.com\/hu\/?s={search_term_string}\"},\"query-input\":\"required name=search_term_string\"}],\"inLanguage\":\"hu\"},{\"@type\":\"Organization\",\"@id\":\"https:\/\/taboofashion.com\/hu\/#organization\",\"name\":\"Taboo Slovakia s.r.o.\",\"url\":\"https:\/\/taboofashion.com\/hu\/\",\"logo\":{\"@type\":\"ImageObject\",\"inLanguage\":\"hu\",\"@id\":\"https:\/\/taboofashion.com\/hu\/#\/schema\/logo\/image\/\",\"url\":\"https:\/\/taboofashion.com\/wp-content\/uploads\/2022\/12\/taboologo2100-002.png\",\"contentUrl\":\"https:\/\/taboofashion.com\/wp-content\/uploads\/2022\/12\/taboologo2100-002.png\",\"width\":2100,\"height\":1050,\"caption\":\"Taboo Slovakia s.r.o.\"},\"image\":{\"@id\":\"https:\/\/taboofashion.com\/hu\/#\/schema\/logo\/image\/\"},\"sameAs\":[\"https:\/\/www.facebook.com\/TabooSlovakia\",\"https:\/\/www.linkedin.com\/company\/541747\/\",\"https:\/\/www.instagram.com\/taboofashion.com1\/\"]}]}<\/script>\n<meta property=\"product:brand\" content=\"Result\" \/>\n<meta property=\"og:availability\" content=\"instock\" \/>\n<meta property=\"product:availability\" content=\"instock\" \/>\n<meta property=\"product:retailer_item_id\" content=\"30124X00701\" \/>\n<meta property=\"product:condition\" content=\"new\" \/>\n<!-- \/ Yoast SEO plugin. -->","yoast_head_json":{"title":"R124X 3 r\u00e9teg\u0171 F\u00e9rfi Softshell Ripstop munkaruh\u00e1zati kab\u00e1t &#8211; Fashion shop","robots":{"index":"index","follow":"follow","max-snippet":"max-snippet:-1","max-image-preview":"max-image-preview:large","max-video-preview":"max-video-preview:-1"},"canonical":"https:\/\/taboofashion.com\/hu\/shop\/result-work-guard-r124x-3-layer-softshell-ripstop-munkaruha-kabat\/","og_locale":"hu_HU","og_type":"article","og_title":"R124X 3 r\u00e9teg\u0171 F\u00e9rfi Softshell Ripstop munkaruh\u00e1zati kab\u00e1t &#8211; Fashion shop","og_description":"340g\/m\u00b2, 93% poli\u00e9szter, 7% elaszt\u00e1n, membr\u00e1n","og_url":"https:\/\/taboofashion.com\/hu\/shop\/result-work-guard-r124x-3-layer-softshell-ripstop-munkaruha-kabat\/","og_site_name":"Fashion shop","article_publisher":"https:\/\/www.facebook.com\/TabooSlovakia","article_modified_time":"2023-08-08T17:29:35+00:00","og_image":[{"width":1000,"height":1000,"url":"https:\/\/taboofashion.com\/wp-content\/uploads\/2022\/08\/LS-30.124X-Result-Work-Guard-R124X-6.jpg","type":"image\/jpeg"}],"twitter_card":"summary_large_image","schema":{"@context":"https:\/\/schema.org","@graph":[{"@type":"WebPage","@id":"https:\/\/taboofashion.com\/hu\/shop\/result-work-guard-r124x-3-layer-softshell-ripstop-munkaruha-kabat\/","url":"https:\/\/taboofashion.com\/hu\/shop\/result-work-guard-r124x-3-layer-softshell-ripstop-munkaruha-kabat\/","name":"R124X 3 r\u00e9teg\u0171 F\u00e9rfi Softshell Ripstop munkaruh\u00e1zati kab\u00e1t &#8211; Fashion shop","isPartOf":{"@id":"https:\/\/taboofashion.com\/hu\/#website"},"datePublished":"2022-08-29T18:05:28+00:00","dateModified":"2023-08-08T17:29:35+00:00","breadcrumb":{"@id":"https:\/\/taboofashion.com\/hu\/shop\/result-work-guard-r124x-3-layer-softshell-ripstop-munkaruha-kabat\/#breadcrumb"},"inLanguage":"hu","potentialAction":[{"@type":"ReadAction","target":["https:\/\/taboofashion.com\/hu\/shop\/result-work-guard-r124x-3-layer-softshell-ripstop-munkaruha-kabat\/"]}]},{"@type":"BreadcrumbList","@id":"https:\/\/taboofashion.com\/hu\/shop\/result-work-guard-r124x-3-layer-softshell-ripstop-munkaruha-kabat\/#breadcrumb","itemListElement":[{"@type":"ListItem","position":1,"name":"Home","item":"https:\/\/taboofashion.com\/hu\/"},{"@type":"ListItem","position":2,"name":"Bolt","item":"https:\/\/taboofashion.com\/hu\/"},{"@type":"ListItem","position":3,"name":"R124X 3 r\u00e9teg\u0171 F\u00e9rfi Softshell Ripstop munkaruh\u00e1zati kab\u00e1t"}]},{"@type":"WebSite","@id":"https:\/\/taboofashion.com\/hu\/#website","url":"https:\/\/taboofashion.com\/hu\/","name":"Fashion shop","description":"","publisher":{"@id":"https:\/\/taboofashion.com\/hu\/#organization"},"potentialAction":[{"@type":"SearchAction","target":{"@type":"EntryPoint","urlTemplate":"https:\/\/taboofashion.com\/hu\/?s={search_term_string}"},"query-input":"required name=search_term_string"}],"inLanguage":"hu"},{"@type":"Organization","@id":"https:\/\/taboofashion.com\/hu\/#organization","name":"Taboo Slovakia s.r.o.","url":"https:\/\/taboofashion.com\/hu\/","logo":{"@type":"ImageObject","inLanguage":"hu","@id":"https:\/\/taboofashion.com\/hu\/#\/schema\/logo\/image\/","url":"https:\/\/taboofashion.com\/wp-content\/uploads\/2022\/12\/taboologo2100-002.png","contentUrl":"https:\/\/taboofashion.com\/wp-content\/uploads\/2022\/12\/taboologo2100-002.png","width":2100,"height":1050,"caption":"Taboo Slovakia s.r.o."},"image":{"@id":"https:\/\/taboofashion.com\/hu\/#\/schema\/logo\/image\/"},"sameAs":["https:\/\/www.facebook.com\/TabooSlovakia","https:\/\/www.linkedin.com\/company\/541747\/","https:\/\/www.instagram.com\/taboofashion.com1\/"]}]},"product_brand":"Result","og_availability":"instock","product_availability":"instock","product_retailer_item_id":"30124X00701","product_condition":"new"},"_links":{"self":[{"href":"https:\/\/taboofashion.com\/hu\/wp-json\/wp\/v2\/product\/633519","targetHints":{"allow":["GET"]}}],"collection":[{"href":"https:\/\/taboofashion.com\/hu\/wp-json\/wp\/v2\/product"}],"about":[{"href":"https:\/\/taboofashion.com\/hu\/wp-json\/wp\/v2\/types\/product"}],"wp:featuredmedia":[{"embeddable":true,"href":"https:\/\/taboofashion.com\/hu\/wp-json\/wp\/v2\/media\/609308"}],"wp:attachment":[{"href":"https:\/\/taboofashion.com\/hu\/wp-json\/wp\/v2\/media?parent=633519"}],"wp:term":[{"taxonomy":"product_cat","embeddable":true,"href":"https:\/\/taboofashion.com\/hu\/wp-json\/wp\/v2\/product_cat?post=633519"},{"taxonomy":"product_tag","embeddable":true,"href":"https:\/\/taboofashion.com\/hu\/wp-json\/wp\/v2\/product_tag?post=633519"}],"curies":[{"name":"wp","href":"https:\/\/api.w.org\/{rel}","templated":true}]}}