{"id":633978,"date":"2022-08-29T19:12:32","date_gmt":"2022-08-29T17:12:32","guid":{"rendered":"https:\/\/taboofashion.com\/shop\/eredmeny-r036x-nehez-polardzseki\/"},"modified":"2022-08-29T19:12:32","modified_gmt":"2022-08-29T17:12:32","slug":"eredmeny-r036x-nehez-polardzseki","status":"publish","type":"product","link":"https:\/\/taboofashion.com\/hu\/shop\/eredmeny-r036x-nehez-polardzseki\/","title":{"rendered":"R036X Heavy pol\u00e1r dzseki"},"content":{"rendered":"<p>\u00c1ll\u00edthat\u00f3 szeg\u00e9ly elasztikus h\u00faz\u00f3zsin\u00f3rral, rugalmas mandzsetta, 2 nagy el\u00fcls\u0151 zseb d\u00edszvarr\u00e1ssal, speci\u00e1lis sz\u00e1l a folyad\u00e9k felsz\u00edv\u00e1s\u00e1hoz, 60\u00b0-ban moshat\u00f3<\/p>\n","protected":false},"excerpt":{"rendered":"<p>330g\/m\u00b2, 100% poli\u00e9szter, foltosod\u00e1sg\u00e1tl\u00f3 gyapj\u00fa<\/p>\n","protected":false},"featured_media":608302,"template":"","meta":[],"product_cat":[3611],"product_tag":[],"class_list":{"0":"post-633978","1":"product","2":"type-product","3":"status-publish","4":"has-post-thumbnail","6":"product_cat-polar-pulover","7":"pa_brand-result-hu","8":"pa_colour-bordo","9":"pa_colour-erdo","10":"pa_colour-feher","11":"pa_colour-fekete","12":"pa_colour-kiralykek","13":"pa_colour-narancs","14":"pa_colour-oxfordi-szurke","15":"pa_colour-piros","16":"pa_colour-tengereszgyalogsag","17":"pa_colour-termeszetes","18":"pa_size-xs-hu","19":"pa_size-s-hu","20":"pa_size-m-hu","21":"pa_size-l-hu","22":"pa_size-xl-hu","23":"pa_size-xxl-hu","24":"pa_size-3xl-hu","26":"first","27":"instock","28":"taxable","29":"shipping-taxable","30":"purchasable","31":"product-type-variable","32":"has-default-attributes"},"yoast_head":"<!-- This site is optimized with the Yoast SEO plugin v21.8 - https:\/\/yoast.com\/wordpress\/plugins\/seo\/ -->\n<title>R036X Heavy pol\u00e1r dzseki &#8211; Fashion shop<\/title>\n<meta name=\"robots\" content=\"index, follow, max-snippet:-1, max-image-preview:large, max-video-preview:-1\" \/>\n<link rel=\"canonical\" href=\"https:\/\/taboofashion.com\/hu\/shop\/eredmeny-r036x-nehez-polardzseki\/\" \/>\n<meta property=\"og:locale\" content=\"hu_HU\" \/>\n<meta property=\"og:type\" content=\"article\" \/>\n<meta property=\"og:title\" content=\"R036X Heavy pol\u00e1r dzseki &#8211; Fashion shop\" \/>\n<meta property=\"og:description\" content=\"330g\/m\u00b2, 100% poli\u00e9szter, foltosod\u00e1sg\u00e1tl\u00f3 gyapj\u00fa\" \/>\n<meta property=\"og:url\" content=\"https:\/\/taboofashion.com\/hu\/shop\/eredmeny-r036x-nehez-polardzseki\/\" \/>\n<meta property=\"og:site_name\" content=\"Fashion shop\" \/>\n<meta property=\"article:publisher\" content=\"https:\/\/www.facebook.com\/TabooSlovakia\" \/>\n<meta name=\"twitter:card\" content=\"summary_large_image\" \/>\n<script type=\"application\/ld+json\" class=\"yoast-schema-graph\">{\"@context\":\"https:\/\/schema.org\",\"@graph\":[{\"@type\":\"WebPage\",\"@id\":\"https:\/\/taboofashion.com\/hu\/shop\/eredmeny-r036x-nehez-polardzseki\/\",\"url\":\"https:\/\/taboofashion.com\/hu\/shop\/eredmeny-r036x-nehez-polardzseki\/\",\"name\":\"R036X Heavy pol\u00e1r dzseki &#8211; Fashion shop\",\"isPartOf\":{\"@id\":\"https:\/\/taboofashion.com\/hu\/#website\"},\"datePublished\":\"2022-08-29T17:12:32+00:00\",\"dateModified\":\"2022-08-29T17:12:32+00:00\",\"breadcrumb\":{\"@id\":\"https:\/\/taboofashion.com\/hu\/shop\/eredmeny-r036x-nehez-polardzseki\/#breadcrumb\"},\"inLanguage\":\"hu\",\"potentialAction\":[{\"@type\":\"ReadAction\",\"target\":[\"https:\/\/taboofashion.com\/hu\/shop\/eredmeny-r036x-nehez-polardzseki\/\"]}]},{\"@type\":\"BreadcrumbList\",\"@id\":\"https:\/\/taboofashion.com\/hu\/shop\/eredmeny-r036x-nehez-polardzseki\/#breadcrumb\",\"itemListElement\":[{\"@type\":\"ListItem\",\"position\":1,\"name\":\"Home\",\"item\":\"https:\/\/taboofashion.com\/hu\/\"},{\"@type\":\"ListItem\",\"position\":2,\"name\":\"Bolt\",\"item\":\"https:\/\/taboofashion.com\/hu\/\"},{\"@type\":\"ListItem\",\"position\":3,\"name\":\"R036X Heavy pol\u00e1r dzseki\"}]},{\"@type\":\"WebSite\",\"@id\":\"https:\/\/taboofashion.com\/hu\/#website\",\"url\":\"https:\/\/taboofashion.com\/hu\/\",\"name\":\"Fashion shop\",\"description\":\"\",\"publisher\":{\"@id\":\"https:\/\/taboofashion.com\/hu\/#organization\"},\"potentialAction\":[{\"@type\":\"SearchAction\",\"target\":{\"@type\":\"EntryPoint\",\"urlTemplate\":\"https:\/\/taboofashion.com\/hu\/?s={search_term_string}\"},\"query-input\":\"required name=search_term_string\"}],\"inLanguage\":\"hu\"},{\"@type\":\"Organization\",\"@id\":\"https:\/\/taboofashion.com\/hu\/#organization\",\"name\":\"Taboo Slovakia s.r.o.\",\"url\":\"https:\/\/taboofashion.com\/hu\/\",\"logo\":{\"@type\":\"ImageObject\",\"inLanguage\":\"hu\",\"@id\":\"https:\/\/taboofashion.com\/hu\/#\/schema\/logo\/image\/\",\"url\":\"https:\/\/taboofashion.com\/wp-content\/uploads\/2022\/12\/taboologo2100-002.png\",\"contentUrl\":\"https:\/\/taboofashion.com\/wp-content\/uploads\/2022\/12\/taboologo2100-002.png\",\"width\":2100,\"height\":1050,\"caption\":\"Taboo Slovakia s.r.o.\"},\"image\":{\"@id\":\"https:\/\/taboofashion.com\/hu\/#\/schema\/logo\/image\/\"},\"sameAs\":[\"https:\/\/www.facebook.com\/TabooSlovakia\",\"https:\/\/www.linkedin.com\/company\/541747\/\",\"https:\/\/www.instagram.com\/taboofashion.com1\/\"]}]}<\/script>\n<meta property=\"product:brand\" content=\"Result\" \/>\n<meta property=\"og:availability\" content=\"instock\" \/>\n<meta property=\"product:availability\" content=\"instock\" \/>\n<meta property=\"product:retailer_item_id\" content=\"30036X00100\" \/>\n<meta property=\"product:condition\" content=\"new\" \/>\n<!-- \/ Yoast SEO plugin. -->","yoast_head_json":{"title":"R036X Heavy pol\u00e1r dzseki &#8211; Fashion shop","robots":{"index":"index","follow":"follow","max-snippet":"max-snippet:-1","max-image-preview":"max-image-preview:large","max-video-preview":"max-video-preview:-1"},"canonical":"https:\/\/taboofashion.com\/hu\/shop\/eredmeny-r036x-nehez-polardzseki\/","og_locale":"hu_HU","og_type":"article","og_title":"R036X Heavy pol\u00e1r dzseki &#8211; Fashion shop","og_description":"330g\/m\u00b2, 100% poli\u00e9szter, foltosod\u00e1sg\u00e1tl\u00f3 gyapj\u00fa","og_url":"https:\/\/taboofashion.com\/hu\/shop\/eredmeny-r036x-nehez-polardzseki\/","og_site_name":"Fashion shop","article_publisher":"https:\/\/www.facebook.com\/TabooSlovakia","twitter_card":"summary_large_image","schema":{"@context":"https:\/\/schema.org","@graph":[{"@type":"WebPage","@id":"https:\/\/taboofashion.com\/hu\/shop\/eredmeny-r036x-nehez-polardzseki\/","url":"https:\/\/taboofashion.com\/hu\/shop\/eredmeny-r036x-nehez-polardzseki\/","name":"R036X Heavy pol\u00e1r dzseki &#8211; Fashion shop","isPartOf":{"@id":"https:\/\/taboofashion.com\/hu\/#website"},"datePublished":"2022-08-29T17:12:32+00:00","dateModified":"2022-08-29T17:12:32+00:00","breadcrumb":{"@id":"https:\/\/taboofashion.com\/hu\/shop\/eredmeny-r036x-nehez-polardzseki\/#breadcrumb"},"inLanguage":"hu","potentialAction":[{"@type":"ReadAction","target":["https:\/\/taboofashion.com\/hu\/shop\/eredmeny-r036x-nehez-polardzseki\/"]}]},{"@type":"BreadcrumbList","@id":"https:\/\/taboofashion.com\/hu\/shop\/eredmeny-r036x-nehez-polardzseki\/#breadcrumb","itemListElement":[{"@type":"ListItem","position":1,"name":"Home","item":"https:\/\/taboofashion.com\/hu\/"},{"@type":"ListItem","position":2,"name":"Bolt","item":"https:\/\/taboofashion.com\/hu\/"},{"@type":"ListItem","position":3,"name":"R036X Heavy pol\u00e1r dzseki"}]},{"@type":"WebSite","@id":"https:\/\/taboofashion.com\/hu\/#website","url":"https:\/\/taboofashion.com\/hu\/","name":"Fashion shop","description":"","publisher":{"@id":"https:\/\/taboofashion.com\/hu\/#organization"},"potentialAction":[{"@type":"SearchAction","target":{"@type":"EntryPoint","urlTemplate":"https:\/\/taboofashion.com\/hu\/?s={search_term_string}"},"query-input":"required name=search_term_string"}],"inLanguage":"hu"},{"@type":"Organization","@id":"https:\/\/taboofashion.com\/hu\/#organization","name":"Taboo Slovakia s.r.o.","url":"https:\/\/taboofashion.com\/hu\/","logo":{"@type":"ImageObject","inLanguage":"hu","@id":"https:\/\/taboofashion.com\/hu\/#\/schema\/logo\/image\/","url":"https:\/\/taboofashion.com\/wp-content\/uploads\/2022\/12\/taboologo2100-002.png","contentUrl":"https:\/\/taboofashion.com\/wp-content\/uploads\/2022\/12\/taboologo2100-002.png","width":2100,"height":1050,"caption":"Taboo Slovakia s.r.o."},"image":{"@id":"https:\/\/taboofashion.com\/hu\/#\/schema\/logo\/image\/"},"sameAs":["https:\/\/www.facebook.com\/TabooSlovakia","https:\/\/www.linkedin.com\/company\/541747\/","https:\/\/www.instagram.com\/taboofashion.com1\/"]}]},"product_brand":"Result","og_availability":"instock","product_availability":"instock","product_retailer_item_id":"30036X00100","product_condition":"new"},"_links":{"self":[{"href":"https:\/\/taboofashion.com\/hu\/wp-json\/wp\/v2\/product\/633978","targetHints":{"allow":["GET"]}}],"collection":[{"href":"https:\/\/taboofashion.com\/hu\/wp-json\/wp\/v2\/product"}],"about":[{"href":"https:\/\/taboofashion.com\/hu\/wp-json\/wp\/v2\/types\/product"}],"wp:featuredmedia":[{"embeddable":true,"href":"https:\/\/taboofashion.com\/hu\/wp-json\/wp\/v2\/media\/608302"}],"wp:attachment":[{"href":"https:\/\/taboofashion.com\/hu\/wp-json\/wp\/v2\/media?parent=633978"}],"wp:term":[{"taxonomy":"product_cat","embeddable":true,"href":"https:\/\/taboofashion.com\/hu\/wp-json\/wp\/v2\/product_cat?post=633978"},{"taxonomy":"product_tag","embeddable":true,"href":"https:\/\/taboofashion.com\/hu\/wp-json\/wp\/v2\/product_tag?post=633978"}],"curies":[{"name":"wp","href":"https:\/\/api.w.org\/{rel}","templated":true}]}}