{"id":634054,"date":"2022-08-29T18:57:36","date_gmt":"2022-08-29T16:57:36","guid":{"rendered":"https:\/\/taboofashion.com\/shop\/spiro-s288x-sport-polo-aircool\/"},"modified":"2023-06-14T12:10:37","modified_gmt":"2023-06-14T10:10:37","slug":"spiro-s288x-sport-polo-aircool","status":"publish","type":"product","link":"https:\/\/taboofashion.com\/hu\/shop\/spiro-s288x-sport-polo-aircool\/","title":{"rendered":"S288X Sport P\u00f3l\u00f3 &#8222;Aircool&#8221;"},"content":{"rendered":"<p>L\u00e9g\u00e1tereszt\u0151, bord\u00e1s k\u00f6t\u00e9s\u0171 gall\u00e9r, 3 gombos, 1 p\u00f3tgomb, eltol\u00e1sos lapos varr\u00e1sok a v\u00e1llakon \u00e9s a karlyukakon, High Tech stretch, gyorsan sz\u00e1rad\u00f3, semleges m\u00e9ret\u0171 c\u00edmke, 60\u00b0-on moshat\u00f3<\/p>\n","protected":false},"excerpt":{"rendered":"<p>135 g\/m\u00b2, 100% poli\u00e9szter, mad\u00e1rszem h\u00e1l\u00f3<\/p>\n","protected":false},"featured_media":608863,"template":"","meta":[],"product_cat":[3618,3623],"product_tag":[],"class_list":{"0":"post-634054","1":"product","2":"type-product","3":"status-publish","4":"has-post-thumbnail","6":"product_cat-galleros-polok","7":"product_cat-sport-ruhazat","8":"pa_brand-spiro-hu","9":"pa_colour-feher","10":"pa_colour-fekete","11":"pa_colour-flo-narancs-hu","12":"pa_colour-flo-yellow-hu","13":"pa_colour-kiralyi-hu","14":"pa_colour-lila","15":"pa_colour-lime-hu","16":"pa_colour-ocean-kek","17":"pa_colour-palack","18":"pa_colour-piros","19":"pa_colour-szurke","20":"pa_colour-tengereszgyalogsag","21":"pa_size-xs-hu","22":"pa_size-xxs-hu","23":"pa_size-s-hu","24":"pa_size-m-hu","25":"pa_size-l-hu","26":"pa_size-xl-hu","27":"pa_size-xxl-hu","28":"pa_size-3xl-hu","29":"pa_size-4xl-hu","30":"pa_size-5xl-hu","32":"first","33":"instock","34":"taxable","35":"shipping-taxable","36":"purchasable","37":"product-type-variable","38":"has-default-attributes"},"yoast_head":"<!-- This site is optimized with the Yoast SEO plugin v21.8 - https:\/\/yoast.com\/wordpress\/plugins\/seo\/ -->\n<title>S288X Sport P\u00f3l\u00f3 &quot;Aircool&quot; &#8211; Fashion shop<\/title>\n<meta name=\"robots\" content=\"index, follow, max-snippet:-1, max-image-preview:large, max-video-preview:-1\" \/>\n<link rel=\"canonical\" href=\"https:\/\/taboofashion.com\/hu\/shop\/spiro-s288x-sport-polo-aircool\/\" \/>\n<meta property=\"og:locale\" content=\"hu_HU\" \/>\n<meta property=\"og:type\" content=\"article\" \/>\n<meta property=\"og:title\" content=\"S288X Sport P\u00f3l\u00f3 &quot;Aircool&quot; &#8211; Fashion shop\" \/>\n<meta property=\"og:description\" content=\"135 g\/m\u00b2, 100% poli\u00e9szter, mad\u00e1rszem h\u00e1l\u00f3\" \/>\n<meta property=\"og:url\" content=\"https:\/\/taboofashion.com\/hu\/shop\/spiro-s288x-sport-polo-aircool\/\" \/>\n<meta property=\"og:site_name\" content=\"Fashion shop\" \/>\n<meta property=\"article:publisher\" content=\"https:\/\/www.facebook.com\/TabooSlovakia\" \/>\n<meta property=\"article:modified_time\" content=\"2023-06-14T10:10:37+00:00\" \/>\n<meta property=\"og:image\" content=\"https:\/\/taboofashion.com\/wp-content\/uploads\/2022\/08\/LS-29.288X-Spiro-S288X-2.jpg\" \/>\n\t<meta property=\"og:image:width\" content=\"1000\" \/>\n\t<meta property=\"og:image:height\" content=\"1000\" \/>\n\t<meta property=\"og:image:type\" content=\"image\/jpeg\" \/>\n<meta name=\"twitter:card\" content=\"summary_large_image\" \/>\n<script type=\"application\/ld+json\" class=\"yoast-schema-graph\">{\"@context\":\"https:\/\/schema.org\",\"@graph\":[{\"@type\":\"WebPage\",\"@id\":\"https:\/\/taboofashion.com\/hu\/shop\/spiro-s288x-sport-polo-aircool\/\",\"url\":\"https:\/\/taboofashion.com\/hu\/shop\/spiro-s288x-sport-polo-aircool\/\",\"name\":\"S288X Sport P\u00f3l\u00f3 \\\"Aircool\\\" &#8211; Fashion shop\",\"isPartOf\":{\"@id\":\"https:\/\/taboofashion.com\/hu\/#website\"},\"datePublished\":\"2022-08-29T16:57:36+00:00\",\"dateModified\":\"2023-06-14T10:10:37+00:00\",\"breadcrumb\":{\"@id\":\"https:\/\/taboofashion.com\/hu\/shop\/spiro-s288x-sport-polo-aircool\/#breadcrumb\"},\"inLanguage\":\"hu\",\"potentialAction\":[{\"@type\":\"ReadAction\",\"target\":[\"https:\/\/taboofashion.com\/hu\/shop\/spiro-s288x-sport-polo-aircool\/\"]}]},{\"@type\":\"BreadcrumbList\",\"@id\":\"https:\/\/taboofashion.com\/hu\/shop\/spiro-s288x-sport-polo-aircool\/#breadcrumb\",\"itemListElement\":[{\"@type\":\"ListItem\",\"position\":1,\"name\":\"Home\",\"item\":\"https:\/\/taboofashion.com\/hu\/\"},{\"@type\":\"ListItem\",\"position\":2,\"name\":\"Bolt\",\"item\":\"https:\/\/taboofashion.com\/hu\/\"},{\"@type\":\"ListItem\",\"position\":3,\"name\":\"S288X Sport P\u00f3l\u00f3 &#8220;Aircool&#8221;\"}]},{\"@type\":\"WebSite\",\"@id\":\"https:\/\/taboofashion.com\/hu\/#website\",\"url\":\"https:\/\/taboofashion.com\/hu\/\",\"name\":\"Fashion shop\",\"description\":\"\",\"publisher\":{\"@id\":\"https:\/\/taboofashion.com\/hu\/#organization\"},\"potentialAction\":[{\"@type\":\"SearchAction\",\"target\":{\"@type\":\"EntryPoint\",\"urlTemplate\":\"https:\/\/taboofashion.com\/hu\/?s={search_term_string}\"},\"query-input\":\"required name=search_term_string\"}],\"inLanguage\":\"hu\"},{\"@type\":\"Organization\",\"@id\":\"https:\/\/taboofashion.com\/hu\/#organization\",\"name\":\"Taboo Slovakia s.r.o.\",\"url\":\"https:\/\/taboofashion.com\/hu\/\",\"logo\":{\"@type\":\"ImageObject\",\"inLanguage\":\"hu\",\"@id\":\"https:\/\/taboofashion.com\/hu\/#\/schema\/logo\/image\/\",\"url\":\"https:\/\/taboofashion.com\/wp-content\/uploads\/2022\/12\/taboologo2100-002.png\",\"contentUrl\":\"https:\/\/taboofashion.com\/wp-content\/uploads\/2022\/12\/taboologo2100-002.png\",\"width\":2100,\"height\":1050,\"caption\":\"Taboo Slovakia s.r.o.\"},\"image\":{\"@id\":\"https:\/\/taboofashion.com\/hu\/#\/schema\/logo\/image\/\"},\"sameAs\":[\"https:\/\/www.facebook.com\/TabooSlovakia\",\"https:\/\/www.linkedin.com\/company\/541747\/\",\"https:\/\/www.instagram.com\/taboofashion.com1\/\"]}]}<\/script>\n<meta property=\"product:brand\" content=\"Spiro\" \/>\n<meta property=\"og:availability\" content=\"instock\" \/>\n<meta property=\"product:availability\" content=\"instock\" \/>\n<meta property=\"product:retailer_item_id\" content=\"29288X00100\" \/>\n<meta property=\"product:condition\" content=\"new\" \/>\n<!-- \/ Yoast SEO plugin. -->","yoast_head_json":{"title":"S288X Sport P\u00f3l\u00f3 \"Aircool\" &#8211; Fashion shop","robots":{"index":"index","follow":"follow","max-snippet":"max-snippet:-1","max-image-preview":"max-image-preview:large","max-video-preview":"max-video-preview:-1"},"canonical":"https:\/\/taboofashion.com\/hu\/shop\/spiro-s288x-sport-polo-aircool\/","og_locale":"hu_HU","og_type":"article","og_title":"S288X Sport P\u00f3l\u00f3 \"Aircool\" &#8211; Fashion shop","og_description":"135 g\/m\u00b2, 100% poli\u00e9szter, mad\u00e1rszem h\u00e1l\u00f3","og_url":"https:\/\/taboofashion.com\/hu\/shop\/spiro-s288x-sport-polo-aircool\/","og_site_name":"Fashion shop","article_publisher":"https:\/\/www.facebook.com\/TabooSlovakia","article_modified_time":"2023-06-14T10:10:37+00:00","og_image":[{"width":1000,"height":1000,"url":"https:\/\/taboofashion.com\/wp-content\/uploads\/2022\/08\/LS-29.288X-Spiro-S288X-2.jpg","type":"image\/jpeg"}],"twitter_card":"summary_large_image","schema":{"@context":"https:\/\/schema.org","@graph":[{"@type":"WebPage","@id":"https:\/\/taboofashion.com\/hu\/shop\/spiro-s288x-sport-polo-aircool\/","url":"https:\/\/taboofashion.com\/hu\/shop\/spiro-s288x-sport-polo-aircool\/","name":"S288X Sport P\u00f3l\u00f3 \"Aircool\" &#8211; Fashion shop","isPartOf":{"@id":"https:\/\/taboofashion.com\/hu\/#website"},"datePublished":"2022-08-29T16:57:36+00:00","dateModified":"2023-06-14T10:10:37+00:00","breadcrumb":{"@id":"https:\/\/taboofashion.com\/hu\/shop\/spiro-s288x-sport-polo-aircool\/#breadcrumb"},"inLanguage":"hu","potentialAction":[{"@type":"ReadAction","target":["https:\/\/taboofashion.com\/hu\/shop\/spiro-s288x-sport-polo-aircool\/"]}]},{"@type":"BreadcrumbList","@id":"https:\/\/taboofashion.com\/hu\/shop\/spiro-s288x-sport-polo-aircool\/#breadcrumb","itemListElement":[{"@type":"ListItem","position":1,"name":"Home","item":"https:\/\/taboofashion.com\/hu\/"},{"@type":"ListItem","position":2,"name":"Bolt","item":"https:\/\/taboofashion.com\/hu\/"},{"@type":"ListItem","position":3,"name":"S288X Sport P\u00f3l\u00f3 &#8220;Aircool&#8221;"}]},{"@type":"WebSite","@id":"https:\/\/taboofashion.com\/hu\/#website","url":"https:\/\/taboofashion.com\/hu\/","name":"Fashion shop","description":"","publisher":{"@id":"https:\/\/taboofashion.com\/hu\/#organization"},"potentialAction":[{"@type":"SearchAction","target":{"@type":"EntryPoint","urlTemplate":"https:\/\/taboofashion.com\/hu\/?s={search_term_string}"},"query-input":"required name=search_term_string"}],"inLanguage":"hu"},{"@type":"Organization","@id":"https:\/\/taboofashion.com\/hu\/#organization","name":"Taboo Slovakia s.r.o.","url":"https:\/\/taboofashion.com\/hu\/","logo":{"@type":"ImageObject","inLanguage":"hu","@id":"https:\/\/taboofashion.com\/hu\/#\/schema\/logo\/image\/","url":"https:\/\/taboofashion.com\/wp-content\/uploads\/2022\/12\/taboologo2100-002.png","contentUrl":"https:\/\/taboofashion.com\/wp-content\/uploads\/2022\/12\/taboologo2100-002.png","width":2100,"height":1050,"caption":"Taboo Slovakia s.r.o."},"image":{"@id":"https:\/\/taboofashion.com\/hu\/#\/schema\/logo\/image\/"},"sameAs":["https:\/\/www.facebook.com\/TabooSlovakia","https:\/\/www.linkedin.com\/company\/541747\/","https:\/\/www.instagram.com\/taboofashion.com1\/"]}]},"product_brand":"Spiro","og_availability":"instock","product_availability":"instock","product_retailer_item_id":"29288X00100","product_condition":"new"},"_links":{"self":[{"href":"https:\/\/taboofashion.com\/hu\/wp-json\/wp\/v2\/product\/634054","targetHints":{"allow":["GET"]}}],"collection":[{"href":"https:\/\/taboofashion.com\/hu\/wp-json\/wp\/v2\/product"}],"about":[{"href":"https:\/\/taboofashion.com\/hu\/wp-json\/wp\/v2\/types\/product"}],"wp:featuredmedia":[{"embeddable":true,"href":"https:\/\/taboofashion.com\/hu\/wp-json\/wp\/v2\/media\/608863"}],"wp:attachment":[{"href":"https:\/\/taboofashion.com\/hu\/wp-json\/wp\/v2\/media?parent=634054"}],"wp:term":[{"taxonomy":"product_cat","embeddable":true,"href":"https:\/\/taboofashion.com\/hu\/wp-json\/wp\/v2\/product_cat?post=634054"},{"taxonomy":"product_tag","embeddable":true,"href":"https:\/\/taboofashion.com\/hu\/wp-json\/wp\/v2\/product_tag?post=634054"}],"curies":[{"name":"wp","href":"https:\/\/api.w.org\/{rel}","templated":true}]}}