{"id":634383,"date":"2022-08-29T18:13:38","date_gmt":"2022-08-29T16:13:38","guid":{"rendered":"https:\/\/taboofashion.com\/shop\/spiro-s274f-laies-sport-top\/"},"modified":"2023-06-09T11:27:43","modified_gmt":"2023-06-09T09:27:43","slug":"spiro-s274f-laies-sport-top","status":"publish","type":"product","link":"https:\/\/taboofashion.com\/hu\/shop\/spiro-s274f-laies-sport-top\/","title":{"rendered":"S274F n\u0151i ujjatlan sport p\u00f3l\u00f3"},"content":{"rendered":"<p>L\u00e9g\u00e1tereszt\u0151, rugalmas der\u00e9kp\u00e1nt, lapos varr\u00e1sok, 4 egym\u00e1st metsz\u0151 p\u00e1nt h\u00e1tul, gyorsan sz\u00e1rad\u00f3<\/p>\n","protected":false},"excerpt":{"rendered":"<p>180g\/m\u00b2, forr\u00f3 korall: 47% nylon, 47% poli\u00e9szter, 6% elaszt\u00e1n, levendula: 50% nylon, 45% poli\u00e9szter, 5% elaszt\u00e1n, sportsz\u00fcrke m\u00e1rga: 88% poli\u00e9szter, 12% elaszt\u00e1n<\/p>\n","protected":false},"featured_media":608714,"template":"","meta":[],"product_cat":[3629,3623],"product_tag":[6776],"class_list":{"0":"post-634383","1":"product","2":"type-product","3":"status-publish","4":"has-post-thumbnail","6":"product_cat-polok","7":"product_cat-sport-ruhazat","8":"product_tag-spiro_s274f-hu","9":"pa_brand-spiro-hu","10":"pa_colour-forro-korall","11":"pa_colour-levendula","12":"pa_colour-sport-szurke-marga-hu","13":"pa_size-l-hu","14":"pa_size-m-hu","15":"pa_size-s-hu","16":"pa_size-xl-hu","17":"pa_size-xs-hu","19":"first","20":"instock","21":"taxable","22":"shipping-taxable","23":"purchasable","24":"product-type-variable","25":"has-default-attributes"},"yoast_head":"<!-- This site is optimized with the Yoast SEO plugin v21.8 - https:\/\/yoast.com\/wordpress\/plugins\/seo\/ -->\n<title>S274F n\u0151i ujjatlan sport p\u00f3l\u00f3 &#8211; Fashion shop<\/title>\n<meta name=\"robots\" content=\"index, follow, max-snippet:-1, max-image-preview:large, max-video-preview:-1\" \/>\n<link rel=\"canonical\" href=\"https:\/\/taboofashion.com\/hu\/shop\/spiro-s274f-laies-sport-top\/\" \/>\n<meta property=\"og:locale\" content=\"hu_HU\" \/>\n<meta property=\"og:type\" content=\"article\" \/>\n<meta property=\"og:title\" content=\"S274F n\u0151i ujjatlan sport p\u00f3l\u00f3 &#8211; Fashion shop\" \/>\n<meta property=\"og:description\" content=\"180g\/m\u00b2, forr\u00f3 korall: 47% nylon, 47% poli\u00e9szter, 6% elaszt\u00e1n, levendula: 50% nylon, 45% poli\u00e9szter, 5% elaszt\u00e1n, sportsz\u00fcrke m\u00e1rga: 88% poli\u00e9szter, 12% elaszt\u00e1n\" \/>\n<meta property=\"og:url\" content=\"https:\/\/taboofashion.com\/hu\/shop\/spiro-s274f-laies-sport-top\/\" \/>\n<meta property=\"og:site_name\" content=\"Fashion shop\" \/>\n<meta property=\"article:publisher\" content=\"https:\/\/www.facebook.com\/TabooSlovakia\" \/>\n<meta property=\"article:modified_time\" content=\"2023-06-09T09:27:43+00:00\" \/>\n<meta property=\"og:image\" content=\"https:\/\/taboofashion.com\/wp-content\/uploads\/2022\/08\/Spiro_S274F.jpg\" \/>\n\t<meta property=\"og:image:width\" content=\"291\" \/>\n\t<meta property=\"og:image:height\" content=\"291\" \/>\n\t<meta property=\"og:image:type\" content=\"image\/jpeg\" \/>\n<meta name=\"twitter:card\" content=\"summary_large_image\" \/>\n<script type=\"application\/ld+json\" class=\"yoast-schema-graph\">{\"@context\":\"https:\/\/schema.org\",\"@graph\":[{\"@type\":\"WebPage\",\"@id\":\"https:\/\/taboofashion.com\/hu\/shop\/spiro-s274f-laies-sport-top\/\",\"url\":\"https:\/\/taboofashion.com\/hu\/shop\/spiro-s274f-laies-sport-top\/\",\"name\":\"S274F n\u0151i ujjatlan sport p\u00f3l\u00f3 &#8211; Fashion shop\",\"isPartOf\":{\"@id\":\"https:\/\/taboofashion.com\/hu\/#website\"},\"datePublished\":\"2022-08-29T16:13:38+00:00\",\"dateModified\":\"2023-06-09T09:27:43+00:00\",\"breadcrumb\":{\"@id\":\"https:\/\/taboofashion.com\/hu\/shop\/spiro-s274f-laies-sport-top\/#breadcrumb\"},\"inLanguage\":\"hu\",\"potentialAction\":[{\"@type\":\"ReadAction\",\"target\":[\"https:\/\/taboofashion.com\/hu\/shop\/spiro-s274f-laies-sport-top\/\"]}]},{\"@type\":\"BreadcrumbList\",\"@id\":\"https:\/\/taboofashion.com\/hu\/shop\/spiro-s274f-laies-sport-top\/#breadcrumb\",\"itemListElement\":[{\"@type\":\"ListItem\",\"position\":1,\"name\":\"Home\",\"item\":\"https:\/\/taboofashion.com\/hu\/\"},{\"@type\":\"ListItem\",\"position\":2,\"name\":\"Bolt\",\"item\":\"https:\/\/taboofashion.com\/hu\/\"},{\"@type\":\"ListItem\",\"position\":3,\"name\":\"S274F n\u0151i ujjatlan sport p\u00f3l\u00f3\"}]},{\"@type\":\"WebSite\",\"@id\":\"https:\/\/taboofashion.com\/hu\/#website\",\"url\":\"https:\/\/taboofashion.com\/hu\/\",\"name\":\"Fashion shop\",\"description\":\"\",\"publisher\":{\"@id\":\"https:\/\/taboofashion.com\/hu\/#organization\"},\"potentialAction\":[{\"@type\":\"SearchAction\",\"target\":{\"@type\":\"EntryPoint\",\"urlTemplate\":\"https:\/\/taboofashion.com\/hu\/?s={search_term_string}\"},\"query-input\":\"required name=search_term_string\"}],\"inLanguage\":\"hu\"},{\"@type\":\"Organization\",\"@id\":\"https:\/\/taboofashion.com\/hu\/#organization\",\"name\":\"Taboo Slovakia s.r.o.\",\"url\":\"https:\/\/taboofashion.com\/hu\/\",\"logo\":{\"@type\":\"ImageObject\",\"inLanguage\":\"hu\",\"@id\":\"https:\/\/taboofashion.com\/hu\/#\/schema\/logo\/image\/\",\"url\":\"https:\/\/taboofashion.com\/wp-content\/uploads\/2022\/12\/taboologo2100-002.png\",\"contentUrl\":\"https:\/\/taboofashion.com\/wp-content\/uploads\/2022\/12\/taboologo2100-002.png\",\"width\":2100,\"height\":1050,\"caption\":\"Taboo Slovakia s.r.o.\"},\"image\":{\"@id\":\"https:\/\/taboofashion.com\/hu\/#\/schema\/logo\/image\/\"},\"sameAs\":[\"https:\/\/www.facebook.com\/TabooSlovakia\",\"https:\/\/www.linkedin.com\/company\/541747\/\",\"https:\/\/www.instagram.com\/taboofashion.com1\/\"]}]}<\/script>\n<meta property=\"product:brand\" content=\"Spiro\" \/>\n<meta property=\"og:availability\" content=\"instock\" \/>\n<meta property=\"product:availability\" content=\"instock\" \/>\n<meta property=\"product:retailer_item_id\" content=\"29274F11800\" \/>\n<meta property=\"product:condition\" content=\"new\" \/>\n<!-- \/ Yoast SEO plugin. -->","yoast_head_json":{"title":"S274F n\u0151i ujjatlan sport p\u00f3l\u00f3 &#8211; Fashion shop","robots":{"index":"index","follow":"follow","max-snippet":"max-snippet:-1","max-image-preview":"max-image-preview:large","max-video-preview":"max-video-preview:-1"},"canonical":"https:\/\/taboofashion.com\/hu\/shop\/spiro-s274f-laies-sport-top\/","og_locale":"hu_HU","og_type":"article","og_title":"S274F n\u0151i ujjatlan sport p\u00f3l\u00f3 &#8211; Fashion shop","og_description":"180g\/m\u00b2, forr\u00f3 korall: 47% nylon, 47% poli\u00e9szter, 6% elaszt\u00e1n, levendula: 50% nylon, 45% poli\u00e9szter, 5% elaszt\u00e1n, sportsz\u00fcrke m\u00e1rga: 88% poli\u00e9szter, 12% elaszt\u00e1n","og_url":"https:\/\/taboofashion.com\/hu\/shop\/spiro-s274f-laies-sport-top\/","og_site_name":"Fashion shop","article_publisher":"https:\/\/www.facebook.com\/TabooSlovakia","article_modified_time":"2023-06-09T09:27:43+00:00","og_image":[{"width":291,"height":291,"url":"https:\/\/taboofashion.com\/wp-content\/uploads\/2022\/08\/Spiro_S274F.jpg","type":"image\/jpeg"}],"twitter_card":"summary_large_image","schema":{"@context":"https:\/\/schema.org","@graph":[{"@type":"WebPage","@id":"https:\/\/taboofashion.com\/hu\/shop\/spiro-s274f-laies-sport-top\/","url":"https:\/\/taboofashion.com\/hu\/shop\/spiro-s274f-laies-sport-top\/","name":"S274F n\u0151i ujjatlan sport p\u00f3l\u00f3 &#8211; Fashion shop","isPartOf":{"@id":"https:\/\/taboofashion.com\/hu\/#website"},"datePublished":"2022-08-29T16:13:38+00:00","dateModified":"2023-06-09T09:27:43+00:00","breadcrumb":{"@id":"https:\/\/taboofashion.com\/hu\/shop\/spiro-s274f-laies-sport-top\/#breadcrumb"},"inLanguage":"hu","potentialAction":[{"@type":"ReadAction","target":["https:\/\/taboofashion.com\/hu\/shop\/spiro-s274f-laies-sport-top\/"]}]},{"@type":"BreadcrumbList","@id":"https:\/\/taboofashion.com\/hu\/shop\/spiro-s274f-laies-sport-top\/#breadcrumb","itemListElement":[{"@type":"ListItem","position":1,"name":"Home","item":"https:\/\/taboofashion.com\/hu\/"},{"@type":"ListItem","position":2,"name":"Bolt","item":"https:\/\/taboofashion.com\/hu\/"},{"@type":"ListItem","position":3,"name":"S274F n\u0151i ujjatlan sport p\u00f3l\u00f3"}]},{"@type":"WebSite","@id":"https:\/\/taboofashion.com\/hu\/#website","url":"https:\/\/taboofashion.com\/hu\/","name":"Fashion shop","description":"","publisher":{"@id":"https:\/\/taboofashion.com\/hu\/#organization"},"potentialAction":[{"@type":"SearchAction","target":{"@type":"EntryPoint","urlTemplate":"https:\/\/taboofashion.com\/hu\/?s={search_term_string}"},"query-input":"required name=search_term_string"}],"inLanguage":"hu"},{"@type":"Organization","@id":"https:\/\/taboofashion.com\/hu\/#organization","name":"Taboo Slovakia s.r.o.","url":"https:\/\/taboofashion.com\/hu\/","logo":{"@type":"ImageObject","inLanguage":"hu","@id":"https:\/\/taboofashion.com\/hu\/#\/schema\/logo\/image\/","url":"https:\/\/taboofashion.com\/wp-content\/uploads\/2022\/12\/taboologo2100-002.png","contentUrl":"https:\/\/taboofashion.com\/wp-content\/uploads\/2022\/12\/taboologo2100-002.png","width":2100,"height":1050,"caption":"Taboo Slovakia s.r.o."},"image":{"@id":"https:\/\/taboofashion.com\/hu\/#\/schema\/logo\/image\/"},"sameAs":["https:\/\/www.facebook.com\/TabooSlovakia","https:\/\/www.linkedin.com\/company\/541747\/","https:\/\/www.instagram.com\/taboofashion.com1\/"]}]},"product_brand":"Spiro","og_availability":"instock","product_availability":"instock","product_retailer_item_id":"29274F11800","product_condition":"new"},"_links":{"self":[{"href":"https:\/\/taboofashion.com\/hu\/wp-json\/wp\/v2\/product\/634383","targetHints":{"allow":["GET"]}}],"collection":[{"href":"https:\/\/taboofashion.com\/hu\/wp-json\/wp\/v2\/product"}],"about":[{"href":"https:\/\/taboofashion.com\/hu\/wp-json\/wp\/v2\/types\/product"}],"wp:featuredmedia":[{"embeddable":true,"href":"https:\/\/taboofashion.com\/hu\/wp-json\/wp\/v2\/media\/608714"}],"wp:attachment":[{"href":"https:\/\/taboofashion.com\/hu\/wp-json\/wp\/v2\/media?parent=634383"}],"wp:term":[{"taxonomy":"product_cat","embeddable":true,"href":"https:\/\/taboofashion.com\/hu\/wp-json\/wp\/v2\/product_cat?post=634383"},{"taxonomy":"product_tag","embeddable":true,"href":"https:\/\/taboofashion.com\/hu\/wp-json\/wp\/v2\/product_tag?post=634383"}],"curies":[{"name":"wp","href":"https:\/\/api.w.org\/{rel}","templated":true}]}}