{"id":634466,"date":"2022-08-29T18:01:00","date_gmt":"2022-08-29T16:01:00","guid":{"rendered":"https:\/\/taboofashion.com\/shop\/spiro-s266x-sport-kabat-luxe-reflectex-hi-vis\/"},"modified":"2023-08-09T13:03:42","modified_gmt":"2023-08-09T11:03:42","slug":"spiro-s266x-sport-kabat-luxe-reflectex-hi-vis","status":"publish","type":"product","link":"https:\/\/taboofashion.com\/hu\/shop\/spiro-s266x-sport-kabat-luxe-reflectex-hi-vis\/","title":{"rendered":"S266X F\u00e9rfi sportkab\u00e1t &#8222;Luxe Reflectex Hi-Vis&#8221;"},"content":{"rendered":"<p>V\u00edzleperget\u0151 \u00e9s sz\u00e9l\u00e1ll\u00f3, \u00e1ll\u00f3gall\u00e9r sz\u00e1lcsiszolt b\u00e9l\u00e9ssel \u00e9s gumiszalaggal, rugalmas v\u00e9gekkel az ujjakon \u00e9s a szeg\u00e9lyen, teljes hossz\u00fas\u00e1g\u00fa cipz\u00e1r belsej\u00e9ben kontrasztos szalaggal, h\u00e1tul kis cipz\u00e1ras zseb, kontrasztos sz\u00edn\u0171 meger\u0151s\u00edtett varratok, ergonomikusan ny\u00fajtott h\u00e1tr\u00e9sz, l\u00e9g\u00e1tereszt\u0151 h\u00e1l\u00f3s b\u00e9l\u00e9s h\u00e1tul, alkar ter\u00fclet\u00e9n \u00e9s oldal\u00e1n, akaszt\u00f3hurok, EN ISO 20471 2. oszt\u00e1ly szerint tan\u00fas\u00edtva, 360\u00b0-os l\u00e1that\u00f3s\u00e1g, 40\u00b0-ban moshat\u00f3<\/p>\n","protected":false},"excerpt":{"rendered":"<p>100% nylon<\/p>\n","protected":false},"featured_media":609505,"template":"","meta":[],"product_cat":[3614,3623],"product_tag":[],"class_list":{"0":"post-634466","1":"product","2":"type-product","3":"status-publish","4":"has-post-thumbnail","6":"product_cat-dzsekik","7":"product_cat-sport-ruhazat","8":"pa_brand-spiro-hu","9":"pa_colour-neon-feher-hu","10":"pa_size-xs-hu","11":"pa_size-xxs-hu","12":"pa_size-s-hu","13":"pa_size-m-hu","14":"pa_size-l-hu","15":"pa_size-xl-hu","16":"pa_size-xxl-hu","17":"pa_size-3xl-hu","18":"pa_size-4xl-hu","20":"first","21":"instock","22":"taxable","23":"shipping-taxable","24":"purchasable","25":"product-type-variable","26":"has-default-attributes"},"yoast_head":"<!-- This site is optimized with the Yoast SEO plugin v21.8 - https:\/\/yoast.com\/wordpress\/plugins\/seo\/ -->\n<title>S266X F\u00e9rfi sportkab\u00e1t &quot;Luxe Reflectex Hi-Vis&quot; &#8211; Fashion shop<\/title>\n<meta name=\"robots\" content=\"index, follow, max-snippet:-1, max-image-preview:large, max-video-preview:-1\" \/>\n<link rel=\"canonical\" href=\"https:\/\/taboofashion.com\/hu\/shop\/spiro-s266x-sport-kabat-luxe-reflectex-hi-vis\/\" \/>\n<meta property=\"og:locale\" content=\"hu_HU\" \/>\n<meta property=\"og:type\" content=\"article\" \/>\n<meta property=\"og:title\" content=\"S266X F\u00e9rfi sportkab\u00e1t &quot;Luxe Reflectex Hi-Vis&quot; &#8211; Fashion shop\" \/>\n<meta property=\"og:description\" content=\"100% nylon\" \/>\n<meta property=\"og:url\" content=\"https:\/\/taboofashion.com\/hu\/shop\/spiro-s266x-sport-kabat-luxe-reflectex-hi-vis\/\" \/>\n<meta property=\"og:site_name\" content=\"Fashion shop\" \/>\n<meta property=\"article:publisher\" content=\"https:\/\/www.facebook.com\/TabooSlovakia\" \/>\n<meta property=\"article:modified_time\" content=\"2023-08-09T11:03:42+00:00\" \/>\n<meta property=\"og:image\" content=\"https:\/\/taboofashion.com\/wp-content\/uploads\/2022\/08\/LS-29.266X-Spiro-S266X-4.jpg\" \/>\n\t<meta property=\"og:image:width\" content=\"1000\" \/>\n\t<meta property=\"og:image:height\" content=\"1000\" \/>\n\t<meta property=\"og:image:type\" content=\"image\/jpeg\" \/>\n<meta name=\"twitter:card\" content=\"summary_large_image\" \/>\n<script type=\"application\/ld+json\" class=\"yoast-schema-graph\">{\"@context\":\"https:\/\/schema.org\",\"@graph\":[{\"@type\":\"WebPage\",\"@id\":\"https:\/\/taboofashion.com\/hu\/shop\/spiro-s266x-sport-kabat-luxe-reflectex-hi-vis\/\",\"url\":\"https:\/\/taboofashion.com\/hu\/shop\/spiro-s266x-sport-kabat-luxe-reflectex-hi-vis\/\",\"name\":\"S266X F\u00e9rfi sportkab\u00e1t \\\"Luxe Reflectex Hi-Vis\\\" &#8211; Fashion shop\",\"isPartOf\":{\"@id\":\"https:\/\/taboofashion.com\/hu\/#website\"},\"datePublished\":\"2022-08-29T16:01:00+00:00\",\"dateModified\":\"2023-08-09T11:03:42+00:00\",\"breadcrumb\":{\"@id\":\"https:\/\/taboofashion.com\/hu\/shop\/spiro-s266x-sport-kabat-luxe-reflectex-hi-vis\/#breadcrumb\"},\"inLanguage\":\"hu\",\"potentialAction\":[{\"@type\":\"ReadAction\",\"target\":[\"https:\/\/taboofashion.com\/hu\/shop\/spiro-s266x-sport-kabat-luxe-reflectex-hi-vis\/\"]}]},{\"@type\":\"BreadcrumbList\",\"@id\":\"https:\/\/taboofashion.com\/hu\/shop\/spiro-s266x-sport-kabat-luxe-reflectex-hi-vis\/#breadcrumb\",\"itemListElement\":[{\"@type\":\"ListItem\",\"position\":1,\"name\":\"Home\",\"item\":\"https:\/\/taboofashion.com\/hu\/\"},{\"@type\":\"ListItem\",\"position\":2,\"name\":\"Bolt\",\"item\":\"https:\/\/taboofashion.com\/hu\/\"},{\"@type\":\"ListItem\",\"position\":3,\"name\":\"S266X F\u00e9rfi sportkab\u00e1t &#8220;Luxe Reflectex Hi-Vis&#8221;\"}]},{\"@type\":\"WebSite\",\"@id\":\"https:\/\/taboofashion.com\/hu\/#website\",\"url\":\"https:\/\/taboofashion.com\/hu\/\",\"name\":\"Fashion shop\",\"description\":\"\",\"publisher\":{\"@id\":\"https:\/\/taboofashion.com\/hu\/#organization\"},\"potentialAction\":[{\"@type\":\"SearchAction\",\"target\":{\"@type\":\"EntryPoint\",\"urlTemplate\":\"https:\/\/taboofashion.com\/hu\/?s={search_term_string}\"},\"query-input\":\"required name=search_term_string\"}],\"inLanguage\":\"hu\"},{\"@type\":\"Organization\",\"@id\":\"https:\/\/taboofashion.com\/hu\/#organization\",\"name\":\"Taboo Slovakia s.r.o.\",\"url\":\"https:\/\/taboofashion.com\/hu\/\",\"logo\":{\"@type\":\"ImageObject\",\"inLanguage\":\"hu\",\"@id\":\"https:\/\/taboofashion.com\/hu\/#\/schema\/logo\/image\/\",\"url\":\"https:\/\/taboofashion.com\/wp-content\/uploads\/2022\/12\/taboologo2100-002.png\",\"contentUrl\":\"https:\/\/taboofashion.com\/wp-content\/uploads\/2022\/12\/taboologo2100-002.png\",\"width\":2100,\"height\":1050,\"caption\":\"Taboo Slovakia s.r.o.\"},\"image\":{\"@id\":\"https:\/\/taboofashion.com\/hu\/#\/schema\/logo\/image\/\"},\"sameAs\":[\"https:\/\/www.facebook.com\/TabooSlovakia\",\"https:\/\/www.linkedin.com\/company\/541747\/\",\"https:\/\/www.instagram.com\/taboofashion.com1\/\"]}]}<\/script>\n<meta property=\"product:brand\" content=\"Spiro\" \/>\n<meta property=\"og:availability\" content=\"instock\" \/>\n<meta property=\"product:availability\" content=\"instock\" \/>\n<meta property=\"product:retailer_item_id\" content=\"29266Xz1800\" \/>\n<meta property=\"product:condition\" content=\"new\" \/>\n<!-- \/ Yoast SEO plugin. -->","yoast_head_json":{"title":"S266X F\u00e9rfi sportkab\u00e1t \"Luxe Reflectex Hi-Vis\" &#8211; Fashion shop","robots":{"index":"index","follow":"follow","max-snippet":"max-snippet:-1","max-image-preview":"max-image-preview:large","max-video-preview":"max-video-preview:-1"},"canonical":"https:\/\/taboofashion.com\/hu\/shop\/spiro-s266x-sport-kabat-luxe-reflectex-hi-vis\/","og_locale":"hu_HU","og_type":"article","og_title":"S266X F\u00e9rfi sportkab\u00e1t \"Luxe Reflectex Hi-Vis\" &#8211; Fashion shop","og_description":"100% nylon","og_url":"https:\/\/taboofashion.com\/hu\/shop\/spiro-s266x-sport-kabat-luxe-reflectex-hi-vis\/","og_site_name":"Fashion shop","article_publisher":"https:\/\/www.facebook.com\/TabooSlovakia","article_modified_time":"2023-08-09T11:03:42+00:00","og_image":[{"width":1000,"height":1000,"url":"https:\/\/taboofashion.com\/wp-content\/uploads\/2022\/08\/LS-29.266X-Spiro-S266X-4.jpg","type":"image\/jpeg"}],"twitter_card":"summary_large_image","schema":{"@context":"https:\/\/schema.org","@graph":[{"@type":"WebPage","@id":"https:\/\/taboofashion.com\/hu\/shop\/spiro-s266x-sport-kabat-luxe-reflectex-hi-vis\/","url":"https:\/\/taboofashion.com\/hu\/shop\/spiro-s266x-sport-kabat-luxe-reflectex-hi-vis\/","name":"S266X F\u00e9rfi sportkab\u00e1t \"Luxe Reflectex Hi-Vis\" &#8211; Fashion shop","isPartOf":{"@id":"https:\/\/taboofashion.com\/hu\/#website"},"datePublished":"2022-08-29T16:01:00+00:00","dateModified":"2023-08-09T11:03:42+00:00","breadcrumb":{"@id":"https:\/\/taboofashion.com\/hu\/shop\/spiro-s266x-sport-kabat-luxe-reflectex-hi-vis\/#breadcrumb"},"inLanguage":"hu","potentialAction":[{"@type":"ReadAction","target":["https:\/\/taboofashion.com\/hu\/shop\/spiro-s266x-sport-kabat-luxe-reflectex-hi-vis\/"]}]},{"@type":"BreadcrumbList","@id":"https:\/\/taboofashion.com\/hu\/shop\/spiro-s266x-sport-kabat-luxe-reflectex-hi-vis\/#breadcrumb","itemListElement":[{"@type":"ListItem","position":1,"name":"Home","item":"https:\/\/taboofashion.com\/hu\/"},{"@type":"ListItem","position":2,"name":"Bolt","item":"https:\/\/taboofashion.com\/hu\/"},{"@type":"ListItem","position":3,"name":"S266X F\u00e9rfi sportkab\u00e1t &#8220;Luxe Reflectex Hi-Vis&#8221;"}]},{"@type":"WebSite","@id":"https:\/\/taboofashion.com\/hu\/#website","url":"https:\/\/taboofashion.com\/hu\/","name":"Fashion shop","description":"","publisher":{"@id":"https:\/\/taboofashion.com\/hu\/#organization"},"potentialAction":[{"@type":"SearchAction","target":{"@type":"EntryPoint","urlTemplate":"https:\/\/taboofashion.com\/hu\/?s={search_term_string}"},"query-input":"required name=search_term_string"}],"inLanguage":"hu"},{"@type":"Organization","@id":"https:\/\/taboofashion.com\/hu\/#organization","name":"Taboo Slovakia s.r.o.","url":"https:\/\/taboofashion.com\/hu\/","logo":{"@type":"ImageObject","inLanguage":"hu","@id":"https:\/\/taboofashion.com\/hu\/#\/schema\/logo\/image\/","url":"https:\/\/taboofashion.com\/wp-content\/uploads\/2022\/12\/taboologo2100-002.png","contentUrl":"https:\/\/taboofashion.com\/wp-content\/uploads\/2022\/12\/taboologo2100-002.png","width":2100,"height":1050,"caption":"Taboo Slovakia s.r.o."},"image":{"@id":"https:\/\/taboofashion.com\/hu\/#\/schema\/logo\/image\/"},"sameAs":["https:\/\/www.facebook.com\/TabooSlovakia","https:\/\/www.linkedin.com\/company\/541747\/","https:\/\/www.instagram.com\/taboofashion.com1\/"]}]},"product_brand":"Spiro","og_availability":"instock","product_availability":"instock","product_retailer_item_id":"29266Xz1800","product_condition":"new"},"_links":{"self":[{"href":"https:\/\/taboofashion.com\/hu\/wp-json\/wp\/v2\/product\/634466","targetHints":{"allow":["GET"]}}],"collection":[{"href":"https:\/\/taboofashion.com\/hu\/wp-json\/wp\/v2\/product"}],"about":[{"href":"https:\/\/taboofashion.com\/hu\/wp-json\/wp\/v2\/types\/product"}],"wp:featuredmedia":[{"embeddable":true,"href":"https:\/\/taboofashion.com\/hu\/wp-json\/wp\/v2\/media\/609505"}],"wp:attachment":[{"href":"https:\/\/taboofashion.com\/hu\/wp-json\/wp\/v2\/media?parent=634466"}],"wp:term":[{"taxonomy":"product_cat","embeddable":true,"href":"https:\/\/taboofashion.com\/hu\/wp-json\/wp\/v2\/product_cat?post=634466"},{"taxonomy":"product_tag","embeddable":true,"href":"https:\/\/taboofashion.com\/hu\/wp-json\/wp\/v2\/product_tag?post=634466"}],"curies":[{"name":"wp","href":"https:\/\/api.w.org\/{rel}","templated":true}]}}