{"id":634810,"date":"2022-08-29T16:54:02","date_gmt":"2022-08-29T14:54:02","guid":{"rendered":"https:\/\/taboofashion.com\/shop\/result-winter-essentials-rc033x-kotott-sapka-thhinsulate-belessel\/"},"modified":"2022-08-29T16:54:02","modified_gmt":"2022-08-29T14:54:02","slug":"result-winter-essentials-rc033x-kotott-sapka-thhinsulate-belessel","status":"publish","type":"product","link":"https:\/\/taboofashion.com\/hu\/shop\/result-winter-essentials-rc033x-kotott-sapka-thhinsulate-belessel\/","title":{"rendered":"RC033X k\u00f6t\u00f6tt sapka Thinsulate\u2122 b\u00e9l\u00e9ssel"},"content":{"rendered":"<p>Neh\u00e9z bord\u00e1s k\u00f6t\u00e9s, Scotchguard\u2122 es\u0151\u00e1ll\u00f3 bevonat\u00fa fonal, v\u00e1ltoz\u00f3 karim\u00e1j\u00fa, Thinsulate\u2122 b\u00e9l\u00e9s, Thinsulate\u2122 c\u00edmke az oldal\u00e1n, moshat\u00f3<\/p>\n","protected":false},"excerpt":{"rendered":"<p>340g\/m\u00b2, 100% poliakril k\u00f6t\u00f6tt anyag<\/p>\n","protected":false},"featured_media":609314,"template":"","meta":[],"product_cat":[3625,3613],"product_tag":[],"class_list":{"0":"post-634810","1":"product","2":"type-product","3":"status-publish","4":"has-post-thumbnail","6":"product_cat-munkaruha-vedoruhazat","7":"product_cat-sapkak","8":"pa_brand-result-headwear-hu","9":"pa_colour-fekete","10":"pa_colour-neon-narancs","11":"pa_colour-neonsarga","12":"pa_colour-szenszurke-2","13":"pa_colour-tengereszgyalogsag","14":"pa_size-onesize-hu","16":"first","17":"instock","18":"taxable","19":"shipping-taxable","20":"purchasable","21":"product-type-variable","22":"has-default-attributes"},"yoast_head":"<!-- This site is optimized with the Yoast SEO plugin v21.8 - https:\/\/yoast.com\/wordpress\/plugins\/seo\/ -->\n<title>RC033X k\u00f6t\u00f6tt sapka Thinsulate\u2122 b\u00e9l\u00e9ssel &#8211; Fashion shop<\/title>\n<meta name=\"robots\" content=\"index, follow, max-snippet:-1, max-image-preview:large, max-video-preview:-1\" \/>\n<link rel=\"canonical\" href=\"https:\/\/taboofashion.com\/hu\/shop\/result-winter-essentials-rc033x-kotott-sapka-thhinsulate-belessel\/\" \/>\n<meta property=\"og:locale\" content=\"hu_HU\" \/>\n<meta property=\"og:type\" content=\"article\" \/>\n<meta property=\"og:title\" content=\"RC033X k\u00f6t\u00f6tt sapka Thinsulate\u2122 b\u00e9l\u00e9ssel &#8211; Fashion shop\" \/>\n<meta property=\"og:description\" content=\"340g\/m\u00b2, 100% poliakril k\u00f6t\u00f6tt anyag\" \/>\n<meta property=\"og:url\" content=\"https:\/\/taboofashion.com\/hu\/shop\/result-winter-essentials-rc033x-kotott-sapka-thhinsulate-belessel\/\" \/>\n<meta property=\"og:site_name\" content=\"Fashion shop\" \/>\n<meta property=\"article:publisher\" content=\"https:\/\/www.facebook.com\/TabooSlovakia\" \/>\n<meta name=\"twitter:card\" content=\"summary_large_image\" \/>\n<script type=\"application\/ld+json\" class=\"yoast-schema-graph\">{\"@context\":\"https:\/\/schema.org\",\"@graph\":[{\"@type\":\"WebPage\",\"@id\":\"https:\/\/taboofashion.com\/hu\/shop\/result-winter-essentials-rc033x-kotott-sapka-thhinsulate-belessel\/\",\"url\":\"https:\/\/taboofashion.com\/hu\/shop\/result-winter-essentials-rc033x-kotott-sapka-thhinsulate-belessel\/\",\"name\":\"RC033X k\u00f6t\u00f6tt sapka Thinsulate\u2122 b\u00e9l\u00e9ssel &#8211; Fashion shop\",\"isPartOf\":{\"@id\":\"https:\/\/taboofashion.com\/hu\/#website\"},\"datePublished\":\"2022-08-29T14:54:02+00:00\",\"dateModified\":\"2022-08-29T14:54:02+00:00\",\"breadcrumb\":{\"@id\":\"https:\/\/taboofashion.com\/hu\/shop\/result-winter-essentials-rc033x-kotott-sapka-thhinsulate-belessel\/#breadcrumb\"},\"inLanguage\":\"hu\",\"potentialAction\":[{\"@type\":\"ReadAction\",\"target\":[\"https:\/\/taboofashion.com\/hu\/shop\/result-winter-essentials-rc033x-kotott-sapka-thhinsulate-belessel\/\"]}]},{\"@type\":\"BreadcrumbList\",\"@id\":\"https:\/\/taboofashion.com\/hu\/shop\/result-winter-essentials-rc033x-kotott-sapka-thhinsulate-belessel\/#breadcrumb\",\"itemListElement\":[{\"@type\":\"ListItem\",\"position\":1,\"name\":\"Home\",\"item\":\"https:\/\/taboofashion.com\/hu\/\"},{\"@type\":\"ListItem\",\"position\":2,\"name\":\"Bolt\",\"item\":\"https:\/\/taboofashion.com\/hu\/\"},{\"@type\":\"ListItem\",\"position\":3,\"name\":\"RC033X k\u00f6t\u00f6tt sapka Thinsulate\u2122 b\u00e9l\u00e9ssel\"}]},{\"@type\":\"WebSite\",\"@id\":\"https:\/\/taboofashion.com\/hu\/#website\",\"url\":\"https:\/\/taboofashion.com\/hu\/\",\"name\":\"Fashion shop\",\"description\":\"\",\"publisher\":{\"@id\":\"https:\/\/taboofashion.com\/hu\/#organization\"},\"potentialAction\":[{\"@type\":\"SearchAction\",\"target\":{\"@type\":\"EntryPoint\",\"urlTemplate\":\"https:\/\/taboofashion.com\/hu\/?s={search_term_string}\"},\"query-input\":\"required name=search_term_string\"}],\"inLanguage\":\"hu\"},{\"@type\":\"Organization\",\"@id\":\"https:\/\/taboofashion.com\/hu\/#organization\",\"name\":\"Taboo Slovakia s.r.o.\",\"url\":\"https:\/\/taboofashion.com\/hu\/\",\"logo\":{\"@type\":\"ImageObject\",\"inLanguage\":\"hu\",\"@id\":\"https:\/\/taboofashion.com\/hu\/#\/schema\/logo\/image\/\",\"url\":\"https:\/\/taboofashion.com\/wp-content\/uploads\/2022\/12\/taboologo2100-002.png\",\"contentUrl\":\"https:\/\/taboofashion.com\/wp-content\/uploads\/2022\/12\/taboologo2100-002.png\",\"width\":2100,\"height\":1050,\"caption\":\"Taboo Slovakia s.r.o.\"},\"image\":{\"@id\":\"https:\/\/taboofashion.com\/hu\/#\/schema\/logo\/image\/\"},\"sameAs\":[\"https:\/\/www.facebook.com\/TabooSlovakia\",\"https:\/\/www.linkedin.com\/company\/541747\/\",\"https:\/\/www.instagram.com\/taboofashion.com1\/\"]}]}<\/script>\n<meta property=\"product:brand\" content=\"Result Headwear\" \/>\n<meta property=\"og:availability\" content=\"instock\" \/>\n<meta property=\"product:availability\" content=\"instock\" \/>\n<meta property=\"product:retailer_item_id\" content=\"28033X00299\" \/>\n<meta property=\"product:condition\" content=\"new\" \/>\n<!-- \/ Yoast SEO plugin. -->","yoast_head_json":{"title":"RC033X k\u00f6t\u00f6tt sapka Thinsulate\u2122 b\u00e9l\u00e9ssel &#8211; Fashion shop","robots":{"index":"index","follow":"follow","max-snippet":"max-snippet:-1","max-image-preview":"max-image-preview:large","max-video-preview":"max-video-preview:-1"},"canonical":"https:\/\/taboofashion.com\/hu\/shop\/result-winter-essentials-rc033x-kotott-sapka-thhinsulate-belessel\/","og_locale":"hu_HU","og_type":"article","og_title":"RC033X k\u00f6t\u00f6tt sapka Thinsulate\u2122 b\u00e9l\u00e9ssel &#8211; Fashion shop","og_description":"340g\/m\u00b2, 100% poliakril k\u00f6t\u00f6tt anyag","og_url":"https:\/\/taboofashion.com\/hu\/shop\/result-winter-essentials-rc033x-kotott-sapka-thhinsulate-belessel\/","og_site_name":"Fashion shop","article_publisher":"https:\/\/www.facebook.com\/TabooSlovakia","twitter_card":"summary_large_image","schema":{"@context":"https:\/\/schema.org","@graph":[{"@type":"WebPage","@id":"https:\/\/taboofashion.com\/hu\/shop\/result-winter-essentials-rc033x-kotott-sapka-thhinsulate-belessel\/","url":"https:\/\/taboofashion.com\/hu\/shop\/result-winter-essentials-rc033x-kotott-sapka-thhinsulate-belessel\/","name":"RC033X k\u00f6t\u00f6tt sapka Thinsulate\u2122 b\u00e9l\u00e9ssel &#8211; Fashion shop","isPartOf":{"@id":"https:\/\/taboofashion.com\/hu\/#website"},"datePublished":"2022-08-29T14:54:02+00:00","dateModified":"2022-08-29T14:54:02+00:00","breadcrumb":{"@id":"https:\/\/taboofashion.com\/hu\/shop\/result-winter-essentials-rc033x-kotott-sapka-thhinsulate-belessel\/#breadcrumb"},"inLanguage":"hu","potentialAction":[{"@type":"ReadAction","target":["https:\/\/taboofashion.com\/hu\/shop\/result-winter-essentials-rc033x-kotott-sapka-thhinsulate-belessel\/"]}]},{"@type":"BreadcrumbList","@id":"https:\/\/taboofashion.com\/hu\/shop\/result-winter-essentials-rc033x-kotott-sapka-thhinsulate-belessel\/#breadcrumb","itemListElement":[{"@type":"ListItem","position":1,"name":"Home","item":"https:\/\/taboofashion.com\/hu\/"},{"@type":"ListItem","position":2,"name":"Bolt","item":"https:\/\/taboofashion.com\/hu\/"},{"@type":"ListItem","position":3,"name":"RC033X k\u00f6t\u00f6tt sapka Thinsulate\u2122 b\u00e9l\u00e9ssel"}]},{"@type":"WebSite","@id":"https:\/\/taboofashion.com\/hu\/#website","url":"https:\/\/taboofashion.com\/hu\/","name":"Fashion shop","description":"","publisher":{"@id":"https:\/\/taboofashion.com\/hu\/#organization"},"potentialAction":[{"@type":"SearchAction","target":{"@type":"EntryPoint","urlTemplate":"https:\/\/taboofashion.com\/hu\/?s={search_term_string}"},"query-input":"required name=search_term_string"}],"inLanguage":"hu"},{"@type":"Organization","@id":"https:\/\/taboofashion.com\/hu\/#organization","name":"Taboo Slovakia s.r.o.","url":"https:\/\/taboofashion.com\/hu\/","logo":{"@type":"ImageObject","inLanguage":"hu","@id":"https:\/\/taboofashion.com\/hu\/#\/schema\/logo\/image\/","url":"https:\/\/taboofashion.com\/wp-content\/uploads\/2022\/12\/taboologo2100-002.png","contentUrl":"https:\/\/taboofashion.com\/wp-content\/uploads\/2022\/12\/taboologo2100-002.png","width":2100,"height":1050,"caption":"Taboo Slovakia s.r.o."},"image":{"@id":"https:\/\/taboofashion.com\/hu\/#\/schema\/logo\/image\/"},"sameAs":["https:\/\/www.facebook.com\/TabooSlovakia","https:\/\/www.linkedin.com\/company\/541747\/","https:\/\/www.instagram.com\/taboofashion.com1\/"]}]},"product_brand":"Result Headwear","og_availability":"instock","product_availability":"instock","product_retailer_item_id":"28033X00299","product_condition":"new"},"_links":{"self":[{"href":"https:\/\/taboofashion.com\/hu\/wp-json\/wp\/v2\/product\/634810","targetHints":{"allow":["GET"]}}],"collection":[{"href":"https:\/\/taboofashion.com\/hu\/wp-json\/wp\/v2\/product"}],"about":[{"href":"https:\/\/taboofashion.com\/hu\/wp-json\/wp\/v2\/types\/product"}],"wp:featuredmedia":[{"embeddable":true,"href":"https:\/\/taboofashion.com\/hu\/wp-json\/wp\/v2\/media\/609314"}],"wp:attachment":[{"href":"https:\/\/taboofashion.com\/hu\/wp-json\/wp\/v2\/media?parent=634810"}],"wp:term":[{"taxonomy":"product_cat","embeddable":true,"href":"https:\/\/taboofashion.com\/hu\/wp-json\/wp\/v2\/product_cat?post=634810"},{"taxonomy":"product_tag","embeddable":true,"href":"https:\/\/taboofashion.com\/hu\/wp-json\/wp\/v2\/product_tag?post=634810"}],"curies":[{"name":"wp","href":"https:\/\/api.w.org\/{rel}","templated":true}]}}