{"id":636157,"date":"2022-08-30T16:16:45","date_gmt":"2022-08-30T14:16:45","guid":{"rendered":"https:\/\/taboofashion.com\/shop\/westford-mill-w540-canvas-accessory-pouch\/"},"modified":"2022-08-30T16:16:45","modified_gmt":"2022-08-30T14:16:45","slug":"westford-mill-w540-canvas-accessory-pouch","status":"publish","type":"product","link":"https:\/\/taboofashion.com\/hu\/shop\/westford-mill-w540-canvas-accessory-pouch\/","title":{"rendered":"W540 Canvas tartoz\u00e9kt\u00e1ska"},"content":{"rendered":"<p>F\u00e9m cipz\u00e1r vintage megjelen\u00e9sben, multifunkcion\u00e1lis haszn\u00e1lat, 3 m\u00e9retben el\u00e9rhet\u0151, m\u00e9ret\/m\u00e9ret\/kapacit\u00e1s (alul m\u00e9rve): S &#8211; 13,5x12x6cm &#8211; 1l, M &#8211; 19x18x9cm &#8211; 3l, L &#8211; 23&#215;22,5x11cm &#8211; 5l<\/p>\n","protected":false},"excerpt":{"rendered":"<p>407 g\/m\u00b2, 100% sz\u00e1lcsiszolt pamutv\u00e1szon<\/p>\n","protected":false},"featured_media":610838,"template":"","meta":[],"product_cat":[3607],"product_tag":[6798],"class_list":{"0":"post-636157","1":"product","2":"type-product","3":"status-publish","4":"has-post-thumbnail","6":"product_cat-taskak","7":"product_tag-westford_mill_50_0540-hu","8":"pa_brand-westford-mill-hu-2","9":"pa_colour-fekete","10":"pa_colour-tengereszgyalogsag","11":"pa_colour-termeszetes","12":"pa_colour-tortfeher-hu","13":"pa_colour-valodi-rozsaszin","14":"pa_colour-vilagosszurke","15":"pa_size-s-hu","16":"pa_size-m-hu","17":"pa_size-l-hu","19":"first","20":"instock","21":"taxable","22":"shipping-taxable","23":"purchasable","24":"product-type-variable","25":"has-default-attributes"},"yoast_head":"<!-- This site is optimized with the Yoast SEO plugin v21.8 - https:\/\/yoast.com\/wordpress\/plugins\/seo\/ -->\n<title>W540 Canvas tartoz\u00e9kt\u00e1ska &#8211; Fashion shop<\/title>\n<meta name=\"robots\" content=\"index, follow, max-snippet:-1, max-image-preview:large, max-video-preview:-1\" \/>\n<link rel=\"canonical\" href=\"https:\/\/taboofashion.com\/hu\/shop\/westford-mill-w540-canvas-accessory-pouch\/\" \/>\n<meta property=\"og:locale\" content=\"hu_HU\" \/>\n<meta property=\"og:type\" content=\"article\" \/>\n<meta property=\"og:title\" content=\"W540 Canvas tartoz\u00e9kt\u00e1ska &#8211; Fashion shop\" \/>\n<meta property=\"og:description\" content=\"407 g\/m\u00b2, 100% sz\u00e1lcsiszolt pamutv\u00e1szon\" \/>\n<meta property=\"og:url\" content=\"https:\/\/taboofashion.com\/hu\/shop\/westford-mill-w540-canvas-accessory-pouch\/\" \/>\n<meta property=\"og:site_name\" content=\"Fashion shop\" \/>\n<meta property=\"article:publisher\" content=\"https:\/\/www.facebook.com\/TabooSlovakia\" \/>\n<meta name=\"twitter:card\" content=\"summary_large_image\" \/>\n<script type=\"application\/ld+json\" class=\"yoast-schema-graph\">{\"@context\":\"https:\/\/schema.org\",\"@graph\":[{\"@type\":\"WebPage\",\"@id\":\"https:\/\/taboofashion.com\/hu\/shop\/westford-mill-w540-canvas-accessory-pouch\/\",\"url\":\"https:\/\/taboofashion.com\/hu\/shop\/westford-mill-w540-canvas-accessory-pouch\/\",\"name\":\"W540 Canvas tartoz\u00e9kt\u00e1ska &#8211; Fashion shop\",\"isPartOf\":{\"@id\":\"https:\/\/taboofashion.com\/hu\/#website\"},\"datePublished\":\"2022-08-30T14:16:45+00:00\",\"dateModified\":\"2022-08-30T14:16:45+00:00\",\"breadcrumb\":{\"@id\":\"https:\/\/taboofashion.com\/hu\/shop\/westford-mill-w540-canvas-accessory-pouch\/#breadcrumb\"},\"inLanguage\":\"hu\",\"potentialAction\":[{\"@type\":\"ReadAction\",\"target\":[\"https:\/\/taboofashion.com\/hu\/shop\/westford-mill-w540-canvas-accessory-pouch\/\"]}]},{\"@type\":\"BreadcrumbList\",\"@id\":\"https:\/\/taboofashion.com\/hu\/shop\/westford-mill-w540-canvas-accessory-pouch\/#breadcrumb\",\"itemListElement\":[{\"@type\":\"ListItem\",\"position\":1,\"name\":\"Home\",\"item\":\"https:\/\/taboofashion.com\/hu\/\"},{\"@type\":\"ListItem\",\"position\":2,\"name\":\"Bolt\",\"item\":\"https:\/\/taboofashion.com\/hu\/\"},{\"@type\":\"ListItem\",\"position\":3,\"name\":\"W540 Canvas tartoz\u00e9kt\u00e1ska\"}]},{\"@type\":\"WebSite\",\"@id\":\"https:\/\/taboofashion.com\/hu\/#website\",\"url\":\"https:\/\/taboofashion.com\/hu\/\",\"name\":\"Fashion shop\",\"description\":\"\",\"publisher\":{\"@id\":\"https:\/\/taboofashion.com\/hu\/#organization\"},\"potentialAction\":[{\"@type\":\"SearchAction\",\"target\":{\"@type\":\"EntryPoint\",\"urlTemplate\":\"https:\/\/taboofashion.com\/hu\/?s={search_term_string}\"},\"query-input\":\"required name=search_term_string\"}],\"inLanguage\":\"hu\"},{\"@type\":\"Organization\",\"@id\":\"https:\/\/taboofashion.com\/hu\/#organization\",\"name\":\"Taboo Slovakia s.r.o.\",\"url\":\"https:\/\/taboofashion.com\/hu\/\",\"logo\":{\"@type\":\"ImageObject\",\"inLanguage\":\"hu\",\"@id\":\"https:\/\/taboofashion.com\/hu\/#\/schema\/logo\/image\/\",\"url\":\"https:\/\/taboofashion.com\/wp-content\/uploads\/2022\/12\/taboologo2100-002.png\",\"contentUrl\":\"https:\/\/taboofashion.com\/wp-content\/uploads\/2022\/12\/taboologo2100-002.png\",\"width\":2100,\"height\":1050,\"caption\":\"Taboo Slovakia s.r.o.\"},\"image\":{\"@id\":\"https:\/\/taboofashion.com\/hu\/#\/schema\/logo\/image\/\"},\"sameAs\":[\"https:\/\/www.facebook.com\/TabooSlovakia\",\"https:\/\/www.linkedin.com\/company\/541747\/\",\"https:\/\/www.instagram.com\/taboofashion.com1\/\"]}]}<\/script>\n<meta property=\"product:brand\" content=\"Westford Mill\" \/>\n<meta property=\"og:availability\" content=\"instock\" \/>\n<meta property=\"product:availability\" content=\"instock\" \/>\n<meta property=\"product:retailer_item_id\" content=\"50054000201\" \/>\n<meta property=\"product:condition\" content=\"new\" \/>\n<!-- \/ Yoast SEO plugin. -->","yoast_head_json":{"title":"W540 Canvas tartoz\u00e9kt\u00e1ska &#8211; Fashion shop","robots":{"index":"index","follow":"follow","max-snippet":"max-snippet:-1","max-image-preview":"max-image-preview:large","max-video-preview":"max-video-preview:-1"},"canonical":"https:\/\/taboofashion.com\/hu\/shop\/westford-mill-w540-canvas-accessory-pouch\/","og_locale":"hu_HU","og_type":"article","og_title":"W540 Canvas tartoz\u00e9kt\u00e1ska &#8211; Fashion shop","og_description":"407 g\/m\u00b2, 100% sz\u00e1lcsiszolt pamutv\u00e1szon","og_url":"https:\/\/taboofashion.com\/hu\/shop\/westford-mill-w540-canvas-accessory-pouch\/","og_site_name":"Fashion shop","article_publisher":"https:\/\/www.facebook.com\/TabooSlovakia","twitter_card":"summary_large_image","schema":{"@context":"https:\/\/schema.org","@graph":[{"@type":"WebPage","@id":"https:\/\/taboofashion.com\/hu\/shop\/westford-mill-w540-canvas-accessory-pouch\/","url":"https:\/\/taboofashion.com\/hu\/shop\/westford-mill-w540-canvas-accessory-pouch\/","name":"W540 Canvas tartoz\u00e9kt\u00e1ska &#8211; Fashion shop","isPartOf":{"@id":"https:\/\/taboofashion.com\/hu\/#website"},"datePublished":"2022-08-30T14:16:45+00:00","dateModified":"2022-08-30T14:16:45+00:00","breadcrumb":{"@id":"https:\/\/taboofashion.com\/hu\/shop\/westford-mill-w540-canvas-accessory-pouch\/#breadcrumb"},"inLanguage":"hu","potentialAction":[{"@type":"ReadAction","target":["https:\/\/taboofashion.com\/hu\/shop\/westford-mill-w540-canvas-accessory-pouch\/"]}]},{"@type":"BreadcrumbList","@id":"https:\/\/taboofashion.com\/hu\/shop\/westford-mill-w540-canvas-accessory-pouch\/#breadcrumb","itemListElement":[{"@type":"ListItem","position":1,"name":"Home","item":"https:\/\/taboofashion.com\/hu\/"},{"@type":"ListItem","position":2,"name":"Bolt","item":"https:\/\/taboofashion.com\/hu\/"},{"@type":"ListItem","position":3,"name":"W540 Canvas tartoz\u00e9kt\u00e1ska"}]},{"@type":"WebSite","@id":"https:\/\/taboofashion.com\/hu\/#website","url":"https:\/\/taboofashion.com\/hu\/","name":"Fashion shop","description":"","publisher":{"@id":"https:\/\/taboofashion.com\/hu\/#organization"},"potentialAction":[{"@type":"SearchAction","target":{"@type":"EntryPoint","urlTemplate":"https:\/\/taboofashion.com\/hu\/?s={search_term_string}"},"query-input":"required name=search_term_string"}],"inLanguage":"hu"},{"@type":"Organization","@id":"https:\/\/taboofashion.com\/hu\/#organization","name":"Taboo Slovakia s.r.o.","url":"https:\/\/taboofashion.com\/hu\/","logo":{"@type":"ImageObject","inLanguage":"hu","@id":"https:\/\/taboofashion.com\/hu\/#\/schema\/logo\/image\/","url":"https:\/\/taboofashion.com\/wp-content\/uploads\/2022\/12\/taboologo2100-002.png","contentUrl":"https:\/\/taboofashion.com\/wp-content\/uploads\/2022\/12\/taboologo2100-002.png","width":2100,"height":1050,"caption":"Taboo Slovakia s.r.o."},"image":{"@id":"https:\/\/taboofashion.com\/hu\/#\/schema\/logo\/image\/"},"sameAs":["https:\/\/www.facebook.com\/TabooSlovakia","https:\/\/www.linkedin.com\/company\/541747\/","https:\/\/www.instagram.com\/taboofashion.com1\/"]}]},"product_brand":"Westford Mill","og_availability":"instock","product_availability":"instock","product_retailer_item_id":"50054000201","product_condition":"new"},"_links":{"self":[{"href":"https:\/\/taboofashion.com\/hu\/wp-json\/wp\/v2\/product\/636157","targetHints":{"allow":["GET"]}}],"collection":[{"href":"https:\/\/taboofashion.com\/hu\/wp-json\/wp\/v2\/product"}],"about":[{"href":"https:\/\/taboofashion.com\/hu\/wp-json\/wp\/v2\/types\/product"}],"wp:featuredmedia":[{"embeddable":true,"href":"https:\/\/taboofashion.com\/hu\/wp-json\/wp\/v2\/media\/610838"}],"wp:attachment":[{"href":"https:\/\/taboofashion.com\/hu\/wp-json\/wp\/v2\/media?parent=636157"}],"wp:term":[{"taxonomy":"product_cat","embeddable":true,"href":"https:\/\/taboofashion.com\/hu\/wp-json\/wp\/v2\/product_cat?post=636157"},{"taxonomy":"product_tag","embeddable":true,"href":"https:\/\/taboofashion.com\/hu\/wp-json\/wp\/v2\/product_tag?post=636157"}],"curies":[{"name":"wp","href":"https:\/\/api.w.org\/{rel}","templated":true}]}}