{"id":636396,"date":"2022-08-30T15:41:43","date_gmt":"2022-08-30T13:41:43","guid":{"rendered":"https:\/\/taboofashion.com\/shop\/westford-mil-w101-cotton-bag-bag-for-life\/"},"modified":"2022-08-30T15:41:43","modified_gmt":"2022-08-30T13:41:43","slug":"westford-mil-w101-cotton-bag-bag-for-life","status":"publish","type":"product","link":"https:\/\/taboofashion.com\/hu\/shop\/westford-mil-w101-cotton-bag-bag-for-life\/","title":{"rendered":"W101 pamutt\u00e1ska &#8222;Bag for life&#8221;"},"content":{"rendered":"<p>Foganty\u00fa hossza: 67cm, k\u00e9zben vagy v\u00e1llon is hordhat\u00f3, \u0171rtartalom: 10l, m\u00e9rete: 38x42cm<\/p>\n","protected":false},"excerpt":{"rendered":"<p>140g\/m\u00b2, 100% pamut<\/p>\n","protected":false},"featured_media":610876,"template":"","meta":[],"product_cat":[3607],"product_tag":[6822],"class_list":{"0":"post-636396","1":"product","2":"type-product","3":"status-publish","4":"has-post-thumbnail","6":"product_cat-taskak","7":"product_tag-westford_mill_50_0101-hu","8":"pa_brand-westford-mill-hu-2","9":"pa_colour-afonya-hu","10":"pa_colour-almazold","11":"pa_colour-benzin","12":"pa_colour-bordo","13":"pa_colour-buzaviragkek-hu","14":"pa_colour-citrom","15":"pa_colour-csokolade-barna","16":"pa_colour-egszinkek","17":"pa_colour-elenkpiros","18":"pa_colour-feher","19":"pa_colour-fekete","20":"pa_colour-francia-haditengereszet","21":"pa_colour-fukszia","22":"pa_colour-grafitszurke-2","23":"pa_colour-homok","24":"pa_colour-ibolya-hu","25":"pa_colour-karamell","26":"pa_colour-kelly-green-hu","27":"pa_colour-kiwi-hu","28":"pa_colour-klasszikus-piros-2","29":"pa_colour-klasszikus-rozsaszin","30":"pa_colour-korall-hu","31":"pa_colour-kozepkek-hu-4","32":"pa_colour-legiero-kek","33":"pa_colour-levendula","34":"pa_colour-lila","35":"pa_colour-lime-zold","36":"pa_colour-magenta-hu","37":"pa_colour-malna-rozsaszin","38":"pa_colour-menta","39":"pa_colour-mustar-hu","40":"pa_colour-napraforgo-hu","41":"pa_colour-narancs","42":"pa_colour-narancssarga-rozsdaszin","43":"pa_colour-olajzold","44":"pa_colour-pasztell-menta","45":"pa_colour-pasztell-rozsaszin","46":"pa_colour-pasztellkek-hu","47":"pa_colour-sarga-hu","48":"pa_colour-smaragd-hu","49":"pa_colour-szilva","50":"pa_colour-szorfkek","51":"pa_colour-termeszetes","52":"pa_colour-tiszta-szurke","53":"pa_colour-uveg-zold","54":"pa_colour-valodi-rozsaszin","55":"pa_colour-vilagosszurke","56":"pa_colour-zafirkek-hu","57":"pa_size-onesize-hu","59":"first","60":"instock","61":"taxable","62":"shipping-taxable","63":"purchasable","64":"product-type-variable","65":"has-default-attributes"},"yoast_head":"<!-- This site is optimized with the Yoast SEO plugin v21.8 - https:\/\/yoast.com\/wordpress\/plugins\/seo\/ -->\n<title>W101 pamutt\u00e1ska &quot;Bag for life&quot; &#8211; Fashion shop<\/title>\n<meta name=\"robots\" content=\"index, follow, max-snippet:-1, max-image-preview:large, max-video-preview:-1\" \/>\n<link rel=\"canonical\" href=\"https:\/\/taboofashion.com\/hu\/shop\/westford-mil-w101-cotton-bag-bag-for-life\/\" \/>\n<meta property=\"og:locale\" content=\"hu_HU\" \/>\n<meta property=\"og:type\" content=\"article\" \/>\n<meta property=\"og:title\" content=\"W101 pamutt\u00e1ska &quot;Bag for life&quot; &#8211; Fashion shop\" \/>\n<meta property=\"og:description\" content=\"140g\/m\u00b2, 100% pamut\" \/>\n<meta property=\"og:url\" content=\"https:\/\/taboofashion.com\/hu\/shop\/westford-mil-w101-cotton-bag-bag-for-life\/\" \/>\n<meta property=\"og:site_name\" content=\"Fashion shop\" \/>\n<meta property=\"article:publisher\" content=\"https:\/\/www.facebook.com\/TabooSlovakia\" \/>\n<meta name=\"twitter:card\" content=\"summary_large_image\" \/>\n<script type=\"application\/ld+json\" class=\"yoast-schema-graph\">{\"@context\":\"https:\/\/schema.org\",\"@graph\":[{\"@type\":\"WebPage\",\"@id\":\"https:\/\/taboofashion.com\/hu\/shop\/westford-mil-w101-cotton-bag-bag-for-life\/\",\"url\":\"https:\/\/taboofashion.com\/hu\/shop\/westford-mil-w101-cotton-bag-bag-for-life\/\",\"name\":\"W101 pamutt\u00e1ska \\\"Bag for life\\\" &#8211; Fashion shop\",\"isPartOf\":{\"@id\":\"https:\/\/taboofashion.com\/hu\/#website\"},\"datePublished\":\"2022-08-30T13:41:43+00:00\",\"dateModified\":\"2022-08-30T13:41:43+00:00\",\"breadcrumb\":{\"@id\":\"https:\/\/taboofashion.com\/hu\/shop\/westford-mil-w101-cotton-bag-bag-for-life\/#breadcrumb\"},\"inLanguage\":\"hu\",\"potentialAction\":[{\"@type\":\"ReadAction\",\"target\":[\"https:\/\/taboofashion.com\/hu\/shop\/westford-mil-w101-cotton-bag-bag-for-life\/\"]}]},{\"@type\":\"BreadcrumbList\",\"@id\":\"https:\/\/taboofashion.com\/hu\/shop\/westford-mil-w101-cotton-bag-bag-for-life\/#breadcrumb\",\"itemListElement\":[{\"@type\":\"ListItem\",\"position\":1,\"name\":\"Home\",\"item\":\"https:\/\/taboofashion.com\/hu\/\"},{\"@type\":\"ListItem\",\"position\":2,\"name\":\"Bolt\",\"item\":\"https:\/\/taboofashion.com\/hu\/\"},{\"@type\":\"ListItem\",\"position\":3,\"name\":\"W101 pamutt\u00e1ska &#8222;Bag for life&#8221;\"}]},{\"@type\":\"WebSite\",\"@id\":\"https:\/\/taboofashion.com\/hu\/#website\",\"url\":\"https:\/\/taboofashion.com\/hu\/\",\"name\":\"Fashion shop\",\"description\":\"\",\"publisher\":{\"@id\":\"https:\/\/taboofashion.com\/hu\/#organization\"},\"potentialAction\":[{\"@type\":\"SearchAction\",\"target\":{\"@type\":\"EntryPoint\",\"urlTemplate\":\"https:\/\/taboofashion.com\/hu\/?s={search_term_string}\"},\"query-input\":\"required name=search_term_string\"}],\"inLanguage\":\"hu\"},{\"@type\":\"Organization\",\"@id\":\"https:\/\/taboofashion.com\/hu\/#organization\",\"name\":\"Taboo Slovakia s.r.o.\",\"url\":\"https:\/\/taboofashion.com\/hu\/\",\"logo\":{\"@type\":\"ImageObject\",\"inLanguage\":\"hu\",\"@id\":\"https:\/\/taboofashion.com\/hu\/#\/schema\/logo\/image\/\",\"url\":\"https:\/\/taboofashion.com\/wp-content\/uploads\/2022\/12\/taboologo2100-002.png\",\"contentUrl\":\"https:\/\/taboofashion.com\/wp-content\/uploads\/2022\/12\/taboologo2100-002.png\",\"width\":2100,\"height\":1050,\"caption\":\"Taboo Slovakia s.r.o.\"},\"image\":{\"@id\":\"https:\/\/taboofashion.com\/hu\/#\/schema\/logo\/image\/\"},\"sameAs\":[\"https:\/\/www.facebook.com\/TabooSlovakia\",\"https:\/\/www.linkedin.com\/company\/541747\/\",\"https:\/\/www.instagram.com\/taboofashion.com1\/\"]}]}<\/script>\n<meta property=\"product:brand\" content=\"Westford Mill\" \/>\n<meta property=\"og:availability\" content=\"instock\" \/>\n<meta property=\"product:availability\" content=\"instock\" \/>\n<meta property=\"product:retailer_item_id\" content=\"50010100199\" \/>\n<meta property=\"product:condition\" content=\"new\" \/>\n<!-- \/ Yoast SEO plugin. -->","yoast_head_json":{"title":"W101 pamutt\u00e1ska \"Bag for life\" &#8211; Fashion shop","robots":{"index":"index","follow":"follow","max-snippet":"max-snippet:-1","max-image-preview":"max-image-preview:large","max-video-preview":"max-video-preview:-1"},"canonical":"https:\/\/taboofashion.com\/hu\/shop\/westford-mil-w101-cotton-bag-bag-for-life\/","og_locale":"hu_HU","og_type":"article","og_title":"W101 pamutt\u00e1ska \"Bag for life\" &#8211; Fashion shop","og_description":"140g\/m\u00b2, 100% pamut","og_url":"https:\/\/taboofashion.com\/hu\/shop\/westford-mil-w101-cotton-bag-bag-for-life\/","og_site_name":"Fashion shop","article_publisher":"https:\/\/www.facebook.com\/TabooSlovakia","twitter_card":"summary_large_image","schema":{"@context":"https:\/\/schema.org","@graph":[{"@type":"WebPage","@id":"https:\/\/taboofashion.com\/hu\/shop\/westford-mil-w101-cotton-bag-bag-for-life\/","url":"https:\/\/taboofashion.com\/hu\/shop\/westford-mil-w101-cotton-bag-bag-for-life\/","name":"W101 pamutt\u00e1ska \"Bag for life\" &#8211; Fashion shop","isPartOf":{"@id":"https:\/\/taboofashion.com\/hu\/#website"},"datePublished":"2022-08-30T13:41:43+00:00","dateModified":"2022-08-30T13:41:43+00:00","breadcrumb":{"@id":"https:\/\/taboofashion.com\/hu\/shop\/westford-mil-w101-cotton-bag-bag-for-life\/#breadcrumb"},"inLanguage":"hu","potentialAction":[{"@type":"ReadAction","target":["https:\/\/taboofashion.com\/hu\/shop\/westford-mil-w101-cotton-bag-bag-for-life\/"]}]},{"@type":"BreadcrumbList","@id":"https:\/\/taboofashion.com\/hu\/shop\/westford-mil-w101-cotton-bag-bag-for-life\/#breadcrumb","itemListElement":[{"@type":"ListItem","position":1,"name":"Home","item":"https:\/\/taboofashion.com\/hu\/"},{"@type":"ListItem","position":2,"name":"Bolt","item":"https:\/\/taboofashion.com\/hu\/"},{"@type":"ListItem","position":3,"name":"W101 pamutt\u00e1ska &#8222;Bag for life&#8221;"}]},{"@type":"WebSite","@id":"https:\/\/taboofashion.com\/hu\/#website","url":"https:\/\/taboofashion.com\/hu\/","name":"Fashion shop","description":"","publisher":{"@id":"https:\/\/taboofashion.com\/hu\/#organization"},"potentialAction":[{"@type":"SearchAction","target":{"@type":"EntryPoint","urlTemplate":"https:\/\/taboofashion.com\/hu\/?s={search_term_string}"},"query-input":"required name=search_term_string"}],"inLanguage":"hu"},{"@type":"Organization","@id":"https:\/\/taboofashion.com\/hu\/#organization","name":"Taboo Slovakia s.r.o.","url":"https:\/\/taboofashion.com\/hu\/","logo":{"@type":"ImageObject","inLanguage":"hu","@id":"https:\/\/taboofashion.com\/hu\/#\/schema\/logo\/image\/","url":"https:\/\/taboofashion.com\/wp-content\/uploads\/2022\/12\/taboologo2100-002.png","contentUrl":"https:\/\/taboofashion.com\/wp-content\/uploads\/2022\/12\/taboologo2100-002.png","width":2100,"height":1050,"caption":"Taboo Slovakia s.r.o."},"image":{"@id":"https:\/\/taboofashion.com\/hu\/#\/schema\/logo\/image\/"},"sameAs":["https:\/\/www.facebook.com\/TabooSlovakia","https:\/\/www.linkedin.com\/company\/541747\/","https:\/\/www.instagram.com\/taboofashion.com1\/"]}]},"product_brand":"Westford Mill","og_availability":"instock","product_availability":"instock","product_retailer_item_id":"50010100199","product_condition":"new"},"_links":{"self":[{"href":"https:\/\/taboofashion.com\/hu\/wp-json\/wp\/v2\/product\/636396","targetHints":{"allow":["GET"]}}],"collection":[{"href":"https:\/\/taboofashion.com\/hu\/wp-json\/wp\/v2\/product"}],"about":[{"href":"https:\/\/taboofashion.com\/hu\/wp-json\/wp\/v2\/types\/product"}],"wp:featuredmedia":[{"embeddable":true,"href":"https:\/\/taboofashion.com\/hu\/wp-json\/wp\/v2\/media\/610876"}],"wp:attachment":[{"href":"https:\/\/taboofashion.com\/hu\/wp-json\/wp\/v2\/media?parent=636396"}],"wp:term":[{"taxonomy":"product_cat","embeddable":true,"href":"https:\/\/taboofashion.com\/hu\/wp-json\/wp\/v2\/product_cat?post=636396"},{"taxonomy":"product_tag","embeddable":true,"href":"https:\/\/taboofashion.com\/hu\/wp-json\/wp\/v2\/product_tag?post=636396"}],"curies":[{"name":"wp","href":"https:\/\/api.w.org\/{rel}","templated":true}]}}