{"id":636492,"date":"2022-08-30T14:25:47","date_gmt":"2022-08-30T12:25:47","guid":{"rendered":"https:\/\/taboofashion.com\/shop\/halfar-1818013-biciklivaz-taska-ciklus\/"},"modified":"2022-08-30T14:25:47","modified_gmt":"2022-08-30T12:25:47","slug":"halfar-1818013-biciklivaz-taska-ciklus","status":"publish","type":"product","link":"https:\/\/taboofashion.com\/hu\/shop\/halfar-1818013-biciklivaz-taska-ciklus\/","title":{"rendered":"1818013 Ker\u00e9kp\u00e1rv\u00e1zas t\u00e1ska &#8222;Ker\u00e9kp\u00e1r&#8221;"},"content":{"rendered":"<p>Ragasztott varratok a megb\u00edzhat\u00f3 es\u0151v\u00edz \u00e9s nedvess\u00e9g elleni v\u00e9delem \u00e9rdek\u00e9ben, p\u00e1rn\u00e1zott aljzat, f\u0151 rekesz \u00e1ll\u00edthat\u00f3 mobiltelefon rekesszel \u00e9s \u00e1tl\u00e1tsz\u00f3 v\u00e9d\u0151f\u00f3li\u00e1val az \u00e9rint\u0151k\u00e9perny\u0151 m\u0171k\u00f6dtet\u00e9s\u00e9hez, fr\u00f6ccsen\u00e9s\u00e1ll\u00f3, illeszthet\u0151, er\u0151s t\u00e9p\u0151z\u00e1ras szerel\u00e9s, m\u00e9ret: 10,5x8x19cm<\/p>\n","protected":false},"excerpt":{"rendered":"<p>600D poli\u00e9szter, PVC mentes<\/p>\n","protected":false},"featured_media":610886,"template":"","meta":[],"product_cat":[3607],"product_tag":[6832],"class_list":{"0":"post-636492","1":"product","2":"type-product","3":"status-publish","4":"has-post-thumbnail","6":"product_cat-taskak","7":"product_tag-halfar_47_8013-hu","8":"pa_brand-halfar-hu","9":"pa_colour-szurke-szoras","10":"pa_size-onesize-hu","12":"first","13":"instock","14":"taxable","15":"shipping-taxable","16":"purchasable","17":"product-type-simple"},"yoast_head":"<!-- This site is optimized with the Yoast SEO plugin v21.8 - https:\/\/yoast.com\/wordpress\/plugins\/seo\/ -->\n<title>1818013 Ker\u00e9kp\u00e1rv\u00e1zas t\u00e1ska &quot;Ker\u00e9kp\u00e1r&quot; &#8211; Fashion shop<\/title>\n<meta name=\"robots\" content=\"index, follow, max-snippet:-1, max-image-preview:large, max-video-preview:-1\" \/>\n<link rel=\"canonical\" href=\"https:\/\/taboofashion.com\/hu\/shop\/halfar-1818013-biciklivaz-taska-ciklus\/\" \/>\n<meta property=\"og:locale\" content=\"hu_HU\" \/>\n<meta property=\"og:type\" content=\"article\" \/>\n<meta property=\"og:title\" content=\"1818013 Ker\u00e9kp\u00e1rv\u00e1zas t\u00e1ska &quot;Ker\u00e9kp\u00e1r&quot; &#8211; Fashion shop\" \/>\n<meta property=\"og:description\" content=\"600D poli\u00e9szter, PVC mentes\" \/>\n<meta property=\"og:url\" content=\"https:\/\/taboofashion.com\/hu\/shop\/halfar-1818013-biciklivaz-taska-ciklus\/\" \/>\n<meta property=\"og:site_name\" content=\"Fashion shop\" \/>\n<meta property=\"article:publisher\" content=\"https:\/\/www.facebook.com\/TabooSlovakia\" \/>\n<meta name=\"twitter:card\" content=\"summary_large_image\" \/>\n<script type=\"application\/ld+json\" class=\"yoast-schema-graph\">{\"@context\":\"https:\/\/schema.org\",\"@graph\":[{\"@type\":\"WebPage\",\"@id\":\"https:\/\/taboofashion.com\/hu\/shop\/halfar-1818013-biciklivaz-taska-ciklus\/\",\"url\":\"https:\/\/taboofashion.com\/hu\/shop\/halfar-1818013-biciklivaz-taska-ciklus\/\",\"name\":\"1818013 Ker\u00e9kp\u00e1rv\u00e1zas t\u00e1ska \\\"Ker\u00e9kp\u00e1r\\\" &#8211; Fashion shop\",\"isPartOf\":{\"@id\":\"https:\/\/taboofashion.com\/hu\/#website\"},\"datePublished\":\"2022-08-30T12:25:47+00:00\",\"dateModified\":\"2022-08-30T12:25:47+00:00\",\"breadcrumb\":{\"@id\":\"https:\/\/taboofashion.com\/hu\/shop\/halfar-1818013-biciklivaz-taska-ciklus\/#breadcrumb\"},\"inLanguage\":\"hu\",\"potentialAction\":[{\"@type\":\"ReadAction\",\"target\":[\"https:\/\/taboofashion.com\/hu\/shop\/halfar-1818013-biciklivaz-taska-ciklus\/\"]}]},{\"@type\":\"BreadcrumbList\",\"@id\":\"https:\/\/taboofashion.com\/hu\/shop\/halfar-1818013-biciklivaz-taska-ciklus\/#breadcrumb\",\"itemListElement\":[{\"@type\":\"ListItem\",\"position\":1,\"name\":\"Home\",\"item\":\"https:\/\/taboofashion.com\/hu\/\"},{\"@type\":\"ListItem\",\"position\":2,\"name\":\"Bolt\",\"item\":\"https:\/\/taboofashion.com\/hu\/\"},{\"@type\":\"ListItem\",\"position\":3,\"name\":\"1818013 Ker\u00e9kp\u00e1rv\u00e1zas t\u00e1ska &#8222;Ker\u00e9kp\u00e1r&#8221;\"}]},{\"@type\":\"WebSite\",\"@id\":\"https:\/\/taboofashion.com\/hu\/#website\",\"url\":\"https:\/\/taboofashion.com\/hu\/\",\"name\":\"Fashion shop\",\"description\":\"\",\"publisher\":{\"@id\":\"https:\/\/taboofashion.com\/hu\/#organization\"},\"potentialAction\":[{\"@type\":\"SearchAction\",\"target\":{\"@type\":\"EntryPoint\",\"urlTemplate\":\"https:\/\/taboofashion.com\/hu\/?s={search_term_string}\"},\"query-input\":\"required name=search_term_string\"}],\"inLanguage\":\"hu\"},{\"@type\":\"Organization\",\"@id\":\"https:\/\/taboofashion.com\/hu\/#organization\",\"name\":\"Taboo Slovakia s.r.o.\",\"url\":\"https:\/\/taboofashion.com\/hu\/\",\"logo\":{\"@type\":\"ImageObject\",\"inLanguage\":\"hu\",\"@id\":\"https:\/\/taboofashion.com\/hu\/#\/schema\/logo\/image\/\",\"url\":\"https:\/\/taboofashion.com\/wp-content\/uploads\/2022\/12\/taboologo2100-002.png\",\"contentUrl\":\"https:\/\/taboofashion.com\/wp-content\/uploads\/2022\/12\/taboologo2100-002.png\",\"width\":2100,\"height\":1050,\"caption\":\"Taboo Slovakia s.r.o.\"},\"image\":{\"@id\":\"https:\/\/taboofashion.com\/hu\/#\/schema\/logo\/image\/\"},\"sameAs\":[\"https:\/\/www.facebook.com\/TabooSlovakia\",\"https:\/\/www.linkedin.com\/company\/541747\/\",\"https:\/\/www.instagram.com\/taboofashion.com1\/\"]}]}<\/script>\n<meta property=\"product:brand\" content=\"Halfar\" \/>\n<meta property=\"product:price:amount\" content=\"10136\" \/>\n<meta property=\"product:price:currency\" content=\"HUF\" \/>\n<meta property=\"og:availability\" content=\"instock\" \/>\n<meta property=\"product:availability\" content=\"instock\" \/>\n<meta property=\"product:retailer_item_id\" content=\"478013za699\" \/>\n<meta property=\"product:condition\" content=\"new\" \/>\n<!-- \/ Yoast SEO plugin. -->","yoast_head_json":{"title":"1818013 Ker\u00e9kp\u00e1rv\u00e1zas t\u00e1ska \"Ker\u00e9kp\u00e1r\" &#8211; Fashion shop","robots":{"index":"index","follow":"follow","max-snippet":"max-snippet:-1","max-image-preview":"max-image-preview:large","max-video-preview":"max-video-preview:-1"},"canonical":"https:\/\/taboofashion.com\/hu\/shop\/halfar-1818013-biciklivaz-taska-ciklus\/","og_locale":"hu_HU","og_type":"article","og_title":"1818013 Ker\u00e9kp\u00e1rv\u00e1zas t\u00e1ska \"Ker\u00e9kp\u00e1r\" &#8211; Fashion shop","og_description":"600D poli\u00e9szter, PVC mentes","og_url":"https:\/\/taboofashion.com\/hu\/shop\/halfar-1818013-biciklivaz-taska-ciklus\/","og_site_name":"Fashion shop","article_publisher":"https:\/\/www.facebook.com\/TabooSlovakia","twitter_card":"summary_large_image","schema":{"@context":"https:\/\/schema.org","@graph":[{"@type":"WebPage","@id":"https:\/\/taboofashion.com\/hu\/shop\/halfar-1818013-biciklivaz-taska-ciklus\/","url":"https:\/\/taboofashion.com\/hu\/shop\/halfar-1818013-biciklivaz-taska-ciklus\/","name":"1818013 Ker\u00e9kp\u00e1rv\u00e1zas t\u00e1ska \"Ker\u00e9kp\u00e1r\" &#8211; Fashion shop","isPartOf":{"@id":"https:\/\/taboofashion.com\/hu\/#website"},"datePublished":"2022-08-30T12:25:47+00:00","dateModified":"2022-08-30T12:25:47+00:00","breadcrumb":{"@id":"https:\/\/taboofashion.com\/hu\/shop\/halfar-1818013-biciklivaz-taska-ciklus\/#breadcrumb"},"inLanguage":"hu","potentialAction":[{"@type":"ReadAction","target":["https:\/\/taboofashion.com\/hu\/shop\/halfar-1818013-biciklivaz-taska-ciklus\/"]}]},{"@type":"BreadcrumbList","@id":"https:\/\/taboofashion.com\/hu\/shop\/halfar-1818013-biciklivaz-taska-ciklus\/#breadcrumb","itemListElement":[{"@type":"ListItem","position":1,"name":"Home","item":"https:\/\/taboofashion.com\/hu\/"},{"@type":"ListItem","position":2,"name":"Bolt","item":"https:\/\/taboofashion.com\/hu\/"},{"@type":"ListItem","position":3,"name":"1818013 Ker\u00e9kp\u00e1rv\u00e1zas t\u00e1ska &#8222;Ker\u00e9kp\u00e1r&#8221;"}]},{"@type":"WebSite","@id":"https:\/\/taboofashion.com\/hu\/#website","url":"https:\/\/taboofashion.com\/hu\/","name":"Fashion shop","description":"","publisher":{"@id":"https:\/\/taboofashion.com\/hu\/#organization"},"potentialAction":[{"@type":"SearchAction","target":{"@type":"EntryPoint","urlTemplate":"https:\/\/taboofashion.com\/hu\/?s={search_term_string}"},"query-input":"required name=search_term_string"}],"inLanguage":"hu"},{"@type":"Organization","@id":"https:\/\/taboofashion.com\/hu\/#organization","name":"Taboo Slovakia s.r.o.","url":"https:\/\/taboofashion.com\/hu\/","logo":{"@type":"ImageObject","inLanguage":"hu","@id":"https:\/\/taboofashion.com\/hu\/#\/schema\/logo\/image\/","url":"https:\/\/taboofashion.com\/wp-content\/uploads\/2022\/12\/taboologo2100-002.png","contentUrl":"https:\/\/taboofashion.com\/wp-content\/uploads\/2022\/12\/taboologo2100-002.png","width":2100,"height":1050,"caption":"Taboo Slovakia s.r.o."},"image":{"@id":"https:\/\/taboofashion.com\/hu\/#\/schema\/logo\/image\/"},"sameAs":["https:\/\/www.facebook.com\/TabooSlovakia","https:\/\/www.linkedin.com\/company\/541747\/","https:\/\/www.instagram.com\/taboofashion.com1\/"]}]},"product_brand":"Halfar","product_price_amount":"10136","product_price_currency":"HUF","og_availability":"instock","product_availability":"instock","product_retailer_item_id":"478013za699","product_condition":"new"},"_links":{"self":[{"href":"https:\/\/taboofashion.com\/hu\/wp-json\/wp\/v2\/product\/636492","targetHints":{"allow":["GET"]}}],"collection":[{"href":"https:\/\/taboofashion.com\/hu\/wp-json\/wp\/v2\/product"}],"about":[{"href":"https:\/\/taboofashion.com\/hu\/wp-json\/wp\/v2\/types\/product"}],"wp:featuredmedia":[{"embeddable":true,"href":"https:\/\/taboofashion.com\/hu\/wp-json\/wp\/v2\/media\/610886"}],"wp:attachment":[{"href":"https:\/\/taboofashion.com\/hu\/wp-json\/wp\/v2\/media?parent=636492"}],"wp:term":[{"taxonomy":"product_cat","embeddable":true,"href":"https:\/\/taboofashion.com\/hu\/wp-json\/wp\/v2\/product_cat?post=636492"},{"taxonomy":"product_tag","embeddable":true,"href":"https:\/\/taboofashion.com\/hu\/wp-json\/wp\/v2\/product_tag?post=636492"}],"curies":[{"name":"wp","href":"https:\/\/api.w.org\/{rel}","templated":true}]}}