{"id":636622,"date":"2022-08-30T14:11:39","date_gmt":"2022-08-30T12:11:39","guid":{"rendered":"https:\/\/taboofashion.com\/shop\/fel-1814014-hatizsak-hegy\/"},"modified":"2022-08-30T14:11:39","modified_gmt":"2022-08-30T12:11:39","slug":"fel-1814014-hatizsak-hegy","status":"publish","type":"product","link":"https:\/\/taboofashion.com\/hu\/shop\/fel-1814014-hatizsak-hegy\/","title":{"rendered":"1814014 H\u00e1tizs\u00e1k &#8222;Mountain&#8221;"},"content":{"rendered":"<p>K\u00f6nny\u0171, funkcion\u00e1lis h\u00e1tizs\u00e1k ergonomikusan kialak\u00edtott h\u00e1tt\u00e1ml\u00e1val, p\u00e1rn\u00e1zott der\u00e9kp\u00e1nttal, foganty\u00faval, fel\u00fcl \u00e9s alul \u00e1ll\u00edthat\u00f3 szell\u0151z\u0151 hordrendszerrel, 2 oldalzsebbel, als\u00f3 rekesz es\u0151v\u00e9d\u0151vel, nagy f\u0151rekesz lapos bels\u0151 rekesszel, funkcion\u00e1lis h\u00e1tizs\u00e1k ergonomikusan kialak\u00edtott h\u00e1t, oldals\u00f3 r\u00f6gz\u00edt\u0151 heveder, kieg\u00e9sz\u00edt\u0151 r\u00f6gz\u00edt\u0151 heveder a takar\u00f3fed\u00e9l alatt, fed\u0151lap oldalr\u00f3l kioldhat\u00f3 csatokkal \u00e9s 2 cipz\u00e1ros rekesszel, t\u00e9p\u0151z\u00e1ras hurok r\u00f6gz\u00edt\u00e9shez, t\u00farabot r\u00f6gz\u00edt\u00e9se, oldals\u00f3 ny\u00edl\u00e1sok (fejhallgat\u00f3hoz vagy iv\u00f3rendszerhez), \u0171rtartalom: 35l, m\u00e9rete: 29x66x21 cm<\/p>\n","protected":false},"excerpt":{"rendered":"<p>210D nylon, ripstop<\/p>\n","protected":false},"featured_media":611003,"template":"","meta":[],"product_cat":[3607],"product_tag":[6858],"class_list":{"0":"post-636622","1":"product","2":"type-product","3":"status-publish","4":"has-post-thumbnail","6":"product_cat-taskak","7":"product_tag-halfar_47_4014-hu","8":"pa_brand-halfar-hu","9":"pa_colour-tengereszgyalogsag","10":"pa_colour-antracit","11":"pa_size-onesize-hu","13":"first","14":"instock","15":"taxable","16":"shipping-taxable","17":"purchasable","18":"product-type-variable","19":"has-default-attributes"},"yoast_head":"<!-- This site is optimized with the Yoast SEO plugin v21.8 - https:\/\/yoast.com\/wordpress\/plugins\/seo\/ -->\n<title>1814014 H\u00e1tizs\u00e1k &quot;Mountain&quot; &#8211; Fashion shop<\/title>\n<meta name=\"robots\" content=\"index, follow, max-snippet:-1, max-image-preview:large, max-video-preview:-1\" \/>\n<link rel=\"canonical\" href=\"https:\/\/taboofashion.com\/hu\/shop\/fel-1814014-hatizsak-hegy\/\" \/>\n<meta property=\"og:locale\" content=\"hu_HU\" \/>\n<meta property=\"og:type\" content=\"article\" \/>\n<meta property=\"og:title\" content=\"1814014 H\u00e1tizs\u00e1k &quot;Mountain&quot; &#8211; Fashion shop\" \/>\n<meta property=\"og:description\" content=\"210D nylon, ripstop\" \/>\n<meta property=\"og:url\" content=\"https:\/\/taboofashion.com\/hu\/shop\/fel-1814014-hatizsak-hegy\/\" \/>\n<meta property=\"og:site_name\" content=\"Fashion shop\" \/>\n<meta property=\"article:publisher\" content=\"https:\/\/www.facebook.com\/TabooSlovakia\" \/>\n<meta name=\"twitter:card\" content=\"summary_large_image\" \/>\n<script type=\"application\/ld+json\" class=\"yoast-schema-graph\">{\"@context\":\"https:\/\/schema.org\",\"@graph\":[{\"@type\":\"WebPage\",\"@id\":\"https:\/\/taboofashion.com\/hu\/shop\/fel-1814014-hatizsak-hegy\/\",\"url\":\"https:\/\/taboofashion.com\/hu\/shop\/fel-1814014-hatizsak-hegy\/\",\"name\":\"1814014 H\u00e1tizs\u00e1k \\\"Mountain\\\" &#8211; Fashion shop\",\"isPartOf\":{\"@id\":\"https:\/\/taboofashion.com\/hu\/#website\"},\"datePublished\":\"2022-08-30T12:11:39+00:00\",\"dateModified\":\"2022-08-30T12:11:39+00:00\",\"breadcrumb\":{\"@id\":\"https:\/\/taboofashion.com\/hu\/shop\/fel-1814014-hatizsak-hegy\/#breadcrumb\"},\"inLanguage\":\"hu\",\"potentialAction\":[{\"@type\":\"ReadAction\",\"target\":[\"https:\/\/taboofashion.com\/hu\/shop\/fel-1814014-hatizsak-hegy\/\"]}]},{\"@type\":\"BreadcrumbList\",\"@id\":\"https:\/\/taboofashion.com\/hu\/shop\/fel-1814014-hatizsak-hegy\/#breadcrumb\",\"itemListElement\":[{\"@type\":\"ListItem\",\"position\":1,\"name\":\"Home\",\"item\":\"https:\/\/taboofashion.com\/hu\/\"},{\"@type\":\"ListItem\",\"position\":2,\"name\":\"Bolt\",\"item\":\"https:\/\/taboofashion.com\/hu\/\"},{\"@type\":\"ListItem\",\"position\":3,\"name\":\"1814014 H\u00e1tizs\u00e1k &#8222;Mountain&#8221;\"}]},{\"@type\":\"WebSite\",\"@id\":\"https:\/\/taboofashion.com\/hu\/#website\",\"url\":\"https:\/\/taboofashion.com\/hu\/\",\"name\":\"Fashion shop\",\"description\":\"\",\"publisher\":{\"@id\":\"https:\/\/taboofashion.com\/hu\/#organization\"},\"potentialAction\":[{\"@type\":\"SearchAction\",\"target\":{\"@type\":\"EntryPoint\",\"urlTemplate\":\"https:\/\/taboofashion.com\/hu\/?s={search_term_string}\"},\"query-input\":\"required name=search_term_string\"}],\"inLanguage\":\"hu\"},{\"@type\":\"Organization\",\"@id\":\"https:\/\/taboofashion.com\/hu\/#organization\",\"name\":\"Taboo Slovakia s.r.o.\",\"url\":\"https:\/\/taboofashion.com\/hu\/\",\"logo\":{\"@type\":\"ImageObject\",\"inLanguage\":\"hu\",\"@id\":\"https:\/\/taboofashion.com\/hu\/#\/schema\/logo\/image\/\",\"url\":\"https:\/\/taboofashion.com\/wp-content\/uploads\/2022\/12\/taboologo2100-002.png\",\"contentUrl\":\"https:\/\/taboofashion.com\/wp-content\/uploads\/2022\/12\/taboologo2100-002.png\",\"width\":2100,\"height\":1050,\"caption\":\"Taboo Slovakia s.r.o.\"},\"image\":{\"@id\":\"https:\/\/taboofashion.com\/hu\/#\/schema\/logo\/image\/\"},\"sameAs\":[\"https:\/\/www.facebook.com\/TabooSlovakia\",\"https:\/\/www.linkedin.com\/company\/541747\/\",\"https:\/\/www.instagram.com\/taboofashion.com1\/\"]}]}<\/script>\n<meta property=\"product:brand\" content=\"Halfar\" \/>\n<meta property=\"og:availability\" content=\"instock\" \/>\n<meta property=\"product:availability\" content=\"instock\" \/>\n<meta property=\"product:retailer_item_id\" content=\"47401400399\" \/>\n<meta property=\"product:condition\" content=\"new\" \/>\n<!-- \/ Yoast SEO plugin. -->","yoast_head_json":{"title":"1814014 H\u00e1tizs\u00e1k \"Mountain\" &#8211; Fashion shop","robots":{"index":"index","follow":"follow","max-snippet":"max-snippet:-1","max-image-preview":"max-image-preview:large","max-video-preview":"max-video-preview:-1"},"canonical":"https:\/\/taboofashion.com\/hu\/shop\/fel-1814014-hatizsak-hegy\/","og_locale":"hu_HU","og_type":"article","og_title":"1814014 H\u00e1tizs\u00e1k \"Mountain\" &#8211; Fashion shop","og_description":"210D nylon, ripstop","og_url":"https:\/\/taboofashion.com\/hu\/shop\/fel-1814014-hatizsak-hegy\/","og_site_name":"Fashion shop","article_publisher":"https:\/\/www.facebook.com\/TabooSlovakia","twitter_card":"summary_large_image","schema":{"@context":"https:\/\/schema.org","@graph":[{"@type":"WebPage","@id":"https:\/\/taboofashion.com\/hu\/shop\/fel-1814014-hatizsak-hegy\/","url":"https:\/\/taboofashion.com\/hu\/shop\/fel-1814014-hatizsak-hegy\/","name":"1814014 H\u00e1tizs\u00e1k \"Mountain\" &#8211; Fashion shop","isPartOf":{"@id":"https:\/\/taboofashion.com\/hu\/#website"},"datePublished":"2022-08-30T12:11:39+00:00","dateModified":"2022-08-30T12:11:39+00:00","breadcrumb":{"@id":"https:\/\/taboofashion.com\/hu\/shop\/fel-1814014-hatizsak-hegy\/#breadcrumb"},"inLanguage":"hu","potentialAction":[{"@type":"ReadAction","target":["https:\/\/taboofashion.com\/hu\/shop\/fel-1814014-hatizsak-hegy\/"]}]},{"@type":"BreadcrumbList","@id":"https:\/\/taboofashion.com\/hu\/shop\/fel-1814014-hatizsak-hegy\/#breadcrumb","itemListElement":[{"@type":"ListItem","position":1,"name":"Home","item":"https:\/\/taboofashion.com\/hu\/"},{"@type":"ListItem","position":2,"name":"Bolt","item":"https:\/\/taboofashion.com\/hu\/"},{"@type":"ListItem","position":3,"name":"1814014 H\u00e1tizs\u00e1k &#8222;Mountain&#8221;"}]},{"@type":"WebSite","@id":"https:\/\/taboofashion.com\/hu\/#website","url":"https:\/\/taboofashion.com\/hu\/","name":"Fashion shop","description":"","publisher":{"@id":"https:\/\/taboofashion.com\/hu\/#organization"},"potentialAction":[{"@type":"SearchAction","target":{"@type":"EntryPoint","urlTemplate":"https:\/\/taboofashion.com\/hu\/?s={search_term_string}"},"query-input":"required name=search_term_string"}],"inLanguage":"hu"},{"@type":"Organization","@id":"https:\/\/taboofashion.com\/hu\/#organization","name":"Taboo Slovakia s.r.o.","url":"https:\/\/taboofashion.com\/hu\/","logo":{"@type":"ImageObject","inLanguage":"hu","@id":"https:\/\/taboofashion.com\/hu\/#\/schema\/logo\/image\/","url":"https:\/\/taboofashion.com\/wp-content\/uploads\/2022\/12\/taboologo2100-002.png","contentUrl":"https:\/\/taboofashion.com\/wp-content\/uploads\/2022\/12\/taboologo2100-002.png","width":2100,"height":1050,"caption":"Taboo Slovakia s.r.o."},"image":{"@id":"https:\/\/taboofashion.com\/hu\/#\/schema\/logo\/image\/"},"sameAs":["https:\/\/www.facebook.com\/TabooSlovakia","https:\/\/www.linkedin.com\/company\/541747\/","https:\/\/www.instagram.com\/taboofashion.com1\/"]}]},"product_brand":"Halfar","og_availability":"instock","product_availability":"instock","product_retailer_item_id":"47401400399","product_condition":"new"},"_links":{"self":[{"href":"https:\/\/taboofashion.com\/hu\/wp-json\/wp\/v2\/product\/636622","targetHints":{"allow":["GET"]}}],"collection":[{"href":"https:\/\/taboofashion.com\/hu\/wp-json\/wp\/v2\/product"}],"about":[{"href":"https:\/\/taboofashion.com\/hu\/wp-json\/wp\/v2\/types\/product"}],"wp:featuredmedia":[{"embeddable":true,"href":"https:\/\/taboofashion.com\/hu\/wp-json\/wp\/v2\/media\/611003"}],"wp:attachment":[{"href":"https:\/\/taboofashion.com\/hu\/wp-json\/wp\/v2\/media?parent=636622"}],"wp:term":[{"taxonomy":"product_cat","embeddable":true,"href":"https:\/\/taboofashion.com\/hu\/wp-json\/wp\/v2\/product_cat?post=636622"},{"taxonomy":"product_tag","embeddable":true,"href":"https:\/\/taboofashion.com\/hu\/wp-json\/wp\/v2\/product_tag?post=636622"}],"curies":[{"name":"wp","href":"https:\/\/api.w.org\/{rel}","templated":true}]}}