{"id":636636,"date":"2022-08-30T14:09:34","date_gmt":"2022-08-30T12:09:34","guid":{"rendered":"https:\/\/taboofashion.com\/shop\/felar-1813342-sport-utazotaska-lepes-m\/"},"modified":"2022-08-30T14:09:34","modified_gmt":"2022-08-30T12:09:34","slug":"felar-1813342-sport-utazotaska-lepes-m","status":"publish","type":"product","link":"https:\/\/taboofashion.com\/hu\/shop\/felar-1813342-sport-utazotaska-lepes-m\/","title":{"rendered":"1813342 Sport\/utaz\u00f3t\u00e1ska &#8222;Step M&#8221;"},"content":{"rendered":"<p>Levehet\u0151 \u00e1ll\u00edthat\u00f3 v\u00e1llp\u00e1nt, Foganty\u00fak p\u00e1rn\u00e1zott hordoz\u00f3 foganty\u00faval, cipz\u00e1ras el\u00fcls\u0151 zseb, cipz\u00e1ras f\u0151rekesz bels\u0151 alaplappal \u00e9s rendszerez\u0151 elemekkel, cip\u0151rekesz, oldals\u00f3 h\u00e1l\u00f3zsebek, f\u00e9nyvisszaver\u0151 r\u00e9szletek (v\u00e9d\u0151 funkci\u00f3 n\u00e9lk\u00fcl), \u0171rtartalom: 32l, m\u00e9ret: 33x48x22cm<\/p>\n","protected":false},"excerpt":{"rendered":"<p>Poli\u00e9szter, ripstop, PVC mentes<\/p>\n","protected":false},"featured_media":611007,"template":"","meta":[],"product_cat":[3607],"product_tag":[6862],"class_list":{"0":"post-636636","1":"product","2":"type-product","3":"status-publish","4":"has-post-thumbnail","6":"product_cat-taskak","7":"product_tag-halfar_47_3342-hu","8":"pa_brand-halfar-hu","9":"pa_colour-almazold","10":"pa_colour-cian-hu","11":"pa_colour-feher","12":"pa_colour-fekete","13":"pa_colour-piros","14":"pa_colour-tengereszgyalogsag","15":"pa_size-onesize-hu","17":"first","18":"instock","19":"taxable","20":"shipping-taxable","21":"purchasable","22":"product-type-variable","23":"has-default-attributes"},"yoast_head":"<!-- This site is optimized with the Yoast SEO plugin v21.8 - https:\/\/yoast.com\/wordpress\/plugins\/seo\/ -->\n<title>1813342 Sport\/utaz\u00f3t\u00e1ska &quot;Step M&quot; &#8211; Fashion shop<\/title>\n<meta name=\"robots\" content=\"index, follow, max-snippet:-1, max-image-preview:large, max-video-preview:-1\" \/>\n<link rel=\"canonical\" href=\"https:\/\/taboofashion.com\/hu\/shop\/felar-1813342-sport-utazotaska-lepes-m\/\" \/>\n<meta property=\"og:locale\" content=\"hu_HU\" \/>\n<meta property=\"og:type\" content=\"article\" \/>\n<meta property=\"og:title\" content=\"1813342 Sport\/utaz\u00f3t\u00e1ska &quot;Step M&quot; &#8211; Fashion shop\" \/>\n<meta property=\"og:description\" content=\"Poli\u00e9szter, ripstop, PVC mentes\" \/>\n<meta property=\"og:url\" content=\"https:\/\/taboofashion.com\/hu\/shop\/felar-1813342-sport-utazotaska-lepes-m\/\" \/>\n<meta property=\"og:site_name\" content=\"Fashion shop\" \/>\n<meta property=\"article:publisher\" content=\"https:\/\/www.facebook.com\/TabooSlovakia\" \/>\n<meta name=\"twitter:card\" content=\"summary_large_image\" \/>\n<script type=\"application\/ld+json\" class=\"yoast-schema-graph\">{\"@context\":\"https:\/\/schema.org\",\"@graph\":[{\"@type\":\"WebPage\",\"@id\":\"https:\/\/taboofashion.com\/hu\/shop\/felar-1813342-sport-utazotaska-lepes-m\/\",\"url\":\"https:\/\/taboofashion.com\/hu\/shop\/felar-1813342-sport-utazotaska-lepes-m\/\",\"name\":\"1813342 Sport\/utaz\u00f3t\u00e1ska \\\"Step M\\\" &#8211; Fashion shop\",\"isPartOf\":{\"@id\":\"https:\/\/taboofashion.com\/hu\/#website\"},\"datePublished\":\"2022-08-30T12:09:34+00:00\",\"dateModified\":\"2022-08-30T12:09:34+00:00\",\"breadcrumb\":{\"@id\":\"https:\/\/taboofashion.com\/hu\/shop\/felar-1813342-sport-utazotaska-lepes-m\/#breadcrumb\"},\"inLanguage\":\"hu\",\"potentialAction\":[{\"@type\":\"ReadAction\",\"target\":[\"https:\/\/taboofashion.com\/hu\/shop\/felar-1813342-sport-utazotaska-lepes-m\/\"]}]},{\"@type\":\"BreadcrumbList\",\"@id\":\"https:\/\/taboofashion.com\/hu\/shop\/felar-1813342-sport-utazotaska-lepes-m\/#breadcrumb\",\"itemListElement\":[{\"@type\":\"ListItem\",\"position\":1,\"name\":\"Home\",\"item\":\"https:\/\/taboofashion.com\/hu\/\"},{\"@type\":\"ListItem\",\"position\":2,\"name\":\"Bolt\",\"item\":\"https:\/\/taboofashion.com\/hu\/\"},{\"@type\":\"ListItem\",\"position\":3,\"name\":\"1813342 Sport\/utaz\u00f3t\u00e1ska &#8222;Step M&#8221;\"}]},{\"@type\":\"WebSite\",\"@id\":\"https:\/\/taboofashion.com\/hu\/#website\",\"url\":\"https:\/\/taboofashion.com\/hu\/\",\"name\":\"Fashion shop\",\"description\":\"\",\"publisher\":{\"@id\":\"https:\/\/taboofashion.com\/hu\/#organization\"},\"potentialAction\":[{\"@type\":\"SearchAction\",\"target\":{\"@type\":\"EntryPoint\",\"urlTemplate\":\"https:\/\/taboofashion.com\/hu\/?s={search_term_string}\"},\"query-input\":\"required name=search_term_string\"}],\"inLanguage\":\"hu\"},{\"@type\":\"Organization\",\"@id\":\"https:\/\/taboofashion.com\/hu\/#organization\",\"name\":\"Taboo Slovakia s.r.o.\",\"url\":\"https:\/\/taboofashion.com\/hu\/\",\"logo\":{\"@type\":\"ImageObject\",\"inLanguage\":\"hu\",\"@id\":\"https:\/\/taboofashion.com\/hu\/#\/schema\/logo\/image\/\",\"url\":\"https:\/\/taboofashion.com\/wp-content\/uploads\/2022\/12\/taboologo2100-002.png\",\"contentUrl\":\"https:\/\/taboofashion.com\/wp-content\/uploads\/2022\/12\/taboologo2100-002.png\",\"width\":2100,\"height\":1050,\"caption\":\"Taboo Slovakia s.r.o.\"},\"image\":{\"@id\":\"https:\/\/taboofashion.com\/hu\/#\/schema\/logo\/image\/\"},\"sameAs\":[\"https:\/\/www.facebook.com\/TabooSlovakia\",\"https:\/\/www.linkedin.com\/company\/541747\/\",\"https:\/\/www.instagram.com\/taboofashion.com1\/\"]}]}<\/script>\n<meta property=\"product:brand\" content=\"Halfar\" \/>\n<meta property=\"og:availability\" content=\"instock\" \/>\n<meta property=\"product:availability\" content=\"instock\" \/>\n<meta property=\"product:retailer_item_id\" content=\"47334200199\" \/>\n<meta property=\"product:condition\" content=\"new\" \/>\n<!-- \/ Yoast SEO plugin. -->","yoast_head_json":{"title":"1813342 Sport\/utaz\u00f3t\u00e1ska \"Step M\" &#8211; Fashion shop","robots":{"index":"index","follow":"follow","max-snippet":"max-snippet:-1","max-image-preview":"max-image-preview:large","max-video-preview":"max-video-preview:-1"},"canonical":"https:\/\/taboofashion.com\/hu\/shop\/felar-1813342-sport-utazotaska-lepes-m\/","og_locale":"hu_HU","og_type":"article","og_title":"1813342 Sport\/utaz\u00f3t\u00e1ska \"Step M\" &#8211; Fashion shop","og_description":"Poli\u00e9szter, ripstop, PVC mentes","og_url":"https:\/\/taboofashion.com\/hu\/shop\/felar-1813342-sport-utazotaska-lepes-m\/","og_site_name":"Fashion shop","article_publisher":"https:\/\/www.facebook.com\/TabooSlovakia","twitter_card":"summary_large_image","schema":{"@context":"https:\/\/schema.org","@graph":[{"@type":"WebPage","@id":"https:\/\/taboofashion.com\/hu\/shop\/felar-1813342-sport-utazotaska-lepes-m\/","url":"https:\/\/taboofashion.com\/hu\/shop\/felar-1813342-sport-utazotaska-lepes-m\/","name":"1813342 Sport\/utaz\u00f3t\u00e1ska \"Step M\" &#8211; Fashion shop","isPartOf":{"@id":"https:\/\/taboofashion.com\/hu\/#website"},"datePublished":"2022-08-30T12:09:34+00:00","dateModified":"2022-08-30T12:09:34+00:00","breadcrumb":{"@id":"https:\/\/taboofashion.com\/hu\/shop\/felar-1813342-sport-utazotaska-lepes-m\/#breadcrumb"},"inLanguage":"hu","potentialAction":[{"@type":"ReadAction","target":["https:\/\/taboofashion.com\/hu\/shop\/felar-1813342-sport-utazotaska-lepes-m\/"]}]},{"@type":"BreadcrumbList","@id":"https:\/\/taboofashion.com\/hu\/shop\/felar-1813342-sport-utazotaska-lepes-m\/#breadcrumb","itemListElement":[{"@type":"ListItem","position":1,"name":"Home","item":"https:\/\/taboofashion.com\/hu\/"},{"@type":"ListItem","position":2,"name":"Bolt","item":"https:\/\/taboofashion.com\/hu\/"},{"@type":"ListItem","position":3,"name":"1813342 Sport\/utaz\u00f3t\u00e1ska &#8222;Step M&#8221;"}]},{"@type":"WebSite","@id":"https:\/\/taboofashion.com\/hu\/#website","url":"https:\/\/taboofashion.com\/hu\/","name":"Fashion shop","description":"","publisher":{"@id":"https:\/\/taboofashion.com\/hu\/#organization"},"potentialAction":[{"@type":"SearchAction","target":{"@type":"EntryPoint","urlTemplate":"https:\/\/taboofashion.com\/hu\/?s={search_term_string}"},"query-input":"required name=search_term_string"}],"inLanguage":"hu"},{"@type":"Organization","@id":"https:\/\/taboofashion.com\/hu\/#organization","name":"Taboo Slovakia s.r.o.","url":"https:\/\/taboofashion.com\/hu\/","logo":{"@type":"ImageObject","inLanguage":"hu","@id":"https:\/\/taboofashion.com\/hu\/#\/schema\/logo\/image\/","url":"https:\/\/taboofashion.com\/wp-content\/uploads\/2022\/12\/taboologo2100-002.png","contentUrl":"https:\/\/taboofashion.com\/wp-content\/uploads\/2022\/12\/taboologo2100-002.png","width":2100,"height":1050,"caption":"Taboo Slovakia s.r.o."},"image":{"@id":"https:\/\/taboofashion.com\/hu\/#\/schema\/logo\/image\/"},"sameAs":["https:\/\/www.facebook.com\/TabooSlovakia","https:\/\/www.linkedin.com\/company\/541747\/","https:\/\/www.instagram.com\/taboofashion.com1\/"]}]},"product_brand":"Halfar","og_availability":"instock","product_availability":"instock","product_retailer_item_id":"47334200199","product_condition":"new"},"_links":{"self":[{"href":"https:\/\/taboofashion.com\/hu\/wp-json\/wp\/v2\/product\/636636","targetHints":{"allow":["GET"]}}],"collection":[{"href":"https:\/\/taboofashion.com\/hu\/wp-json\/wp\/v2\/product"}],"about":[{"href":"https:\/\/taboofashion.com\/hu\/wp-json\/wp\/v2\/types\/product"}],"wp:featuredmedia":[{"embeddable":true,"href":"https:\/\/taboofashion.com\/hu\/wp-json\/wp\/v2\/media\/611007"}],"wp:attachment":[{"href":"https:\/\/taboofashion.com\/hu\/wp-json\/wp\/v2\/media?parent=636636"}],"wp:term":[{"taxonomy":"product_cat","embeddable":true,"href":"https:\/\/taboofashion.com\/hu\/wp-json\/wp\/v2\/product_cat?post=636636"},{"taxonomy":"product_tag","embeddable":true,"href":"https:\/\/taboofashion.com\/hu\/wp-json\/wp\/v2\/product_tag?post=636636"}],"curies":[{"name":"wp","href":"https:\/\/api.w.org\/{rel}","templated":true}]}}