{"id":636803,"date":"2022-08-28T22:04:39","date_gmt":"2022-08-28T20:04:39","guid":{"rendered":"https:\/\/taboofashion.com\/shop\/neoblu-charlie-mobiltelefon-tok-kartyatartoval\/"},"modified":"2022-08-28T22:04:39","modified_gmt":"2022-08-28T20:04:39","slug":"neoblu-charlie-mobiltelefon-tok-kartyatartoval","status":"publish","type":"product","link":"https:\/\/taboofashion.com\/hu\/shop\/neoblu-charlie-mobiltelefon-tok-kartyatartoval\/","title":{"rendered":"Charlie mobiltelefon-tok k\u00e1rtyatart\u00f3val"},"content":{"rendered":"<p>\u00c1ll\u00edthat\u00f3 v\u00e1llp\u00e1nt, cipz\u00e1r, n\u00e9vjegyk\u00e1rtya rekeszek, TearAway c\u00edmke, Telefontok: levehet\u0151 p\u00e1nt, kulcstart\u00f3, \u00e1tl\u00e1tsz\u00f3 ablakos ny\u00edl\u00e1s, m\u00e9rete: 10x16cm<\/p>\n","protected":false},"excerpt":{"rendered":"<p>100% poliuret\u00e1n, b\u00e9l\u00e9s: 100% \u00fajrahasznos\u00edtott poli\u00e9szter<\/p>\n","protected":false},"featured_media":608389,"template":"","meta":[],"product_cat":[3607,3605],"product_tag":[],"class_list":{"0":"post-636803","1":"product","2":"type-product","3":"status-publish","4":"has-post-thumbnail","6":"product_cat-taskak","7":"product_cat-kiegeszitok","8":"pa_brand-neoblu-hu","9":"pa_colour-melyfekete-hu","10":"pa_size-onesize-hu","12":"first","13":"instock","14":"taxable","15":"shipping-taxable","16":"purchasable","17":"product-type-simple"},"yoast_head":"<!-- This site is optimized with the Yoast SEO plugin v21.8 - https:\/\/yoast.com\/wordpress\/plugins\/seo\/ -->\n<title>Charlie mobiltelefon-tok k\u00e1rtyatart\u00f3val &#8211; Fashion shop<\/title>\n<meta name=\"robots\" content=\"index, follow, max-snippet:-1, max-image-preview:large, max-video-preview:-1\" \/>\n<link rel=\"canonical\" href=\"https:\/\/taboofashion.com\/hu\/shop\/neoblu-charlie-mobiltelefon-tok-kartyatartoval\/\" \/>\n<meta property=\"og:locale\" content=\"hu_HU\" \/>\n<meta property=\"og:type\" content=\"article\" \/>\n<meta property=\"og:title\" content=\"Charlie mobiltelefon-tok k\u00e1rtyatart\u00f3val &#8211; Fashion shop\" \/>\n<meta property=\"og:description\" content=\"100% poliuret\u00e1n, b\u00e9l\u00e9s: 100% \u00fajrahasznos\u00edtott poli\u00e9szter\" \/>\n<meta property=\"og:url\" content=\"https:\/\/taboofashion.com\/hu\/shop\/neoblu-charlie-mobiltelefon-tok-kartyatartoval\/\" \/>\n<meta property=\"og:site_name\" content=\"Fashion shop\" \/>\n<meta property=\"article:publisher\" content=\"https:\/\/www.facebook.com\/TabooSlovakia\" \/>\n<meta name=\"twitter:card\" content=\"summary_large_image\" \/>\n<script type=\"application\/ld+json\" class=\"yoast-schema-graph\">{\"@context\":\"https:\/\/schema.org\",\"@graph\":[{\"@type\":\"WebPage\",\"@id\":\"https:\/\/taboofashion.com\/hu\/shop\/neoblu-charlie-mobiltelefon-tok-kartyatartoval\/\",\"url\":\"https:\/\/taboofashion.com\/hu\/shop\/neoblu-charlie-mobiltelefon-tok-kartyatartoval\/\",\"name\":\"Charlie mobiltelefon-tok k\u00e1rtyatart\u00f3val &#8211; Fashion shop\",\"isPartOf\":{\"@id\":\"https:\/\/taboofashion.com\/hu\/#website\"},\"datePublished\":\"2022-08-28T20:04:39+00:00\",\"dateModified\":\"2022-08-28T20:04:39+00:00\",\"breadcrumb\":{\"@id\":\"https:\/\/taboofashion.com\/hu\/shop\/neoblu-charlie-mobiltelefon-tok-kartyatartoval\/#breadcrumb\"},\"inLanguage\":\"hu\",\"potentialAction\":[{\"@type\":\"ReadAction\",\"target\":[\"https:\/\/taboofashion.com\/hu\/shop\/neoblu-charlie-mobiltelefon-tok-kartyatartoval\/\"]}]},{\"@type\":\"BreadcrumbList\",\"@id\":\"https:\/\/taboofashion.com\/hu\/shop\/neoblu-charlie-mobiltelefon-tok-kartyatartoval\/#breadcrumb\",\"itemListElement\":[{\"@type\":\"ListItem\",\"position\":1,\"name\":\"Home\",\"item\":\"https:\/\/taboofashion.com\/hu\/\"},{\"@type\":\"ListItem\",\"position\":2,\"name\":\"Bolt\",\"item\":\"https:\/\/taboofashion.com\/hu\/\"},{\"@type\":\"ListItem\",\"position\":3,\"name\":\"Charlie mobiltelefon-tok k\u00e1rtyatart\u00f3val\"}]},{\"@type\":\"WebSite\",\"@id\":\"https:\/\/taboofashion.com\/hu\/#website\",\"url\":\"https:\/\/taboofashion.com\/hu\/\",\"name\":\"Fashion shop\",\"description\":\"\",\"publisher\":{\"@id\":\"https:\/\/taboofashion.com\/hu\/#organization\"},\"potentialAction\":[{\"@type\":\"SearchAction\",\"target\":{\"@type\":\"EntryPoint\",\"urlTemplate\":\"https:\/\/taboofashion.com\/hu\/?s={search_term_string}\"},\"query-input\":\"required name=search_term_string\"}],\"inLanguage\":\"hu\"},{\"@type\":\"Organization\",\"@id\":\"https:\/\/taboofashion.com\/hu\/#organization\",\"name\":\"Taboo Slovakia s.r.o.\",\"url\":\"https:\/\/taboofashion.com\/hu\/\",\"logo\":{\"@type\":\"ImageObject\",\"inLanguage\":\"hu\",\"@id\":\"https:\/\/taboofashion.com\/hu\/#\/schema\/logo\/image\/\",\"url\":\"https:\/\/taboofashion.com\/wp-content\/uploads\/2022\/12\/taboologo2100-002.png\",\"contentUrl\":\"https:\/\/taboofashion.com\/wp-content\/uploads\/2022\/12\/taboologo2100-002.png\",\"width\":2100,\"height\":1050,\"caption\":\"Taboo Slovakia s.r.o.\"},\"image\":{\"@id\":\"https:\/\/taboofashion.com\/hu\/#\/schema\/logo\/image\/\"},\"sameAs\":[\"https:\/\/www.facebook.com\/TabooSlovakia\",\"https:\/\/www.linkedin.com\/company\/541747\/\",\"https:\/\/www.instagram.com\/taboofashion.com1\/\"]}]}<\/script>\n<meta property=\"product:brand\" content=\"NEOBLU\" \/>\n<meta property=\"product:price:amount\" content=\"11052\" \/>\n<meta property=\"product:price:currency\" content=\"HUF\" \/>\n<meta property=\"og:availability\" content=\"instock\" \/>\n<meta property=\"product:availability\" content=\"instock\" \/>\n<meta property=\"product:retailer_item_id\" content=\"243797n1199\" \/>\n<meta property=\"product:condition\" content=\"new\" \/>\n<!-- \/ Yoast SEO plugin. -->","yoast_head_json":{"title":"Charlie mobiltelefon-tok k\u00e1rtyatart\u00f3val &#8211; Fashion shop","robots":{"index":"index","follow":"follow","max-snippet":"max-snippet:-1","max-image-preview":"max-image-preview:large","max-video-preview":"max-video-preview:-1"},"canonical":"https:\/\/taboofashion.com\/hu\/shop\/neoblu-charlie-mobiltelefon-tok-kartyatartoval\/","og_locale":"hu_HU","og_type":"article","og_title":"Charlie mobiltelefon-tok k\u00e1rtyatart\u00f3val &#8211; Fashion shop","og_description":"100% poliuret\u00e1n, b\u00e9l\u00e9s: 100% \u00fajrahasznos\u00edtott poli\u00e9szter","og_url":"https:\/\/taboofashion.com\/hu\/shop\/neoblu-charlie-mobiltelefon-tok-kartyatartoval\/","og_site_name":"Fashion shop","article_publisher":"https:\/\/www.facebook.com\/TabooSlovakia","twitter_card":"summary_large_image","schema":{"@context":"https:\/\/schema.org","@graph":[{"@type":"WebPage","@id":"https:\/\/taboofashion.com\/hu\/shop\/neoblu-charlie-mobiltelefon-tok-kartyatartoval\/","url":"https:\/\/taboofashion.com\/hu\/shop\/neoblu-charlie-mobiltelefon-tok-kartyatartoval\/","name":"Charlie mobiltelefon-tok k\u00e1rtyatart\u00f3val &#8211; Fashion shop","isPartOf":{"@id":"https:\/\/taboofashion.com\/hu\/#website"},"datePublished":"2022-08-28T20:04:39+00:00","dateModified":"2022-08-28T20:04:39+00:00","breadcrumb":{"@id":"https:\/\/taboofashion.com\/hu\/shop\/neoblu-charlie-mobiltelefon-tok-kartyatartoval\/#breadcrumb"},"inLanguage":"hu","potentialAction":[{"@type":"ReadAction","target":["https:\/\/taboofashion.com\/hu\/shop\/neoblu-charlie-mobiltelefon-tok-kartyatartoval\/"]}]},{"@type":"BreadcrumbList","@id":"https:\/\/taboofashion.com\/hu\/shop\/neoblu-charlie-mobiltelefon-tok-kartyatartoval\/#breadcrumb","itemListElement":[{"@type":"ListItem","position":1,"name":"Home","item":"https:\/\/taboofashion.com\/hu\/"},{"@type":"ListItem","position":2,"name":"Bolt","item":"https:\/\/taboofashion.com\/hu\/"},{"@type":"ListItem","position":3,"name":"Charlie mobiltelefon-tok k\u00e1rtyatart\u00f3val"}]},{"@type":"WebSite","@id":"https:\/\/taboofashion.com\/hu\/#website","url":"https:\/\/taboofashion.com\/hu\/","name":"Fashion shop","description":"","publisher":{"@id":"https:\/\/taboofashion.com\/hu\/#organization"},"potentialAction":[{"@type":"SearchAction","target":{"@type":"EntryPoint","urlTemplate":"https:\/\/taboofashion.com\/hu\/?s={search_term_string}"},"query-input":"required name=search_term_string"}],"inLanguage":"hu"},{"@type":"Organization","@id":"https:\/\/taboofashion.com\/hu\/#organization","name":"Taboo Slovakia s.r.o.","url":"https:\/\/taboofashion.com\/hu\/","logo":{"@type":"ImageObject","inLanguage":"hu","@id":"https:\/\/taboofashion.com\/hu\/#\/schema\/logo\/image\/","url":"https:\/\/taboofashion.com\/wp-content\/uploads\/2022\/12\/taboologo2100-002.png","contentUrl":"https:\/\/taboofashion.com\/wp-content\/uploads\/2022\/12\/taboologo2100-002.png","width":2100,"height":1050,"caption":"Taboo Slovakia s.r.o."},"image":{"@id":"https:\/\/taboofashion.com\/hu\/#\/schema\/logo\/image\/"},"sameAs":["https:\/\/www.facebook.com\/TabooSlovakia","https:\/\/www.linkedin.com\/company\/541747\/","https:\/\/www.instagram.com\/taboofashion.com1\/"]}]},"product_brand":"NEOBLU","product_price_amount":"11052","product_price_currency":"HUF","og_availability":"instock","product_availability":"instock","product_retailer_item_id":"243797n1199","product_condition":"new"},"_links":{"self":[{"href":"https:\/\/taboofashion.com\/hu\/wp-json\/wp\/v2\/product\/636803","targetHints":{"allow":["GET"]}}],"collection":[{"href":"https:\/\/taboofashion.com\/hu\/wp-json\/wp\/v2\/product"}],"about":[{"href":"https:\/\/taboofashion.com\/hu\/wp-json\/wp\/v2\/types\/product"}],"wp:featuredmedia":[{"embeddable":true,"href":"https:\/\/taboofashion.com\/hu\/wp-json\/wp\/v2\/media\/608389"}],"wp:attachment":[{"href":"https:\/\/taboofashion.com\/hu\/wp-json\/wp\/v2\/media?parent=636803"}],"wp:term":[{"taxonomy":"product_cat","embeddable":true,"href":"https:\/\/taboofashion.com\/hu\/wp-json\/wp\/v2\/product_cat?post=636803"},{"taxonomy":"product_tag","embeddable":true,"href":"https:\/\/taboofashion.com\/hu\/wp-json\/wp\/v2\/product_tag?post=636803"}],"curies":[{"name":"wp","href":"https:\/\/api.w.org\/{rel}","templated":true}]}}