{"id":636830,"date":"2022-08-28T06:49:32","date_gmt":"2022-08-28T04:49:32","guid":{"rendered":"https:\/\/taboofashion.com\/shop\/kimood-ki0202-bevasarlotaska-rozsa\/"},"modified":"2022-08-28T06:49:32","modified_gmt":"2022-08-28T04:49:32","slug":"kimood-ki0202-bevasarlotaska-rozsa","status":"publish","type":"product","link":"https:\/\/taboofashion.com\/hu\/shop\/kimood-ki0202-bevasarlotaska-rozsa\/","title":{"rendered":"KI0202 Bev\u00e1s\u00e1rl\u00f3t\u00e1ska Rose"},"content":{"rendered":"<p>Zsin\u00f3rz\u00e1r\u00e1s, ide\u00e1lis aj\u00e1nd\u00e9k- \u00e9s prom\u00f3ci\u00f3s cikk, r\u00f3zsa alak\u00fa tasakban \u00f6sszehajthat\u00f3, m\u00e9rete: kb. 39&#215;52 cm<\/p>\n","protected":false},"excerpt":{"rendered":"<p>190T poli\u00e9szter Taffeta\u00ae<\/p>\n","protected":false},"featured_media":598477,"template":"","meta":[],"product_cat":[3607],"product_tag":[],"class_list":{"0":"post-636830","1":"product","2":"type-product","3":"status-publish","4":"has-post-thumbnail","6":"product_cat-taskak","7":"pa_brand-kimood-hu","8":"pa_colour-aquakek","9":"pa_colour-feher","10":"pa_colour-fekete","11":"pa_colour-narancs","12":"pa_colour-valodi-sarga","13":"pa_size-onesize-hu","15":"first","16":"instock","17":"taxable","18":"shipping-taxable","19":"product-type-variable","20":"has-default-attributes"},"yoast_head":"<!-- This site is optimized with the Yoast SEO plugin v21.8 - https:\/\/yoast.com\/wordpress\/plugins\/seo\/ -->\n<title>KI0202 Bev\u00e1s\u00e1rl\u00f3t\u00e1ska Rose &#8211; Fashion shop<\/title>\n<meta name=\"robots\" content=\"index, follow, max-snippet:-1, max-image-preview:large, max-video-preview:-1\" \/>\n<link rel=\"canonical\" href=\"https:\/\/taboofashion.com\/hu\/shop\/kimood-ki0202-bevasarlotaska-rozsa\/\" \/>\n<meta property=\"og:locale\" content=\"hu_HU\" \/>\n<meta property=\"og:type\" content=\"article\" \/>\n<meta property=\"og:title\" content=\"KI0202 Bev\u00e1s\u00e1rl\u00f3t\u00e1ska Rose &#8211; Fashion shop\" \/>\n<meta property=\"og:description\" content=\"190T poli\u00e9szter Taffeta\u00ae\" \/>\n<meta property=\"og:url\" content=\"https:\/\/taboofashion.com\/hu\/shop\/kimood-ki0202-bevasarlotaska-rozsa\/\" \/>\n<meta property=\"og:site_name\" content=\"Fashion shop\" \/>\n<meta property=\"article:publisher\" content=\"https:\/\/www.facebook.com\/TabooSlovakia\" \/>\n<meta name=\"twitter:card\" content=\"summary_large_image\" \/>\n<script type=\"application\/ld+json\" class=\"yoast-schema-graph\">{\"@context\":\"https:\/\/schema.org\",\"@graph\":[{\"@type\":\"WebPage\",\"@id\":\"https:\/\/taboofashion.com\/hu\/shop\/kimood-ki0202-bevasarlotaska-rozsa\/\",\"url\":\"https:\/\/taboofashion.com\/hu\/shop\/kimood-ki0202-bevasarlotaska-rozsa\/\",\"name\":\"KI0202 Bev\u00e1s\u00e1rl\u00f3t\u00e1ska Rose &#8211; Fashion shop\",\"isPartOf\":{\"@id\":\"https:\/\/taboofashion.com\/hu\/#website\"},\"datePublished\":\"2022-08-28T04:49:32+00:00\",\"dateModified\":\"2022-08-28T04:49:32+00:00\",\"breadcrumb\":{\"@id\":\"https:\/\/taboofashion.com\/hu\/shop\/kimood-ki0202-bevasarlotaska-rozsa\/#breadcrumb\"},\"inLanguage\":\"hu\",\"potentialAction\":[{\"@type\":\"ReadAction\",\"target\":[\"https:\/\/taboofashion.com\/hu\/shop\/kimood-ki0202-bevasarlotaska-rozsa\/\"]}]},{\"@type\":\"BreadcrumbList\",\"@id\":\"https:\/\/taboofashion.com\/hu\/shop\/kimood-ki0202-bevasarlotaska-rozsa\/#breadcrumb\",\"itemListElement\":[{\"@type\":\"ListItem\",\"position\":1,\"name\":\"Home\",\"item\":\"https:\/\/taboofashion.com\/hu\/\"},{\"@type\":\"ListItem\",\"position\":2,\"name\":\"Bolt\",\"item\":\"https:\/\/taboofashion.com\/hu\/\"},{\"@type\":\"ListItem\",\"position\":3,\"name\":\"KI0202 Bev\u00e1s\u00e1rl\u00f3t\u00e1ska Rose\"}]},{\"@type\":\"WebSite\",\"@id\":\"https:\/\/taboofashion.com\/hu\/#website\",\"url\":\"https:\/\/taboofashion.com\/hu\/\",\"name\":\"Fashion shop\",\"description\":\"\",\"publisher\":{\"@id\":\"https:\/\/taboofashion.com\/hu\/#organization\"},\"potentialAction\":[{\"@type\":\"SearchAction\",\"target\":{\"@type\":\"EntryPoint\",\"urlTemplate\":\"https:\/\/taboofashion.com\/hu\/?s={search_term_string}\"},\"query-input\":\"required name=search_term_string\"}],\"inLanguage\":\"hu\"},{\"@type\":\"Organization\",\"@id\":\"https:\/\/taboofashion.com\/hu\/#organization\",\"name\":\"Taboo Slovakia s.r.o.\",\"url\":\"https:\/\/taboofashion.com\/hu\/\",\"logo\":{\"@type\":\"ImageObject\",\"inLanguage\":\"hu\",\"@id\":\"https:\/\/taboofashion.com\/hu\/#\/schema\/logo\/image\/\",\"url\":\"https:\/\/taboofashion.com\/wp-content\/uploads\/2022\/12\/taboologo2100-002.png\",\"contentUrl\":\"https:\/\/taboofashion.com\/wp-content\/uploads\/2022\/12\/taboologo2100-002.png\",\"width\":2100,\"height\":1050,\"caption\":\"Taboo Slovakia s.r.o.\"},\"image\":{\"@id\":\"https:\/\/taboofashion.com\/hu\/#\/schema\/logo\/image\/\"},\"sameAs\":[\"https:\/\/www.facebook.com\/TabooSlovakia\",\"https:\/\/www.linkedin.com\/company\/541747\/\",\"https:\/\/www.instagram.com\/taboofashion.com1\/\"]}]}<\/script>\n<meta property=\"product:brand\" content=\"KiMood\" \/>\n<meta property=\"og:availability\" content=\"instock\" \/>\n<meta property=\"product:availability\" content=\"instock\" \/>\n<meta property=\"product:retailer_item_id\" content=\"19020200199\" \/>\n<meta property=\"product:condition\" content=\"new\" \/>\n<!-- \/ Yoast SEO plugin. -->","yoast_head_json":{"title":"KI0202 Bev\u00e1s\u00e1rl\u00f3t\u00e1ska Rose &#8211; Fashion shop","robots":{"index":"index","follow":"follow","max-snippet":"max-snippet:-1","max-image-preview":"max-image-preview:large","max-video-preview":"max-video-preview:-1"},"canonical":"https:\/\/taboofashion.com\/hu\/shop\/kimood-ki0202-bevasarlotaska-rozsa\/","og_locale":"hu_HU","og_type":"article","og_title":"KI0202 Bev\u00e1s\u00e1rl\u00f3t\u00e1ska Rose &#8211; Fashion shop","og_description":"190T poli\u00e9szter Taffeta\u00ae","og_url":"https:\/\/taboofashion.com\/hu\/shop\/kimood-ki0202-bevasarlotaska-rozsa\/","og_site_name":"Fashion shop","article_publisher":"https:\/\/www.facebook.com\/TabooSlovakia","twitter_card":"summary_large_image","schema":{"@context":"https:\/\/schema.org","@graph":[{"@type":"WebPage","@id":"https:\/\/taboofashion.com\/hu\/shop\/kimood-ki0202-bevasarlotaska-rozsa\/","url":"https:\/\/taboofashion.com\/hu\/shop\/kimood-ki0202-bevasarlotaska-rozsa\/","name":"KI0202 Bev\u00e1s\u00e1rl\u00f3t\u00e1ska Rose &#8211; Fashion shop","isPartOf":{"@id":"https:\/\/taboofashion.com\/hu\/#website"},"datePublished":"2022-08-28T04:49:32+00:00","dateModified":"2022-08-28T04:49:32+00:00","breadcrumb":{"@id":"https:\/\/taboofashion.com\/hu\/shop\/kimood-ki0202-bevasarlotaska-rozsa\/#breadcrumb"},"inLanguage":"hu","potentialAction":[{"@type":"ReadAction","target":["https:\/\/taboofashion.com\/hu\/shop\/kimood-ki0202-bevasarlotaska-rozsa\/"]}]},{"@type":"BreadcrumbList","@id":"https:\/\/taboofashion.com\/hu\/shop\/kimood-ki0202-bevasarlotaska-rozsa\/#breadcrumb","itemListElement":[{"@type":"ListItem","position":1,"name":"Home","item":"https:\/\/taboofashion.com\/hu\/"},{"@type":"ListItem","position":2,"name":"Bolt","item":"https:\/\/taboofashion.com\/hu\/"},{"@type":"ListItem","position":3,"name":"KI0202 Bev\u00e1s\u00e1rl\u00f3t\u00e1ska Rose"}]},{"@type":"WebSite","@id":"https:\/\/taboofashion.com\/hu\/#website","url":"https:\/\/taboofashion.com\/hu\/","name":"Fashion shop","description":"","publisher":{"@id":"https:\/\/taboofashion.com\/hu\/#organization"},"potentialAction":[{"@type":"SearchAction","target":{"@type":"EntryPoint","urlTemplate":"https:\/\/taboofashion.com\/hu\/?s={search_term_string}"},"query-input":"required name=search_term_string"}],"inLanguage":"hu"},{"@type":"Organization","@id":"https:\/\/taboofashion.com\/hu\/#organization","name":"Taboo Slovakia s.r.o.","url":"https:\/\/taboofashion.com\/hu\/","logo":{"@type":"ImageObject","inLanguage":"hu","@id":"https:\/\/taboofashion.com\/hu\/#\/schema\/logo\/image\/","url":"https:\/\/taboofashion.com\/wp-content\/uploads\/2022\/12\/taboologo2100-002.png","contentUrl":"https:\/\/taboofashion.com\/wp-content\/uploads\/2022\/12\/taboologo2100-002.png","width":2100,"height":1050,"caption":"Taboo Slovakia s.r.o."},"image":{"@id":"https:\/\/taboofashion.com\/hu\/#\/schema\/logo\/image\/"},"sameAs":["https:\/\/www.facebook.com\/TabooSlovakia","https:\/\/www.linkedin.com\/company\/541747\/","https:\/\/www.instagram.com\/taboofashion.com1\/"]}]},"product_brand":"KiMood","og_availability":"instock","product_availability":"instock","product_retailer_item_id":"19020200199","product_condition":"new"},"_links":{"self":[{"href":"https:\/\/taboofashion.com\/hu\/wp-json\/wp\/v2\/product\/636830","targetHints":{"allow":["GET"]}}],"collection":[{"href":"https:\/\/taboofashion.com\/hu\/wp-json\/wp\/v2\/product"}],"about":[{"href":"https:\/\/taboofashion.com\/hu\/wp-json\/wp\/v2\/types\/product"}],"wp:featuredmedia":[{"embeddable":true,"href":"https:\/\/taboofashion.com\/hu\/wp-json\/wp\/v2\/media\/598477"}],"wp:attachment":[{"href":"https:\/\/taboofashion.com\/hu\/wp-json\/wp\/v2\/media?parent=636830"}],"wp:term":[{"taxonomy":"product_cat","embeddable":true,"href":"https:\/\/taboofashion.com\/hu\/wp-json\/wp\/v2\/product_cat?post=636830"},{"taxonomy":"product_tag","embeddable":true,"href":"https:\/\/taboofashion.com\/hu\/wp-json\/wp\/v2\/product_tag?post=636830"}],"curies":[{"name":"wp","href":"https:\/\/api.w.org\/{rel}","templated":true}]}}