{"id":636845,"date":"2022-08-30T06:00:47","date_gmt":"2022-08-30T04:00:47","guid":{"rendered":"https:\/\/taboofashion.com\/shop\/premier-pr750-satin-tie-colors\/"},"modified":"2022-08-30T06:00:47","modified_gmt":"2022-08-30T04:00:47","slug":"premier-pr750-satin-tie-colors","status":"publish","type":"product","link":"https:\/\/taboofashion.com\/hu\/shop\/premier-pr750-satin-tie-colors\/","title":{"rendered":"PR750 szat\u00e9n nyakkend\u0151 &#8222;Colours&#8221;"},"content":{"rendered":"<p>V\u00e9kony forma, hozz\u00e1ill\u0151 s\u00e1l art. 39.0730 \u00e9s 39.0740, m\u00e9ret: 144&#215;8.5cm, mos\u00f3g\u00e9pben moshat\u00f3, 40\u00b0-on moshat\u00f3<\/p>\n","protected":false},"excerpt":{"rendered":"<p>100% poli\u00e9szter szat\u00e9n, sz\u00f6v\u00f6tt<\/p>\n","protected":false},"featured_media":608215,"template":"","meta":[],"product_cat":[3608,3621,3625,3605],"product_tag":[6883],"class_list":{"0":"post-636845","1":"product","2":"type-product","3":"status-publish","4":"has-post-thumbnail","6":"product_cat-uzleti-viselet","7":"product_cat-ingek","8":"product_cat-munkaruha-vedoruhazat","9":"product_cat-kiegeszitok","10":"product_tag-nyakkendo","11":"pa_brand-premier-hu","12":"pa_colour-acel","13":"pa_colour-barna-hu","14":"pa_colour-bordo","15":"pa_colour-citrom","16":"pa_colour-eper-piros","17":"pa_colour-ezust-2","18":"pa_colour-feher","19":"pa_colour-fekete","20":"pa_colour-forro-rozsaszin-hu","21":"pa_colour-fukszia","22":"pa_colour-gazdag-ibolya","23":"pa_colour-gesztenye","24":"pa_colour-khaki-hu","25":"pa_colour-kiralyi-hu","26":"pa_colour-kozepkek-hu-3","27":"pa_colour-lila-hu","28":"pa_colour-lila","29":"pa_colour-lime-hu","30":"pa_colour-mokka-hu","31":"pa_colour-napraforgo-hu","32":"pa_colour-narancs","33":"pa_colour-oazis-zold","34":"pa_colour-olivaolaj","35":"pa_colour-padlizsan-hu","36":"pa_colour-palack","37":"pa_colour-piros","38":"pa_colour-rozsaszin","39":"pa_colour-smaragd-hu","40":"pa_colour-sotetszurke","41":"pa_colour-teal-hu-2","42":"pa_colour-tengereszgyalogsag","43":"pa_colour-tengerkek","44":"pa_colour-termeszetes","45":"pa_colour-terrakotta-hu","46":"pa_colour-turkizkek-hu","47":"pa_colour-vilagoskek","48":"pa_colour-zafir","49":"pa_colour-zsalya","50":"pa_colour-alma-zold","51":"pa_size-onesize-hu","53":"first","54":"instock","55":"taxable","56":"shipping-taxable","57":"purchasable","58":"product-type-variable","59":"has-default-attributes"},"yoast_head":"<!-- This site is optimized with the Yoast SEO plugin v21.8 - https:\/\/yoast.com\/wordpress\/plugins\/seo\/ -->\n<title>PR750 szat\u00e9n nyakkend\u0151 &quot;Colours&quot; &#8211; Fashion shop<\/title>\n<meta name=\"robots\" content=\"index, follow, max-snippet:-1, max-image-preview:large, max-video-preview:-1\" \/>\n<link rel=\"canonical\" href=\"https:\/\/taboofashion.com\/hu\/shop\/premier-pr750-satin-tie-colors\/\" \/>\n<meta property=\"og:locale\" content=\"hu_HU\" \/>\n<meta property=\"og:type\" content=\"article\" \/>\n<meta property=\"og:title\" content=\"PR750 szat\u00e9n nyakkend\u0151 &quot;Colours&quot; &#8211; Fashion shop\" \/>\n<meta property=\"og:description\" content=\"100% poli\u00e9szter szat\u00e9n, sz\u00f6v\u00f6tt\" \/>\n<meta property=\"og:url\" content=\"https:\/\/taboofashion.com\/hu\/shop\/premier-pr750-satin-tie-colors\/\" \/>\n<meta property=\"og:site_name\" content=\"Fashion shop\" \/>\n<meta property=\"article:publisher\" content=\"https:\/\/www.facebook.com\/TabooSlovakia\" \/>\n<meta name=\"twitter:card\" content=\"summary_large_image\" \/>\n<script type=\"application\/ld+json\" class=\"yoast-schema-graph\">{\"@context\":\"https:\/\/schema.org\",\"@graph\":[{\"@type\":\"WebPage\",\"@id\":\"https:\/\/taboofashion.com\/hu\/shop\/premier-pr750-satin-tie-colors\/\",\"url\":\"https:\/\/taboofashion.com\/hu\/shop\/premier-pr750-satin-tie-colors\/\",\"name\":\"PR750 szat\u00e9n nyakkend\u0151 \\\"Colours\\\" &#8211; Fashion shop\",\"isPartOf\":{\"@id\":\"https:\/\/taboofashion.com\/hu\/#website\"},\"datePublished\":\"2022-08-30T04:00:47+00:00\",\"dateModified\":\"2022-08-30T04:00:47+00:00\",\"breadcrumb\":{\"@id\":\"https:\/\/taboofashion.com\/hu\/shop\/premier-pr750-satin-tie-colors\/#breadcrumb\"},\"inLanguage\":\"hu\",\"potentialAction\":[{\"@type\":\"ReadAction\",\"target\":[\"https:\/\/taboofashion.com\/hu\/shop\/premier-pr750-satin-tie-colors\/\"]}]},{\"@type\":\"BreadcrumbList\",\"@id\":\"https:\/\/taboofashion.com\/hu\/shop\/premier-pr750-satin-tie-colors\/#breadcrumb\",\"itemListElement\":[{\"@type\":\"ListItem\",\"position\":1,\"name\":\"Home\",\"item\":\"https:\/\/taboofashion.com\/hu\/\"},{\"@type\":\"ListItem\",\"position\":2,\"name\":\"Bolt\",\"item\":\"https:\/\/taboofashion.com\/hu\/\"},{\"@type\":\"ListItem\",\"position\":3,\"name\":\"PR750 szat\u00e9n nyakkend\u0151 &#8222;Colours&#8221;\"}]},{\"@type\":\"WebSite\",\"@id\":\"https:\/\/taboofashion.com\/hu\/#website\",\"url\":\"https:\/\/taboofashion.com\/hu\/\",\"name\":\"Fashion shop\",\"description\":\"\",\"publisher\":{\"@id\":\"https:\/\/taboofashion.com\/hu\/#organization\"},\"potentialAction\":[{\"@type\":\"SearchAction\",\"target\":{\"@type\":\"EntryPoint\",\"urlTemplate\":\"https:\/\/taboofashion.com\/hu\/?s={search_term_string}\"},\"query-input\":\"required name=search_term_string\"}],\"inLanguage\":\"hu\"},{\"@type\":\"Organization\",\"@id\":\"https:\/\/taboofashion.com\/hu\/#organization\",\"name\":\"Taboo Slovakia s.r.o.\",\"url\":\"https:\/\/taboofashion.com\/hu\/\",\"logo\":{\"@type\":\"ImageObject\",\"inLanguage\":\"hu\",\"@id\":\"https:\/\/taboofashion.com\/hu\/#\/schema\/logo\/image\/\",\"url\":\"https:\/\/taboofashion.com\/wp-content\/uploads\/2022\/12\/taboologo2100-002.png\",\"contentUrl\":\"https:\/\/taboofashion.com\/wp-content\/uploads\/2022\/12\/taboologo2100-002.png\",\"width\":2100,\"height\":1050,\"caption\":\"Taboo Slovakia s.r.o.\"},\"image\":{\"@id\":\"https:\/\/taboofashion.com\/hu\/#\/schema\/logo\/image\/\"},\"sameAs\":[\"https:\/\/www.facebook.com\/TabooSlovakia\",\"https:\/\/www.linkedin.com\/company\/541747\/\",\"https:\/\/www.instagram.com\/taboofashion.com1\/\"]}]}<\/script>\n<meta property=\"product:brand\" content=\"Premier\" \/>\n<meta property=\"og:availability\" content=\"instock\" \/>\n<meta property=\"product:availability\" content=\"instock\" \/>\n<meta property=\"product:retailer_item_id\" content=\"39075000199\" \/>\n<meta property=\"product:condition\" content=\"new\" \/>\n<!-- \/ Yoast SEO plugin. -->","yoast_head_json":{"title":"PR750 szat\u00e9n nyakkend\u0151 \"Colours\" &#8211; Fashion shop","robots":{"index":"index","follow":"follow","max-snippet":"max-snippet:-1","max-image-preview":"max-image-preview:large","max-video-preview":"max-video-preview:-1"},"canonical":"https:\/\/taboofashion.com\/hu\/shop\/premier-pr750-satin-tie-colors\/","og_locale":"hu_HU","og_type":"article","og_title":"PR750 szat\u00e9n nyakkend\u0151 \"Colours\" &#8211; Fashion shop","og_description":"100% poli\u00e9szter szat\u00e9n, sz\u00f6v\u00f6tt","og_url":"https:\/\/taboofashion.com\/hu\/shop\/premier-pr750-satin-tie-colors\/","og_site_name":"Fashion shop","article_publisher":"https:\/\/www.facebook.com\/TabooSlovakia","twitter_card":"summary_large_image","schema":{"@context":"https:\/\/schema.org","@graph":[{"@type":"WebPage","@id":"https:\/\/taboofashion.com\/hu\/shop\/premier-pr750-satin-tie-colors\/","url":"https:\/\/taboofashion.com\/hu\/shop\/premier-pr750-satin-tie-colors\/","name":"PR750 szat\u00e9n nyakkend\u0151 \"Colours\" &#8211; Fashion shop","isPartOf":{"@id":"https:\/\/taboofashion.com\/hu\/#website"},"datePublished":"2022-08-30T04:00:47+00:00","dateModified":"2022-08-30T04:00:47+00:00","breadcrumb":{"@id":"https:\/\/taboofashion.com\/hu\/shop\/premier-pr750-satin-tie-colors\/#breadcrumb"},"inLanguage":"hu","potentialAction":[{"@type":"ReadAction","target":["https:\/\/taboofashion.com\/hu\/shop\/premier-pr750-satin-tie-colors\/"]}]},{"@type":"BreadcrumbList","@id":"https:\/\/taboofashion.com\/hu\/shop\/premier-pr750-satin-tie-colors\/#breadcrumb","itemListElement":[{"@type":"ListItem","position":1,"name":"Home","item":"https:\/\/taboofashion.com\/hu\/"},{"@type":"ListItem","position":2,"name":"Bolt","item":"https:\/\/taboofashion.com\/hu\/"},{"@type":"ListItem","position":3,"name":"PR750 szat\u00e9n nyakkend\u0151 &#8222;Colours&#8221;"}]},{"@type":"WebSite","@id":"https:\/\/taboofashion.com\/hu\/#website","url":"https:\/\/taboofashion.com\/hu\/","name":"Fashion shop","description":"","publisher":{"@id":"https:\/\/taboofashion.com\/hu\/#organization"},"potentialAction":[{"@type":"SearchAction","target":{"@type":"EntryPoint","urlTemplate":"https:\/\/taboofashion.com\/hu\/?s={search_term_string}"},"query-input":"required name=search_term_string"}],"inLanguage":"hu"},{"@type":"Organization","@id":"https:\/\/taboofashion.com\/hu\/#organization","name":"Taboo Slovakia s.r.o.","url":"https:\/\/taboofashion.com\/hu\/","logo":{"@type":"ImageObject","inLanguage":"hu","@id":"https:\/\/taboofashion.com\/hu\/#\/schema\/logo\/image\/","url":"https:\/\/taboofashion.com\/wp-content\/uploads\/2022\/12\/taboologo2100-002.png","contentUrl":"https:\/\/taboofashion.com\/wp-content\/uploads\/2022\/12\/taboologo2100-002.png","width":2100,"height":1050,"caption":"Taboo Slovakia s.r.o."},"image":{"@id":"https:\/\/taboofashion.com\/hu\/#\/schema\/logo\/image\/"},"sameAs":["https:\/\/www.facebook.com\/TabooSlovakia","https:\/\/www.linkedin.com\/company\/541747\/","https:\/\/www.instagram.com\/taboofashion.com1\/"]}]},"product_brand":"Premier","og_availability":"instock","product_availability":"instock","product_retailer_item_id":"39075000199","product_condition":"new"},"_links":{"self":[{"href":"https:\/\/taboofashion.com\/hu\/wp-json\/wp\/v2\/product\/636845","targetHints":{"allow":["GET"]}}],"collection":[{"href":"https:\/\/taboofashion.com\/hu\/wp-json\/wp\/v2\/product"}],"about":[{"href":"https:\/\/taboofashion.com\/hu\/wp-json\/wp\/v2\/types\/product"}],"wp:featuredmedia":[{"embeddable":true,"href":"https:\/\/taboofashion.com\/hu\/wp-json\/wp\/v2\/media\/608215"}],"wp:attachment":[{"href":"https:\/\/taboofashion.com\/hu\/wp-json\/wp\/v2\/media?parent=636845"}],"wp:term":[{"taxonomy":"product_cat","embeddable":true,"href":"https:\/\/taboofashion.com\/hu\/wp-json\/wp\/v2\/product_cat?post=636845"},{"taxonomy":"product_tag","embeddable":true,"href":"https:\/\/taboofashion.com\/hu\/wp-json\/wp\/v2\/product_tag?post=636845"}],"curies":[{"name":"wp","href":"https:\/\/api.w.org\/{rel}","templated":true}]}}