{"id":637242,"date":"2022-08-28T20:21:56","date_gmt":"2022-08-28T18:21:56","guid":{"rendered":"https:\/\/taboofashion.com\/shop\/neoblu-max-noi-holgy-melleny\/"},"modified":"2022-08-28T20:21:56","modified_gmt":"2022-08-28T18:21:56","slug":"neoblu-max-noi-holgy-melleny","status":"publish","type":"product","link":"https:\/\/taboofashion.com\/hu\/shop\/neoblu-max-noi-holgy-melleny\/","title":{"rendered":"Max n\u0151i mell\u00e9ny"},"content":{"rendered":"<p>5 gomb, 2 el\u00fcls\u0151 zseb cs\u0151vel, h\u00e1tul \u00e1ll\u00edthat\u00f3 p\u00e1nt f\u00e9m csattal, francia m\u00e9retek: n\u00e9zze meg m\u00e9rett\u00e1bl\u00e1zatunkat, 30\u00b0-on moshat\u00f3<\/p>\n","protected":false},"excerpt":{"rendered":"<p>204 g\/m\u00b2, 66% poli\u00e9szter, 34% viszk\u00f3z, twill, b\u00e9l\u00e9ssz\u00f6vet \u00e9s h\u00e1tr\u00e9sz: 100% poli\u00e9szter Taffeta\u00ae<\/p>\n","protected":false},"featured_media":608461,"template":"","meta":[],"product_cat":[3608],"product_tag":[6893],"class_list":{"0":"post-637242","1":"product","2":"type-product","3":"status-publish","4":"has-post-thumbnail","6":"product_cat-uzleti-viselet","7":"product_tag-noi-melleny","8":"pa_brand-neoblu-hu","9":"pa_colour-antracit-melange","10":"pa_colour-ejszakai-kek-2","11":"pa_colour-melyfekete-hu","12":"pa_size-34-hu","13":"pa_size-36-hu","14":"pa_size-38-hu","15":"pa_size-40-hu","16":"pa_size-42-hu","17":"pa_size-44-hu","18":"pa_size-46-hu","20":"first","21":"instock","22":"taxable","23":"shipping-taxable","24":"purchasable","25":"product-type-variable","26":"has-default-attributes"},"yoast_head":"<!-- This site is optimized with the Yoast SEO plugin v21.8 - https:\/\/yoast.com\/wordpress\/plugins\/seo\/ -->\n<title>Max n\u0151i mell\u00e9ny &#8211; Fashion shop<\/title>\n<meta name=\"robots\" content=\"index, follow, max-snippet:-1, max-image-preview:large, max-video-preview:-1\" \/>\n<link rel=\"canonical\" href=\"https:\/\/taboofashion.com\/hu\/shop\/neoblu-max-noi-holgy-melleny\/\" \/>\n<meta property=\"og:locale\" content=\"hu_HU\" \/>\n<meta property=\"og:type\" content=\"article\" \/>\n<meta property=\"og:title\" content=\"Max n\u0151i mell\u00e9ny &#8211; Fashion shop\" \/>\n<meta property=\"og:description\" content=\"204 g\/m\u00b2, 66% poli\u00e9szter, 34% viszk\u00f3z, twill, b\u00e9l\u00e9ssz\u00f6vet \u00e9s h\u00e1tr\u00e9sz: 100% poli\u00e9szter Taffeta\u00ae\" \/>\n<meta property=\"og:url\" content=\"https:\/\/taboofashion.com\/hu\/shop\/neoblu-max-noi-holgy-melleny\/\" \/>\n<meta property=\"og:site_name\" content=\"Fashion shop\" \/>\n<meta property=\"article:publisher\" content=\"https:\/\/www.facebook.com\/TabooSlovakia\" \/>\n<meta name=\"twitter:card\" content=\"summary_large_image\" \/>\n<script type=\"application\/ld+json\" class=\"yoast-schema-graph\">{\"@context\":\"https:\/\/schema.org\",\"@graph\":[{\"@type\":\"WebPage\",\"@id\":\"https:\/\/taboofashion.com\/hu\/shop\/neoblu-max-noi-holgy-melleny\/\",\"url\":\"https:\/\/taboofashion.com\/hu\/shop\/neoblu-max-noi-holgy-melleny\/\",\"name\":\"Max n\u0151i mell\u00e9ny &#8211; Fashion shop\",\"isPartOf\":{\"@id\":\"https:\/\/taboofashion.com\/hu\/#website\"},\"datePublished\":\"2022-08-28T18:21:56+00:00\",\"dateModified\":\"2022-08-28T18:21:56+00:00\",\"breadcrumb\":{\"@id\":\"https:\/\/taboofashion.com\/hu\/shop\/neoblu-max-noi-holgy-melleny\/#breadcrumb\"},\"inLanguage\":\"hu\",\"potentialAction\":[{\"@type\":\"ReadAction\",\"target\":[\"https:\/\/taboofashion.com\/hu\/shop\/neoblu-max-noi-holgy-melleny\/\"]}]},{\"@type\":\"BreadcrumbList\",\"@id\":\"https:\/\/taboofashion.com\/hu\/shop\/neoblu-max-noi-holgy-melleny\/#breadcrumb\",\"itemListElement\":[{\"@type\":\"ListItem\",\"position\":1,\"name\":\"Home\",\"item\":\"https:\/\/taboofashion.com\/hu\/\"},{\"@type\":\"ListItem\",\"position\":2,\"name\":\"Bolt\",\"item\":\"https:\/\/taboofashion.com\/hu\/\"},{\"@type\":\"ListItem\",\"position\":3,\"name\":\"Max n\u0151i mell\u00e9ny\"}]},{\"@type\":\"WebSite\",\"@id\":\"https:\/\/taboofashion.com\/hu\/#website\",\"url\":\"https:\/\/taboofashion.com\/hu\/\",\"name\":\"Fashion shop\",\"description\":\"\",\"publisher\":{\"@id\":\"https:\/\/taboofashion.com\/hu\/#organization\"},\"potentialAction\":[{\"@type\":\"SearchAction\",\"target\":{\"@type\":\"EntryPoint\",\"urlTemplate\":\"https:\/\/taboofashion.com\/hu\/?s={search_term_string}\"},\"query-input\":\"required name=search_term_string\"}],\"inLanguage\":\"hu\"},{\"@type\":\"Organization\",\"@id\":\"https:\/\/taboofashion.com\/hu\/#organization\",\"name\":\"Taboo Slovakia s.r.o.\",\"url\":\"https:\/\/taboofashion.com\/hu\/\",\"logo\":{\"@type\":\"ImageObject\",\"inLanguage\":\"hu\",\"@id\":\"https:\/\/taboofashion.com\/hu\/#\/schema\/logo\/image\/\",\"url\":\"https:\/\/taboofashion.com\/wp-content\/uploads\/2022\/12\/taboologo2100-002.png\",\"contentUrl\":\"https:\/\/taboofashion.com\/wp-content\/uploads\/2022\/12\/taboologo2100-002.png\",\"width\":2100,\"height\":1050,\"caption\":\"Taboo Slovakia s.r.o.\"},\"image\":{\"@id\":\"https:\/\/taboofashion.com\/hu\/#\/schema\/logo\/image\/\"},\"sameAs\":[\"https:\/\/www.facebook.com\/TabooSlovakia\",\"https:\/\/www.linkedin.com\/company\/541747\/\",\"https:\/\/www.instagram.com\/taboofashion.com1\/\"]}]}<\/script>\n<meta property=\"product:brand\" content=\"NEOBLU\" \/>\n<meta property=\"og:availability\" content=\"instock\" \/>\n<meta property=\"product:availability\" content=\"instock\" \/>\n<meta property=\"product:retailer_item_id\" content=\"243167021t9\" \/>\n<meta property=\"product:condition\" content=\"new\" \/>\n<!-- \/ Yoast SEO plugin. -->","yoast_head_json":{"title":"Max n\u0151i mell\u00e9ny &#8211; Fashion shop","robots":{"index":"index","follow":"follow","max-snippet":"max-snippet:-1","max-image-preview":"max-image-preview:large","max-video-preview":"max-video-preview:-1"},"canonical":"https:\/\/taboofashion.com\/hu\/shop\/neoblu-max-noi-holgy-melleny\/","og_locale":"hu_HU","og_type":"article","og_title":"Max n\u0151i mell\u00e9ny &#8211; Fashion shop","og_description":"204 g\/m\u00b2, 66% poli\u00e9szter, 34% viszk\u00f3z, twill, b\u00e9l\u00e9ssz\u00f6vet \u00e9s h\u00e1tr\u00e9sz: 100% poli\u00e9szter Taffeta\u00ae","og_url":"https:\/\/taboofashion.com\/hu\/shop\/neoblu-max-noi-holgy-melleny\/","og_site_name":"Fashion shop","article_publisher":"https:\/\/www.facebook.com\/TabooSlovakia","twitter_card":"summary_large_image","schema":{"@context":"https:\/\/schema.org","@graph":[{"@type":"WebPage","@id":"https:\/\/taboofashion.com\/hu\/shop\/neoblu-max-noi-holgy-melleny\/","url":"https:\/\/taboofashion.com\/hu\/shop\/neoblu-max-noi-holgy-melleny\/","name":"Max n\u0151i mell\u00e9ny &#8211; Fashion shop","isPartOf":{"@id":"https:\/\/taboofashion.com\/hu\/#website"},"datePublished":"2022-08-28T18:21:56+00:00","dateModified":"2022-08-28T18:21:56+00:00","breadcrumb":{"@id":"https:\/\/taboofashion.com\/hu\/shop\/neoblu-max-noi-holgy-melleny\/#breadcrumb"},"inLanguage":"hu","potentialAction":[{"@type":"ReadAction","target":["https:\/\/taboofashion.com\/hu\/shop\/neoblu-max-noi-holgy-melleny\/"]}]},{"@type":"BreadcrumbList","@id":"https:\/\/taboofashion.com\/hu\/shop\/neoblu-max-noi-holgy-melleny\/#breadcrumb","itemListElement":[{"@type":"ListItem","position":1,"name":"Home","item":"https:\/\/taboofashion.com\/hu\/"},{"@type":"ListItem","position":2,"name":"Bolt","item":"https:\/\/taboofashion.com\/hu\/"},{"@type":"ListItem","position":3,"name":"Max n\u0151i mell\u00e9ny"}]},{"@type":"WebSite","@id":"https:\/\/taboofashion.com\/hu\/#website","url":"https:\/\/taboofashion.com\/hu\/","name":"Fashion shop","description":"","publisher":{"@id":"https:\/\/taboofashion.com\/hu\/#organization"},"potentialAction":[{"@type":"SearchAction","target":{"@type":"EntryPoint","urlTemplate":"https:\/\/taboofashion.com\/hu\/?s={search_term_string}"},"query-input":"required name=search_term_string"}],"inLanguage":"hu"},{"@type":"Organization","@id":"https:\/\/taboofashion.com\/hu\/#organization","name":"Taboo Slovakia s.r.o.","url":"https:\/\/taboofashion.com\/hu\/","logo":{"@type":"ImageObject","inLanguage":"hu","@id":"https:\/\/taboofashion.com\/hu\/#\/schema\/logo\/image\/","url":"https:\/\/taboofashion.com\/wp-content\/uploads\/2022\/12\/taboologo2100-002.png","contentUrl":"https:\/\/taboofashion.com\/wp-content\/uploads\/2022\/12\/taboologo2100-002.png","width":2100,"height":1050,"caption":"Taboo Slovakia s.r.o."},"image":{"@id":"https:\/\/taboofashion.com\/hu\/#\/schema\/logo\/image\/"},"sameAs":["https:\/\/www.facebook.com\/TabooSlovakia","https:\/\/www.linkedin.com\/company\/541747\/","https:\/\/www.instagram.com\/taboofashion.com1\/"]}]},"product_brand":"NEOBLU","og_availability":"instock","product_availability":"instock","product_retailer_item_id":"243167021t9","product_condition":"new"},"_links":{"self":[{"href":"https:\/\/taboofashion.com\/hu\/wp-json\/wp\/v2\/product\/637242","targetHints":{"allow":["GET"]}}],"collection":[{"href":"https:\/\/taboofashion.com\/hu\/wp-json\/wp\/v2\/product"}],"about":[{"href":"https:\/\/taboofashion.com\/hu\/wp-json\/wp\/v2\/types\/product"}],"wp:featuredmedia":[{"embeddable":true,"href":"https:\/\/taboofashion.com\/hu\/wp-json\/wp\/v2\/media\/608461"}],"wp:attachment":[{"href":"https:\/\/taboofashion.com\/hu\/wp-json\/wp\/v2\/media?parent=637242"}],"wp:term":[{"taxonomy":"product_cat","embeddable":true,"href":"https:\/\/taboofashion.com\/hu\/wp-json\/wp\/v2\/product_cat?post=637242"},{"taxonomy":"product_tag","embeddable":true,"href":"https:\/\/taboofashion.com\/hu\/wp-json\/wp\/v2\/product_tag?post=637242"}],"curies":[{"name":"wp","href":"https:\/\/api.w.org\/{rel}","templated":true}]}}