{"id":637658,"date":"2022-08-28T08:14:46","date_gmt":"2022-08-28T06:14:46","guid":{"rendered":"https:\/\/taboofashion.com\/shop\/kariban-k6133-noi-blezer\/"},"modified":"2022-08-28T08:14:46","modified_gmt":"2022-08-28T06:14:46","slug":"kariban-k6133-noi-blezer","status":"publish","type":"product","link":"https:\/\/taboofashion.com\/hu\/shop\/kariban-k6133-noi-blezer\/","title":{"rendered":"K6133 n\u0151i bl\u00e9zer"},"content":{"rendered":"<p>Mandzsetta 3 gombbal, k\u00f6zt\u00fck egy kontrasztos gomblyukkal, 1 gombbal, 2 el\u00fcls\u0151 zsebbel, 1 gombos bels\u0151 zsebbel, h\u00e1tul 1 has\u00edt\u00e9kkal, kontrasztos bels\u0151 oldalon, vegytiszt\u00edt\u00e1s<\/p>\n","protected":false},"excerpt":{"rendered":"<p>250g\/m\u00b2, \u00e9jszakai s\u00f6t\u00e9tk\u00e9k hanga: 80% poli\u00e9szter, 17% pamut, 3% elaszt\u00e1n, vil\u00e1gossz\u00fcrke hanga: 72% poli\u00e9szter, 25% viszk\u00f3z, 3% elaszt\u00e1n, b\u00e9l\u00e9s: 100% polipamut, ujjb\u00e9l\u00e9s: 100% poli\u00e9szter Taffeta\u00ae<\/p>\n","protected":false},"featured_media":608678,"template":"","meta":[],"product_cat":[3608,3614],"product_tag":[],"class_list":{"0":"post-637658","1":"product","2":"type-product","3":"status-publish","4":"has-post-thumbnail","6":"product_cat-uzleti-viselet","7":"product_cat-dzsekik","8":"pa_brand-kariban-hu","9":"pa_colour-ejszakai-tengereszgyalogos-heather","10":"pa_colour-vilagosszurke-heather","11":"pa_size-34-hu","12":"pa_size-36-hu","13":"pa_size-38-hu","14":"pa_size-40-hu","15":"pa_size-42-hu","16":"pa_size-44-hu","17":"pa_size-46-hu","19":"first","20":"instock","21":"taxable","22":"shipping-taxable","23":"purchasable","24":"product-type-variable","25":"has-default-attributes"},"yoast_head":"<!-- This site is optimized with the Yoast SEO plugin v21.8 - https:\/\/yoast.com\/wordpress\/plugins\/seo\/ -->\n<title>K6133 n\u0151i bl\u00e9zer &#8211; Fashion shop<\/title>\n<meta name=\"robots\" content=\"index, follow, max-snippet:-1, max-image-preview:large, max-video-preview:-1\" \/>\n<link rel=\"canonical\" href=\"https:\/\/taboofashion.com\/hu\/shop\/kariban-k6133-noi-blezer\/\" \/>\n<meta property=\"og:locale\" content=\"hu_HU\" \/>\n<meta property=\"og:type\" content=\"article\" \/>\n<meta property=\"og:title\" content=\"K6133 n\u0151i bl\u00e9zer &#8211; Fashion shop\" \/>\n<meta property=\"og:description\" content=\"250g\/m\u00b2, \u00e9jszakai s\u00f6t\u00e9tk\u00e9k hanga: 80% poli\u00e9szter, 17% pamut, 3% elaszt\u00e1n, vil\u00e1gossz\u00fcrke hanga: 72% poli\u00e9szter, 25% viszk\u00f3z, 3% elaszt\u00e1n, b\u00e9l\u00e9s: 100% polipamut, ujjb\u00e9l\u00e9s: 100% poli\u00e9szter Taffeta\u00ae\" \/>\n<meta property=\"og:url\" content=\"https:\/\/taboofashion.com\/hu\/shop\/kariban-k6133-noi-blezer\/\" \/>\n<meta property=\"og:site_name\" content=\"Fashion shop\" \/>\n<meta property=\"article:publisher\" content=\"https:\/\/www.facebook.com\/TabooSlovakia\" \/>\n<meta name=\"twitter:card\" content=\"summary_large_image\" \/>\n<script type=\"application\/ld+json\" class=\"yoast-schema-graph\">{\"@context\":\"https:\/\/schema.org\",\"@graph\":[{\"@type\":\"WebPage\",\"@id\":\"https:\/\/taboofashion.com\/hu\/shop\/kariban-k6133-noi-blezer\/\",\"url\":\"https:\/\/taboofashion.com\/hu\/shop\/kariban-k6133-noi-blezer\/\",\"name\":\"K6133 n\u0151i bl\u00e9zer &#8211; Fashion shop\",\"isPartOf\":{\"@id\":\"https:\/\/taboofashion.com\/hu\/#website\"},\"datePublished\":\"2022-08-28T06:14:46+00:00\",\"dateModified\":\"2022-08-28T06:14:46+00:00\",\"breadcrumb\":{\"@id\":\"https:\/\/taboofashion.com\/hu\/shop\/kariban-k6133-noi-blezer\/#breadcrumb\"},\"inLanguage\":\"hu\",\"potentialAction\":[{\"@type\":\"ReadAction\",\"target\":[\"https:\/\/taboofashion.com\/hu\/shop\/kariban-k6133-noi-blezer\/\"]}]},{\"@type\":\"BreadcrumbList\",\"@id\":\"https:\/\/taboofashion.com\/hu\/shop\/kariban-k6133-noi-blezer\/#breadcrumb\",\"itemListElement\":[{\"@type\":\"ListItem\",\"position\":1,\"name\":\"Home\",\"item\":\"https:\/\/taboofashion.com\/hu\/\"},{\"@type\":\"ListItem\",\"position\":2,\"name\":\"Bolt\",\"item\":\"https:\/\/taboofashion.com\/hu\/\"},{\"@type\":\"ListItem\",\"position\":3,\"name\":\"K6133 n\u0151i bl\u00e9zer\"}]},{\"@type\":\"WebSite\",\"@id\":\"https:\/\/taboofashion.com\/hu\/#website\",\"url\":\"https:\/\/taboofashion.com\/hu\/\",\"name\":\"Fashion shop\",\"description\":\"\",\"publisher\":{\"@id\":\"https:\/\/taboofashion.com\/hu\/#organization\"},\"potentialAction\":[{\"@type\":\"SearchAction\",\"target\":{\"@type\":\"EntryPoint\",\"urlTemplate\":\"https:\/\/taboofashion.com\/hu\/?s={search_term_string}\"},\"query-input\":\"required name=search_term_string\"}],\"inLanguage\":\"hu\"},{\"@type\":\"Organization\",\"@id\":\"https:\/\/taboofashion.com\/hu\/#organization\",\"name\":\"Taboo Slovakia s.r.o.\",\"url\":\"https:\/\/taboofashion.com\/hu\/\",\"logo\":{\"@type\":\"ImageObject\",\"inLanguage\":\"hu\",\"@id\":\"https:\/\/taboofashion.com\/hu\/#\/schema\/logo\/image\/\",\"url\":\"https:\/\/taboofashion.com\/wp-content\/uploads\/2022\/12\/taboologo2100-002.png\",\"contentUrl\":\"https:\/\/taboofashion.com\/wp-content\/uploads\/2022\/12\/taboologo2100-002.png\",\"width\":2100,\"height\":1050,\"caption\":\"Taboo Slovakia s.r.o.\"},\"image\":{\"@id\":\"https:\/\/taboofashion.com\/hu\/#\/schema\/logo\/image\/\"},\"sameAs\":[\"https:\/\/www.facebook.com\/TabooSlovakia\",\"https:\/\/www.linkedin.com\/company\/541747\/\",\"https:\/\/www.instagram.com\/taboofashion.com1\/\"]}]}<\/script>\n<meta property=\"product:brand\" content=\"Kariban\" \/>\n<meta property=\"og:availability\" content=\"instock\" \/>\n<meta property=\"product:availability\" content=\"instock\" \/>\n<meta property=\"product:retailer_item_id\" content=\"206133u49t9\" \/>\n<meta property=\"product:condition\" content=\"new\" \/>\n<!-- \/ Yoast SEO plugin. -->","yoast_head_json":{"title":"K6133 n\u0151i bl\u00e9zer &#8211; Fashion shop","robots":{"index":"index","follow":"follow","max-snippet":"max-snippet:-1","max-image-preview":"max-image-preview:large","max-video-preview":"max-video-preview:-1"},"canonical":"https:\/\/taboofashion.com\/hu\/shop\/kariban-k6133-noi-blezer\/","og_locale":"hu_HU","og_type":"article","og_title":"K6133 n\u0151i bl\u00e9zer &#8211; Fashion shop","og_description":"250g\/m\u00b2, \u00e9jszakai s\u00f6t\u00e9tk\u00e9k hanga: 80% poli\u00e9szter, 17% pamut, 3% elaszt\u00e1n, vil\u00e1gossz\u00fcrke hanga: 72% poli\u00e9szter, 25% viszk\u00f3z, 3% elaszt\u00e1n, b\u00e9l\u00e9s: 100% polipamut, ujjb\u00e9l\u00e9s: 100% poli\u00e9szter Taffeta\u00ae","og_url":"https:\/\/taboofashion.com\/hu\/shop\/kariban-k6133-noi-blezer\/","og_site_name":"Fashion shop","article_publisher":"https:\/\/www.facebook.com\/TabooSlovakia","twitter_card":"summary_large_image","schema":{"@context":"https:\/\/schema.org","@graph":[{"@type":"WebPage","@id":"https:\/\/taboofashion.com\/hu\/shop\/kariban-k6133-noi-blezer\/","url":"https:\/\/taboofashion.com\/hu\/shop\/kariban-k6133-noi-blezer\/","name":"K6133 n\u0151i bl\u00e9zer &#8211; Fashion shop","isPartOf":{"@id":"https:\/\/taboofashion.com\/hu\/#website"},"datePublished":"2022-08-28T06:14:46+00:00","dateModified":"2022-08-28T06:14:46+00:00","breadcrumb":{"@id":"https:\/\/taboofashion.com\/hu\/shop\/kariban-k6133-noi-blezer\/#breadcrumb"},"inLanguage":"hu","potentialAction":[{"@type":"ReadAction","target":["https:\/\/taboofashion.com\/hu\/shop\/kariban-k6133-noi-blezer\/"]}]},{"@type":"BreadcrumbList","@id":"https:\/\/taboofashion.com\/hu\/shop\/kariban-k6133-noi-blezer\/#breadcrumb","itemListElement":[{"@type":"ListItem","position":1,"name":"Home","item":"https:\/\/taboofashion.com\/hu\/"},{"@type":"ListItem","position":2,"name":"Bolt","item":"https:\/\/taboofashion.com\/hu\/"},{"@type":"ListItem","position":3,"name":"K6133 n\u0151i bl\u00e9zer"}]},{"@type":"WebSite","@id":"https:\/\/taboofashion.com\/hu\/#website","url":"https:\/\/taboofashion.com\/hu\/","name":"Fashion shop","description":"","publisher":{"@id":"https:\/\/taboofashion.com\/hu\/#organization"},"potentialAction":[{"@type":"SearchAction","target":{"@type":"EntryPoint","urlTemplate":"https:\/\/taboofashion.com\/hu\/?s={search_term_string}"},"query-input":"required name=search_term_string"}],"inLanguage":"hu"},{"@type":"Organization","@id":"https:\/\/taboofashion.com\/hu\/#organization","name":"Taboo Slovakia s.r.o.","url":"https:\/\/taboofashion.com\/hu\/","logo":{"@type":"ImageObject","inLanguage":"hu","@id":"https:\/\/taboofashion.com\/hu\/#\/schema\/logo\/image\/","url":"https:\/\/taboofashion.com\/wp-content\/uploads\/2022\/12\/taboologo2100-002.png","contentUrl":"https:\/\/taboofashion.com\/wp-content\/uploads\/2022\/12\/taboologo2100-002.png","width":2100,"height":1050,"caption":"Taboo Slovakia s.r.o."},"image":{"@id":"https:\/\/taboofashion.com\/hu\/#\/schema\/logo\/image\/"},"sameAs":["https:\/\/www.facebook.com\/TabooSlovakia","https:\/\/www.linkedin.com\/company\/541747\/","https:\/\/www.instagram.com\/taboofashion.com1\/"]}]},"product_brand":"Kariban","og_availability":"instock","product_availability":"instock","product_retailer_item_id":"206133u49t9","product_condition":"new"},"_links":{"self":[{"href":"https:\/\/taboofashion.com\/hu\/wp-json\/wp\/v2\/product\/637658","targetHints":{"allow":["GET"]}}],"collection":[{"href":"https:\/\/taboofashion.com\/hu\/wp-json\/wp\/v2\/product"}],"about":[{"href":"https:\/\/taboofashion.com\/hu\/wp-json\/wp\/v2\/types\/product"}],"wp:featuredmedia":[{"embeddable":true,"href":"https:\/\/taboofashion.com\/hu\/wp-json\/wp\/v2\/media\/608678"}],"wp:attachment":[{"href":"https:\/\/taboofashion.com\/hu\/wp-json\/wp\/v2\/media?parent=637658"}],"wp:term":[{"taxonomy":"product_cat","embeddable":true,"href":"https:\/\/taboofashion.com\/hu\/wp-json\/wp\/v2\/product_cat?post=637658"},{"taxonomy":"product_tag","embeddable":true,"href":"https:\/\/taboofashion.com\/hu\/wp-json\/wp\/v2\/product_tag?post=637658"}],"curies":[{"name":"wp","href":"https:\/\/api.w.org\/{rel}","templated":true}]}}