{"id":637694,"date":"2022-08-28T08:11:44","date_gmt":"2022-08-28T06:11:44","guid":{"rendered":"https:\/\/taboofashion.com\/shop\/kariban-k6131-noi-oltony-kabat\/"},"modified":"2022-08-28T08:11:44","modified_gmt":"2022-08-28T06:11:44","slug":"kariban-k6131-noi-oltony-kabat","status":"publish","type":"product","link":"https:\/\/taboofashion.com\/hu\/shop\/kariban-k6131-noi-oltony-kabat\/","title":{"rendered":"K6131 n\u0151i \u00f6lt\u00f6ny dzseki"},"content":{"rendered":"<p>3 gombos mandzsetta, 2 el\u00fcls\u0151 zseb cs\u0151vel, 2 bels\u0151 gombos zseb, h\u00e1tul 1 has\u00edt\u00e9k, francia m\u00e9retek: n\u00e9zze meg m\u00e9rett\u00e1bl\u00e1zatunkat, vegytiszt\u00edt\u00e1s<\/p>\n","protected":false},"excerpt":{"rendered":"<p>200g\/m\u00b2, 100% poli\u00e9szter Taffeta\u00ae b\u00e9l\u00e9s, 64% poli\u00e9szter, 34% viszk\u00f3z, 2% elaszt\u00e1n<\/p>\n","protected":false},"featured_media":608403,"template":"","meta":[],"product_cat":[3608,3614],"product_tag":[6900],"class_list":{"0":"post-637694","1":"product","2":"type-product","3":"status-publish","4":"has-post-thumbnail","6":"product_cat-uzleti-viselet","7":"product_cat-dzsekik","8":"product_tag-noi-oltony-kabat","9":"pa_brand-kariban-hu","10":"pa_colour-antracit-heder","11":"pa_colour-fekete","12":"pa_colour-tengereszgyalogsag","13":"pa_size-36-hu","14":"pa_size-38-hu","15":"pa_size-40-hu","16":"pa_size-42-hu","17":"pa_size-44-hu","18":"pa_size-46-hu","20":"first","21":"instock","22":"taxable","23":"shipping-taxable","24":"purchasable","25":"product-type-variable","26":"has-default-attributes"},"yoast_head":"<!-- This site is optimized with the Yoast SEO plugin v21.8 - https:\/\/yoast.com\/wordpress\/plugins\/seo\/ -->\n<title>K6131 n\u0151i \u00f6lt\u00f6ny dzseki &#8211; Fashion shop<\/title>\n<meta name=\"robots\" content=\"index, follow, max-snippet:-1, max-image-preview:large, max-video-preview:-1\" \/>\n<link rel=\"canonical\" href=\"https:\/\/taboofashion.com\/hu\/shop\/kariban-k6131-noi-oltony-kabat\/\" \/>\n<meta property=\"og:locale\" content=\"hu_HU\" \/>\n<meta property=\"og:type\" content=\"article\" \/>\n<meta property=\"og:title\" content=\"K6131 n\u0151i \u00f6lt\u00f6ny dzseki &#8211; Fashion shop\" \/>\n<meta property=\"og:description\" content=\"200g\/m\u00b2, 100% poli\u00e9szter Taffeta\u00ae b\u00e9l\u00e9s, 64% poli\u00e9szter, 34% viszk\u00f3z, 2% elaszt\u00e1n\" \/>\n<meta property=\"og:url\" content=\"https:\/\/taboofashion.com\/hu\/shop\/kariban-k6131-noi-oltony-kabat\/\" \/>\n<meta property=\"og:site_name\" content=\"Fashion shop\" \/>\n<meta property=\"article:publisher\" content=\"https:\/\/www.facebook.com\/TabooSlovakia\" \/>\n<meta name=\"twitter:card\" content=\"summary_large_image\" \/>\n<script type=\"application\/ld+json\" class=\"yoast-schema-graph\">{\"@context\":\"https:\/\/schema.org\",\"@graph\":[{\"@type\":\"WebPage\",\"@id\":\"https:\/\/taboofashion.com\/hu\/shop\/kariban-k6131-noi-oltony-kabat\/\",\"url\":\"https:\/\/taboofashion.com\/hu\/shop\/kariban-k6131-noi-oltony-kabat\/\",\"name\":\"K6131 n\u0151i \u00f6lt\u00f6ny dzseki &#8211; Fashion shop\",\"isPartOf\":{\"@id\":\"https:\/\/taboofashion.com\/hu\/#website\"},\"datePublished\":\"2022-08-28T06:11:44+00:00\",\"dateModified\":\"2022-08-28T06:11:44+00:00\",\"breadcrumb\":{\"@id\":\"https:\/\/taboofashion.com\/hu\/shop\/kariban-k6131-noi-oltony-kabat\/#breadcrumb\"},\"inLanguage\":\"hu\",\"potentialAction\":[{\"@type\":\"ReadAction\",\"target\":[\"https:\/\/taboofashion.com\/hu\/shop\/kariban-k6131-noi-oltony-kabat\/\"]}]},{\"@type\":\"BreadcrumbList\",\"@id\":\"https:\/\/taboofashion.com\/hu\/shop\/kariban-k6131-noi-oltony-kabat\/#breadcrumb\",\"itemListElement\":[{\"@type\":\"ListItem\",\"position\":1,\"name\":\"Home\",\"item\":\"https:\/\/taboofashion.com\/hu\/\"},{\"@type\":\"ListItem\",\"position\":2,\"name\":\"Bolt\",\"item\":\"https:\/\/taboofashion.com\/hu\/\"},{\"@type\":\"ListItem\",\"position\":3,\"name\":\"K6131 n\u0151i \u00f6lt\u00f6ny dzseki\"}]},{\"@type\":\"WebSite\",\"@id\":\"https:\/\/taboofashion.com\/hu\/#website\",\"url\":\"https:\/\/taboofashion.com\/hu\/\",\"name\":\"Fashion shop\",\"description\":\"\",\"publisher\":{\"@id\":\"https:\/\/taboofashion.com\/hu\/#organization\"},\"potentialAction\":[{\"@type\":\"SearchAction\",\"target\":{\"@type\":\"EntryPoint\",\"urlTemplate\":\"https:\/\/taboofashion.com\/hu\/?s={search_term_string}\"},\"query-input\":\"required name=search_term_string\"}],\"inLanguage\":\"hu\"},{\"@type\":\"Organization\",\"@id\":\"https:\/\/taboofashion.com\/hu\/#organization\",\"name\":\"Taboo Slovakia s.r.o.\",\"url\":\"https:\/\/taboofashion.com\/hu\/\",\"logo\":{\"@type\":\"ImageObject\",\"inLanguage\":\"hu\",\"@id\":\"https:\/\/taboofashion.com\/hu\/#\/schema\/logo\/image\/\",\"url\":\"https:\/\/taboofashion.com\/wp-content\/uploads\/2022\/12\/taboologo2100-002.png\",\"contentUrl\":\"https:\/\/taboofashion.com\/wp-content\/uploads\/2022\/12\/taboologo2100-002.png\",\"width\":2100,\"height\":1050,\"caption\":\"Taboo Slovakia s.r.o.\"},\"image\":{\"@id\":\"https:\/\/taboofashion.com\/hu\/#\/schema\/logo\/image\/\"},\"sameAs\":[\"https:\/\/www.facebook.com\/TabooSlovakia\",\"https:\/\/www.linkedin.com\/company\/541747\/\",\"https:\/\/www.instagram.com\/taboofashion.com1\/\"]}]}<\/script>\n<meta property=\"product:brand\" content=\"Kariban\" \/>\n<meta property=\"og:availability\" content=\"instock\" \/>\n<meta property=\"product:availability\" content=\"instock\" \/>\n<meta property=\"product:retailer_item_id\" content=\"206131002u1\" \/>\n<meta property=\"product:condition\" content=\"new\" \/>\n<!-- \/ Yoast SEO plugin. -->","yoast_head_json":{"title":"K6131 n\u0151i \u00f6lt\u00f6ny dzseki &#8211; Fashion shop","robots":{"index":"index","follow":"follow","max-snippet":"max-snippet:-1","max-image-preview":"max-image-preview:large","max-video-preview":"max-video-preview:-1"},"canonical":"https:\/\/taboofashion.com\/hu\/shop\/kariban-k6131-noi-oltony-kabat\/","og_locale":"hu_HU","og_type":"article","og_title":"K6131 n\u0151i \u00f6lt\u00f6ny dzseki &#8211; Fashion shop","og_description":"200g\/m\u00b2, 100% poli\u00e9szter Taffeta\u00ae b\u00e9l\u00e9s, 64% poli\u00e9szter, 34% viszk\u00f3z, 2% elaszt\u00e1n","og_url":"https:\/\/taboofashion.com\/hu\/shop\/kariban-k6131-noi-oltony-kabat\/","og_site_name":"Fashion shop","article_publisher":"https:\/\/www.facebook.com\/TabooSlovakia","twitter_card":"summary_large_image","schema":{"@context":"https:\/\/schema.org","@graph":[{"@type":"WebPage","@id":"https:\/\/taboofashion.com\/hu\/shop\/kariban-k6131-noi-oltony-kabat\/","url":"https:\/\/taboofashion.com\/hu\/shop\/kariban-k6131-noi-oltony-kabat\/","name":"K6131 n\u0151i \u00f6lt\u00f6ny dzseki &#8211; Fashion shop","isPartOf":{"@id":"https:\/\/taboofashion.com\/hu\/#website"},"datePublished":"2022-08-28T06:11:44+00:00","dateModified":"2022-08-28T06:11:44+00:00","breadcrumb":{"@id":"https:\/\/taboofashion.com\/hu\/shop\/kariban-k6131-noi-oltony-kabat\/#breadcrumb"},"inLanguage":"hu","potentialAction":[{"@type":"ReadAction","target":["https:\/\/taboofashion.com\/hu\/shop\/kariban-k6131-noi-oltony-kabat\/"]}]},{"@type":"BreadcrumbList","@id":"https:\/\/taboofashion.com\/hu\/shop\/kariban-k6131-noi-oltony-kabat\/#breadcrumb","itemListElement":[{"@type":"ListItem","position":1,"name":"Home","item":"https:\/\/taboofashion.com\/hu\/"},{"@type":"ListItem","position":2,"name":"Bolt","item":"https:\/\/taboofashion.com\/hu\/"},{"@type":"ListItem","position":3,"name":"K6131 n\u0151i \u00f6lt\u00f6ny dzseki"}]},{"@type":"WebSite","@id":"https:\/\/taboofashion.com\/hu\/#website","url":"https:\/\/taboofashion.com\/hu\/","name":"Fashion shop","description":"","publisher":{"@id":"https:\/\/taboofashion.com\/hu\/#organization"},"potentialAction":[{"@type":"SearchAction","target":{"@type":"EntryPoint","urlTemplate":"https:\/\/taboofashion.com\/hu\/?s={search_term_string}"},"query-input":"required name=search_term_string"}],"inLanguage":"hu"},{"@type":"Organization","@id":"https:\/\/taboofashion.com\/hu\/#organization","name":"Taboo Slovakia s.r.o.","url":"https:\/\/taboofashion.com\/hu\/","logo":{"@type":"ImageObject","inLanguage":"hu","@id":"https:\/\/taboofashion.com\/hu\/#\/schema\/logo\/image\/","url":"https:\/\/taboofashion.com\/wp-content\/uploads\/2022\/12\/taboologo2100-002.png","contentUrl":"https:\/\/taboofashion.com\/wp-content\/uploads\/2022\/12\/taboologo2100-002.png","width":2100,"height":1050,"caption":"Taboo Slovakia s.r.o."},"image":{"@id":"https:\/\/taboofashion.com\/hu\/#\/schema\/logo\/image\/"},"sameAs":["https:\/\/www.facebook.com\/TabooSlovakia","https:\/\/www.linkedin.com\/company\/541747\/","https:\/\/www.instagram.com\/taboofashion.com1\/"]}]},"product_brand":"Kariban","og_availability":"instock","product_availability":"instock","product_retailer_item_id":"206131002u1","product_condition":"new"},"_links":{"self":[{"href":"https:\/\/taboofashion.com\/hu\/wp-json\/wp\/v2\/product\/637694","targetHints":{"allow":["GET"]}}],"collection":[{"href":"https:\/\/taboofashion.com\/hu\/wp-json\/wp\/v2\/product"}],"about":[{"href":"https:\/\/taboofashion.com\/hu\/wp-json\/wp\/v2\/types\/product"}],"wp:featuredmedia":[{"embeddable":true,"href":"https:\/\/taboofashion.com\/hu\/wp-json\/wp\/v2\/media\/608403"}],"wp:attachment":[{"href":"https:\/\/taboofashion.com\/hu\/wp-json\/wp\/v2\/media?parent=637694"}],"wp:term":[{"taxonomy":"product_cat","embeddable":true,"href":"https:\/\/taboofashion.com\/hu\/wp-json\/wp\/v2\/product_cat?post=637694"},{"taxonomy":"product_tag","embeddable":true,"href":"https:\/\/taboofashion.com\/hu\/wp-json\/wp\/v2\/product_tag?post=637694"}],"curies":[{"name":"wp","href":"https:\/\/api.w.org\/{rel}","templated":true}]}}