{"id":638089,"date":"2022-08-30T17:26:51","date_gmt":"2022-08-30T15:26:51","guid":{"rendered":"https:\/\/taboofashion.com\/shop\/bukkmezo-b10-5-panel-sapka-eredeti\/"},"modified":"2022-08-30T17:26:51","modified_gmt":"2022-08-30T15:26:51","slug":"bukkmezo-b10-5-panel-sapka-eredeti","status":"publish","type":"product","link":"https:\/\/taboofashion.com\/hu\/shop\/bukkmezo-b10-5-panel-sapka-eredeti\/","title":{"rendered":"B10 5 Panelsapka &#8222;Eredeti&#8221;"},"content":{"rendered":"<p>El\u0151re form\u00e1lt cs\u00facs, varrott f\u0171z\u0151lyukak, Rip-Strip\u2122 t\u00e9p\u0151z\u00e1r<\/p>\n","protected":false},"excerpt":{"rendered":"<p>100% pamut-twill<\/p>\n","protected":false},"featured_media":610433,"template":"","meta":[],"product_cat":[3609],"product_tag":[],"class_list":{"0":"post-638089","1":"product","2":"type-product","3":"status-publish","4":"has-post-thumbnail","6":"product_cat-baseball-sapkak","7":"pa_brand-beechfield-hu","8":"pa_colour-arany","9":"pa_colour-bordo","10":"pa_colour-csokolade-barna","11":"pa_colour-egszinkek","12":"pa_colour-elenkpiros","13":"pa_colour-feher","14":"pa_colour-fekete","15":"pa_colour-francia-haditengereszet","16":"pa_colour-fukszia","17":"pa_colour-grafitszurke-2","18":"pa_colour-homok","19":"pa_colour-kelly-green-hu","20":"pa_colour-klasszikus-piros-2","21":"pa_colour-klasszikus-rozsaszin","22":"pa_colour-kozepkek-hu-4","23":"pa_colour-lila","24":"pa_colour-lime-zold","25":"pa_colour-narancs","26":"pa_colour-olajzold","27":"pa_colour-pasztell-rozsaszin","28":"pa_colour-sarga-hu","29":"pa_colour-smaragd-hu","30":"pa_colour-szorfkek","31":"pa_colour-termeszetes","32":"pa_colour-uveg-zold","33":"pa_colour-vilagosszurke","34":"pa_size-onesize-hu","36":"first","37":"instock","38":"taxable","39":"shipping-taxable","40":"purchasable","41":"product-type-variable","42":"has-default-attributes"},"yoast_head":"<!-- This site is optimized with the Yoast SEO plugin v21.8 - https:\/\/yoast.com\/wordpress\/plugins\/seo\/ -->\n<title>B10 5 Panelsapka &quot;Eredeti&quot; &#8211; Fashion shop<\/title>\n<meta name=\"robots\" content=\"index, follow, max-snippet:-1, max-image-preview:large, max-video-preview:-1\" \/>\n<link rel=\"canonical\" href=\"https:\/\/taboofashion.com\/hu\/shop\/bukkmezo-b10-5-panel-sapka-eredeti\/\" \/>\n<meta property=\"og:locale\" content=\"hu_HU\" \/>\n<meta property=\"og:type\" content=\"article\" \/>\n<meta property=\"og:title\" content=\"B10 5 Panelsapka &quot;Eredeti&quot; &#8211; Fashion shop\" \/>\n<meta property=\"og:description\" content=\"100% pamut-twill\" \/>\n<meta property=\"og:url\" content=\"https:\/\/taboofashion.com\/hu\/shop\/bukkmezo-b10-5-panel-sapka-eredeti\/\" \/>\n<meta property=\"og:site_name\" content=\"Fashion shop\" \/>\n<meta property=\"article:publisher\" content=\"https:\/\/www.facebook.com\/TabooSlovakia\" \/>\n<meta name=\"twitter:card\" content=\"summary_large_image\" \/>\n<script type=\"application\/ld+json\" class=\"yoast-schema-graph\">{\"@context\":\"https:\/\/schema.org\",\"@graph\":[{\"@type\":\"WebPage\",\"@id\":\"https:\/\/taboofashion.com\/hu\/shop\/bukkmezo-b10-5-panel-sapka-eredeti\/\",\"url\":\"https:\/\/taboofashion.com\/hu\/shop\/bukkmezo-b10-5-panel-sapka-eredeti\/\",\"name\":\"B10 5 Panelsapka \\\"Eredeti\\\" &#8211; Fashion shop\",\"isPartOf\":{\"@id\":\"https:\/\/taboofashion.com\/hu\/#website\"},\"datePublished\":\"2022-08-30T15:26:51+00:00\",\"dateModified\":\"2022-08-30T15:26:51+00:00\",\"breadcrumb\":{\"@id\":\"https:\/\/taboofashion.com\/hu\/shop\/bukkmezo-b10-5-panel-sapka-eredeti\/#breadcrumb\"},\"inLanguage\":\"hu\",\"potentialAction\":[{\"@type\":\"ReadAction\",\"target\":[\"https:\/\/taboofashion.com\/hu\/shop\/bukkmezo-b10-5-panel-sapka-eredeti\/\"]}]},{\"@type\":\"BreadcrumbList\",\"@id\":\"https:\/\/taboofashion.com\/hu\/shop\/bukkmezo-b10-5-panel-sapka-eredeti\/#breadcrumb\",\"itemListElement\":[{\"@type\":\"ListItem\",\"position\":1,\"name\":\"Home\",\"item\":\"https:\/\/taboofashion.com\/hu\/\"},{\"@type\":\"ListItem\",\"position\":2,\"name\":\"Bolt\",\"item\":\"https:\/\/taboofashion.com\/hu\/\"},{\"@type\":\"ListItem\",\"position\":3,\"name\":\"B10 5 Panelsapka &#8222;Eredeti&#8221;\"}]},{\"@type\":\"WebSite\",\"@id\":\"https:\/\/taboofashion.com\/hu\/#website\",\"url\":\"https:\/\/taboofashion.com\/hu\/\",\"name\":\"Fashion shop\",\"description\":\"\",\"publisher\":{\"@id\":\"https:\/\/taboofashion.com\/hu\/#organization\"},\"potentialAction\":[{\"@type\":\"SearchAction\",\"target\":{\"@type\":\"EntryPoint\",\"urlTemplate\":\"https:\/\/taboofashion.com\/hu\/?s={search_term_string}\"},\"query-input\":\"required name=search_term_string\"}],\"inLanguage\":\"hu\"},{\"@type\":\"Organization\",\"@id\":\"https:\/\/taboofashion.com\/hu\/#organization\",\"name\":\"Taboo Slovakia s.r.o.\",\"url\":\"https:\/\/taboofashion.com\/hu\/\",\"logo\":{\"@type\":\"ImageObject\",\"inLanguage\":\"hu\",\"@id\":\"https:\/\/taboofashion.com\/hu\/#\/schema\/logo\/image\/\",\"url\":\"https:\/\/taboofashion.com\/wp-content\/uploads\/2022\/12\/taboologo2100-002.png\",\"contentUrl\":\"https:\/\/taboofashion.com\/wp-content\/uploads\/2022\/12\/taboologo2100-002.png\",\"width\":2100,\"height\":1050,\"caption\":\"Taboo Slovakia s.r.o.\"},\"image\":{\"@id\":\"https:\/\/taboofashion.com\/hu\/#\/schema\/logo\/image\/\"},\"sameAs\":[\"https:\/\/www.facebook.com\/TabooSlovakia\",\"https:\/\/www.linkedin.com\/company\/541747\/\",\"https:\/\/www.instagram.com\/taboofashion.com1\/\"]}]}<\/script>\n<meta property=\"product:brand\" content=\"Beechfield\" \/>\n<meta property=\"og:availability\" content=\"instock\" \/>\n<meta property=\"product:availability\" content=\"instock\" \/>\n<meta property=\"product:retailer_item_id\" content=\"53001000199\" \/>\n<meta property=\"product:condition\" content=\"new\" \/>\n<!-- \/ Yoast SEO plugin. -->","yoast_head_json":{"title":"B10 5 Panelsapka \"Eredeti\" &#8211; Fashion shop","robots":{"index":"index","follow":"follow","max-snippet":"max-snippet:-1","max-image-preview":"max-image-preview:large","max-video-preview":"max-video-preview:-1"},"canonical":"https:\/\/taboofashion.com\/hu\/shop\/bukkmezo-b10-5-panel-sapka-eredeti\/","og_locale":"hu_HU","og_type":"article","og_title":"B10 5 Panelsapka \"Eredeti\" &#8211; Fashion shop","og_description":"100% pamut-twill","og_url":"https:\/\/taboofashion.com\/hu\/shop\/bukkmezo-b10-5-panel-sapka-eredeti\/","og_site_name":"Fashion shop","article_publisher":"https:\/\/www.facebook.com\/TabooSlovakia","twitter_card":"summary_large_image","schema":{"@context":"https:\/\/schema.org","@graph":[{"@type":"WebPage","@id":"https:\/\/taboofashion.com\/hu\/shop\/bukkmezo-b10-5-panel-sapka-eredeti\/","url":"https:\/\/taboofashion.com\/hu\/shop\/bukkmezo-b10-5-panel-sapka-eredeti\/","name":"B10 5 Panelsapka \"Eredeti\" &#8211; Fashion shop","isPartOf":{"@id":"https:\/\/taboofashion.com\/hu\/#website"},"datePublished":"2022-08-30T15:26:51+00:00","dateModified":"2022-08-30T15:26:51+00:00","breadcrumb":{"@id":"https:\/\/taboofashion.com\/hu\/shop\/bukkmezo-b10-5-panel-sapka-eredeti\/#breadcrumb"},"inLanguage":"hu","potentialAction":[{"@type":"ReadAction","target":["https:\/\/taboofashion.com\/hu\/shop\/bukkmezo-b10-5-panel-sapka-eredeti\/"]}]},{"@type":"BreadcrumbList","@id":"https:\/\/taboofashion.com\/hu\/shop\/bukkmezo-b10-5-panel-sapka-eredeti\/#breadcrumb","itemListElement":[{"@type":"ListItem","position":1,"name":"Home","item":"https:\/\/taboofashion.com\/hu\/"},{"@type":"ListItem","position":2,"name":"Bolt","item":"https:\/\/taboofashion.com\/hu\/"},{"@type":"ListItem","position":3,"name":"B10 5 Panelsapka &#8222;Eredeti&#8221;"}]},{"@type":"WebSite","@id":"https:\/\/taboofashion.com\/hu\/#website","url":"https:\/\/taboofashion.com\/hu\/","name":"Fashion shop","description":"","publisher":{"@id":"https:\/\/taboofashion.com\/hu\/#organization"},"potentialAction":[{"@type":"SearchAction","target":{"@type":"EntryPoint","urlTemplate":"https:\/\/taboofashion.com\/hu\/?s={search_term_string}"},"query-input":"required name=search_term_string"}],"inLanguage":"hu"},{"@type":"Organization","@id":"https:\/\/taboofashion.com\/hu\/#organization","name":"Taboo Slovakia s.r.o.","url":"https:\/\/taboofashion.com\/hu\/","logo":{"@type":"ImageObject","inLanguage":"hu","@id":"https:\/\/taboofashion.com\/hu\/#\/schema\/logo\/image\/","url":"https:\/\/taboofashion.com\/wp-content\/uploads\/2022\/12\/taboologo2100-002.png","contentUrl":"https:\/\/taboofashion.com\/wp-content\/uploads\/2022\/12\/taboologo2100-002.png","width":2100,"height":1050,"caption":"Taboo Slovakia s.r.o."},"image":{"@id":"https:\/\/taboofashion.com\/hu\/#\/schema\/logo\/image\/"},"sameAs":["https:\/\/www.facebook.com\/TabooSlovakia","https:\/\/www.linkedin.com\/company\/541747\/","https:\/\/www.instagram.com\/taboofashion.com1\/"]}]},"product_brand":"Beechfield","og_availability":"instock","product_availability":"instock","product_retailer_item_id":"53001000199","product_condition":"new"},"_links":{"self":[{"href":"https:\/\/taboofashion.com\/hu\/wp-json\/wp\/v2\/product\/638089","targetHints":{"allow":["GET"]}}],"collection":[{"href":"https:\/\/taboofashion.com\/hu\/wp-json\/wp\/v2\/product"}],"about":[{"href":"https:\/\/taboofashion.com\/hu\/wp-json\/wp\/v2\/types\/product"}],"wp:featuredmedia":[{"embeddable":true,"href":"https:\/\/taboofashion.com\/hu\/wp-json\/wp\/v2\/media\/610433"}],"wp:attachment":[{"href":"https:\/\/taboofashion.com\/hu\/wp-json\/wp\/v2\/media?parent=638089"}],"wp:term":[{"taxonomy":"product_cat","embeddable":true,"href":"https:\/\/taboofashion.com\/hu\/wp-json\/wp\/v2\/product_cat?post=638089"},{"taxonomy":"product_tag","embeddable":true,"href":"https:\/\/taboofashion.com\/hu\/wp-json\/wp\/v2\/product_tag?post=638089"}],"curies":[{"name":"wp","href":"https:\/\/api.w.org\/{rel}","templated":true}]}}