{"id":638177,"date":"2022-08-30T02:25:28","date_gmt":"2022-08-30T00:25:28","guid":{"rendered":"https:\/\/taboofashion.com\/shop\/atlantis-recy-three-6-panel-mesh-cap-recy-three\/"},"modified":"2022-08-30T02:25:28","modified_gmt":"2022-08-30T00:25:28","slug":"atlantis-recy-three-6-panel-mesh-cap-recy-three","status":"publish","type":"product","link":"https:\/\/taboofashion.com\/hu\/shop\/atlantis-recy-three-6-panel-mesh-cap-recy-three\/","title":{"rendered":"Recy Three 6 paneles h\u00e1l\u00f3s sapka &#8222;Recy Three&#8221;"},"content":{"rendered":"<p>\u00fajrahasznos\u00edtott poli\u00e9szter matrica a h\u00e1toldalon, lamin\u00e1lt el\u0151lap, \u00fajrahasznos\u00edtott patentkapocs, \u00fajrahasznos\u00edtott m\u0171anyag palackokb\u00f3l, izzaszt\u00f3szalagra varrt &#8222;GREEN YOUR HEAD&#8221; felirat, TearAway c\u00edmke<\/p>\n","protected":false},"excerpt":{"rendered":"<p>260g\/m\u00b2, f\u0151 anyag: 60% min\u0151s\u00edtett \u00fajrahasznos\u00edtott pamut, 40% pamut, oldal- \u00e9s h\u00e1toldal: 100% \u00fajrahasznos\u00edtott poli\u00e9szter<\/p>\n","protected":false},"featured_media":610150,"template":"","meta":[],"product_cat":[3623,3609],"product_tag":[],"class_list":{"0":"post-638177","1":"product","2":"type-product","3":"status-publish","4":"has-post-thumbnail","6":"product_cat-sport-ruhazat","7":"product_cat-baseball-sapkak","8":"pa_brand-atlantis-hu","9":"pa_colour-feher-feher-2","10":"pa_colour-fekete-fekete-hu","11":"pa_colour-kiralyi-fekete","12":"pa_colour-olajbogyo-fekete-2","13":"pa_colour-piros-feher","14":"pa_colour-sotetszurke-fekete-hu","15":"pa_colour-tengereszgyalogsag-tengereszgyalogsag","16":"pa_size-onesize-hu","18":"first","19":"instock","20":"taxable","21":"shipping-taxable","22":"purchasable","23":"product-type-variable","24":"has-default-attributes"},"yoast_head":"<!-- This site is optimized with the Yoast SEO plugin v21.8 - https:\/\/yoast.com\/wordpress\/plugins\/seo\/ -->\n<title>Recy Three 6 paneles h\u00e1l\u00f3s sapka &quot;Recy Three&quot; &#8211; Fashion shop<\/title>\n<meta name=\"robots\" content=\"index, follow, max-snippet:-1, max-image-preview:large, max-video-preview:-1\" \/>\n<link rel=\"canonical\" href=\"https:\/\/taboofashion.com\/hu\/shop\/atlantis-recy-three-6-panel-mesh-cap-recy-three\/\" \/>\n<meta property=\"og:locale\" content=\"hu_HU\" \/>\n<meta property=\"og:type\" content=\"article\" \/>\n<meta property=\"og:title\" content=\"Recy Three 6 paneles h\u00e1l\u00f3s sapka &quot;Recy Three&quot; &#8211; Fashion shop\" \/>\n<meta property=\"og:description\" content=\"260g\/m\u00b2, f\u0151 anyag: 60% min\u0151s\u00edtett \u00fajrahasznos\u00edtott pamut, 40% pamut, oldal- \u00e9s h\u00e1toldal: 100% \u00fajrahasznos\u00edtott poli\u00e9szter\" \/>\n<meta property=\"og:url\" content=\"https:\/\/taboofashion.com\/hu\/shop\/atlantis-recy-three-6-panel-mesh-cap-recy-three\/\" \/>\n<meta property=\"og:site_name\" content=\"Fashion shop\" \/>\n<meta property=\"article:publisher\" content=\"https:\/\/www.facebook.com\/TabooSlovakia\" \/>\n<meta name=\"twitter:card\" content=\"summary_large_image\" \/>\n<script type=\"application\/ld+json\" class=\"yoast-schema-graph\">{\"@context\":\"https:\/\/schema.org\",\"@graph\":[{\"@type\":\"WebPage\",\"@id\":\"https:\/\/taboofashion.com\/hu\/shop\/atlantis-recy-three-6-panel-mesh-cap-recy-three\/\",\"url\":\"https:\/\/taboofashion.com\/hu\/shop\/atlantis-recy-three-6-panel-mesh-cap-recy-three\/\",\"name\":\"Recy Three 6 paneles h\u00e1l\u00f3s sapka \\\"Recy Three\\\" &#8211; Fashion shop\",\"isPartOf\":{\"@id\":\"https:\/\/taboofashion.com\/hu\/#website\"},\"datePublished\":\"2022-08-30T00:25:28+00:00\",\"dateModified\":\"2022-08-30T00:25:28+00:00\",\"breadcrumb\":{\"@id\":\"https:\/\/taboofashion.com\/hu\/shop\/atlantis-recy-three-6-panel-mesh-cap-recy-three\/#breadcrumb\"},\"inLanguage\":\"hu\",\"potentialAction\":[{\"@type\":\"ReadAction\",\"target\":[\"https:\/\/taboofashion.com\/hu\/shop\/atlantis-recy-three-6-panel-mesh-cap-recy-three\/\"]}]},{\"@type\":\"BreadcrumbList\",\"@id\":\"https:\/\/taboofashion.com\/hu\/shop\/atlantis-recy-three-6-panel-mesh-cap-recy-three\/#breadcrumb\",\"itemListElement\":[{\"@type\":\"ListItem\",\"position\":1,\"name\":\"Home\",\"item\":\"https:\/\/taboofashion.com\/hu\/\"},{\"@type\":\"ListItem\",\"position\":2,\"name\":\"Bolt\",\"item\":\"https:\/\/taboofashion.com\/hu\/\"},{\"@type\":\"ListItem\",\"position\":3,\"name\":\"Recy Three 6 paneles h\u00e1l\u00f3s sapka &#8222;Recy Three&#8221;\"}]},{\"@type\":\"WebSite\",\"@id\":\"https:\/\/taboofashion.com\/hu\/#website\",\"url\":\"https:\/\/taboofashion.com\/hu\/\",\"name\":\"Fashion shop\",\"description\":\"\",\"publisher\":{\"@id\":\"https:\/\/taboofashion.com\/hu\/#organization\"},\"potentialAction\":[{\"@type\":\"SearchAction\",\"target\":{\"@type\":\"EntryPoint\",\"urlTemplate\":\"https:\/\/taboofashion.com\/hu\/?s={search_term_string}\"},\"query-input\":\"required name=search_term_string\"}],\"inLanguage\":\"hu\"},{\"@type\":\"Organization\",\"@id\":\"https:\/\/taboofashion.com\/hu\/#organization\",\"name\":\"Taboo Slovakia s.r.o.\",\"url\":\"https:\/\/taboofashion.com\/hu\/\",\"logo\":{\"@type\":\"ImageObject\",\"inLanguage\":\"hu\",\"@id\":\"https:\/\/taboofashion.com\/hu\/#\/schema\/logo\/image\/\",\"url\":\"https:\/\/taboofashion.com\/wp-content\/uploads\/2022\/12\/taboologo2100-002.png\",\"contentUrl\":\"https:\/\/taboofashion.com\/wp-content\/uploads\/2022\/12\/taboologo2100-002.png\",\"width\":2100,\"height\":1050,\"caption\":\"Taboo Slovakia s.r.o.\"},\"image\":{\"@id\":\"https:\/\/taboofashion.com\/hu\/#\/schema\/logo\/image\/\"},\"sameAs\":[\"https:\/\/www.facebook.com\/TabooSlovakia\",\"https:\/\/www.linkedin.com\/company\/541747\/\",\"https:\/\/www.instagram.com\/taboofashion.com1\/\"]}]}<\/script>\n<meta property=\"product:brand\" content=\"Atlantis\" \/>\n<meta property=\"og:availability\" content=\"instock\" \/>\n<meta property=\"product:availability\" content=\"instock\" \/>\n<meta property=\"product:retailer_item_id\" content=\"33609026199\" \/>\n<meta property=\"product:condition\" content=\"new\" \/>\n<!-- \/ Yoast SEO plugin. -->","yoast_head_json":{"title":"Recy Three 6 paneles h\u00e1l\u00f3s sapka \"Recy Three\" &#8211; Fashion shop","robots":{"index":"index","follow":"follow","max-snippet":"max-snippet:-1","max-image-preview":"max-image-preview:large","max-video-preview":"max-video-preview:-1"},"canonical":"https:\/\/taboofashion.com\/hu\/shop\/atlantis-recy-three-6-panel-mesh-cap-recy-three\/","og_locale":"hu_HU","og_type":"article","og_title":"Recy Three 6 paneles h\u00e1l\u00f3s sapka \"Recy Three\" &#8211; Fashion shop","og_description":"260g\/m\u00b2, f\u0151 anyag: 60% min\u0151s\u00edtett \u00fajrahasznos\u00edtott pamut, 40% pamut, oldal- \u00e9s h\u00e1toldal: 100% \u00fajrahasznos\u00edtott poli\u00e9szter","og_url":"https:\/\/taboofashion.com\/hu\/shop\/atlantis-recy-three-6-panel-mesh-cap-recy-three\/","og_site_name":"Fashion shop","article_publisher":"https:\/\/www.facebook.com\/TabooSlovakia","twitter_card":"summary_large_image","schema":{"@context":"https:\/\/schema.org","@graph":[{"@type":"WebPage","@id":"https:\/\/taboofashion.com\/hu\/shop\/atlantis-recy-three-6-panel-mesh-cap-recy-three\/","url":"https:\/\/taboofashion.com\/hu\/shop\/atlantis-recy-three-6-panel-mesh-cap-recy-three\/","name":"Recy Three 6 paneles h\u00e1l\u00f3s sapka \"Recy Three\" &#8211; Fashion shop","isPartOf":{"@id":"https:\/\/taboofashion.com\/hu\/#website"},"datePublished":"2022-08-30T00:25:28+00:00","dateModified":"2022-08-30T00:25:28+00:00","breadcrumb":{"@id":"https:\/\/taboofashion.com\/hu\/shop\/atlantis-recy-three-6-panel-mesh-cap-recy-three\/#breadcrumb"},"inLanguage":"hu","potentialAction":[{"@type":"ReadAction","target":["https:\/\/taboofashion.com\/hu\/shop\/atlantis-recy-three-6-panel-mesh-cap-recy-three\/"]}]},{"@type":"BreadcrumbList","@id":"https:\/\/taboofashion.com\/hu\/shop\/atlantis-recy-three-6-panel-mesh-cap-recy-three\/#breadcrumb","itemListElement":[{"@type":"ListItem","position":1,"name":"Home","item":"https:\/\/taboofashion.com\/hu\/"},{"@type":"ListItem","position":2,"name":"Bolt","item":"https:\/\/taboofashion.com\/hu\/"},{"@type":"ListItem","position":3,"name":"Recy Three 6 paneles h\u00e1l\u00f3s sapka &#8222;Recy Three&#8221;"}]},{"@type":"WebSite","@id":"https:\/\/taboofashion.com\/hu\/#website","url":"https:\/\/taboofashion.com\/hu\/","name":"Fashion shop","description":"","publisher":{"@id":"https:\/\/taboofashion.com\/hu\/#organization"},"potentialAction":[{"@type":"SearchAction","target":{"@type":"EntryPoint","urlTemplate":"https:\/\/taboofashion.com\/hu\/?s={search_term_string}"},"query-input":"required name=search_term_string"}],"inLanguage":"hu"},{"@type":"Organization","@id":"https:\/\/taboofashion.com\/hu\/#organization","name":"Taboo Slovakia s.r.o.","url":"https:\/\/taboofashion.com\/hu\/","logo":{"@type":"ImageObject","inLanguage":"hu","@id":"https:\/\/taboofashion.com\/hu\/#\/schema\/logo\/image\/","url":"https:\/\/taboofashion.com\/wp-content\/uploads\/2022\/12\/taboologo2100-002.png","contentUrl":"https:\/\/taboofashion.com\/wp-content\/uploads\/2022\/12\/taboologo2100-002.png","width":2100,"height":1050,"caption":"Taboo Slovakia s.r.o."},"image":{"@id":"https:\/\/taboofashion.com\/hu\/#\/schema\/logo\/image\/"},"sameAs":["https:\/\/www.facebook.com\/TabooSlovakia","https:\/\/www.linkedin.com\/company\/541747\/","https:\/\/www.instagram.com\/taboofashion.com1\/"]}]},"product_brand":"Atlantis","og_availability":"instock","product_availability":"instock","product_retailer_item_id":"33609026199","product_condition":"new"},"_links":{"self":[{"href":"https:\/\/taboofashion.com\/hu\/wp-json\/wp\/v2\/product\/638177","targetHints":{"allow":["GET"]}}],"collection":[{"href":"https:\/\/taboofashion.com\/hu\/wp-json\/wp\/v2\/product"}],"about":[{"href":"https:\/\/taboofashion.com\/hu\/wp-json\/wp\/v2\/types\/product"}],"wp:featuredmedia":[{"embeddable":true,"href":"https:\/\/taboofashion.com\/hu\/wp-json\/wp\/v2\/media\/610150"}],"wp:attachment":[{"href":"https:\/\/taboofashion.com\/hu\/wp-json\/wp\/v2\/media?parent=638177"}],"wp:term":[{"taxonomy":"product_cat","embeddable":true,"href":"https:\/\/taboofashion.com\/hu\/wp-json\/wp\/v2\/product_cat?post=638177"},{"taxonomy":"product_tag","embeddable":true,"href":"https:\/\/taboofashion.com\/hu\/wp-json\/wp\/v2\/product_tag?post=638177"}],"curies":[{"name":"wp","href":"https:\/\/api.w.org\/{rel}","templated":true}]}}