{"id":638589,"date":"2022-08-30T01:04:04","date_gmt":"2022-08-29T23:04:04","guid":{"rendered":"https:\/\/taboofashion.com\/shop\/atlantis-rapper-detroyed-6-panel-trucker-cap-rapper-detroyed\/"},"modified":"2022-08-30T01:04:04","modified_gmt":"2022-08-29T23:04:04","slug":"atlantis-rapper-detroyed-6-panel-trucker-cap-rapper-detroyed","status":"publish","type":"product","link":"https:\/\/taboofashion.com\/hu\/shop\/atlantis-rapper-detroyed-6-panel-trucker-cap-rapper-detroyed\/","title":{"rendered":"Rapper Destroyed 6 Panel Trucker sapka &#8222;Rapper Destroyed&#8221;"},"content":{"rendered":"<p>\u00cdvelt szemellenz\u0151, roncsolt hat\u00e1s\u00fa cs\u00facs, 4 dekorat\u00edv varr\u00e1s a cs\u00facson, h\u00e1l\u00f3s oldalt \u00e9s h\u00e1tul, pamut izzaszt\u00f3p\u00e1nt, Snap-kapocs<\/p>\n","protected":false},"excerpt":{"rendered":"<p>250g\/m\u00b2, 100% pamut, oldal- \u00e9s h\u00e1toldal: 100% poli\u00e9szter<\/p>\n","protected":false},"featured_media":610480,"template":"","meta":[],"product_cat":[3609],"product_tag":[],"class_list":{"0":"post-638589","1":"product","2":"type-product","3":"status-publish","4":"has-post-thumbnail","6":"product_cat-baseball-sapkak","7":"pa_brand-atlantis-hu","8":"pa_colour-feher-feher-2","9":"pa_colour-fekete-fekete-hu","10":"pa_size-onesize-hu","12":"first","13":"instock","14":"taxable","15":"shipping-taxable","16":"purchasable","17":"product-type-variable","18":"has-default-attributes"},"yoast_head":"<!-- This site is optimized with the Yoast SEO plugin v21.8 - https:\/\/yoast.com\/wordpress\/plugins\/seo\/ -->\n<title>Rapper Destroyed 6 Panel Trucker sapka &quot;Rapper Destroyed&quot; &#8211; Fashion shop<\/title>\n<meta name=\"robots\" content=\"index, follow, max-snippet:-1, max-image-preview:large, max-video-preview:-1\" \/>\n<link rel=\"canonical\" href=\"https:\/\/taboofashion.com\/hu\/shop\/atlantis-rapper-detroyed-6-panel-trucker-cap-rapper-detroyed\/\" \/>\n<meta property=\"og:locale\" content=\"hu_HU\" \/>\n<meta property=\"og:type\" content=\"article\" \/>\n<meta property=\"og:title\" content=\"Rapper Destroyed 6 Panel Trucker sapka &quot;Rapper Destroyed&quot; &#8211; Fashion shop\" \/>\n<meta property=\"og:description\" content=\"250g\/m\u00b2, 100% pamut, oldal- \u00e9s h\u00e1toldal: 100% poli\u00e9szter\" \/>\n<meta property=\"og:url\" content=\"https:\/\/taboofashion.com\/hu\/shop\/atlantis-rapper-detroyed-6-panel-trucker-cap-rapper-detroyed\/\" \/>\n<meta property=\"og:site_name\" content=\"Fashion shop\" \/>\n<meta property=\"article:publisher\" content=\"https:\/\/www.facebook.com\/TabooSlovakia\" \/>\n<meta name=\"twitter:card\" content=\"summary_large_image\" \/>\n<script type=\"application\/ld+json\" class=\"yoast-schema-graph\">{\"@context\":\"https:\/\/schema.org\",\"@graph\":[{\"@type\":\"WebPage\",\"@id\":\"https:\/\/taboofashion.com\/hu\/shop\/atlantis-rapper-detroyed-6-panel-trucker-cap-rapper-detroyed\/\",\"url\":\"https:\/\/taboofashion.com\/hu\/shop\/atlantis-rapper-detroyed-6-panel-trucker-cap-rapper-detroyed\/\",\"name\":\"Rapper Destroyed 6 Panel Trucker sapka \\\"Rapper Destroyed\\\" &#8211; Fashion shop\",\"isPartOf\":{\"@id\":\"https:\/\/taboofashion.com\/hu\/#website\"},\"datePublished\":\"2022-08-29T23:04:04+00:00\",\"dateModified\":\"2022-08-29T23:04:04+00:00\",\"breadcrumb\":{\"@id\":\"https:\/\/taboofashion.com\/hu\/shop\/atlantis-rapper-detroyed-6-panel-trucker-cap-rapper-detroyed\/#breadcrumb\"},\"inLanguage\":\"hu\",\"potentialAction\":[{\"@type\":\"ReadAction\",\"target\":[\"https:\/\/taboofashion.com\/hu\/shop\/atlantis-rapper-detroyed-6-panel-trucker-cap-rapper-detroyed\/\"]}]},{\"@type\":\"BreadcrumbList\",\"@id\":\"https:\/\/taboofashion.com\/hu\/shop\/atlantis-rapper-detroyed-6-panel-trucker-cap-rapper-detroyed\/#breadcrumb\",\"itemListElement\":[{\"@type\":\"ListItem\",\"position\":1,\"name\":\"Home\",\"item\":\"https:\/\/taboofashion.com\/hu\/\"},{\"@type\":\"ListItem\",\"position\":2,\"name\":\"Bolt\",\"item\":\"https:\/\/taboofashion.com\/hu\/\"},{\"@type\":\"ListItem\",\"position\":3,\"name\":\"Rapper Destroyed 6 Panel Trucker sapka &#8222;Rapper Destroyed&#8221;\"}]},{\"@type\":\"WebSite\",\"@id\":\"https:\/\/taboofashion.com\/hu\/#website\",\"url\":\"https:\/\/taboofashion.com\/hu\/\",\"name\":\"Fashion shop\",\"description\":\"\",\"publisher\":{\"@id\":\"https:\/\/taboofashion.com\/hu\/#organization\"},\"potentialAction\":[{\"@type\":\"SearchAction\",\"target\":{\"@type\":\"EntryPoint\",\"urlTemplate\":\"https:\/\/taboofashion.com\/hu\/?s={search_term_string}\"},\"query-input\":\"required name=search_term_string\"}],\"inLanguage\":\"hu\"},{\"@type\":\"Organization\",\"@id\":\"https:\/\/taboofashion.com\/hu\/#organization\",\"name\":\"Taboo Slovakia s.r.o.\",\"url\":\"https:\/\/taboofashion.com\/hu\/\",\"logo\":{\"@type\":\"ImageObject\",\"inLanguage\":\"hu\",\"@id\":\"https:\/\/taboofashion.com\/hu\/#\/schema\/logo\/image\/\",\"url\":\"https:\/\/taboofashion.com\/wp-content\/uploads\/2022\/12\/taboologo2100-002.png\",\"contentUrl\":\"https:\/\/taboofashion.com\/wp-content\/uploads\/2022\/12\/taboologo2100-002.png\",\"width\":2100,\"height\":1050,\"caption\":\"Taboo Slovakia s.r.o.\"},\"image\":{\"@id\":\"https:\/\/taboofashion.com\/hu\/#\/schema\/logo\/image\/\"},\"sameAs\":[\"https:\/\/www.facebook.com\/TabooSlovakia\",\"https:\/\/www.linkedin.com\/company\/541747\/\",\"https:\/\/www.instagram.com\/taboofashion.com1\/\"]}]}<\/script>\n<meta property=\"product:brand\" content=\"Atlantis\" \/>\n<meta property=\"og:availability\" content=\"instock\" \/>\n<meta property=\"product:availability\" content=\"instock\" \/>\n<meta property=\"product:retailer_item_id\" content=\"33019380899\" \/>\n<meta property=\"product:condition\" content=\"new\" \/>\n<!-- \/ Yoast SEO plugin. -->","yoast_head_json":{"title":"Rapper Destroyed 6 Panel Trucker sapka \"Rapper Destroyed\" &#8211; Fashion shop","robots":{"index":"index","follow":"follow","max-snippet":"max-snippet:-1","max-image-preview":"max-image-preview:large","max-video-preview":"max-video-preview:-1"},"canonical":"https:\/\/taboofashion.com\/hu\/shop\/atlantis-rapper-detroyed-6-panel-trucker-cap-rapper-detroyed\/","og_locale":"hu_HU","og_type":"article","og_title":"Rapper Destroyed 6 Panel Trucker sapka \"Rapper Destroyed\" &#8211; Fashion shop","og_description":"250g\/m\u00b2, 100% pamut, oldal- \u00e9s h\u00e1toldal: 100% poli\u00e9szter","og_url":"https:\/\/taboofashion.com\/hu\/shop\/atlantis-rapper-detroyed-6-panel-trucker-cap-rapper-detroyed\/","og_site_name":"Fashion shop","article_publisher":"https:\/\/www.facebook.com\/TabooSlovakia","twitter_card":"summary_large_image","schema":{"@context":"https:\/\/schema.org","@graph":[{"@type":"WebPage","@id":"https:\/\/taboofashion.com\/hu\/shop\/atlantis-rapper-detroyed-6-panel-trucker-cap-rapper-detroyed\/","url":"https:\/\/taboofashion.com\/hu\/shop\/atlantis-rapper-detroyed-6-panel-trucker-cap-rapper-detroyed\/","name":"Rapper Destroyed 6 Panel Trucker sapka \"Rapper Destroyed\" &#8211; Fashion shop","isPartOf":{"@id":"https:\/\/taboofashion.com\/hu\/#website"},"datePublished":"2022-08-29T23:04:04+00:00","dateModified":"2022-08-29T23:04:04+00:00","breadcrumb":{"@id":"https:\/\/taboofashion.com\/hu\/shop\/atlantis-rapper-detroyed-6-panel-trucker-cap-rapper-detroyed\/#breadcrumb"},"inLanguage":"hu","potentialAction":[{"@type":"ReadAction","target":["https:\/\/taboofashion.com\/hu\/shop\/atlantis-rapper-detroyed-6-panel-trucker-cap-rapper-detroyed\/"]}]},{"@type":"BreadcrumbList","@id":"https:\/\/taboofashion.com\/hu\/shop\/atlantis-rapper-detroyed-6-panel-trucker-cap-rapper-detroyed\/#breadcrumb","itemListElement":[{"@type":"ListItem","position":1,"name":"Home","item":"https:\/\/taboofashion.com\/hu\/"},{"@type":"ListItem","position":2,"name":"Bolt","item":"https:\/\/taboofashion.com\/hu\/"},{"@type":"ListItem","position":3,"name":"Rapper Destroyed 6 Panel Trucker sapka &#8222;Rapper Destroyed&#8221;"}]},{"@type":"WebSite","@id":"https:\/\/taboofashion.com\/hu\/#website","url":"https:\/\/taboofashion.com\/hu\/","name":"Fashion shop","description":"","publisher":{"@id":"https:\/\/taboofashion.com\/hu\/#organization"},"potentialAction":[{"@type":"SearchAction","target":{"@type":"EntryPoint","urlTemplate":"https:\/\/taboofashion.com\/hu\/?s={search_term_string}"},"query-input":"required name=search_term_string"}],"inLanguage":"hu"},{"@type":"Organization","@id":"https:\/\/taboofashion.com\/hu\/#organization","name":"Taboo Slovakia s.r.o.","url":"https:\/\/taboofashion.com\/hu\/","logo":{"@type":"ImageObject","inLanguage":"hu","@id":"https:\/\/taboofashion.com\/hu\/#\/schema\/logo\/image\/","url":"https:\/\/taboofashion.com\/wp-content\/uploads\/2022\/12\/taboologo2100-002.png","contentUrl":"https:\/\/taboofashion.com\/wp-content\/uploads\/2022\/12\/taboologo2100-002.png","width":2100,"height":1050,"caption":"Taboo Slovakia s.r.o."},"image":{"@id":"https:\/\/taboofashion.com\/hu\/#\/schema\/logo\/image\/"},"sameAs":["https:\/\/www.facebook.com\/TabooSlovakia","https:\/\/www.linkedin.com\/company\/541747\/","https:\/\/www.instagram.com\/taboofashion.com1\/"]}]},"product_brand":"Atlantis","og_availability":"instock","product_availability":"instock","product_retailer_item_id":"33019380899","product_condition":"new"},"_links":{"self":[{"href":"https:\/\/taboofashion.com\/hu\/wp-json\/wp\/v2\/product\/638589","targetHints":{"allow":["GET"]}}],"collection":[{"href":"https:\/\/taboofashion.com\/hu\/wp-json\/wp\/v2\/product"}],"about":[{"href":"https:\/\/taboofashion.com\/hu\/wp-json\/wp\/v2\/types\/product"}],"wp:featuredmedia":[{"embeddable":true,"href":"https:\/\/taboofashion.com\/hu\/wp-json\/wp\/v2\/media\/610480"}],"wp:attachment":[{"href":"https:\/\/taboofashion.com\/hu\/wp-json\/wp\/v2\/media?parent=638589"}],"wp:term":[{"taxonomy":"product_cat","embeddable":true,"href":"https:\/\/taboofashion.com\/hu\/wp-json\/wp\/v2\/product_cat?post=638589"},{"taxonomy":"product_tag","embeddable":true,"href":"https:\/\/taboofashion.com\/hu\/wp-json\/wp\/v2\/product_tag?post=638589"}],"curies":[{"name":"wp","href":"https:\/\/api.w.org\/{rel}","templated":true}]}}