{"id":638592,"date":"2022-08-30T01:01:13","date_gmt":"2022-08-29T23:01:13","guid":{"rendered":"https:\/\/taboofashion.com\/shop\/atlantis-kancso-6-panel-baseball-sapka-dobo\/"},"modified":"2022-08-30T01:01:13","modified_gmt":"2022-08-29T23:01:13","slug":"atlantis-kancso-6-panel-baseball-sapka-dobo","status":"publish","type":"product","link":"https:\/\/taboofashion.com\/hu\/shop\/atlantis-kancso-6-panel-baseball-sapka-dobo\/","title":{"rendered":"Pitcher 6 Panel Baseball sapka &#8222;Pitcher&#8221;"},"content":{"rendered":"<p>Matrica a cs\u00facson, kontrasztos alulcs\u00facs, 5 dekorat\u00edv varr\u00e1s a cs\u00facson, teljesen z\u00e1rt h\u00e1toldal, pamut izzaszt\u00f3szalag, struktur\u00e1lt el\u00fcls\u0151 szegmens, varrott f\u0171z\u0151lyukak, TearAway c\u00edmke<\/p>\n","protected":false},"excerpt":{"rendered":"<p>305g\/m\u00b2, 98% pamut, 2% elaszt\u00e1n<\/p>\n","protected":false},"featured_media":610481,"template":"","meta":[],"product_cat":[3609],"product_tag":[],"class_list":{"0":"post-638592","1":"product","2":"type-product","3":"status-publish","4":"has-post-thumbnail","6":"product_cat-baseball-sapkak","7":"pa_brand-atlantis-hu","8":"pa_colour-alcazas-hu","9":"pa_colour-bordo","10":"pa_colour-feher","11":"pa_colour-fekete","12":"pa_colour-khaki-hu","13":"pa_colour-kiralyi-hu","14":"pa_colour-olivaolaj","15":"pa_colour-piros","16":"pa_colour-sotetszurke","17":"pa_colour-tengereszgyalogsag","18":"pa_size-s-m-hu","19":"pa_size-l-xl-hu","21":"first","22":"instock","23":"taxable","24":"shipping-taxable","25":"purchasable","26":"product-type-variable","27":"has-default-attributes"},"yoast_head":"<!-- This site is optimized with the Yoast SEO plugin v21.8 - https:\/\/yoast.com\/wordpress\/plugins\/seo\/ -->\n<title>Pitcher 6 Panel Baseball sapka &quot;Pitcher&quot; &#8211; Fashion shop<\/title>\n<meta name=\"robots\" content=\"index, follow, max-snippet:-1, max-image-preview:large, max-video-preview:-1\" \/>\n<link rel=\"canonical\" href=\"https:\/\/taboofashion.com\/hu\/shop\/atlantis-kancso-6-panel-baseball-sapka-dobo\/\" \/>\n<meta property=\"og:locale\" content=\"hu_HU\" \/>\n<meta property=\"og:type\" content=\"article\" \/>\n<meta property=\"og:title\" content=\"Pitcher 6 Panel Baseball sapka &quot;Pitcher&quot; &#8211; Fashion shop\" \/>\n<meta property=\"og:description\" content=\"305g\/m\u00b2, 98% pamut, 2% elaszt\u00e1n\" \/>\n<meta property=\"og:url\" content=\"https:\/\/taboofashion.com\/hu\/shop\/atlantis-kancso-6-panel-baseball-sapka-dobo\/\" \/>\n<meta property=\"og:site_name\" content=\"Fashion shop\" \/>\n<meta property=\"article:publisher\" content=\"https:\/\/www.facebook.com\/TabooSlovakia\" \/>\n<meta name=\"twitter:card\" content=\"summary_large_image\" \/>\n<script type=\"application\/ld+json\" class=\"yoast-schema-graph\">{\"@context\":\"https:\/\/schema.org\",\"@graph\":[{\"@type\":\"WebPage\",\"@id\":\"https:\/\/taboofashion.com\/hu\/shop\/atlantis-kancso-6-panel-baseball-sapka-dobo\/\",\"url\":\"https:\/\/taboofashion.com\/hu\/shop\/atlantis-kancso-6-panel-baseball-sapka-dobo\/\",\"name\":\"Pitcher 6 Panel Baseball sapka \\\"Pitcher\\\" &#8211; Fashion shop\",\"isPartOf\":{\"@id\":\"https:\/\/taboofashion.com\/hu\/#website\"},\"datePublished\":\"2022-08-29T23:01:13+00:00\",\"dateModified\":\"2022-08-29T23:01:13+00:00\",\"breadcrumb\":{\"@id\":\"https:\/\/taboofashion.com\/hu\/shop\/atlantis-kancso-6-panel-baseball-sapka-dobo\/#breadcrumb\"},\"inLanguage\":\"hu\",\"potentialAction\":[{\"@type\":\"ReadAction\",\"target\":[\"https:\/\/taboofashion.com\/hu\/shop\/atlantis-kancso-6-panel-baseball-sapka-dobo\/\"]}]},{\"@type\":\"BreadcrumbList\",\"@id\":\"https:\/\/taboofashion.com\/hu\/shop\/atlantis-kancso-6-panel-baseball-sapka-dobo\/#breadcrumb\",\"itemListElement\":[{\"@type\":\"ListItem\",\"position\":1,\"name\":\"Home\",\"item\":\"https:\/\/taboofashion.com\/hu\/\"},{\"@type\":\"ListItem\",\"position\":2,\"name\":\"Bolt\",\"item\":\"https:\/\/taboofashion.com\/hu\/\"},{\"@type\":\"ListItem\",\"position\":3,\"name\":\"Pitcher 6 Panel Baseball sapka &#8222;Pitcher&#8221;\"}]},{\"@type\":\"WebSite\",\"@id\":\"https:\/\/taboofashion.com\/hu\/#website\",\"url\":\"https:\/\/taboofashion.com\/hu\/\",\"name\":\"Fashion shop\",\"description\":\"\",\"publisher\":{\"@id\":\"https:\/\/taboofashion.com\/hu\/#organization\"},\"potentialAction\":[{\"@type\":\"SearchAction\",\"target\":{\"@type\":\"EntryPoint\",\"urlTemplate\":\"https:\/\/taboofashion.com\/hu\/?s={search_term_string}\"},\"query-input\":\"required name=search_term_string\"}],\"inLanguage\":\"hu\"},{\"@type\":\"Organization\",\"@id\":\"https:\/\/taboofashion.com\/hu\/#organization\",\"name\":\"Taboo Slovakia s.r.o.\",\"url\":\"https:\/\/taboofashion.com\/hu\/\",\"logo\":{\"@type\":\"ImageObject\",\"inLanguage\":\"hu\",\"@id\":\"https:\/\/taboofashion.com\/hu\/#\/schema\/logo\/image\/\",\"url\":\"https:\/\/taboofashion.com\/wp-content\/uploads\/2022\/12\/taboologo2100-002.png\",\"contentUrl\":\"https:\/\/taboofashion.com\/wp-content\/uploads\/2022\/12\/taboologo2100-002.png\",\"width\":2100,\"height\":1050,\"caption\":\"Taboo Slovakia s.r.o.\"},\"image\":{\"@id\":\"https:\/\/taboofashion.com\/hu\/#\/schema\/logo\/image\/\"},\"sameAs\":[\"https:\/\/www.facebook.com\/TabooSlovakia\",\"https:\/\/www.linkedin.com\/company\/541747\/\",\"https:\/\/www.instagram.com\/taboofashion.com1\/\"]}]}<\/script>\n<meta property=\"product:brand\" content=\"Atlantis\" \/>\n<meta property=\"og:availability\" content=\"instock\" \/>\n<meta property=\"product:availability\" content=\"instock\" \/>\n<meta property=\"product:retailer_item_id\" content=\"33018900112\" \/>\n<meta property=\"product:condition\" content=\"new\" \/>\n<!-- \/ Yoast SEO plugin. -->","yoast_head_json":{"title":"Pitcher 6 Panel Baseball sapka \"Pitcher\" &#8211; Fashion shop","robots":{"index":"index","follow":"follow","max-snippet":"max-snippet:-1","max-image-preview":"max-image-preview:large","max-video-preview":"max-video-preview:-1"},"canonical":"https:\/\/taboofashion.com\/hu\/shop\/atlantis-kancso-6-panel-baseball-sapka-dobo\/","og_locale":"hu_HU","og_type":"article","og_title":"Pitcher 6 Panel Baseball sapka \"Pitcher\" &#8211; Fashion shop","og_description":"305g\/m\u00b2, 98% pamut, 2% elaszt\u00e1n","og_url":"https:\/\/taboofashion.com\/hu\/shop\/atlantis-kancso-6-panel-baseball-sapka-dobo\/","og_site_name":"Fashion shop","article_publisher":"https:\/\/www.facebook.com\/TabooSlovakia","twitter_card":"summary_large_image","schema":{"@context":"https:\/\/schema.org","@graph":[{"@type":"WebPage","@id":"https:\/\/taboofashion.com\/hu\/shop\/atlantis-kancso-6-panel-baseball-sapka-dobo\/","url":"https:\/\/taboofashion.com\/hu\/shop\/atlantis-kancso-6-panel-baseball-sapka-dobo\/","name":"Pitcher 6 Panel Baseball sapka \"Pitcher\" &#8211; Fashion shop","isPartOf":{"@id":"https:\/\/taboofashion.com\/hu\/#website"},"datePublished":"2022-08-29T23:01:13+00:00","dateModified":"2022-08-29T23:01:13+00:00","breadcrumb":{"@id":"https:\/\/taboofashion.com\/hu\/shop\/atlantis-kancso-6-panel-baseball-sapka-dobo\/#breadcrumb"},"inLanguage":"hu","potentialAction":[{"@type":"ReadAction","target":["https:\/\/taboofashion.com\/hu\/shop\/atlantis-kancso-6-panel-baseball-sapka-dobo\/"]}]},{"@type":"BreadcrumbList","@id":"https:\/\/taboofashion.com\/hu\/shop\/atlantis-kancso-6-panel-baseball-sapka-dobo\/#breadcrumb","itemListElement":[{"@type":"ListItem","position":1,"name":"Home","item":"https:\/\/taboofashion.com\/hu\/"},{"@type":"ListItem","position":2,"name":"Bolt","item":"https:\/\/taboofashion.com\/hu\/"},{"@type":"ListItem","position":3,"name":"Pitcher 6 Panel Baseball sapka &#8222;Pitcher&#8221;"}]},{"@type":"WebSite","@id":"https:\/\/taboofashion.com\/hu\/#website","url":"https:\/\/taboofashion.com\/hu\/","name":"Fashion shop","description":"","publisher":{"@id":"https:\/\/taboofashion.com\/hu\/#organization"},"potentialAction":[{"@type":"SearchAction","target":{"@type":"EntryPoint","urlTemplate":"https:\/\/taboofashion.com\/hu\/?s={search_term_string}"},"query-input":"required name=search_term_string"}],"inLanguage":"hu"},{"@type":"Organization","@id":"https:\/\/taboofashion.com\/hu\/#organization","name":"Taboo Slovakia s.r.o.","url":"https:\/\/taboofashion.com\/hu\/","logo":{"@type":"ImageObject","inLanguage":"hu","@id":"https:\/\/taboofashion.com\/hu\/#\/schema\/logo\/image\/","url":"https:\/\/taboofashion.com\/wp-content\/uploads\/2022\/12\/taboologo2100-002.png","contentUrl":"https:\/\/taboofashion.com\/wp-content\/uploads\/2022\/12\/taboologo2100-002.png","width":2100,"height":1050,"caption":"Taboo Slovakia s.r.o."},"image":{"@id":"https:\/\/taboofashion.com\/hu\/#\/schema\/logo\/image\/"},"sameAs":["https:\/\/www.facebook.com\/TabooSlovakia","https:\/\/www.linkedin.com\/company\/541747\/","https:\/\/www.instagram.com\/taboofashion.com1\/"]}]},"product_brand":"Atlantis","og_availability":"instock","product_availability":"instock","product_retailer_item_id":"33018900112","product_condition":"new"},"_links":{"self":[{"href":"https:\/\/taboofashion.com\/hu\/wp-json\/wp\/v2\/product\/638592","targetHints":{"allow":["GET"]}}],"collection":[{"href":"https:\/\/taboofashion.com\/hu\/wp-json\/wp\/v2\/product"}],"about":[{"href":"https:\/\/taboofashion.com\/hu\/wp-json\/wp\/v2\/types\/product"}],"wp:featuredmedia":[{"embeddable":true,"href":"https:\/\/taboofashion.com\/hu\/wp-json\/wp\/v2\/media\/610481"}],"wp:attachment":[{"href":"https:\/\/taboofashion.com\/hu\/wp-json\/wp\/v2\/media?parent=638592"}],"wp:term":[{"taxonomy":"product_cat","embeddable":true,"href":"https:\/\/taboofashion.com\/hu\/wp-json\/wp\/v2\/product_cat?post=638592"},{"taxonomy":"product_tag","embeddable":true,"href":"https:\/\/taboofashion.com\/hu\/wp-json\/wp\/v2\/product_tag?post=638592"}],"curies":[{"name":"wp","href":"https:\/\/api.w.org\/{rel}","templated":true}]}}