{"id":638771,"date":"2022-08-30T00:28:32","date_gmt":"2022-08-29T22:28:32","guid":{"rendered":"https:\/\/taboofashion.com\/shop\/atlantis-csata-6-panel-baseball-sapka-csata\/"},"modified":"2022-08-30T00:28:32","modified_gmt":"2022-08-29T22:28:32","slug":"atlantis-csata-6-panel-baseball-sapka-csata","status":"publish","type":"product","link":"https:\/\/taboofashion.com\/hu\/shop\/atlantis-csata-6-panel-baseball-sapka-csata\/","title":{"rendered":"Battle 6 Panel Baseball sapka &#8222;Battle&#8221;"},"content":{"rendered":"<p>Matrica a cs\u00facson, kontrasztos alulcs\u00facs, 8 dekorat\u00edv varr\u00e1s a cs\u00facson, pamut izzaszt\u00f3szalag, struktur\u00e1lt el\u00fcls\u0151 szegmens, varrott f\u0171z\u0151lyukak, Pattinthat\u00f3 r\u00f6gz\u00edt\u0151, TearAway c\u00edmke<\/p>\n","protected":false},"excerpt":{"rendered":"<p>330g\/m\u00b2, 75% poli\u00e9szter, 22% viszk\u00f3z, 3% elaszt\u00e1n, cs\u00facs alatti anyag: 100% pamut<\/p>\n","protected":false},"featured_media":610498,"template":"","meta":[],"product_cat":[3609],"product_tag":[],"class_list":{"0":"post-638771","1":"product","2":"type-product","3":"status-publish","4":"has-post-thumbnail","6":"product_cat-baseball-sapkak","7":"pa_brand-atlantis-hu","8":"pa_colour-bezs-hu","9":"pa_colour-fekete","10":"pa_colour-piros","11":"pa_colour-sotetszurke","12":"pa_colour-tengereszgyalogsag","13":"pa_size-onesize-hu","15":"first","16":"instock","17":"taxable","18":"shipping-taxable","19":"purchasable","20":"product-type-variable","21":"has-default-attributes"},"yoast_head":"<!-- This site is optimized with the Yoast SEO plugin v21.8 - https:\/\/yoast.com\/wordpress\/plugins\/seo\/ -->\n<title>Battle 6 Panel Baseball sapka &quot;Battle&quot; &#8211; Fashion shop<\/title>\n<meta name=\"robots\" content=\"index, follow, max-snippet:-1, max-image-preview:large, max-video-preview:-1\" \/>\n<link rel=\"canonical\" href=\"https:\/\/taboofashion.com\/hu\/shop\/atlantis-csata-6-panel-baseball-sapka-csata\/\" \/>\n<meta property=\"og:locale\" content=\"hu_HU\" \/>\n<meta property=\"og:type\" content=\"article\" \/>\n<meta property=\"og:title\" content=\"Battle 6 Panel Baseball sapka &quot;Battle&quot; &#8211; Fashion shop\" \/>\n<meta property=\"og:description\" content=\"330g\/m\u00b2, 75% poli\u00e9szter, 22% viszk\u00f3z, 3% elaszt\u00e1n, cs\u00facs alatti anyag: 100% pamut\" \/>\n<meta property=\"og:url\" content=\"https:\/\/taboofashion.com\/hu\/shop\/atlantis-csata-6-panel-baseball-sapka-csata\/\" \/>\n<meta property=\"og:site_name\" content=\"Fashion shop\" \/>\n<meta property=\"article:publisher\" content=\"https:\/\/www.facebook.com\/TabooSlovakia\" \/>\n<meta name=\"twitter:card\" content=\"summary_large_image\" \/>\n<script type=\"application\/ld+json\" class=\"yoast-schema-graph\">{\"@context\":\"https:\/\/schema.org\",\"@graph\":[{\"@type\":\"WebPage\",\"@id\":\"https:\/\/taboofashion.com\/hu\/shop\/atlantis-csata-6-panel-baseball-sapka-csata\/\",\"url\":\"https:\/\/taboofashion.com\/hu\/shop\/atlantis-csata-6-panel-baseball-sapka-csata\/\",\"name\":\"Battle 6 Panel Baseball sapka \\\"Battle\\\" &#8211; Fashion shop\",\"isPartOf\":{\"@id\":\"https:\/\/taboofashion.com\/hu\/#website\"},\"datePublished\":\"2022-08-29T22:28:32+00:00\",\"dateModified\":\"2022-08-29T22:28:32+00:00\",\"breadcrumb\":{\"@id\":\"https:\/\/taboofashion.com\/hu\/shop\/atlantis-csata-6-panel-baseball-sapka-csata\/#breadcrumb\"},\"inLanguage\":\"hu\",\"potentialAction\":[{\"@type\":\"ReadAction\",\"target\":[\"https:\/\/taboofashion.com\/hu\/shop\/atlantis-csata-6-panel-baseball-sapka-csata\/\"]}]},{\"@type\":\"BreadcrumbList\",\"@id\":\"https:\/\/taboofashion.com\/hu\/shop\/atlantis-csata-6-panel-baseball-sapka-csata\/#breadcrumb\",\"itemListElement\":[{\"@type\":\"ListItem\",\"position\":1,\"name\":\"Home\",\"item\":\"https:\/\/taboofashion.com\/hu\/\"},{\"@type\":\"ListItem\",\"position\":2,\"name\":\"Bolt\",\"item\":\"https:\/\/taboofashion.com\/hu\/\"},{\"@type\":\"ListItem\",\"position\":3,\"name\":\"Battle 6 Panel Baseball sapka &#8222;Battle&#8221;\"}]},{\"@type\":\"WebSite\",\"@id\":\"https:\/\/taboofashion.com\/hu\/#website\",\"url\":\"https:\/\/taboofashion.com\/hu\/\",\"name\":\"Fashion shop\",\"description\":\"\",\"publisher\":{\"@id\":\"https:\/\/taboofashion.com\/hu\/#organization\"},\"potentialAction\":[{\"@type\":\"SearchAction\",\"target\":{\"@type\":\"EntryPoint\",\"urlTemplate\":\"https:\/\/taboofashion.com\/hu\/?s={search_term_string}\"},\"query-input\":\"required name=search_term_string\"}],\"inLanguage\":\"hu\"},{\"@type\":\"Organization\",\"@id\":\"https:\/\/taboofashion.com\/hu\/#organization\",\"name\":\"Taboo Slovakia s.r.o.\",\"url\":\"https:\/\/taboofashion.com\/hu\/\",\"logo\":{\"@type\":\"ImageObject\",\"inLanguage\":\"hu\",\"@id\":\"https:\/\/taboofashion.com\/hu\/#\/schema\/logo\/image\/\",\"url\":\"https:\/\/taboofashion.com\/wp-content\/uploads\/2022\/12\/taboologo2100-002.png\",\"contentUrl\":\"https:\/\/taboofashion.com\/wp-content\/uploads\/2022\/12\/taboologo2100-002.png\",\"width\":2100,\"height\":1050,\"caption\":\"Taboo Slovakia s.r.o.\"},\"image\":{\"@id\":\"https:\/\/taboofashion.com\/hu\/#\/schema\/logo\/image\/\"},\"sameAs\":[\"https:\/\/www.facebook.com\/TabooSlovakia\",\"https:\/\/www.linkedin.com\/company\/541747\/\",\"https:\/\/www.instagram.com\/taboofashion.com1\/\"]}]}<\/script>\n<meta property=\"product:brand\" content=\"Atlantis\" \/>\n<meta property=\"og:availability\" content=\"instock\" \/>\n<meta property=\"product:availability\" content=\"instock\" \/>\n<meta property=\"product:retailer_item_id\" content=\"33013400299\" \/>\n<meta property=\"product:condition\" content=\"new\" \/>\n<!-- \/ Yoast SEO plugin. -->","yoast_head_json":{"title":"Battle 6 Panel Baseball sapka \"Battle\" &#8211; Fashion shop","robots":{"index":"index","follow":"follow","max-snippet":"max-snippet:-1","max-image-preview":"max-image-preview:large","max-video-preview":"max-video-preview:-1"},"canonical":"https:\/\/taboofashion.com\/hu\/shop\/atlantis-csata-6-panel-baseball-sapka-csata\/","og_locale":"hu_HU","og_type":"article","og_title":"Battle 6 Panel Baseball sapka \"Battle\" &#8211; Fashion shop","og_description":"330g\/m\u00b2, 75% poli\u00e9szter, 22% viszk\u00f3z, 3% elaszt\u00e1n, cs\u00facs alatti anyag: 100% pamut","og_url":"https:\/\/taboofashion.com\/hu\/shop\/atlantis-csata-6-panel-baseball-sapka-csata\/","og_site_name":"Fashion shop","article_publisher":"https:\/\/www.facebook.com\/TabooSlovakia","twitter_card":"summary_large_image","schema":{"@context":"https:\/\/schema.org","@graph":[{"@type":"WebPage","@id":"https:\/\/taboofashion.com\/hu\/shop\/atlantis-csata-6-panel-baseball-sapka-csata\/","url":"https:\/\/taboofashion.com\/hu\/shop\/atlantis-csata-6-panel-baseball-sapka-csata\/","name":"Battle 6 Panel Baseball sapka \"Battle\" &#8211; Fashion shop","isPartOf":{"@id":"https:\/\/taboofashion.com\/hu\/#website"},"datePublished":"2022-08-29T22:28:32+00:00","dateModified":"2022-08-29T22:28:32+00:00","breadcrumb":{"@id":"https:\/\/taboofashion.com\/hu\/shop\/atlantis-csata-6-panel-baseball-sapka-csata\/#breadcrumb"},"inLanguage":"hu","potentialAction":[{"@type":"ReadAction","target":["https:\/\/taboofashion.com\/hu\/shop\/atlantis-csata-6-panel-baseball-sapka-csata\/"]}]},{"@type":"BreadcrumbList","@id":"https:\/\/taboofashion.com\/hu\/shop\/atlantis-csata-6-panel-baseball-sapka-csata\/#breadcrumb","itemListElement":[{"@type":"ListItem","position":1,"name":"Home","item":"https:\/\/taboofashion.com\/hu\/"},{"@type":"ListItem","position":2,"name":"Bolt","item":"https:\/\/taboofashion.com\/hu\/"},{"@type":"ListItem","position":3,"name":"Battle 6 Panel Baseball sapka &#8222;Battle&#8221;"}]},{"@type":"WebSite","@id":"https:\/\/taboofashion.com\/hu\/#website","url":"https:\/\/taboofashion.com\/hu\/","name":"Fashion shop","description":"","publisher":{"@id":"https:\/\/taboofashion.com\/hu\/#organization"},"potentialAction":[{"@type":"SearchAction","target":{"@type":"EntryPoint","urlTemplate":"https:\/\/taboofashion.com\/hu\/?s={search_term_string}"},"query-input":"required name=search_term_string"}],"inLanguage":"hu"},{"@type":"Organization","@id":"https:\/\/taboofashion.com\/hu\/#organization","name":"Taboo Slovakia s.r.o.","url":"https:\/\/taboofashion.com\/hu\/","logo":{"@type":"ImageObject","inLanguage":"hu","@id":"https:\/\/taboofashion.com\/hu\/#\/schema\/logo\/image\/","url":"https:\/\/taboofashion.com\/wp-content\/uploads\/2022\/12\/taboologo2100-002.png","contentUrl":"https:\/\/taboofashion.com\/wp-content\/uploads\/2022\/12\/taboologo2100-002.png","width":2100,"height":1050,"caption":"Taboo Slovakia s.r.o."},"image":{"@id":"https:\/\/taboofashion.com\/hu\/#\/schema\/logo\/image\/"},"sameAs":["https:\/\/www.facebook.com\/TabooSlovakia","https:\/\/www.linkedin.com\/company\/541747\/","https:\/\/www.instagram.com\/taboofashion.com1\/"]}]},"product_brand":"Atlantis","og_availability":"instock","product_availability":"instock","product_retailer_item_id":"33013400299","product_condition":"new"},"_links":{"self":[{"href":"https:\/\/taboofashion.com\/hu\/wp-json\/wp\/v2\/product\/638771","targetHints":{"allow":["GET"]}}],"collection":[{"href":"https:\/\/taboofashion.com\/hu\/wp-json\/wp\/v2\/product"}],"about":[{"href":"https:\/\/taboofashion.com\/hu\/wp-json\/wp\/v2\/types\/product"}],"wp:featuredmedia":[{"embeddable":true,"href":"https:\/\/taboofashion.com\/hu\/wp-json\/wp\/v2\/media\/610498"}],"wp:attachment":[{"href":"https:\/\/taboofashion.com\/hu\/wp-json\/wp\/v2\/media?parent=638771"}],"wp:term":[{"taxonomy":"product_cat","embeddable":true,"href":"https:\/\/taboofashion.com\/hu\/wp-json\/wp\/v2\/product_cat?post=638771"},{"taxonomy":"product_tag","embeddable":true,"href":"https:\/\/taboofashion.com\/hu\/wp-json\/wp\/v2\/product_tag?post=638771"}],"curies":[{"name":"wp","href":"https:\/\/api.w.org\/{rel}","templated":true}]}}