{"id":639201,"date":"2022-08-27T00:08:28","date_gmt":"2022-08-26T22:08:28","guid":{"rendered":"https:\/\/taboofashion.com\/shop\/mirtusz-part-mb-9412-szalcsiszolt-5-panel-sapka\/"},"modified":"2022-08-27T00:08:28","modified_gmt":"2022-08-26T22:08:28","slug":"mirtusz-part-mb-9412-szalcsiszolt-5-panel-sapka","status":"publish","type":"product","link":"https:\/\/taboofashion.com\/hu\/shop\/mirtusz-part-mb-9412-szalcsiszolt-5-panel-sapka\/","title":{"rendered":"MB 9412 csiszolt 5 panelsapka"},"content":{"rendered":"<p>6 dekorat\u00edv varr\u00e1s a cs\u00facson, b\u00e9lelt szat\u00e9n izzaszt\u00f3szalag, 4 h\u00edmzett szell\u0151z\u0151ny\u00edl\u00e1s, f\u00e9nyes ez\u00fcst klipbe\u00e1ll\u00edt\u00f3 dombornyomott Myrtle Beach log\u00f3val \u00e9s f\u00e9m f\u0171z\u0151lyukkal<\/p>\n","protected":false},"excerpt":{"rendered":"<p>100% neh\u00e9z sz\u00e1lcsiszolt pamut<\/p>\n","protected":false},"featured_media":610557,"template":"","meta":[],"product_cat":[3609],"product_tag":[],"class_list":{"0":"post-639201","1":"product","2":"type-product","3":"status-publish","4":"has-post-thumbnail","6":"product_cat-baseball-sapkak","7":"pa_brand-myrtle-beach-hu","8":"pa_colour-csendes-ocean","9":"pa_colour-feher","10":"pa_colour-fekete","11":"pa_colour-kiralyi-hu","12":"pa_colour-narancs","13":"pa_colour-pafrany-zold","14":"pa_colour-piros","15":"pa_colour-sotetszurke","16":"pa_colour-sotetzold","17":"pa_colour-tengereszgyalogsag","18":"pa_colour-vilagos-khaki","19":"pa_size-onesize-hu","21":"first","22":"instock","23":"taxable","24":"shipping-taxable","25":"purchasable","26":"product-type-variable","27":"has-default-attributes"},"yoast_head":"<!-- This site is optimized with the Yoast SEO plugin v21.8 - https:\/\/yoast.com\/wordpress\/plugins\/seo\/ -->\n<title>MB 9412 csiszolt 5 panelsapka &#8211; Fashion shop<\/title>\n<meta name=\"robots\" content=\"index, follow, max-snippet:-1, max-image-preview:large, max-video-preview:-1\" \/>\n<link rel=\"canonical\" href=\"https:\/\/taboofashion.com\/hu\/shop\/mirtusz-part-mb-9412-szalcsiszolt-5-panel-sapka\/\" \/>\n<meta property=\"og:locale\" content=\"hu_HU\" \/>\n<meta property=\"og:type\" content=\"article\" \/>\n<meta property=\"og:title\" content=\"MB 9412 csiszolt 5 panelsapka &#8211; Fashion shop\" \/>\n<meta property=\"og:description\" content=\"100% neh\u00e9z sz\u00e1lcsiszolt pamut\" \/>\n<meta property=\"og:url\" content=\"https:\/\/taboofashion.com\/hu\/shop\/mirtusz-part-mb-9412-szalcsiszolt-5-panel-sapka\/\" \/>\n<meta property=\"og:site_name\" content=\"Fashion shop\" \/>\n<meta property=\"article:publisher\" content=\"https:\/\/www.facebook.com\/TabooSlovakia\" \/>\n<meta name=\"twitter:card\" content=\"summary_large_image\" \/>\n<script type=\"application\/ld+json\" class=\"yoast-schema-graph\">{\"@context\":\"https:\/\/schema.org\",\"@graph\":[{\"@type\":\"WebPage\",\"@id\":\"https:\/\/taboofashion.com\/hu\/shop\/mirtusz-part-mb-9412-szalcsiszolt-5-panel-sapka\/\",\"url\":\"https:\/\/taboofashion.com\/hu\/shop\/mirtusz-part-mb-9412-szalcsiszolt-5-panel-sapka\/\",\"name\":\"MB 9412 csiszolt 5 panelsapka &#8211; Fashion shop\",\"isPartOf\":{\"@id\":\"https:\/\/taboofashion.com\/hu\/#website\"},\"datePublished\":\"2022-08-26T22:08:28+00:00\",\"dateModified\":\"2022-08-26T22:08:28+00:00\",\"breadcrumb\":{\"@id\":\"https:\/\/taboofashion.com\/hu\/shop\/mirtusz-part-mb-9412-szalcsiszolt-5-panel-sapka\/#breadcrumb\"},\"inLanguage\":\"hu\",\"potentialAction\":[{\"@type\":\"ReadAction\",\"target\":[\"https:\/\/taboofashion.com\/hu\/shop\/mirtusz-part-mb-9412-szalcsiszolt-5-panel-sapka\/\"]}]},{\"@type\":\"BreadcrumbList\",\"@id\":\"https:\/\/taboofashion.com\/hu\/shop\/mirtusz-part-mb-9412-szalcsiszolt-5-panel-sapka\/#breadcrumb\",\"itemListElement\":[{\"@type\":\"ListItem\",\"position\":1,\"name\":\"Home\",\"item\":\"https:\/\/taboofashion.com\/hu\/\"},{\"@type\":\"ListItem\",\"position\":2,\"name\":\"Bolt\",\"item\":\"https:\/\/taboofashion.com\/hu\/\"},{\"@type\":\"ListItem\",\"position\":3,\"name\":\"MB 9412 csiszolt 5 panelsapka\"}]},{\"@type\":\"WebSite\",\"@id\":\"https:\/\/taboofashion.com\/hu\/#website\",\"url\":\"https:\/\/taboofashion.com\/hu\/\",\"name\":\"Fashion shop\",\"description\":\"\",\"publisher\":{\"@id\":\"https:\/\/taboofashion.com\/hu\/#organization\"},\"potentialAction\":[{\"@type\":\"SearchAction\",\"target\":{\"@type\":\"EntryPoint\",\"urlTemplate\":\"https:\/\/taboofashion.com\/hu\/?s={search_term_string}\"},\"query-input\":\"required name=search_term_string\"}],\"inLanguage\":\"hu\"},{\"@type\":\"Organization\",\"@id\":\"https:\/\/taboofashion.com\/hu\/#organization\",\"name\":\"Taboo Slovakia s.r.o.\",\"url\":\"https:\/\/taboofashion.com\/hu\/\",\"logo\":{\"@type\":\"ImageObject\",\"inLanguage\":\"hu\",\"@id\":\"https:\/\/taboofashion.com\/hu\/#\/schema\/logo\/image\/\",\"url\":\"https:\/\/taboofashion.com\/wp-content\/uploads\/2022\/12\/taboologo2100-002.png\",\"contentUrl\":\"https:\/\/taboofashion.com\/wp-content\/uploads\/2022\/12\/taboologo2100-002.png\",\"width\":2100,\"height\":1050,\"caption\":\"Taboo Slovakia s.r.o.\"},\"image\":{\"@id\":\"https:\/\/taboofashion.com\/hu\/#\/schema\/logo\/image\/\"},\"sameAs\":[\"https:\/\/www.facebook.com\/TabooSlovakia\",\"https:\/\/www.linkedin.com\/company\/541747\/\",\"https:\/\/www.instagram.com\/taboofashion.com1\/\"]}]}<\/script>\n<meta property=\"product:brand\" content=\"Myrtle Beach\" \/>\n<meta property=\"og:availability\" content=\"instock\" \/>\n<meta property=\"product:availability\" content=\"instock\" \/>\n<meta property=\"product:retailer_item_id\" content=\"03941200199\" \/>\n<meta property=\"product:condition\" content=\"new\" \/>\n<!-- \/ Yoast SEO plugin. -->","yoast_head_json":{"title":"MB 9412 csiszolt 5 panelsapka &#8211; Fashion shop","robots":{"index":"index","follow":"follow","max-snippet":"max-snippet:-1","max-image-preview":"max-image-preview:large","max-video-preview":"max-video-preview:-1"},"canonical":"https:\/\/taboofashion.com\/hu\/shop\/mirtusz-part-mb-9412-szalcsiszolt-5-panel-sapka\/","og_locale":"hu_HU","og_type":"article","og_title":"MB 9412 csiszolt 5 panelsapka &#8211; Fashion shop","og_description":"100% neh\u00e9z sz\u00e1lcsiszolt pamut","og_url":"https:\/\/taboofashion.com\/hu\/shop\/mirtusz-part-mb-9412-szalcsiszolt-5-panel-sapka\/","og_site_name":"Fashion shop","article_publisher":"https:\/\/www.facebook.com\/TabooSlovakia","twitter_card":"summary_large_image","schema":{"@context":"https:\/\/schema.org","@graph":[{"@type":"WebPage","@id":"https:\/\/taboofashion.com\/hu\/shop\/mirtusz-part-mb-9412-szalcsiszolt-5-panel-sapka\/","url":"https:\/\/taboofashion.com\/hu\/shop\/mirtusz-part-mb-9412-szalcsiszolt-5-panel-sapka\/","name":"MB 9412 csiszolt 5 panelsapka &#8211; Fashion shop","isPartOf":{"@id":"https:\/\/taboofashion.com\/hu\/#website"},"datePublished":"2022-08-26T22:08:28+00:00","dateModified":"2022-08-26T22:08:28+00:00","breadcrumb":{"@id":"https:\/\/taboofashion.com\/hu\/shop\/mirtusz-part-mb-9412-szalcsiszolt-5-panel-sapka\/#breadcrumb"},"inLanguage":"hu","potentialAction":[{"@type":"ReadAction","target":["https:\/\/taboofashion.com\/hu\/shop\/mirtusz-part-mb-9412-szalcsiszolt-5-panel-sapka\/"]}]},{"@type":"BreadcrumbList","@id":"https:\/\/taboofashion.com\/hu\/shop\/mirtusz-part-mb-9412-szalcsiszolt-5-panel-sapka\/#breadcrumb","itemListElement":[{"@type":"ListItem","position":1,"name":"Home","item":"https:\/\/taboofashion.com\/hu\/"},{"@type":"ListItem","position":2,"name":"Bolt","item":"https:\/\/taboofashion.com\/hu\/"},{"@type":"ListItem","position":3,"name":"MB 9412 csiszolt 5 panelsapka"}]},{"@type":"WebSite","@id":"https:\/\/taboofashion.com\/hu\/#website","url":"https:\/\/taboofashion.com\/hu\/","name":"Fashion shop","description":"","publisher":{"@id":"https:\/\/taboofashion.com\/hu\/#organization"},"potentialAction":[{"@type":"SearchAction","target":{"@type":"EntryPoint","urlTemplate":"https:\/\/taboofashion.com\/hu\/?s={search_term_string}"},"query-input":"required name=search_term_string"}],"inLanguage":"hu"},{"@type":"Organization","@id":"https:\/\/taboofashion.com\/hu\/#organization","name":"Taboo Slovakia s.r.o.","url":"https:\/\/taboofashion.com\/hu\/","logo":{"@type":"ImageObject","inLanguage":"hu","@id":"https:\/\/taboofashion.com\/hu\/#\/schema\/logo\/image\/","url":"https:\/\/taboofashion.com\/wp-content\/uploads\/2022\/12\/taboologo2100-002.png","contentUrl":"https:\/\/taboofashion.com\/wp-content\/uploads\/2022\/12\/taboologo2100-002.png","width":2100,"height":1050,"caption":"Taboo Slovakia s.r.o."},"image":{"@id":"https:\/\/taboofashion.com\/hu\/#\/schema\/logo\/image\/"},"sameAs":["https:\/\/www.facebook.com\/TabooSlovakia","https:\/\/www.linkedin.com\/company\/541747\/","https:\/\/www.instagram.com\/taboofashion.com1\/"]}]},"product_brand":"Myrtle Beach","og_availability":"instock","product_availability":"instock","product_retailer_item_id":"03941200199","product_condition":"new"},"_links":{"self":[{"href":"https:\/\/taboofashion.com\/hu\/wp-json\/wp\/v2\/product\/639201","targetHints":{"allow":["GET"]}}],"collection":[{"href":"https:\/\/taboofashion.com\/hu\/wp-json\/wp\/v2\/product"}],"about":[{"href":"https:\/\/taboofashion.com\/hu\/wp-json\/wp\/v2\/types\/product"}],"wp:featuredmedia":[{"embeddable":true,"href":"https:\/\/taboofashion.com\/hu\/wp-json\/wp\/v2\/media\/610557"}],"wp:attachment":[{"href":"https:\/\/taboofashion.com\/hu\/wp-json\/wp\/v2\/media?parent=639201"}],"wp:term":[{"taxonomy":"product_cat","embeddable":true,"href":"https:\/\/taboofashion.com\/hu\/wp-json\/wp\/v2\/product_cat?post=639201"},{"taxonomy":"product_tag","embeddable":true,"href":"https:\/\/taboofashion.com\/hu\/wp-json\/wp\/v2\/product_tag?post=639201"}],"curies":[{"name":"wp","href":"https:\/\/api.w.org\/{rel}","templated":true}]}}