{"id":639213,"date":"2022-08-26T23:38:09","date_gmt":"2022-08-26T21:38:09","guid":{"rendered":"https:\/\/taboofashion.com\/shop\/myrtle-beach-mb-7510-6-panel-polar-sapka-fulvedovel\/"},"modified":"2022-08-26T23:38:09","modified_gmt":"2022-08-26T21:38:09","slug":"myrtle-beach-mb-7510-6-panel-polar-sapka-fulvedovel","status":"publish","type":"product","link":"https:\/\/taboofashion.com\/hu\/shop\/myrtle-beach-mb-7510-6-panel-polar-sapka-fulvedovel\/","title":{"rendered":"MB 7510 6 paneles pol\u00e1r sapka f\u00fclv\u00e9d\u0151kkel"},"content":{"rendered":"<p>Cipz\u00e1r a m\u00e9ret\u00e1ll\u00edt\u00e1shoz, 4 d\u00edszvarr\u00e1s a cs\u00facson, b\u00e9lelt szat\u00e9n izzaszt\u00f3szalag, lamin\u00e1lt el\u0151lapok<\/p>\n","protected":false},"excerpt":{"rendered":"<p>300g\/m\u00b2, 100% hull\u00e1sg\u00e1tl\u00f3 poli\u00e9szter gyapj\u00fa<\/p>\n","protected":false},"featured_media":608355,"template":"","meta":[],"product_cat":[3609,3611,3613],"product_tag":[],"class_list":{"0":"post-639213","1":"product","2":"type-product","3":"status-publish","4":"has-post-thumbnail","6":"product_cat-baseball-sapkak","7":"product_cat-polar-pulover","8":"product_cat-sapkak","9":"pa_brand-myrtle-beach-hu","10":"pa_colour-fekete","11":"pa_colour-sotetzold","12":"pa_colour-szurke","13":"pa_colour-tengereszgyalogsag","14":"pa_size-onesize-hu","16":"first","17":"instock","18":"taxable","19":"shipping-taxable","20":"purchasable","21":"product-type-variable","22":"has-default-attributes"},"yoast_head":"<!-- This site is optimized with the Yoast SEO plugin v21.8 - https:\/\/yoast.com\/wordpress\/plugins\/seo\/ -->\n<title>MB 7510 6 paneles pol\u00e1r sapka f\u00fclv\u00e9d\u0151kkel &#8211; Fashion shop<\/title>\n<meta name=\"robots\" content=\"index, follow, max-snippet:-1, max-image-preview:large, max-video-preview:-1\" \/>\n<link rel=\"canonical\" href=\"https:\/\/taboofashion.com\/hu\/shop\/myrtle-beach-mb-7510-6-panel-polar-sapka-fulvedovel\/\" \/>\n<meta property=\"og:locale\" content=\"hu_HU\" \/>\n<meta property=\"og:type\" content=\"article\" \/>\n<meta property=\"og:title\" content=\"MB 7510 6 paneles pol\u00e1r sapka f\u00fclv\u00e9d\u0151kkel &#8211; Fashion shop\" \/>\n<meta property=\"og:description\" content=\"300g\/m\u00b2, 100% hull\u00e1sg\u00e1tl\u00f3 poli\u00e9szter gyapj\u00fa\" \/>\n<meta property=\"og:url\" content=\"https:\/\/taboofashion.com\/hu\/shop\/myrtle-beach-mb-7510-6-panel-polar-sapka-fulvedovel\/\" \/>\n<meta property=\"og:site_name\" content=\"Fashion shop\" \/>\n<meta property=\"article:publisher\" content=\"https:\/\/www.facebook.com\/TabooSlovakia\" \/>\n<meta name=\"twitter:card\" content=\"summary_large_image\" \/>\n<script type=\"application\/ld+json\" class=\"yoast-schema-graph\">{\"@context\":\"https:\/\/schema.org\",\"@graph\":[{\"@type\":\"WebPage\",\"@id\":\"https:\/\/taboofashion.com\/hu\/shop\/myrtle-beach-mb-7510-6-panel-polar-sapka-fulvedovel\/\",\"url\":\"https:\/\/taboofashion.com\/hu\/shop\/myrtle-beach-mb-7510-6-panel-polar-sapka-fulvedovel\/\",\"name\":\"MB 7510 6 paneles pol\u00e1r sapka f\u00fclv\u00e9d\u0151kkel &#8211; Fashion shop\",\"isPartOf\":{\"@id\":\"https:\/\/taboofashion.com\/hu\/#website\"},\"datePublished\":\"2022-08-26T21:38:09+00:00\",\"dateModified\":\"2022-08-26T21:38:09+00:00\",\"breadcrumb\":{\"@id\":\"https:\/\/taboofashion.com\/hu\/shop\/myrtle-beach-mb-7510-6-panel-polar-sapka-fulvedovel\/#breadcrumb\"},\"inLanguage\":\"hu\",\"potentialAction\":[{\"@type\":\"ReadAction\",\"target\":[\"https:\/\/taboofashion.com\/hu\/shop\/myrtle-beach-mb-7510-6-panel-polar-sapka-fulvedovel\/\"]}]},{\"@type\":\"BreadcrumbList\",\"@id\":\"https:\/\/taboofashion.com\/hu\/shop\/myrtle-beach-mb-7510-6-panel-polar-sapka-fulvedovel\/#breadcrumb\",\"itemListElement\":[{\"@type\":\"ListItem\",\"position\":1,\"name\":\"Home\",\"item\":\"https:\/\/taboofashion.com\/hu\/\"},{\"@type\":\"ListItem\",\"position\":2,\"name\":\"Bolt\",\"item\":\"https:\/\/taboofashion.com\/hu\/\"},{\"@type\":\"ListItem\",\"position\":3,\"name\":\"MB 7510 6 paneles pol\u00e1r sapka f\u00fclv\u00e9d\u0151kkel\"}]},{\"@type\":\"WebSite\",\"@id\":\"https:\/\/taboofashion.com\/hu\/#website\",\"url\":\"https:\/\/taboofashion.com\/hu\/\",\"name\":\"Fashion shop\",\"description\":\"\",\"publisher\":{\"@id\":\"https:\/\/taboofashion.com\/hu\/#organization\"},\"potentialAction\":[{\"@type\":\"SearchAction\",\"target\":{\"@type\":\"EntryPoint\",\"urlTemplate\":\"https:\/\/taboofashion.com\/hu\/?s={search_term_string}\"},\"query-input\":\"required name=search_term_string\"}],\"inLanguage\":\"hu\"},{\"@type\":\"Organization\",\"@id\":\"https:\/\/taboofashion.com\/hu\/#organization\",\"name\":\"Taboo Slovakia s.r.o.\",\"url\":\"https:\/\/taboofashion.com\/hu\/\",\"logo\":{\"@type\":\"ImageObject\",\"inLanguage\":\"hu\",\"@id\":\"https:\/\/taboofashion.com\/hu\/#\/schema\/logo\/image\/\",\"url\":\"https:\/\/taboofashion.com\/wp-content\/uploads\/2022\/12\/taboologo2100-002.png\",\"contentUrl\":\"https:\/\/taboofashion.com\/wp-content\/uploads\/2022\/12\/taboologo2100-002.png\",\"width\":2100,\"height\":1050,\"caption\":\"Taboo Slovakia s.r.o.\"},\"image\":{\"@id\":\"https:\/\/taboofashion.com\/hu\/#\/schema\/logo\/image\/\"},\"sameAs\":[\"https:\/\/www.facebook.com\/TabooSlovakia\",\"https:\/\/www.linkedin.com\/company\/541747\/\",\"https:\/\/www.instagram.com\/taboofashion.com1\/\"]}]}<\/script>\n<meta property=\"product:brand\" content=\"Myrtle Beach\" \/>\n<meta property=\"og:availability\" content=\"instock\" \/>\n<meta property=\"product:availability\" content=\"instock\" \/>\n<meta property=\"product:retailer_item_id\" content=\"03751000299\" \/>\n<meta property=\"product:condition\" content=\"new\" \/>\n<!-- \/ Yoast SEO plugin. -->","yoast_head_json":{"title":"MB 7510 6 paneles pol\u00e1r sapka f\u00fclv\u00e9d\u0151kkel &#8211; Fashion shop","robots":{"index":"index","follow":"follow","max-snippet":"max-snippet:-1","max-image-preview":"max-image-preview:large","max-video-preview":"max-video-preview:-1"},"canonical":"https:\/\/taboofashion.com\/hu\/shop\/myrtle-beach-mb-7510-6-panel-polar-sapka-fulvedovel\/","og_locale":"hu_HU","og_type":"article","og_title":"MB 7510 6 paneles pol\u00e1r sapka f\u00fclv\u00e9d\u0151kkel &#8211; Fashion shop","og_description":"300g\/m\u00b2, 100% hull\u00e1sg\u00e1tl\u00f3 poli\u00e9szter gyapj\u00fa","og_url":"https:\/\/taboofashion.com\/hu\/shop\/myrtle-beach-mb-7510-6-panel-polar-sapka-fulvedovel\/","og_site_name":"Fashion shop","article_publisher":"https:\/\/www.facebook.com\/TabooSlovakia","twitter_card":"summary_large_image","schema":{"@context":"https:\/\/schema.org","@graph":[{"@type":"WebPage","@id":"https:\/\/taboofashion.com\/hu\/shop\/myrtle-beach-mb-7510-6-panel-polar-sapka-fulvedovel\/","url":"https:\/\/taboofashion.com\/hu\/shop\/myrtle-beach-mb-7510-6-panel-polar-sapka-fulvedovel\/","name":"MB 7510 6 paneles pol\u00e1r sapka f\u00fclv\u00e9d\u0151kkel &#8211; Fashion shop","isPartOf":{"@id":"https:\/\/taboofashion.com\/hu\/#website"},"datePublished":"2022-08-26T21:38:09+00:00","dateModified":"2022-08-26T21:38:09+00:00","breadcrumb":{"@id":"https:\/\/taboofashion.com\/hu\/shop\/myrtle-beach-mb-7510-6-panel-polar-sapka-fulvedovel\/#breadcrumb"},"inLanguage":"hu","potentialAction":[{"@type":"ReadAction","target":["https:\/\/taboofashion.com\/hu\/shop\/myrtle-beach-mb-7510-6-panel-polar-sapka-fulvedovel\/"]}]},{"@type":"BreadcrumbList","@id":"https:\/\/taboofashion.com\/hu\/shop\/myrtle-beach-mb-7510-6-panel-polar-sapka-fulvedovel\/#breadcrumb","itemListElement":[{"@type":"ListItem","position":1,"name":"Home","item":"https:\/\/taboofashion.com\/hu\/"},{"@type":"ListItem","position":2,"name":"Bolt","item":"https:\/\/taboofashion.com\/hu\/"},{"@type":"ListItem","position":3,"name":"MB 7510 6 paneles pol\u00e1r sapka f\u00fclv\u00e9d\u0151kkel"}]},{"@type":"WebSite","@id":"https:\/\/taboofashion.com\/hu\/#website","url":"https:\/\/taboofashion.com\/hu\/","name":"Fashion shop","description":"","publisher":{"@id":"https:\/\/taboofashion.com\/hu\/#organization"},"potentialAction":[{"@type":"SearchAction","target":{"@type":"EntryPoint","urlTemplate":"https:\/\/taboofashion.com\/hu\/?s={search_term_string}"},"query-input":"required name=search_term_string"}],"inLanguage":"hu"},{"@type":"Organization","@id":"https:\/\/taboofashion.com\/hu\/#organization","name":"Taboo Slovakia s.r.o.","url":"https:\/\/taboofashion.com\/hu\/","logo":{"@type":"ImageObject","inLanguage":"hu","@id":"https:\/\/taboofashion.com\/hu\/#\/schema\/logo\/image\/","url":"https:\/\/taboofashion.com\/wp-content\/uploads\/2022\/12\/taboologo2100-002.png","contentUrl":"https:\/\/taboofashion.com\/wp-content\/uploads\/2022\/12\/taboologo2100-002.png","width":2100,"height":1050,"caption":"Taboo Slovakia s.r.o."},"image":{"@id":"https:\/\/taboofashion.com\/hu\/#\/schema\/logo\/image\/"},"sameAs":["https:\/\/www.facebook.com\/TabooSlovakia","https:\/\/www.linkedin.com\/company\/541747\/","https:\/\/www.instagram.com\/taboofashion.com1\/"]}]},"product_brand":"Myrtle Beach","og_availability":"instock","product_availability":"instock","product_retailer_item_id":"03751000299","product_condition":"new"},"_links":{"self":[{"href":"https:\/\/taboofashion.com\/hu\/wp-json\/wp\/v2\/product\/639213","targetHints":{"allow":["GET"]}}],"collection":[{"href":"https:\/\/taboofashion.com\/hu\/wp-json\/wp\/v2\/product"}],"about":[{"href":"https:\/\/taboofashion.com\/hu\/wp-json\/wp\/v2\/types\/product"}],"wp:featuredmedia":[{"embeddable":true,"href":"https:\/\/taboofashion.com\/hu\/wp-json\/wp\/v2\/media\/608355"}],"wp:attachment":[{"href":"https:\/\/taboofashion.com\/hu\/wp-json\/wp\/v2\/media?parent=639213"}],"wp:term":[{"taxonomy":"product_cat","embeddable":true,"href":"https:\/\/taboofashion.com\/hu\/wp-json\/wp\/v2\/product_cat?post=639213"},{"taxonomy":"product_tag","embeddable":true,"href":"https:\/\/taboofashion.com\/hu\/wp-json\/wp\/v2\/product_tag?post=639213"}],"curies":[{"name":"wp","href":"https:\/\/api.w.org\/{rel}","templated":true}]}}