{"id":639485,"date":"2022-08-30T06:07:22","date_gmt":"2022-08-30T04:07:22","guid":{"rendered":"https:\/\/taboofashion.com\/shop\/premier-pr797-aktiv-szenszuro-maszkokhoz-10-csomag\/"},"modified":"2022-08-30T06:07:22","modified_gmt":"2022-08-30T04:07:22","slug":"premier-pr797-aktiv-szenszuro-maszkokhoz-10-csomag","status":"publish","type":"product","link":"https:\/\/taboofashion.com\/hu\/shop\/premier-pr797-aktiv-szenszuro-maszkokhoz-10-csomag\/","title":{"rendered":"PR797 akt\u00edvsz\u00e9n sz\u0171r\u0151 maszkokhoz 10 db"},"content":{"rendered":"<p>A PR796 cikkel egy\u00fctt haszn\u00e1lhat\u00f3, sem orvosi term\u00e9k, sem egy\u00e9ni v\u00e9d\u0151eszk\u00f6z (PPE), csak mag\u00e1nhaszn\u00e1latra, gyapj\u00fa akt\u00edvsz\u00e9n sz\u0171r\u0151, cs\u00f6kkenti az olyan r\u00e9szecsk\u00e9k bel\u00e9legz\u00e9s\u00e9t, mint a por, pollen \u00e9s kipufog\u00f3g\u00e1z, PM2,5 (r\u00e9szecsk\u00e9k 2,5). mikron) megfelel a GB2626-2006 szabv\u00e1nynak, m\u00e9rete: 12x8cm, a sz\u0171r\u0151t haszn\u00e1latt\u00f3l f\u00fcgg\u0151en 1-3 naponta cser\u00e9lni kell, csere \u00e9s visszak\u00fcld\u00e9s kiz\u00e1rva<\/p>\n","protected":false},"excerpt":{"rendered":"<p>A PR796 cikkel egy\u00fctt haszn\u00e1lhat\u00f3, sem orvosi term\u00e9k, sem egy\u00e9ni v\u00e9d\u0151eszk\u00f6z (PPE), csak mag\u00e1nhaszn\u00e1latra, gyapj\u00fa akt\u00edvsz\u00e9n sz\u0171r\u0151, cs\u00f6kkenti az olyan r\u00e9szecsk\u00e9k bel\u00e9legz\u00e9s\u00e9t, mint a por, pollen \u00e9s kipufog\u00f3g\u00e1z, PM2,5 (r\u00e9szecsk\u00e9k 2,5). mikron) megfelel a GB2626-2006 szabv\u00e1nynak, m\u00e9rete: 12x8cm, a sz\u0171r\u0151t haszn\u00e1latt\u00f3l f\u00fcgg\u0151en 1-3 naponta cser\u00e9lni kell, csere \u00e9s visszak\u00fcld\u00e9s kiz\u00e1rva<\/p>\n","protected":false},"featured_media":610394,"template":"","meta":[],"product_cat":[3610],"product_tag":[],"class_list":{"0":"post-639485","1":"product","2":"type-product","3":"status-publish","4":"has-post-thumbnail","6":"product_cat-maszkok","7":"pa_brand-premier-hu","8":"pa_colour-feher","9":"pa_size-onesize-hu","11":"first","12":"instock","13":"taxable","14":"shipping-taxable","15":"purchasable","16":"product-type-simple"},"yoast_head":"<!-- This site is optimized with the Yoast SEO plugin v21.8 - https:\/\/yoast.com\/wordpress\/plugins\/seo\/ -->\n<title>PR797 akt\u00edvsz\u00e9n sz\u0171r\u0151 maszkokhoz 10 db &#8211; Fashion shop<\/title>\n<meta name=\"robots\" content=\"index, follow, max-snippet:-1, max-image-preview:large, max-video-preview:-1\" \/>\n<link rel=\"canonical\" href=\"https:\/\/taboofashion.com\/hu\/shop\/premier-pr797-aktiv-szenszuro-maszkokhoz-10-csomag\/\" \/>\n<meta property=\"og:locale\" content=\"hu_HU\" \/>\n<meta property=\"og:type\" content=\"article\" \/>\n<meta property=\"og:title\" content=\"PR797 akt\u00edvsz\u00e9n sz\u0171r\u0151 maszkokhoz 10 db &#8211; Fashion shop\" \/>\n<meta property=\"og:description\" content=\"A PR796 cikkel egy\u00fctt haszn\u00e1lhat\u00f3, sem orvosi term\u00e9k, sem egy\u00e9ni v\u00e9d\u0151eszk\u00f6z (PPE), csak mag\u00e1nhaszn\u00e1latra, gyapj\u00fa akt\u00edvsz\u00e9n sz\u0171r\u0151, cs\u00f6kkenti az olyan r\u00e9szecsk\u00e9k bel\u00e9legz\u00e9s\u00e9t, mint a por, pollen \u00e9s kipufog\u00f3g\u00e1z, PM2,5 (r\u00e9szecsk\u00e9k 2,5). mikron) megfelel a GB2626-2006 szabv\u00e1nynak, m\u00e9rete: 12x8cm, a sz\u0171r\u0151t haszn\u00e1latt\u00f3l f\u00fcgg\u0151en 1-3 naponta cser\u00e9lni kell, csere \u00e9s visszak\u00fcld\u00e9s kiz\u00e1rva\" \/>\n<meta property=\"og:url\" content=\"https:\/\/taboofashion.com\/hu\/shop\/premier-pr797-aktiv-szenszuro-maszkokhoz-10-csomag\/\" \/>\n<meta property=\"og:site_name\" content=\"Fashion shop\" \/>\n<meta property=\"article:publisher\" content=\"https:\/\/www.facebook.com\/TabooSlovakia\" \/>\n<meta name=\"twitter:card\" content=\"summary_large_image\" \/>\n<script type=\"application\/ld+json\" class=\"yoast-schema-graph\">{\"@context\":\"https:\/\/schema.org\",\"@graph\":[{\"@type\":\"WebPage\",\"@id\":\"https:\/\/taboofashion.com\/hu\/shop\/premier-pr797-aktiv-szenszuro-maszkokhoz-10-csomag\/\",\"url\":\"https:\/\/taboofashion.com\/hu\/shop\/premier-pr797-aktiv-szenszuro-maszkokhoz-10-csomag\/\",\"name\":\"PR797 akt\u00edvsz\u00e9n sz\u0171r\u0151 maszkokhoz 10 db &#8211; Fashion shop\",\"isPartOf\":{\"@id\":\"https:\/\/taboofashion.com\/hu\/#website\"},\"datePublished\":\"2022-08-30T04:07:22+00:00\",\"dateModified\":\"2022-08-30T04:07:22+00:00\",\"breadcrumb\":{\"@id\":\"https:\/\/taboofashion.com\/hu\/shop\/premier-pr797-aktiv-szenszuro-maszkokhoz-10-csomag\/#breadcrumb\"},\"inLanguage\":\"hu\",\"potentialAction\":[{\"@type\":\"ReadAction\",\"target\":[\"https:\/\/taboofashion.com\/hu\/shop\/premier-pr797-aktiv-szenszuro-maszkokhoz-10-csomag\/\"]}]},{\"@type\":\"BreadcrumbList\",\"@id\":\"https:\/\/taboofashion.com\/hu\/shop\/premier-pr797-aktiv-szenszuro-maszkokhoz-10-csomag\/#breadcrumb\",\"itemListElement\":[{\"@type\":\"ListItem\",\"position\":1,\"name\":\"Home\",\"item\":\"https:\/\/taboofashion.com\/hu\/\"},{\"@type\":\"ListItem\",\"position\":2,\"name\":\"Bolt\",\"item\":\"https:\/\/taboofashion.com\/hu\/\"},{\"@type\":\"ListItem\",\"position\":3,\"name\":\"PR797 akt\u00edvsz\u00e9n sz\u0171r\u0151 maszkokhoz 10 db\"}]},{\"@type\":\"WebSite\",\"@id\":\"https:\/\/taboofashion.com\/hu\/#website\",\"url\":\"https:\/\/taboofashion.com\/hu\/\",\"name\":\"Fashion shop\",\"description\":\"\",\"publisher\":{\"@id\":\"https:\/\/taboofashion.com\/hu\/#organization\"},\"potentialAction\":[{\"@type\":\"SearchAction\",\"target\":{\"@type\":\"EntryPoint\",\"urlTemplate\":\"https:\/\/taboofashion.com\/hu\/?s={search_term_string}\"},\"query-input\":\"required name=search_term_string\"}],\"inLanguage\":\"hu\"},{\"@type\":\"Organization\",\"@id\":\"https:\/\/taboofashion.com\/hu\/#organization\",\"name\":\"Taboo Slovakia s.r.o.\",\"url\":\"https:\/\/taboofashion.com\/hu\/\",\"logo\":{\"@type\":\"ImageObject\",\"inLanguage\":\"hu\",\"@id\":\"https:\/\/taboofashion.com\/hu\/#\/schema\/logo\/image\/\",\"url\":\"https:\/\/taboofashion.com\/wp-content\/uploads\/2022\/12\/taboologo2100-002.png\",\"contentUrl\":\"https:\/\/taboofashion.com\/wp-content\/uploads\/2022\/12\/taboologo2100-002.png\",\"width\":2100,\"height\":1050,\"caption\":\"Taboo Slovakia s.r.o.\"},\"image\":{\"@id\":\"https:\/\/taboofashion.com\/hu\/#\/schema\/logo\/image\/\"},\"sameAs\":[\"https:\/\/www.facebook.com\/TabooSlovakia\",\"https:\/\/www.linkedin.com\/company\/541747\/\",\"https:\/\/www.instagram.com\/taboofashion.com1\/\"]}]}<\/script>\n<meta property=\"product:brand\" content=\"Premier\" \/>\n<meta property=\"product:price:amount\" content=\"3096\" \/>\n<meta property=\"product:price:currency\" content=\"HUF\" \/>\n<meta property=\"og:availability\" content=\"instock\" \/>\n<meta property=\"product:availability\" content=\"instock\" \/>\n<meta property=\"product:retailer_item_id\" content=\"39079700199\" \/>\n<meta property=\"product:condition\" content=\"new\" \/>\n<!-- \/ Yoast SEO plugin. -->","yoast_head_json":{"title":"PR797 akt\u00edvsz\u00e9n sz\u0171r\u0151 maszkokhoz 10 db &#8211; Fashion shop","robots":{"index":"index","follow":"follow","max-snippet":"max-snippet:-1","max-image-preview":"max-image-preview:large","max-video-preview":"max-video-preview:-1"},"canonical":"https:\/\/taboofashion.com\/hu\/shop\/premier-pr797-aktiv-szenszuro-maszkokhoz-10-csomag\/","og_locale":"hu_HU","og_type":"article","og_title":"PR797 akt\u00edvsz\u00e9n sz\u0171r\u0151 maszkokhoz 10 db &#8211; Fashion shop","og_description":"A PR796 cikkel egy\u00fctt haszn\u00e1lhat\u00f3, sem orvosi term\u00e9k, sem egy\u00e9ni v\u00e9d\u0151eszk\u00f6z (PPE), csak mag\u00e1nhaszn\u00e1latra, gyapj\u00fa akt\u00edvsz\u00e9n sz\u0171r\u0151, cs\u00f6kkenti az olyan r\u00e9szecsk\u00e9k bel\u00e9legz\u00e9s\u00e9t, mint a por, pollen \u00e9s kipufog\u00f3g\u00e1z, PM2,5 (r\u00e9szecsk\u00e9k 2,5). mikron) megfelel a GB2626-2006 szabv\u00e1nynak, m\u00e9rete: 12x8cm, a sz\u0171r\u0151t haszn\u00e1latt\u00f3l f\u00fcgg\u0151en 1-3 naponta cser\u00e9lni kell, csere \u00e9s visszak\u00fcld\u00e9s kiz\u00e1rva","og_url":"https:\/\/taboofashion.com\/hu\/shop\/premier-pr797-aktiv-szenszuro-maszkokhoz-10-csomag\/","og_site_name":"Fashion shop","article_publisher":"https:\/\/www.facebook.com\/TabooSlovakia","twitter_card":"summary_large_image","schema":{"@context":"https:\/\/schema.org","@graph":[{"@type":"WebPage","@id":"https:\/\/taboofashion.com\/hu\/shop\/premier-pr797-aktiv-szenszuro-maszkokhoz-10-csomag\/","url":"https:\/\/taboofashion.com\/hu\/shop\/premier-pr797-aktiv-szenszuro-maszkokhoz-10-csomag\/","name":"PR797 akt\u00edvsz\u00e9n sz\u0171r\u0151 maszkokhoz 10 db &#8211; Fashion shop","isPartOf":{"@id":"https:\/\/taboofashion.com\/hu\/#website"},"datePublished":"2022-08-30T04:07:22+00:00","dateModified":"2022-08-30T04:07:22+00:00","breadcrumb":{"@id":"https:\/\/taboofashion.com\/hu\/shop\/premier-pr797-aktiv-szenszuro-maszkokhoz-10-csomag\/#breadcrumb"},"inLanguage":"hu","potentialAction":[{"@type":"ReadAction","target":["https:\/\/taboofashion.com\/hu\/shop\/premier-pr797-aktiv-szenszuro-maszkokhoz-10-csomag\/"]}]},{"@type":"BreadcrumbList","@id":"https:\/\/taboofashion.com\/hu\/shop\/premier-pr797-aktiv-szenszuro-maszkokhoz-10-csomag\/#breadcrumb","itemListElement":[{"@type":"ListItem","position":1,"name":"Home","item":"https:\/\/taboofashion.com\/hu\/"},{"@type":"ListItem","position":2,"name":"Bolt","item":"https:\/\/taboofashion.com\/hu\/"},{"@type":"ListItem","position":3,"name":"PR797 akt\u00edvsz\u00e9n sz\u0171r\u0151 maszkokhoz 10 db"}]},{"@type":"WebSite","@id":"https:\/\/taboofashion.com\/hu\/#website","url":"https:\/\/taboofashion.com\/hu\/","name":"Fashion shop","description":"","publisher":{"@id":"https:\/\/taboofashion.com\/hu\/#organization"},"potentialAction":[{"@type":"SearchAction","target":{"@type":"EntryPoint","urlTemplate":"https:\/\/taboofashion.com\/hu\/?s={search_term_string}"},"query-input":"required name=search_term_string"}],"inLanguage":"hu"},{"@type":"Organization","@id":"https:\/\/taboofashion.com\/hu\/#organization","name":"Taboo Slovakia s.r.o.","url":"https:\/\/taboofashion.com\/hu\/","logo":{"@type":"ImageObject","inLanguage":"hu","@id":"https:\/\/taboofashion.com\/hu\/#\/schema\/logo\/image\/","url":"https:\/\/taboofashion.com\/wp-content\/uploads\/2022\/12\/taboologo2100-002.png","contentUrl":"https:\/\/taboofashion.com\/wp-content\/uploads\/2022\/12\/taboologo2100-002.png","width":2100,"height":1050,"caption":"Taboo Slovakia s.r.o."},"image":{"@id":"https:\/\/taboofashion.com\/hu\/#\/schema\/logo\/image\/"},"sameAs":["https:\/\/www.facebook.com\/TabooSlovakia","https:\/\/www.linkedin.com\/company\/541747\/","https:\/\/www.instagram.com\/taboofashion.com1\/"]}]},"product_brand":"Premier","product_price_amount":"3096","product_price_currency":"HUF","og_availability":"instock","product_availability":"instock","product_retailer_item_id":"39079700199","product_condition":"new"},"_links":{"self":[{"href":"https:\/\/taboofashion.com\/hu\/wp-json\/wp\/v2\/product\/639485","targetHints":{"allow":["GET"]}}],"collection":[{"href":"https:\/\/taboofashion.com\/hu\/wp-json\/wp\/v2\/product"}],"about":[{"href":"https:\/\/taboofashion.com\/hu\/wp-json\/wp\/v2\/types\/product"}],"wp:featuredmedia":[{"embeddable":true,"href":"https:\/\/taboofashion.com\/hu\/wp-json\/wp\/v2\/media\/610394"}],"wp:attachment":[{"href":"https:\/\/taboofashion.com\/hu\/wp-json\/wp\/v2\/media?parent=639485"}],"wp:term":[{"taxonomy":"product_cat","embeddable":true,"href":"https:\/\/taboofashion.com\/hu\/wp-json\/wp\/v2\/product_cat?post=639485"},{"taxonomy":"product_tag","embeddable":true,"href":"https:\/\/taboofashion.com\/hu\/wp-json\/wp\/v2\/product_tag?post=639485"}],"curies":[{"name":"wp","href":"https:\/\/api.w.org\/{rel}","templated":true}]}}