{"id":639519,"date":"2022-08-29T23:43:05","date_gmt":"2022-08-29T21:43:05","guid":{"rendered":"https:\/\/taboofashion.com\/shop\/result-hygiene-rv015x-face-mask-zick-zack-5-pack\/"},"modified":"2022-08-29T23:43:05","modified_gmt":"2022-08-29T21:43:05","slug":"result-hygiene-rv015x-face-mask-zick-zack-5-pack","status":"publish","type":"product","link":"https:\/\/taboofashion.com\/hu\/shop\/result-hygiene-rv015x-face-mask-zick-zack-5-pack\/","title":{"rendered":"RV015X &#8222;Zick-Zack&#8221; arcmaszk 5 db"},"content":{"rendered":"<p>T\u00f6bbsz\u00f6r haszn\u00e1lhat\u00f3 sz\u00e1j- \u00e9s orrv\u00e9d\u0151, l\u00e9g\u00e1tereszt\u0151, sem gy\u00f3gy\u00e1szati term\u00e9k, sem egy\u00e9ni v\u00e9d\u0151eszk\u00f6z (PPE), csak mag\u00e1nhaszn\u00e1latra, a Prolen Siltex 20 mos\u00e1sig meg\u0151rzi az antibakteri\u00e1lis tulajdons\u00e1gait, m\u00e9rete: 22&#215;10 cm, egyenk\u00e9nt csomagolva, k\u00e9zzel moshat\u00f3, csere \u00e9s visszak\u00fcld\u00e9s kiz\u00e1rva<\/p>\n","protected":false},"excerpt":{"rendered":"<p>90% pamut, 8% Prolen Siltex (antibakteri\u00e1lis, integr\u00e1lt ez\u00fcstr\u00e9szecsk\u00e9k), 2% elaszt\u00e1n<\/p>\n","protected":false},"featured_media":610396,"template":"","meta":[],"product_cat":[3610],"product_tag":[],"class_list":{"0":"post-639519","1":"product","2":"type-product","3":"status-publish","4":"has-post-thumbnail","6":"product_cat-maszkok","7":"pa_brand-result-hu","8":"pa_colour-feher-eg","9":"pa_colour-fekete-feher","10":"pa_colour-fekete-szurke","11":"pa_colour-mesz-szurke","12":"pa_colour-rozsaszin-rozsaszin","13":"pa_colour-tengereszgyalogsag-kiralyi","14":"pa_size-onesize-hu","16":"first","17":"instock","18":"taxable","19":"shipping-taxable","20":"purchasable","21":"product-type-variable","22":"has-default-attributes"},"yoast_head":"<!-- This site is optimized with the Yoast SEO plugin v21.8 - https:\/\/yoast.com\/wordpress\/plugins\/seo\/ -->\n<title>RV015X &quot;Zick-Zack&quot; arcmaszk 5 db &#8211; Fashion shop<\/title>\n<meta name=\"robots\" content=\"index, follow, max-snippet:-1, max-image-preview:large, max-video-preview:-1\" \/>\n<link rel=\"canonical\" href=\"https:\/\/taboofashion.com\/hu\/shop\/result-hygiene-rv015x-face-mask-zick-zack-5-pack\/\" \/>\n<meta property=\"og:locale\" content=\"hu_HU\" \/>\n<meta property=\"og:type\" content=\"article\" \/>\n<meta property=\"og:title\" content=\"RV015X &quot;Zick-Zack&quot; arcmaszk 5 db &#8211; Fashion shop\" \/>\n<meta property=\"og:description\" content=\"90% pamut, 8% Prolen Siltex (antibakteri\u00e1lis, integr\u00e1lt ez\u00fcstr\u00e9szecsk\u00e9k), 2% elaszt\u00e1n\" \/>\n<meta property=\"og:url\" content=\"https:\/\/taboofashion.com\/hu\/shop\/result-hygiene-rv015x-face-mask-zick-zack-5-pack\/\" \/>\n<meta property=\"og:site_name\" content=\"Fashion shop\" \/>\n<meta property=\"article:publisher\" content=\"https:\/\/www.facebook.com\/TabooSlovakia\" \/>\n<meta name=\"twitter:card\" content=\"summary_large_image\" \/>\n<script type=\"application\/ld+json\" class=\"yoast-schema-graph\">{\"@context\":\"https:\/\/schema.org\",\"@graph\":[{\"@type\":\"WebPage\",\"@id\":\"https:\/\/taboofashion.com\/hu\/shop\/result-hygiene-rv015x-face-mask-zick-zack-5-pack\/\",\"url\":\"https:\/\/taboofashion.com\/hu\/shop\/result-hygiene-rv015x-face-mask-zick-zack-5-pack\/\",\"name\":\"RV015X \\\"Zick-Zack\\\" arcmaszk 5 db &#8211; Fashion shop\",\"isPartOf\":{\"@id\":\"https:\/\/taboofashion.com\/hu\/#website\"},\"datePublished\":\"2022-08-29T21:43:05+00:00\",\"dateModified\":\"2022-08-29T21:43:05+00:00\",\"breadcrumb\":{\"@id\":\"https:\/\/taboofashion.com\/hu\/shop\/result-hygiene-rv015x-face-mask-zick-zack-5-pack\/#breadcrumb\"},\"inLanguage\":\"hu\",\"potentialAction\":[{\"@type\":\"ReadAction\",\"target\":[\"https:\/\/taboofashion.com\/hu\/shop\/result-hygiene-rv015x-face-mask-zick-zack-5-pack\/\"]}]},{\"@type\":\"BreadcrumbList\",\"@id\":\"https:\/\/taboofashion.com\/hu\/shop\/result-hygiene-rv015x-face-mask-zick-zack-5-pack\/#breadcrumb\",\"itemListElement\":[{\"@type\":\"ListItem\",\"position\":1,\"name\":\"Home\",\"item\":\"https:\/\/taboofashion.com\/hu\/\"},{\"@type\":\"ListItem\",\"position\":2,\"name\":\"Bolt\",\"item\":\"https:\/\/taboofashion.com\/hu\/\"},{\"@type\":\"ListItem\",\"position\":3,\"name\":\"RV015X &#8222;Zick-Zack&#8221; arcmaszk 5 db\"}]},{\"@type\":\"WebSite\",\"@id\":\"https:\/\/taboofashion.com\/hu\/#website\",\"url\":\"https:\/\/taboofashion.com\/hu\/\",\"name\":\"Fashion shop\",\"description\":\"\",\"publisher\":{\"@id\":\"https:\/\/taboofashion.com\/hu\/#organization\"},\"potentialAction\":[{\"@type\":\"SearchAction\",\"target\":{\"@type\":\"EntryPoint\",\"urlTemplate\":\"https:\/\/taboofashion.com\/hu\/?s={search_term_string}\"},\"query-input\":\"required name=search_term_string\"}],\"inLanguage\":\"hu\"},{\"@type\":\"Organization\",\"@id\":\"https:\/\/taboofashion.com\/hu\/#organization\",\"name\":\"Taboo Slovakia s.r.o.\",\"url\":\"https:\/\/taboofashion.com\/hu\/\",\"logo\":{\"@type\":\"ImageObject\",\"inLanguage\":\"hu\",\"@id\":\"https:\/\/taboofashion.com\/hu\/#\/schema\/logo\/image\/\",\"url\":\"https:\/\/taboofashion.com\/wp-content\/uploads\/2022\/12\/taboologo2100-002.png\",\"contentUrl\":\"https:\/\/taboofashion.com\/wp-content\/uploads\/2022\/12\/taboologo2100-002.png\",\"width\":2100,\"height\":1050,\"caption\":\"Taboo Slovakia s.r.o.\"},\"image\":{\"@id\":\"https:\/\/taboofashion.com\/hu\/#\/schema\/logo\/image\/\"},\"sameAs\":[\"https:\/\/www.facebook.com\/TabooSlovakia\",\"https:\/\/www.linkedin.com\/company\/541747\/\",\"https:\/\/www.instagram.com\/taboofashion.com1\/\"]}]}<\/script>\n<meta property=\"product:brand\" content=\"Result\" \/>\n<meta property=\"og:availability\" content=\"instock\" \/>\n<meta property=\"product:availability\" content=\"instock\" \/>\n<meta property=\"product:retailer_item_id\" content=\"30V15X86099\" \/>\n<meta property=\"product:condition\" content=\"new\" \/>\n<!-- \/ Yoast SEO plugin. -->","yoast_head_json":{"title":"RV015X \"Zick-Zack\" arcmaszk 5 db &#8211; Fashion shop","robots":{"index":"index","follow":"follow","max-snippet":"max-snippet:-1","max-image-preview":"max-image-preview:large","max-video-preview":"max-video-preview:-1"},"canonical":"https:\/\/taboofashion.com\/hu\/shop\/result-hygiene-rv015x-face-mask-zick-zack-5-pack\/","og_locale":"hu_HU","og_type":"article","og_title":"RV015X \"Zick-Zack\" arcmaszk 5 db &#8211; Fashion shop","og_description":"90% pamut, 8% Prolen Siltex (antibakteri\u00e1lis, integr\u00e1lt ez\u00fcstr\u00e9szecsk\u00e9k), 2% elaszt\u00e1n","og_url":"https:\/\/taboofashion.com\/hu\/shop\/result-hygiene-rv015x-face-mask-zick-zack-5-pack\/","og_site_name":"Fashion shop","article_publisher":"https:\/\/www.facebook.com\/TabooSlovakia","twitter_card":"summary_large_image","schema":{"@context":"https:\/\/schema.org","@graph":[{"@type":"WebPage","@id":"https:\/\/taboofashion.com\/hu\/shop\/result-hygiene-rv015x-face-mask-zick-zack-5-pack\/","url":"https:\/\/taboofashion.com\/hu\/shop\/result-hygiene-rv015x-face-mask-zick-zack-5-pack\/","name":"RV015X \"Zick-Zack\" arcmaszk 5 db &#8211; Fashion shop","isPartOf":{"@id":"https:\/\/taboofashion.com\/hu\/#website"},"datePublished":"2022-08-29T21:43:05+00:00","dateModified":"2022-08-29T21:43:05+00:00","breadcrumb":{"@id":"https:\/\/taboofashion.com\/hu\/shop\/result-hygiene-rv015x-face-mask-zick-zack-5-pack\/#breadcrumb"},"inLanguage":"hu","potentialAction":[{"@type":"ReadAction","target":["https:\/\/taboofashion.com\/hu\/shop\/result-hygiene-rv015x-face-mask-zick-zack-5-pack\/"]}]},{"@type":"BreadcrumbList","@id":"https:\/\/taboofashion.com\/hu\/shop\/result-hygiene-rv015x-face-mask-zick-zack-5-pack\/#breadcrumb","itemListElement":[{"@type":"ListItem","position":1,"name":"Home","item":"https:\/\/taboofashion.com\/hu\/"},{"@type":"ListItem","position":2,"name":"Bolt","item":"https:\/\/taboofashion.com\/hu\/"},{"@type":"ListItem","position":3,"name":"RV015X &#8222;Zick-Zack&#8221; arcmaszk 5 db"}]},{"@type":"WebSite","@id":"https:\/\/taboofashion.com\/hu\/#website","url":"https:\/\/taboofashion.com\/hu\/","name":"Fashion shop","description":"","publisher":{"@id":"https:\/\/taboofashion.com\/hu\/#organization"},"potentialAction":[{"@type":"SearchAction","target":{"@type":"EntryPoint","urlTemplate":"https:\/\/taboofashion.com\/hu\/?s={search_term_string}"},"query-input":"required name=search_term_string"}],"inLanguage":"hu"},{"@type":"Organization","@id":"https:\/\/taboofashion.com\/hu\/#organization","name":"Taboo Slovakia s.r.o.","url":"https:\/\/taboofashion.com\/hu\/","logo":{"@type":"ImageObject","inLanguage":"hu","@id":"https:\/\/taboofashion.com\/hu\/#\/schema\/logo\/image\/","url":"https:\/\/taboofashion.com\/wp-content\/uploads\/2022\/12\/taboologo2100-002.png","contentUrl":"https:\/\/taboofashion.com\/wp-content\/uploads\/2022\/12\/taboologo2100-002.png","width":2100,"height":1050,"caption":"Taboo Slovakia s.r.o."},"image":{"@id":"https:\/\/taboofashion.com\/hu\/#\/schema\/logo\/image\/"},"sameAs":["https:\/\/www.facebook.com\/TabooSlovakia","https:\/\/www.linkedin.com\/company\/541747\/","https:\/\/www.instagram.com\/taboofashion.com1\/"]}]},"product_brand":"Result","og_availability":"instock","product_availability":"instock","product_retailer_item_id":"30V15X86099","product_condition":"new"},"_links":{"self":[{"href":"https:\/\/taboofashion.com\/hu\/wp-json\/wp\/v2\/product\/639519","targetHints":{"allow":["GET"]}}],"collection":[{"href":"https:\/\/taboofashion.com\/hu\/wp-json\/wp\/v2\/product"}],"about":[{"href":"https:\/\/taboofashion.com\/hu\/wp-json\/wp\/v2\/types\/product"}],"wp:featuredmedia":[{"embeddable":true,"href":"https:\/\/taboofashion.com\/hu\/wp-json\/wp\/v2\/media\/610396"}],"wp:attachment":[{"href":"https:\/\/taboofashion.com\/hu\/wp-json\/wp\/v2\/media?parent=639519"}],"wp:term":[{"taxonomy":"product_cat","embeddable":true,"href":"https:\/\/taboofashion.com\/hu\/wp-json\/wp\/v2\/product_cat?post=639519"},{"taxonomy":"product_tag","embeddable":true,"href":"https:\/\/taboofashion.com\/hu\/wp-json\/wp\/v2\/product_tag?post=639519"}],"curies":[{"name":"wp","href":"https:\/\/api.w.org\/{rel}","templated":true}]}}