{"id":640660,"date":"2022-08-26T00:32:51","date_gmt":"2022-08-25T22:32:51","guid":{"rendered":"https:\/\/taboofashion.com\/shop\/james-nicholson-jn-854-munkaruhazat-teli-softshell-melleny-szin\/"},"modified":"2023-09-13T14:06:45","modified_gmt":"2023-09-13T12:06:45","slug":"james-nicholson-jn-854-workwear-winter-softshell-weste-farbe","status":"publish","type":"product","link":"https:\/\/taboofashion.com\/hu\/shop\/james-nicholson-jn-854-workwear-winter-softshell-weste-farbe\/","title":{"rendered":"JN 854 Munkaruha F\u00e9rfi t\u00e9li softshell mell\u00e9ny &#8211; sz\u00ednes"},"content":{"rendered":"<p>Sz\u00e9l- \u00e9s v\u00edztasz\u00edt\u00f3 (2000 mm-es v\u00edzoszlop), l\u00e9g\u00e1tereszt\u0151 \u00e9s v\u00edzg\u0151z\u00e1tereszt\u0151 (2000 g\/m\u00b2 24 \u00f3ra alatt), \u00e1ll\u00f3gall\u00e9r puha gyapj\u00fa b\u00e9l\u00e9ssel, ergonomikusan form\u00e1zott ujjak, bels\u0151 termikus mandzsetta, teljes hossz\u00e1ban fedett cipz\u00e1r sz\u00e9lv\u00e9d\u0151vel \u00e9s \u00e1llv\u00e9d\u0151vel, fedett gombok \u00e9s cipz\u00e1rak, oldalzsebek, cipz\u00e1ras mellzseb \u00e9s bels\u0151 zseb, f\u00fcles mellzseb, bel\u00fcl mobiltelefon zseb, hosszabb szab\u00e1s\u00fa, h\u00e1tul d\u00edsz\u00edt\u00e9s, robusztus \u00e9s strapab\u00edr\u00f3 softshell anyag, f\u00e9nyvisszaver\u0151 elemek (v\u00e9d\u0151 funkci\u00f3 n\u00e9lk\u00fcl) az ujjakon \u00e9s a h\u00e1toldalon<\/p>\n","protected":false},"excerpt":{"rendered":"<p>320 g\/m\u00b2, k\u00fcls\u0151 anyag: 100% poli\u00e9szter, b\u00e9l\u00e9s: 100% poli\u00e9szter, b\u00e9l\u00e9s: 100% poli\u00e9szter<\/p>\n","protected":false},"featured_media":609418,"template":"","meta":[],"product_cat":[3614,3625],"product_tag":[],"class_list":{"0":"post-640660","1":"product","2":"type-product","3":"status-publish","4":"has-post-thumbnail","6":"product_cat-dzsekik","7":"product_cat-munkaruha-vedoruhazat","8":"pa_brand-james-nicholson-hu","9":"pa_colour-barna-drapp","10":"pa_colour-feher-kiralyi","11":"pa_colour-fekete-lime-zold","12":"pa_colour-kiralyi-feher","13":"pa_colour-piros-navy","14":"pa_colour-sotetzold-narancs-hu","15":"pa_colour-szurke-piros-hu-hu","16":"pa_colour-tengereszgyalogsag-turkiz","17":"pa_size-3xl-hu","18":"pa_size-4xl-hu","19":"pa_size-5xl-hu","20":"pa_size-6xl-hu","21":"pa_size-l-hu","22":"pa_size-m-hu","23":"pa_size-s-hu","24":"pa_size-xl-hu","25":"pa_size-xs-hu","26":"pa_size-xxl-hu","28":"first","29":"instock","30":"taxable","31":"shipping-taxable","32":"purchasable","33":"product-type-variable","34":"has-default-attributes"},"yoast_head":"<!-- This site is optimized with the Yoast SEO plugin v21.8 - https:\/\/yoast.com\/wordpress\/plugins\/seo\/ -->\n<title>JN 854 Munkaruha F\u00e9rfi t\u00e9li softshell mell\u00e9ny - sz\u00ednes &#8211; Fashion shop<\/title>\n<meta name=\"robots\" content=\"index, follow, max-snippet:-1, max-image-preview:large, max-video-preview:-1\" \/>\n<link rel=\"canonical\" href=\"https:\/\/taboofashion.com\/hu\/shop\/james-nicholson-jn-854-workwear-winter-softshell-weste-farbe\/\" \/>\n<meta property=\"og:locale\" content=\"hu_HU\" \/>\n<meta property=\"og:type\" content=\"article\" \/>\n<meta property=\"og:title\" content=\"JN 854 Munkaruha F\u00e9rfi t\u00e9li softshell mell\u00e9ny - sz\u00ednes &#8211; Fashion shop\" \/>\n<meta property=\"og:description\" content=\"320 g\/m\u00b2, k\u00fcls\u0151 anyag: 100% poli\u00e9szter, b\u00e9l\u00e9s: 100% poli\u00e9szter, b\u00e9l\u00e9s: 100% poli\u00e9szter\" \/>\n<meta property=\"og:url\" content=\"https:\/\/taboofashion.com\/hu\/shop\/james-nicholson-jn-854-workwear-winter-softshell-weste-farbe\/\" \/>\n<meta property=\"og:site_name\" content=\"Fashion shop\" \/>\n<meta property=\"article:publisher\" content=\"https:\/\/www.facebook.com\/TabooSlovakia\" \/>\n<meta property=\"article:modified_time\" content=\"2023-09-13T12:06:45+00:00\" \/>\n<meta property=\"og:image\" content=\"https:\/\/taboofashion.com\/wp-content\/uploads\/2022\/08\/LS-02.0854-James-Nicholson-JN-854-1.jpg\" \/>\n\t<meta property=\"og:image:width\" content=\"1000\" \/>\n\t<meta property=\"og:image:height\" content=\"1000\" \/>\n\t<meta property=\"og:image:type\" content=\"image\/jpeg\" \/>\n<meta name=\"twitter:card\" content=\"summary_large_image\" \/>\n<script type=\"application\/ld+json\" class=\"yoast-schema-graph\">{\"@context\":\"https:\/\/schema.org\",\"@graph\":[{\"@type\":\"WebPage\",\"@id\":\"https:\/\/taboofashion.com\/hu\/shop\/james-nicholson-jn-854-workwear-winter-softshell-weste-farbe\/\",\"url\":\"https:\/\/taboofashion.com\/hu\/shop\/james-nicholson-jn-854-workwear-winter-softshell-weste-farbe\/\",\"name\":\"JN 854 Munkaruha F\u00e9rfi t\u00e9li softshell mell\u00e9ny - sz\u00ednes &#8211; Fashion shop\",\"isPartOf\":{\"@id\":\"https:\/\/taboofashion.com\/hu\/#website\"},\"datePublished\":\"2022-08-25T22:32:51+00:00\",\"dateModified\":\"2023-09-13T12:06:45+00:00\",\"breadcrumb\":{\"@id\":\"https:\/\/taboofashion.com\/hu\/shop\/james-nicholson-jn-854-workwear-winter-softshell-weste-farbe\/#breadcrumb\"},\"inLanguage\":\"hu\",\"potentialAction\":[{\"@type\":\"ReadAction\",\"target\":[\"https:\/\/taboofashion.com\/hu\/shop\/james-nicholson-jn-854-workwear-winter-softshell-weste-farbe\/\"]}]},{\"@type\":\"BreadcrumbList\",\"@id\":\"https:\/\/taboofashion.com\/hu\/shop\/james-nicholson-jn-854-workwear-winter-softshell-weste-farbe\/#breadcrumb\",\"itemListElement\":[{\"@type\":\"ListItem\",\"position\":1,\"name\":\"Home\",\"item\":\"https:\/\/taboofashion.com\/hu\/\"},{\"@type\":\"ListItem\",\"position\":2,\"name\":\"Bolt\",\"item\":\"https:\/\/taboofashion.com\/hu\/\"},{\"@type\":\"ListItem\",\"position\":3,\"name\":\"JN 854 Munkaruha F\u00e9rfi t\u00e9li softshell mell\u00e9ny &#8211; sz\u00ednes\"}]},{\"@type\":\"WebSite\",\"@id\":\"https:\/\/taboofashion.com\/hu\/#website\",\"url\":\"https:\/\/taboofashion.com\/hu\/\",\"name\":\"Fashion shop\",\"description\":\"\",\"publisher\":{\"@id\":\"https:\/\/taboofashion.com\/hu\/#organization\"},\"potentialAction\":[{\"@type\":\"SearchAction\",\"target\":{\"@type\":\"EntryPoint\",\"urlTemplate\":\"https:\/\/taboofashion.com\/hu\/?s={search_term_string}\"},\"query-input\":\"required name=search_term_string\"}],\"inLanguage\":\"hu\"},{\"@type\":\"Organization\",\"@id\":\"https:\/\/taboofashion.com\/hu\/#organization\",\"name\":\"Taboo Slovakia s.r.o.\",\"url\":\"https:\/\/taboofashion.com\/hu\/\",\"logo\":{\"@type\":\"ImageObject\",\"inLanguage\":\"hu\",\"@id\":\"https:\/\/taboofashion.com\/hu\/#\/schema\/logo\/image\/\",\"url\":\"https:\/\/taboofashion.com\/wp-content\/uploads\/2022\/12\/taboologo2100-002.png\",\"contentUrl\":\"https:\/\/taboofashion.com\/wp-content\/uploads\/2022\/12\/taboologo2100-002.png\",\"width\":2100,\"height\":1050,\"caption\":\"Taboo Slovakia s.r.o.\"},\"image\":{\"@id\":\"https:\/\/taboofashion.com\/hu\/#\/schema\/logo\/image\/\"},\"sameAs\":[\"https:\/\/www.facebook.com\/TabooSlovakia\",\"https:\/\/www.linkedin.com\/company\/541747\/\",\"https:\/\/www.instagram.com\/taboofashion.com1\/\"]}]}<\/script>\n<meta property=\"product:brand\" content=\"James &amp; Nicholson\" \/>\n<meta property=\"og:availability\" content=\"instock\" \/>\n<meta property=\"product:availability\" content=\"instock\" \/>\n<meta property=\"product:retailer_item_id\" content=\"02085488100\" \/>\n<meta property=\"product:condition\" content=\"new\" \/>\n<!-- \/ Yoast SEO plugin. -->","yoast_head_json":{"title":"JN 854 Munkaruha F\u00e9rfi t\u00e9li softshell mell\u00e9ny - sz\u00ednes &#8211; Fashion shop","robots":{"index":"index","follow":"follow","max-snippet":"max-snippet:-1","max-image-preview":"max-image-preview:large","max-video-preview":"max-video-preview:-1"},"canonical":"https:\/\/taboofashion.com\/hu\/shop\/james-nicholson-jn-854-workwear-winter-softshell-weste-farbe\/","og_locale":"hu_HU","og_type":"article","og_title":"JN 854 Munkaruha F\u00e9rfi t\u00e9li softshell mell\u00e9ny - sz\u00ednes &#8211; Fashion shop","og_description":"320 g\/m\u00b2, k\u00fcls\u0151 anyag: 100% poli\u00e9szter, b\u00e9l\u00e9s: 100% poli\u00e9szter, b\u00e9l\u00e9s: 100% poli\u00e9szter","og_url":"https:\/\/taboofashion.com\/hu\/shop\/james-nicholson-jn-854-workwear-winter-softshell-weste-farbe\/","og_site_name":"Fashion shop","article_publisher":"https:\/\/www.facebook.com\/TabooSlovakia","article_modified_time":"2023-09-13T12:06:45+00:00","og_image":[{"width":1000,"height":1000,"url":"https:\/\/taboofashion.com\/wp-content\/uploads\/2022\/08\/LS-02.0854-James-Nicholson-JN-854-1.jpg","type":"image\/jpeg"}],"twitter_card":"summary_large_image","schema":{"@context":"https:\/\/schema.org","@graph":[{"@type":"WebPage","@id":"https:\/\/taboofashion.com\/hu\/shop\/james-nicholson-jn-854-workwear-winter-softshell-weste-farbe\/","url":"https:\/\/taboofashion.com\/hu\/shop\/james-nicholson-jn-854-workwear-winter-softshell-weste-farbe\/","name":"JN 854 Munkaruha F\u00e9rfi t\u00e9li softshell mell\u00e9ny - sz\u00ednes &#8211; Fashion shop","isPartOf":{"@id":"https:\/\/taboofashion.com\/hu\/#website"},"datePublished":"2022-08-25T22:32:51+00:00","dateModified":"2023-09-13T12:06:45+00:00","breadcrumb":{"@id":"https:\/\/taboofashion.com\/hu\/shop\/james-nicholson-jn-854-workwear-winter-softshell-weste-farbe\/#breadcrumb"},"inLanguage":"hu","potentialAction":[{"@type":"ReadAction","target":["https:\/\/taboofashion.com\/hu\/shop\/james-nicholson-jn-854-workwear-winter-softshell-weste-farbe\/"]}]},{"@type":"BreadcrumbList","@id":"https:\/\/taboofashion.com\/hu\/shop\/james-nicholson-jn-854-workwear-winter-softshell-weste-farbe\/#breadcrumb","itemListElement":[{"@type":"ListItem","position":1,"name":"Home","item":"https:\/\/taboofashion.com\/hu\/"},{"@type":"ListItem","position":2,"name":"Bolt","item":"https:\/\/taboofashion.com\/hu\/"},{"@type":"ListItem","position":3,"name":"JN 854 Munkaruha F\u00e9rfi t\u00e9li softshell mell\u00e9ny &#8211; sz\u00ednes"}]},{"@type":"WebSite","@id":"https:\/\/taboofashion.com\/hu\/#website","url":"https:\/\/taboofashion.com\/hu\/","name":"Fashion shop","description":"","publisher":{"@id":"https:\/\/taboofashion.com\/hu\/#organization"},"potentialAction":[{"@type":"SearchAction","target":{"@type":"EntryPoint","urlTemplate":"https:\/\/taboofashion.com\/hu\/?s={search_term_string}"},"query-input":"required name=search_term_string"}],"inLanguage":"hu"},{"@type":"Organization","@id":"https:\/\/taboofashion.com\/hu\/#organization","name":"Taboo Slovakia s.r.o.","url":"https:\/\/taboofashion.com\/hu\/","logo":{"@type":"ImageObject","inLanguage":"hu","@id":"https:\/\/taboofashion.com\/hu\/#\/schema\/logo\/image\/","url":"https:\/\/taboofashion.com\/wp-content\/uploads\/2022\/12\/taboologo2100-002.png","contentUrl":"https:\/\/taboofashion.com\/wp-content\/uploads\/2022\/12\/taboologo2100-002.png","width":2100,"height":1050,"caption":"Taboo Slovakia s.r.o."},"image":{"@id":"https:\/\/taboofashion.com\/hu\/#\/schema\/logo\/image\/"},"sameAs":["https:\/\/www.facebook.com\/TabooSlovakia","https:\/\/www.linkedin.com\/company\/541747\/","https:\/\/www.instagram.com\/taboofashion.com1\/"]}]},"product_brand":"James &amp; Nicholson","og_availability":"instock","product_availability":"instock","product_retailer_item_id":"02085488100","product_condition":"new"},"_links":{"self":[{"href":"https:\/\/taboofashion.com\/hu\/wp-json\/wp\/v2\/product\/640660","targetHints":{"allow":["GET"]}}],"collection":[{"href":"https:\/\/taboofashion.com\/hu\/wp-json\/wp\/v2\/product"}],"about":[{"href":"https:\/\/taboofashion.com\/hu\/wp-json\/wp\/v2\/types\/product"}],"wp:featuredmedia":[{"embeddable":true,"href":"https:\/\/taboofashion.com\/hu\/wp-json\/wp\/v2\/media\/609418"}],"wp:attachment":[{"href":"https:\/\/taboofashion.com\/hu\/wp-json\/wp\/v2\/media?parent=640660"}],"wp:term":[{"taxonomy":"product_cat","embeddable":true,"href":"https:\/\/taboofashion.com\/hu\/wp-json\/wp\/v2\/product_cat?post=640660"},{"taxonomy":"product_tag","embeddable":true,"href":"https:\/\/taboofashion.com\/hu\/wp-json\/wp\/v2\/product_tag?post=640660"}],"curies":[{"name":"wp","href":"https:\/\/api.w.org\/{rel}","templated":true}]}}