{"id":643431,"date":"2022-08-26T22:19:09","date_gmt":"2022-08-26T20:19:09","guid":{"rendered":"https:\/\/taboofashion.com\/shop\/myrtle-beach-mb-6229-6-panel-halosapka\/"},"modified":"2023-05-14T16:24:28","modified_gmt":"2023-05-14T14:24:28","slug":"mirtusz-part-mb-6229-6-panel-halosapka","status":"publish","type":"product","link":"https:\/\/taboofashion.com\/hu\/shop\/mirtusz-part-mb-6229-6-panel-halosapka\/","title":{"rendered":"MB 6229 6 paneles h\u00e1l\u00f3sapka"},"content":{"rendered":"<p>6 kontrasztos sz\u00edn\u0171 dekorat\u00edv varr\u00e1s a fels\u0151 r\u00e9szen, kontrasztos sz\u00edn\u0171 dekorvarr\u00e1sok mind a 6 panelen, szat\u00e9n b\u00e9lelt izzads\u00e1gszalag, lamin\u00e1lt el\u0151lapok, oldals\u00f3 \u00e9s h\u00e1ts\u00f3 panelek puha h\u00e1l\u00f3b\u00f3l, 2 h\u00edmzett szell\u0151z\u0151ny\u00edl\u00e1s, m\u00e9ret\u00e1ll\u00edt\u00e1s kattint\u00e1ssal &#038;amp ; pattinthat\u00f3 r\u00f6gz\u00edt\u0151, csiszolatlan fel\u00fclet a cs\u00facson \u00e9s az el\u00fcls\u0151 paneleken<\/p>\n","protected":false},"excerpt":{"rendered":"<p>K\u00fcls\u0151 anyag: 100% pamut, K\u00fcls\u0151 anyag 2: 100% poli\u00e9szter<\/p>\n","protected":false},"featured_media":610592,"template":"","meta":[],"product_cat":[3609],"product_tag":[],"class_list":{"0":"post-643431","1":"product","2":"type-product","3":"status-publish","4":"has-post-thumbnail","6":"product_cat-baseball-sapkak","7":"pa_brand-myrtle-beach-hu","8":"pa_colour-fekete-turkiz-feher-hu","9":"pa_colour-grafit-piros-feher","10":"pa_colour-kiralyi-feher-feher-hu","11":"pa_colour-piros-fekete-feher-hu","12":"pa_colour-tengereszgyalogsag-kiwi-feher-2","13":"pa_size-onesize-hu","15":"first","16":"instock","17":"taxable","18":"shipping-taxable","19":"purchasable","20":"product-type-variable","21":"has-default-attributes"},"yoast_head":"<!-- This site is optimized with the Yoast SEO plugin v21.8 - https:\/\/yoast.com\/wordpress\/plugins\/seo\/ -->\n<title>MB 6229 6 paneles h\u00e1l\u00f3sapka &#8211; Fashion shop<\/title>\n<meta name=\"robots\" content=\"index, follow, max-snippet:-1, max-image-preview:large, max-video-preview:-1\" \/>\n<link rel=\"canonical\" href=\"https:\/\/taboofashion.com\/hu\/shop\/mirtusz-part-mb-6229-6-panel-halosapka\/\" \/>\n<meta property=\"og:locale\" content=\"hu_HU\" \/>\n<meta property=\"og:type\" content=\"article\" \/>\n<meta property=\"og:title\" content=\"MB 6229 6 paneles h\u00e1l\u00f3sapka &#8211; Fashion shop\" \/>\n<meta property=\"og:description\" content=\"K\u00fcls\u0151 anyag: 100% pamut, K\u00fcls\u0151 anyag 2: 100% poli\u00e9szter\" \/>\n<meta property=\"og:url\" content=\"https:\/\/taboofashion.com\/hu\/shop\/mirtusz-part-mb-6229-6-panel-halosapka\/\" \/>\n<meta property=\"og:site_name\" content=\"Fashion shop\" \/>\n<meta property=\"article:publisher\" content=\"https:\/\/www.facebook.com\/TabooSlovakia\" \/>\n<meta property=\"article:modified_time\" content=\"2023-05-14T14:24:28+00:00\" \/>\n<meta property=\"og:image\" content=\"https:\/\/taboofashion.com\/wp-content\/uploads\/2022\/08\/PS-03.6229-Myrtle-Beach-MB-6229-graphite-red-white-Links-3.jpg\" \/>\n\t<meta property=\"og:image:width\" content=\"1000\" \/>\n\t<meta property=\"og:image:height\" content=\"1000\" \/>\n\t<meta property=\"og:image:type\" content=\"image\/jpeg\" \/>\n<meta name=\"twitter:card\" content=\"summary_large_image\" \/>\n<script type=\"application\/ld+json\" class=\"yoast-schema-graph\">{\"@context\":\"https:\/\/schema.org\",\"@graph\":[{\"@type\":\"WebPage\",\"@id\":\"https:\/\/taboofashion.com\/hu\/shop\/mirtusz-part-mb-6229-6-panel-halosapka\/\",\"url\":\"https:\/\/taboofashion.com\/hu\/shop\/mirtusz-part-mb-6229-6-panel-halosapka\/\",\"name\":\"MB 6229 6 paneles h\u00e1l\u00f3sapka &#8211; Fashion shop\",\"isPartOf\":{\"@id\":\"https:\/\/taboofashion.com\/hu\/#website\"},\"datePublished\":\"2022-08-26T20:19:09+00:00\",\"dateModified\":\"2023-05-14T14:24:28+00:00\",\"breadcrumb\":{\"@id\":\"https:\/\/taboofashion.com\/hu\/shop\/mirtusz-part-mb-6229-6-panel-halosapka\/#breadcrumb\"},\"inLanguage\":\"hu\",\"potentialAction\":[{\"@type\":\"ReadAction\",\"target\":[\"https:\/\/taboofashion.com\/hu\/shop\/mirtusz-part-mb-6229-6-panel-halosapka\/\"]}]},{\"@type\":\"BreadcrumbList\",\"@id\":\"https:\/\/taboofashion.com\/hu\/shop\/mirtusz-part-mb-6229-6-panel-halosapka\/#breadcrumb\",\"itemListElement\":[{\"@type\":\"ListItem\",\"position\":1,\"name\":\"Home\",\"item\":\"https:\/\/taboofashion.com\/hu\/\"},{\"@type\":\"ListItem\",\"position\":2,\"name\":\"Bolt\",\"item\":\"https:\/\/taboofashion.com\/hu\/\"},{\"@type\":\"ListItem\",\"position\":3,\"name\":\"MB 6229 6 paneles h\u00e1l\u00f3sapka\"}]},{\"@type\":\"WebSite\",\"@id\":\"https:\/\/taboofashion.com\/hu\/#website\",\"url\":\"https:\/\/taboofashion.com\/hu\/\",\"name\":\"Fashion shop\",\"description\":\"\",\"publisher\":{\"@id\":\"https:\/\/taboofashion.com\/hu\/#organization\"},\"potentialAction\":[{\"@type\":\"SearchAction\",\"target\":{\"@type\":\"EntryPoint\",\"urlTemplate\":\"https:\/\/taboofashion.com\/hu\/?s={search_term_string}\"},\"query-input\":\"required name=search_term_string\"}],\"inLanguage\":\"hu\"},{\"@type\":\"Organization\",\"@id\":\"https:\/\/taboofashion.com\/hu\/#organization\",\"name\":\"Taboo Slovakia s.r.o.\",\"url\":\"https:\/\/taboofashion.com\/hu\/\",\"logo\":{\"@type\":\"ImageObject\",\"inLanguage\":\"hu\",\"@id\":\"https:\/\/taboofashion.com\/hu\/#\/schema\/logo\/image\/\",\"url\":\"https:\/\/taboofashion.com\/wp-content\/uploads\/2022\/12\/taboologo2100-002.png\",\"contentUrl\":\"https:\/\/taboofashion.com\/wp-content\/uploads\/2022\/12\/taboologo2100-002.png\",\"width\":2100,\"height\":1050,\"caption\":\"Taboo Slovakia s.r.o.\"},\"image\":{\"@id\":\"https:\/\/taboofashion.com\/hu\/#\/schema\/logo\/image\/\"},\"sameAs\":[\"https:\/\/www.facebook.com\/TabooSlovakia\",\"https:\/\/www.linkedin.com\/company\/541747\/\",\"https:\/\/www.instagram.com\/taboofashion.com1\/\"]}]}<\/script>\n<meta property=\"product:brand\" content=\"Myrtle Beach\" \/>\n<meta property=\"og:availability\" content=\"instock\" \/>\n<meta property=\"product:availability\" content=\"instock\" \/>\n<meta property=\"product:retailer_item_id\" content=\"03622965399\" \/>\n<meta property=\"product:condition\" content=\"new\" \/>\n<!-- \/ Yoast SEO plugin. -->","yoast_head_json":{"title":"MB 6229 6 paneles h\u00e1l\u00f3sapka &#8211; Fashion shop","robots":{"index":"index","follow":"follow","max-snippet":"max-snippet:-1","max-image-preview":"max-image-preview:large","max-video-preview":"max-video-preview:-1"},"canonical":"https:\/\/taboofashion.com\/hu\/shop\/mirtusz-part-mb-6229-6-panel-halosapka\/","og_locale":"hu_HU","og_type":"article","og_title":"MB 6229 6 paneles h\u00e1l\u00f3sapka &#8211; Fashion shop","og_description":"K\u00fcls\u0151 anyag: 100% pamut, K\u00fcls\u0151 anyag 2: 100% poli\u00e9szter","og_url":"https:\/\/taboofashion.com\/hu\/shop\/mirtusz-part-mb-6229-6-panel-halosapka\/","og_site_name":"Fashion shop","article_publisher":"https:\/\/www.facebook.com\/TabooSlovakia","article_modified_time":"2023-05-14T14:24:28+00:00","og_image":[{"width":1000,"height":1000,"url":"https:\/\/taboofashion.com\/wp-content\/uploads\/2022\/08\/PS-03.6229-Myrtle-Beach-MB-6229-graphite-red-white-Links-3.jpg","type":"image\/jpeg"}],"twitter_card":"summary_large_image","schema":{"@context":"https:\/\/schema.org","@graph":[{"@type":"WebPage","@id":"https:\/\/taboofashion.com\/hu\/shop\/mirtusz-part-mb-6229-6-panel-halosapka\/","url":"https:\/\/taboofashion.com\/hu\/shop\/mirtusz-part-mb-6229-6-panel-halosapka\/","name":"MB 6229 6 paneles h\u00e1l\u00f3sapka &#8211; Fashion shop","isPartOf":{"@id":"https:\/\/taboofashion.com\/hu\/#website"},"datePublished":"2022-08-26T20:19:09+00:00","dateModified":"2023-05-14T14:24:28+00:00","breadcrumb":{"@id":"https:\/\/taboofashion.com\/hu\/shop\/mirtusz-part-mb-6229-6-panel-halosapka\/#breadcrumb"},"inLanguage":"hu","potentialAction":[{"@type":"ReadAction","target":["https:\/\/taboofashion.com\/hu\/shop\/mirtusz-part-mb-6229-6-panel-halosapka\/"]}]},{"@type":"BreadcrumbList","@id":"https:\/\/taboofashion.com\/hu\/shop\/mirtusz-part-mb-6229-6-panel-halosapka\/#breadcrumb","itemListElement":[{"@type":"ListItem","position":1,"name":"Home","item":"https:\/\/taboofashion.com\/hu\/"},{"@type":"ListItem","position":2,"name":"Bolt","item":"https:\/\/taboofashion.com\/hu\/"},{"@type":"ListItem","position":3,"name":"MB 6229 6 paneles h\u00e1l\u00f3sapka"}]},{"@type":"WebSite","@id":"https:\/\/taboofashion.com\/hu\/#website","url":"https:\/\/taboofashion.com\/hu\/","name":"Fashion shop","description":"","publisher":{"@id":"https:\/\/taboofashion.com\/hu\/#organization"},"potentialAction":[{"@type":"SearchAction","target":{"@type":"EntryPoint","urlTemplate":"https:\/\/taboofashion.com\/hu\/?s={search_term_string}"},"query-input":"required name=search_term_string"}],"inLanguage":"hu"},{"@type":"Organization","@id":"https:\/\/taboofashion.com\/hu\/#organization","name":"Taboo Slovakia s.r.o.","url":"https:\/\/taboofashion.com\/hu\/","logo":{"@type":"ImageObject","inLanguage":"hu","@id":"https:\/\/taboofashion.com\/hu\/#\/schema\/logo\/image\/","url":"https:\/\/taboofashion.com\/wp-content\/uploads\/2022\/12\/taboologo2100-002.png","contentUrl":"https:\/\/taboofashion.com\/wp-content\/uploads\/2022\/12\/taboologo2100-002.png","width":2100,"height":1050,"caption":"Taboo Slovakia s.r.o."},"image":{"@id":"https:\/\/taboofashion.com\/hu\/#\/schema\/logo\/image\/"},"sameAs":["https:\/\/www.facebook.com\/TabooSlovakia","https:\/\/www.linkedin.com\/company\/541747\/","https:\/\/www.instagram.com\/taboofashion.com1\/"]}]},"product_brand":"Myrtle Beach","og_availability":"instock","product_availability":"instock","product_retailer_item_id":"03622965399","product_condition":"new"},"_links":{"self":[{"href":"https:\/\/taboofashion.com\/hu\/wp-json\/wp\/v2\/product\/643431","targetHints":{"allow":["GET"]}}],"collection":[{"href":"https:\/\/taboofashion.com\/hu\/wp-json\/wp\/v2\/product"}],"about":[{"href":"https:\/\/taboofashion.com\/hu\/wp-json\/wp\/v2\/types\/product"}],"wp:featuredmedia":[{"embeddable":true,"href":"https:\/\/taboofashion.com\/hu\/wp-json\/wp\/v2\/media\/610592"}],"wp:attachment":[{"href":"https:\/\/taboofashion.com\/hu\/wp-json\/wp\/v2\/media?parent=643431"}],"wp:term":[{"taxonomy":"product_cat","embeddable":true,"href":"https:\/\/taboofashion.com\/hu\/wp-json\/wp\/v2\/product_cat?post=643431"},{"taxonomy":"product_tag","embeddable":true,"href":"https:\/\/taboofashion.com\/hu\/wp-json\/wp\/v2\/product_tag?post=643431"}],"curies":[{"name":"wp","href":"https:\/\/api.w.org\/{rel}","templated":true}]}}