{"id":643483,"date":"2022-08-26T22:13:16","date_gmt":"2022-08-26T20:13:16","guid":{"rendered":"https:\/\/taboofashion.com\/shop\/myrtle-beach-mb-6215-6-panel-elastic-fit-mesh-cap\/"},"modified":"2023-05-14T16:53:03","modified_gmt":"2023-05-14T14:53:03","slug":"myrtle-beach-mb-6215-6-panel-elastic-fit-mesh-cap","status":"publish","type":"product","link":"https:\/\/taboofashion.com\/hu\/shop\/myrtle-beach-mb-6215-6-panel-elastic-fit-mesh-cap\/","title":{"rendered":"MB 6215 6 paneles h\u00e1l\u00f3s sapka elasztikus szab\u00e1ssal"},"content":{"rendered":"<p>Testre szabott szab\u00e1s\u00fa, fels\u0151 r\u00e9szen 8 d\u00edszvarr\u00e1s, lamin\u00e1lt el\u0151lapok, el\u0151lapokon 2 varrott f\u0171z\u0151lyuk, h\u00e1tul z\u00e1rt r\u00f6gz\u00edt\u0151 n\u00e9lk\u00fcl, S\/M=56\/57cm \u00e9s L\/XL=58\/59cm m\u00e9retben kaphat\u00f3<\/p>\n","protected":false},"excerpt":{"rendered":"<p>H\u00e9j: 70% poli\u00e9szter, 30% pamut, 2. h\u00e9j: 100% poli\u00e9szter<\/p>\n","protected":false},"featured_media":610599,"template":"","meta":[],"product_cat":[3609],"product_tag":[],"class_list":{"0":"post-643483","1":"product","2":"type-product","3":"status-publish","4":"has-post-thumbnail","6":"product_cat-baseball-sapkak","7":"pa_brand-myrtle-beach-hu","8":"pa_colour-fekete-fekete-hu","9":"pa_colour-kiralyi-fekete","10":"pa_colour-piros-fekete-hu","11":"pa_colour-sotetszurke-melange-fekete-2","12":"pa_colour-turkiz-fekete-2","13":"pa_colour-zold-fekete","14":"pa_size-s-m-hu","15":"pa_size-l-xl-hu","17":"first","18":"instock","19":"taxable","20":"shipping-taxable","21":"purchasable","22":"product-type-variable","23":"has-default-attributes"},"yoast_head":"<!-- This site is optimized with the Yoast SEO plugin v21.8 - https:\/\/yoast.com\/wordpress\/plugins\/seo\/ -->\n<title>MB 6215 6 paneles h\u00e1l\u00f3s sapka elasztikus szab\u00e1ssal &#8211; Fashion shop<\/title>\n<meta name=\"robots\" content=\"index, follow, max-snippet:-1, max-image-preview:large, max-video-preview:-1\" \/>\n<link rel=\"canonical\" href=\"https:\/\/taboofashion.com\/hu\/shop\/myrtle-beach-mb-6215-6-panel-elastic-fit-mesh-cap\/\" \/>\n<meta property=\"og:locale\" content=\"hu_HU\" \/>\n<meta property=\"og:type\" content=\"article\" \/>\n<meta property=\"og:title\" content=\"MB 6215 6 paneles h\u00e1l\u00f3s sapka elasztikus szab\u00e1ssal &#8211; Fashion shop\" \/>\n<meta property=\"og:description\" content=\"H\u00e9j: 70% poli\u00e9szter, 30% pamut, 2. h\u00e9j: 100% poli\u00e9szter\" \/>\n<meta property=\"og:url\" content=\"https:\/\/taboofashion.com\/hu\/shop\/myrtle-beach-mb-6215-6-panel-elastic-fit-mesh-cap\/\" \/>\n<meta property=\"og:site_name\" content=\"Fashion shop\" \/>\n<meta property=\"article:publisher\" content=\"https:\/\/www.facebook.com\/TabooSlovakia\" \/>\n<meta property=\"article:modified_time\" content=\"2023-05-14T14:53:03+00:00\" \/>\n<meta property=\"og:image\" content=\"https:\/\/taboofashion.com\/wp-content\/uploads\/2022\/08\/LS-03.6215-Myrtle-Beach-MB-6215-1-1.jpg\" \/>\n\t<meta property=\"og:image:width\" content=\"1000\" \/>\n\t<meta property=\"og:image:height\" content=\"1000\" \/>\n\t<meta property=\"og:image:type\" content=\"image\/jpeg\" \/>\n<meta name=\"twitter:card\" content=\"summary_large_image\" \/>\n<script type=\"application\/ld+json\" class=\"yoast-schema-graph\">{\"@context\":\"https:\/\/schema.org\",\"@graph\":[{\"@type\":\"WebPage\",\"@id\":\"https:\/\/taboofashion.com\/hu\/shop\/myrtle-beach-mb-6215-6-panel-elastic-fit-mesh-cap\/\",\"url\":\"https:\/\/taboofashion.com\/hu\/shop\/myrtle-beach-mb-6215-6-panel-elastic-fit-mesh-cap\/\",\"name\":\"MB 6215 6 paneles h\u00e1l\u00f3s sapka elasztikus szab\u00e1ssal &#8211; Fashion shop\",\"isPartOf\":{\"@id\":\"https:\/\/taboofashion.com\/hu\/#website\"},\"datePublished\":\"2022-08-26T20:13:16+00:00\",\"dateModified\":\"2023-05-14T14:53:03+00:00\",\"breadcrumb\":{\"@id\":\"https:\/\/taboofashion.com\/hu\/shop\/myrtle-beach-mb-6215-6-panel-elastic-fit-mesh-cap\/#breadcrumb\"},\"inLanguage\":\"hu\",\"potentialAction\":[{\"@type\":\"ReadAction\",\"target\":[\"https:\/\/taboofashion.com\/hu\/shop\/myrtle-beach-mb-6215-6-panel-elastic-fit-mesh-cap\/\"]}]},{\"@type\":\"BreadcrumbList\",\"@id\":\"https:\/\/taboofashion.com\/hu\/shop\/myrtle-beach-mb-6215-6-panel-elastic-fit-mesh-cap\/#breadcrumb\",\"itemListElement\":[{\"@type\":\"ListItem\",\"position\":1,\"name\":\"Home\",\"item\":\"https:\/\/taboofashion.com\/hu\/\"},{\"@type\":\"ListItem\",\"position\":2,\"name\":\"Bolt\",\"item\":\"https:\/\/taboofashion.com\/hu\/\"},{\"@type\":\"ListItem\",\"position\":3,\"name\":\"MB 6215 6 paneles h\u00e1l\u00f3s sapka elasztikus szab\u00e1ssal\"}]},{\"@type\":\"WebSite\",\"@id\":\"https:\/\/taboofashion.com\/hu\/#website\",\"url\":\"https:\/\/taboofashion.com\/hu\/\",\"name\":\"Fashion shop\",\"description\":\"\",\"publisher\":{\"@id\":\"https:\/\/taboofashion.com\/hu\/#organization\"},\"potentialAction\":[{\"@type\":\"SearchAction\",\"target\":{\"@type\":\"EntryPoint\",\"urlTemplate\":\"https:\/\/taboofashion.com\/hu\/?s={search_term_string}\"},\"query-input\":\"required name=search_term_string\"}],\"inLanguage\":\"hu\"},{\"@type\":\"Organization\",\"@id\":\"https:\/\/taboofashion.com\/hu\/#organization\",\"name\":\"Taboo Slovakia s.r.o.\",\"url\":\"https:\/\/taboofashion.com\/hu\/\",\"logo\":{\"@type\":\"ImageObject\",\"inLanguage\":\"hu\",\"@id\":\"https:\/\/taboofashion.com\/hu\/#\/schema\/logo\/image\/\",\"url\":\"https:\/\/taboofashion.com\/wp-content\/uploads\/2022\/12\/taboologo2100-002.png\",\"contentUrl\":\"https:\/\/taboofashion.com\/wp-content\/uploads\/2022\/12\/taboologo2100-002.png\",\"width\":2100,\"height\":1050,\"caption\":\"Taboo Slovakia s.r.o.\"},\"image\":{\"@id\":\"https:\/\/taboofashion.com\/hu\/#\/schema\/logo\/image\/\"},\"sameAs\":[\"https:\/\/www.facebook.com\/TabooSlovakia\",\"https:\/\/www.linkedin.com\/company\/541747\/\",\"https:\/\/www.instagram.com\/taboofashion.com1\/\"]}]}<\/script>\n<meta property=\"product:brand\" content=\"Myrtle Beach\" \/>\n<meta property=\"og:availability\" content=\"instock\" \/>\n<meta property=\"product:availability\" content=\"instock\" \/>\n<meta property=\"product:retailer_item_id\" content=\"03621580812\" \/>\n<meta property=\"product:condition\" content=\"new\" \/>\n<!-- \/ Yoast SEO plugin. -->","yoast_head_json":{"title":"MB 6215 6 paneles h\u00e1l\u00f3s sapka elasztikus szab\u00e1ssal &#8211; Fashion shop","robots":{"index":"index","follow":"follow","max-snippet":"max-snippet:-1","max-image-preview":"max-image-preview:large","max-video-preview":"max-video-preview:-1"},"canonical":"https:\/\/taboofashion.com\/hu\/shop\/myrtle-beach-mb-6215-6-panel-elastic-fit-mesh-cap\/","og_locale":"hu_HU","og_type":"article","og_title":"MB 6215 6 paneles h\u00e1l\u00f3s sapka elasztikus szab\u00e1ssal &#8211; Fashion shop","og_description":"H\u00e9j: 70% poli\u00e9szter, 30% pamut, 2. h\u00e9j: 100% poli\u00e9szter","og_url":"https:\/\/taboofashion.com\/hu\/shop\/myrtle-beach-mb-6215-6-panel-elastic-fit-mesh-cap\/","og_site_name":"Fashion shop","article_publisher":"https:\/\/www.facebook.com\/TabooSlovakia","article_modified_time":"2023-05-14T14:53:03+00:00","og_image":[{"width":1000,"height":1000,"url":"https:\/\/taboofashion.com\/wp-content\/uploads\/2022\/08\/LS-03.6215-Myrtle-Beach-MB-6215-1-1.jpg","type":"image\/jpeg"}],"twitter_card":"summary_large_image","schema":{"@context":"https:\/\/schema.org","@graph":[{"@type":"WebPage","@id":"https:\/\/taboofashion.com\/hu\/shop\/myrtle-beach-mb-6215-6-panel-elastic-fit-mesh-cap\/","url":"https:\/\/taboofashion.com\/hu\/shop\/myrtle-beach-mb-6215-6-panel-elastic-fit-mesh-cap\/","name":"MB 6215 6 paneles h\u00e1l\u00f3s sapka elasztikus szab\u00e1ssal &#8211; Fashion shop","isPartOf":{"@id":"https:\/\/taboofashion.com\/hu\/#website"},"datePublished":"2022-08-26T20:13:16+00:00","dateModified":"2023-05-14T14:53:03+00:00","breadcrumb":{"@id":"https:\/\/taboofashion.com\/hu\/shop\/myrtle-beach-mb-6215-6-panel-elastic-fit-mesh-cap\/#breadcrumb"},"inLanguage":"hu","potentialAction":[{"@type":"ReadAction","target":["https:\/\/taboofashion.com\/hu\/shop\/myrtle-beach-mb-6215-6-panel-elastic-fit-mesh-cap\/"]}]},{"@type":"BreadcrumbList","@id":"https:\/\/taboofashion.com\/hu\/shop\/myrtle-beach-mb-6215-6-panel-elastic-fit-mesh-cap\/#breadcrumb","itemListElement":[{"@type":"ListItem","position":1,"name":"Home","item":"https:\/\/taboofashion.com\/hu\/"},{"@type":"ListItem","position":2,"name":"Bolt","item":"https:\/\/taboofashion.com\/hu\/"},{"@type":"ListItem","position":3,"name":"MB 6215 6 paneles h\u00e1l\u00f3s sapka elasztikus szab\u00e1ssal"}]},{"@type":"WebSite","@id":"https:\/\/taboofashion.com\/hu\/#website","url":"https:\/\/taboofashion.com\/hu\/","name":"Fashion shop","description":"","publisher":{"@id":"https:\/\/taboofashion.com\/hu\/#organization"},"potentialAction":[{"@type":"SearchAction","target":{"@type":"EntryPoint","urlTemplate":"https:\/\/taboofashion.com\/hu\/?s={search_term_string}"},"query-input":"required name=search_term_string"}],"inLanguage":"hu"},{"@type":"Organization","@id":"https:\/\/taboofashion.com\/hu\/#organization","name":"Taboo Slovakia s.r.o.","url":"https:\/\/taboofashion.com\/hu\/","logo":{"@type":"ImageObject","inLanguage":"hu","@id":"https:\/\/taboofashion.com\/hu\/#\/schema\/logo\/image\/","url":"https:\/\/taboofashion.com\/wp-content\/uploads\/2022\/12\/taboologo2100-002.png","contentUrl":"https:\/\/taboofashion.com\/wp-content\/uploads\/2022\/12\/taboologo2100-002.png","width":2100,"height":1050,"caption":"Taboo Slovakia s.r.o."},"image":{"@id":"https:\/\/taboofashion.com\/hu\/#\/schema\/logo\/image\/"},"sameAs":["https:\/\/www.facebook.com\/TabooSlovakia","https:\/\/www.linkedin.com\/company\/541747\/","https:\/\/www.instagram.com\/taboofashion.com1\/"]}]},"product_brand":"Myrtle Beach","og_availability":"instock","product_availability":"instock","product_retailer_item_id":"03621580812","product_condition":"new"},"_links":{"self":[{"href":"https:\/\/taboofashion.com\/hu\/wp-json\/wp\/v2\/product\/643483","targetHints":{"allow":["GET"]}}],"collection":[{"href":"https:\/\/taboofashion.com\/hu\/wp-json\/wp\/v2\/product"}],"about":[{"href":"https:\/\/taboofashion.com\/hu\/wp-json\/wp\/v2\/types\/product"}],"wp:featuredmedia":[{"embeddable":true,"href":"https:\/\/taboofashion.com\/hu\/wp-json\/wp\/v2\/media\/610599"}],"wp:attachment":[{"href":"https:\/\/taboofashion.com\/hu\/wp-json\/wp\/v2\/media?parent=643483"}],"wp:term":[{"taxonomy":"product_cat","embeddable":true,"href":"https:\/\/taboofashion.com\/hu\/wp-json\/wp\/v2\/product_cat?post=643483"},{"taxonomy":"product_tag","embeddable":true,"href":"https:\/\/taboofashion.com\/hu\/wp-json\/wp\/v2\/product_tag?post=643483"}],"curies":[{"name":"wp","href":"https:\/\/api.w.org\/{rel}","templated":true}]}}