{"id":644634,"date":"2022-08-30T03:04:08","date_gmt":"2022-08-30T01:04:08","guid":{"rendered":"https:\/\/taboofashion.com\/shop\/premier-pr150-bib-koteny-szinek\/"},"modified":"2023-03-01T15:10:29","modified_gmt":"2023-03-01T14:10:29","slug":"premier-pr150-bib-koteny-szinek","status":"publish","type":"product","link":"https:\/\/taboofashion.com\/hu\/shop\/premier-pr150-bib-koteny-szinek\/","title":{"rendered":"PR150 kant\u00e1ros k\u00f6t\u00e9ny &#8222;sz\u00ednek&#8221;"},"content":{"rendered":"<p>\u00c1ll\u00edthat\u00f3 nyakp\u00e1nt m\u0171anyag csattal, \u00f6nsz\u00f6vet megk\u00f6t\u0151, OEKO-TEX\u00ae standard 100, hossz: 86cm, sz\u00e9less\u00e9g: 72cm, ipari mos\u00e1s 85\u00b0-ban moshat\u00f3, 60\u00b0-ban moshat\u00f3, sz\u00e1r\u00edt\u00f3g\u00e9pben sz\u00e1r\u00edthat\u00f3<\/p>\n","protected":false},"excerpt":{"rendered":"<p>195g\/m\u00b2, farmer sz\u00ednek: 265g\/m\u00b2, 65% poli\u00e9szter, 35% pamut-twill, farmer sz\u00ednek: 70% pamut, 30% poli\u00e9szter twill<\/p>\n","protected":false},"featured_media":609268,"template":"","meta":[],"product_cat":[3625],"product_tag":[],"class_list":{"0":"post-644634","1":"product","2":"type-product","3":"status-publish","4":"has-post-thumbnail","6":"product_cat-munkaruha-vedoruhazat","7":"pa_brand-premier-hu","8":"pa_colour-acel","9":"pa_colour-alma-zold","10":"pa_colour-barna-hu","11":"pa_colour-bordo","12":"pa_colour-buzavirag-hu","13":"pa_colour-camel-hu","14":"pa_colour-cian-hu","15":"pa_colour-citrom","16":"pa_colour-eper-piros","17":"pa_colour-ezust-2","18":"pa_colour-feher","19":"pa_colour-fekete","20":"pa_colour-fekete-farmer","21":"pa_colour-forro-rozsaszin-hu","22":"pa_colour-fukszia","23":"pa_colour-gazdag-ibolya","24":"pa_colour-gesztenye","25":"pa_colour-indigo-szinu-farmer","26":"pa_colour-kek-farmer","27":"pa_colour-kelly-green-hu","28":"pa_colour-khaki-hu","29":"pa_colour-kiralyi-hu","30":"pa_colour-kozepkek-hu-3","31":"pa_colour-levendula","32":"pa_colour-lila","33":"pa_colour-lila-hu","34":"pa_colour-lime-hu","35":"pa_colour-magenta-hu","36":"pa_colour-mohazold-hu","37":"pa_colour-mokka-hu","38":"pa_colour-napraforgo-hu","39":"pa_colour-narancs","40":"pa_colour-oazis-zold","41":"pa_colour-olivaolaj","42":"pa_colour-padlizsan-hu","43":"pa_colour-palack","44":"pa_colour-piros","45":"pa_colour-rozsa-2","46":"pa_colour-rozsaszin","47":"pa_colour-sarga-hu","48":"pa_colour-smaragd-hu","49":"pa_colour-sotetszurke","50":"pa_colour-szurke-hu-2","51":"pa_colour-szurke-farmer-hu","52":"pa_colour-teal-hu-2","53":"pa_colour-tengereszgyalogsag","54":"pa_colour-tengerkek","55":"pa_colour-termeszetes","56":"pa_colour-terrakotta-hu","57":"pa_colour-turkizkek-hu","58":"pa_colour-vilagoskek","59":"pa_colour-vizkek-hu","60":"pa_colour-zafir","61":"pa_colour-zsalya","62":"pa_size-onesize-hu","64":"first","65":"instock","66":"taxable","67":"shipping-taxable","68":"purchasable","69":"product-type-variable","70":"has-default-attributes"},"yoast_head":"<!-- This site is optimized with the Yoast SEO plugin v21.8 - https:\/\/yoast.com\/wordpress\/plugins\/seo\/ -->\n<title>PR150 kant\u00e1ros k\u00f6t\u00e9ny &quot;sz\u00ednek&quot; &#8211; Fashion shop<\/title>\n<meta name=\"robots\" content=\"index, follow, max-snippet:-1, max-image-preview:large, max-video-preview:-1\" \/>\n<link rel=\"canonical\" href=\"https:\/\/taboofashion.com\/hu\/shop\/premier-pr150-bib-koteny-szinek\/\" \/>\n<meta property=\"og:locale\" content=\"hu_HU\" \/>\n<meta property=\"og:type\" content=\"article\" \/>\n<meta property=\"og:title\" content=\"PR150 kant\u00e1ros k\u00f6t\u00e9ny &quot;sz\u00ednek&quot; &#8211; Fashion shop\" \/>\n<meta property=\"og:description\" content=\"195g\/m\u00b2, farmer sz\u00ednek: 265g\/m\u00b2, 65% poli\u00e9szter, 35% pamut-twill, farmer sz\u00ednek: 70% pamut, 30% poli\u00e9szter twill\" \/>\n<meta property=\"og:url\" content=\"https:\/\/taboofashion.com\/hu\/shop\/premier-pr150-bib-koteny-szinek\/\" \/>\n<meta property=\"og:site_name\" content=\"Fashion shop\" \/>\n<meta property=\"article:publisher\" content=\"https:\/\/www.facebook.com\/TabooSlovakia\" \/>\n<meta property=\"article:modified_time\" content=\"2023-03-01T14:10:29+00:00\" \/>\n<meta property=\"og:image\" content=\"https:\/\/taboofashion.com\/wp-content\/uploads\/2022\/08\/LS-39.0150-Premier-PR150-41.jpg\" \/>\n\t<meta property=\"og:image:width\" content=\"1000\" \/>\n\t<meta property=\"og:image:height\" content=\"1000\" \/>\n\t<meta property=\"og:image:type\" content=\"image\/jpeg\" \/>\n<meta name=\"twitter:card\" content=\"summary_large_image\" \/>\n<script type=\"application\/ld+json\" class=\"yoast-schema-graph\">{\"@context\":\"https:\/\/schema.org\",\"@graph\":[{\"@type\":\"WebPage\",\"@id\":\"https:\/\/taboofashion.com\/hu\/shop\/premier-pr150-bib-koteny-szinek\/\",\"url\":\"https:\/\/taboofashion.com\/hu\/shop\/premier-pr150-bib-koteny-szinek\/\",\"name\":\"PR150 kant\u00e1ros k\u00f6t\u00e9ny \\\"sz\u00ednek\\\" &#8211; Fashion shop\",\"isPartOf\":{\"@id\":\"https:\/\/taboofashion.com\/hu\/#website\"},\"datePublished\":\"2022-08-30T01:04:08+00:00\",\"dateModified\":\"2023-03-01T14:10:29+00:00\",\"breadcrumb\":{\"@id\":\"https:\/\/taboofashion.com\/hu\/shop\/premier-pr150-bib-koteny-szinek\/#breadcrumb\"},\"inLanguage\":\"hu\",\"potentialAction\":[{\"@type\":\"ReadAction\",\"target\":[\"https:\/\/taboofashion.com\/hu\/shop\/premier-pr150-bib-koteny-szinek\/\"]}]},{\"@type\":\"BreadcrumbList\",\"@id\":\"https:\/\/taboofashion.com\/hu\/shop\/premier-pr150-bib-koteny-szinek\/#breadcrumb\",\"itemListElement\":[{\"@type\":\"ListItem\",\"position\":1,\"name\":\"Home\",\"item\":\"https:\/\/taboofashion.com\/hu\/\"},{\"@type\":\"ListItem\",\"position\":2,\"name\":\"Bolt\",\"item\":\"https:\/\/taboofashion.com\/hu\/\"},{\"@type\":\"ListItem\",\"position\":3,\"name\":\"PR150 kant\u00e1ros k\u00f6t\u00e9ny &#8222;sz\u00ednek&#8221;\"}]},{\"@type\":\"WebSite\",\"@id\":\"https:\/\/taboofashion.com\/hu\/#website\",\"url\":\"https:\/\/taboofashion.com\/hu\/\",\"name\":\"Fashion shop\",\"description\":\"\",\"publisher\":{\"@id\":\"https:\/\/taboofashion.com\/hu\/#organization\"},\"potentialAction\":[{\"@type\":\"SearchAction\",\"target\":{\"@type\":\"EntryPoint\",\"urlTemplate\":\"https:\/\/taboofashion.com\/hu\/?s={search_term_string}\"},\"query-input\":\"required name=search_term_string\"}],\"inLanguage\":\"hu\"},{\"@type\":\"Organization\",\"@id\":\"https:\/\/taboofashion.com\/hu\/#organization\",\"name\":\"Taboo Slovakia s.r.o.\",\"url\":\"https:\/\/taboofashion.com\/hu\/\",\"logo\":{\"@type\":\"ImageObject\",\"inLanguage\":\"hu\",\"@id\":\"https:\/\/taboofashion.com\/hu\/#\/schema\/logo\/image\/\",\"url\":\"https:\/\/taboofashion.com\/wp-content\/uploads\/2022\/12\/taboologo2100-002.png\",\"contentUrl\":\"https:\/\/taboofashion.com\/wp-content\/uploads\/2022\/12\/taboologo2100-002.png\",\"width\":2100,\"height\":1050,\"caption\":\"Taboo Slovakia s.r.o.\"},\"image\":{\"@id\":\"https:\/\/taboofashion.com\/hu\/#\/schema\/logo\/image\/\"},\"sameAs\":[\"https:\/\/www.facebook.com\/TabooSlovakia\",\"https:\/\/www.linkedin.com\/company\/541747\/\",\"https:\/\/www.instagram.com\/taboofashion.com1\/\"]}]}<\/script>\n<meta property=\"product:brand\" content=\"Premier\" \/>\n<meta property=\"og:availability\" content=\"instock\" \/>\n<meta property=\"product:availability\" content=\"instock\" \/>\n<meta property=\"product:retailer_item_id\" content=\"39015000199\" \/>\n<meta property=\"product:condition\" content=\"new\" \/>\n<!-- \/ Yoast SEO plugin. -->","yoast_head_json":{"title":"PR150 kant\u00e1ros k\u00f6t\u00e9ny \"sz\u00ednek\" &#8211; Fashion shop","robots":{"index":"index","follow":"follow","max-snippet":"max-snippet:-1","max-image-preview":"max-image-preview:large","max-video-preview":"max-video-preview:-1"},"canonical":"https:\/\/taboofashion.com\/hu\/shop\/premier-pr150-bib-koteny-szinek\/","og_locale":"hu_HU","og_type":"article","og_title":"PR150 kant\u00e1ros k\u00f6t\u00e9ny \"sz\u00ednek\" &#8211; Fashion shop","og_description":"195g\/m\u00b2, farmer sz\u00ednek: 265g\/m\u00b2, 65% poli\u00e9szter, 35% pamut-twill, farmer sz\u00ednek: 70% pamut, 30% poli\u00e9szter twill","og_url":"https:\/\/taboofashion.com\/hu\/shop\/premier-pr150-bib-koteny-szinek\/","og_site_name":"Fashion shop","article_publisher":"https:\/\/www.facebook.com\/TabooSlovakia","article_modified_time":"2023-03-01T14:10:29+00:00","og_image":[{"width":1000,"height":1000,"url":"https:\/\/taboofashion.com\/wp-content\/uploads\/2022\/08\/LS-39.0150-Premier-PR150-41.jpg","type":"image\/jpeg"}],"twitter_card":"summary_large_image","schema":{"@context":"https:\/\/schema.org","@graph":[{"@type":"WebPage","@id":"https:\/\/taboofashion.com\/hu\/shop\/premier-pr150-bib-koteny-szinek\/","url":"https:\/\/taboofashion.com\/hu\/shop\/premier-pr150-bib-koteny-szinek\/","name":"PR150 kant\u00e1ros k\u00f6t\u00e9ny \"sz\u00ednek\" &#8211; Fashion shop","isPartOf":{"@id":"https:\/\/taboofashion.com\/hu\/#website"},"datePublished":"2022-08-30T01:04:08+00:00","dateModified":"2023-03-01T14:10:29+00:00","breadcrumb":{"@id":"https:\/\/taboofashion.com\/hu\/shop\/premier-pr150-bib-koteny-szinek\/#breadcrumb"},"inLanguage":"hu","potentialAction":[{"@type":"ReadAction","target":["https:\/\/taboofashion.com\/hu\/shop\/premier-pr150-bib-koteny-szinek\/"]}]},{"@type":"BreadcrumbList","@id":"https:\/\/taboofashion.com\/hu\/shop\/premier-pr150-bib-koteny-szinek\/#breadcrumb","itemListElement":[{"@type":"ListItem","position":1,"name":"Home","item":"https:\/\/taboofashion.com\/hu\/"},{"@type":"ListItem","position":2,"name":"Bolt","item":"https:\/\/taboofashion.com\/hu\/"},{"@type":"ListItem","position":3,"name":"PR150 kant\u00e1ros k\u00f6t\u00e9ny &#8222;sz\u00ednek&#8221;"}]},{"@type":"WebSite","@id":"https:\/\/taboofashion.com\/hu\/#website","url":"https:\/\/taboofashion.com\/hu\/","name":"Fashion shop","description":"","publisher":{"@id":"https:\/\/taboofashion.com\/hu\/#organization"},"potentialAction":[{"@type":"SearchAction","target":{"@type":"EntryPoint","urlTemplate":"https:\/\/taboofashion.com\/hu\/?s={search_term_string}"},"query-input":"required name=search_term_string"}],"inLanguage":"hu"},{"@type":"Organization","@id":"https:\/\/taboofashion.com\/hu\/#organization","name":"Taboo Slovakia s.r.o.","url":"https:\/\/taboofashion.com\/hu\/","logo":{"@type":"ImageObject","inLanguage":"hu","@id":"https:\/\/taboofashion.com\/hu\/#\/schema\/logo\/image\/","url":"https:\/\/taboofashion.com\/wp-content\/uploads\/2022\/12\/taboologo2100-002.png","contentUrl":"https:\/\/taboofashion.com\/wp-content\/uploads\/2022\/12\/taboologo2100-002.png","width":2100,"height":1050,"caption":"Taboo Slovakia s.r.o."},"image":{"@id":"https:\/\/taboofashion.com\/hu\/#\/schema\/logo\/image\/"},"sameAs":["https:\/\/www.facebook.com\/TabooSlovakia","https:\/\/www.linkedin.com\/company\/541747\/","https:\/\/www.instagram.com\/taboofashion.com1\/"]}]},"product_brand":"Premier","og_availability":"instock","product_availability":"instock","product_retailer_item_id":"39015000199","product_condition":"new"},"_links":{"self":[{"href":"https:\/\/taboofashion.com\/hu\/wp-json\/wp\/v2\/product\/644634","targetHints":{"allow":["GET"]}}],"collection":[{"href":"https:\/\/taboofashion.com\/hu\/wp-json\/wp\/v2\/product"}],"about":[{"href":"https:\/\/taboofashion.com\/hu\/wp-json\/wp\/v2\/types\/product"}],"wp:featuredmedia":[{"embeddable":true,"href":"https:\/\/taboofashion.com\/hu\/wp-json\/wp\/v2\/media\/609268"}],"wp:attachment":[{"href":"https:\/\/taboofashion.com\/hu\/wp-json\/wp\/v2\/media?parent=644634"}],"wp:term":[{"taxonomy":"product_cat","embeddable":true,"href":"https:\/\/taboofashion.com\/hu\/wp-json\/wp\/v2\/product_cat?post=644634"},{"taxonomy":"product_tag","embeddable":true,"href":"https:\/\/taboofashion.com\/hu\/wp-json\/wp\/v2\/product_tag?post=644634"}],"curies":[{"name":"wp","href":"https:\/\/api.w.org\/{rel}","templated":true}]}}