{"id":644694,"date":"2022-08-30T03:02:28","date_gmt":"2022-08-30T01:02:28","guid":{"rendered":"https:\/\/taboofashion.com\/shop\/premier-pr135-denim-bib-proron-short-division\/"},"modified":"2023-03-01T15:10:31","modified_gmt":"2023-03-01T14:10:31","slug":"premier-pr135-denim-bib-proron-short-division","status":"publish","type":"product","link":"https:\/\/taboofashion.com\/hu\/shop\/premier-pr135-denim-bib-proron-short-division\/","title":{"rendered":"PR135 farmer k\u00f6t\u00e9ny r\u00f6vid &#8222;Division&#8221;"},"content":{"rendered":"<p>V\u00edzleperget\u0151 tulajdons\u00e1gok, tapasz zseb \u00e9s kend\u0151tart\u00f3, zseb m\u00e9rete: 18&#215;20 cm, varr\u00e1s \u00e9s funkcion\u00e1lis elemek kontrasztos sz\u00ednben, viaszos hat\u00e1s, f\u00e9m f\u0171z\u0151lyukak, OEKO-TEX\u00ae standard 100, hossz: 50 cm, sz\u00e9less\u00e9g: 70 cm, k\u00f6nnyen kezelhet\u0151, 60 \u00b0 moshat\u00f3<\/p>\n","protected":false},"excerpt":{"rendered":"<p>350g\/m\u00b2, 100% pamut-farmer-Twill akril bevonattal<\/p>\n","protected":false},"featured_media":609270,"template":"","meta":[],"product_cat":[3625],"product_tag":[],"class_list":{"0":"post-644694","1":"product","2":"type-product","3":"status-publish","4":"has-post-thumbnail","6":"product_cat-munkaruha-vedoruhazat","7":"pa_brand-premier-hu","8":"pa_colour-fekete-farmer","9":"pa_colour-fekete-barna-hu-2","10":"pa_colour-indigo-szinu-farmer","11":"pa_colour-indigo-barna","12":"pa_size-onesize-hu","14":"first","15":"instock","16":"taxable","17":"shipping-taxable","18":"purchasable","19":"product-type-variable","20":"has-default-attributes"},"yoast_head":"<!-- This site is optimized with the Yoast SEO plugin v21.8 - https:\/\/yoast.com\/wordpress\/plugins\/seo\/ -->\n<title>PR135 farmer k\u00f6t\u00e9ny r\u00f6vid &quot;Division&quot; &#8211; Fashion shop<\/title>\n<meta name=\"robots\" content=\"index, follow, max-snippet:-1, max-image-preview:large, max-video-preview:-1\" \/>\n<link rel=\"canonical\" href=\"https:\/\/taboofashion.com\/hu\/shop\/premier-pr135-denim-bib-proron-short-division\/\" \/>\n<meta property=\"og:locale\" content=\"hu_HU\" \/>\n<meta property=\"og:type\" content=\"article\" \/>\n<meta property=\"og:title\" content=\"PR135 farmer k\u00f6t\u00e9ny r\u00f6vid &quot;Division&quot; &#8211; Fashion shop\" \/>\n<meta property=\"og:description\" content=\"350g\/m\u00b2, 100% pamut-farmer-Twill akril bevonattal\" \/>\n<meta property=\"og:url\" content=\"https:\/\/taboofashion.com\/hu\/shop\/premier-pr135-denim-bib-proron-short-division\/\" \/>\n<meta property=\"og:site_name\" content=\"Fashion shop\" \/>\n<meta property=\"article:publisher\" content=\"https:\/\/www.facebook.com\/TabooSlovakia\" \/>\n<meta property=\"article:modified_time\" content=\"2023-03-01T14:10:31+00:00\" \/>\n<meta property=\"og:image\" content=\"https:\/\/taboofashion.com\/wp-content\/uploads\/2022\/08\/LS-39.0135-Premier-PR135-4.jpg\" \/>\n\t<meta property=\"og:image:width\" content=\"1000\" \/>\n\t<meta property=\"og:image:height\" content=\"1000\" \/>\n\t<meta property=\"og:image:type\" content=\"image\/jpeg\" \/>\n<meta name=\"twitter:card\" content=\"summary_large_image\" \/>\n<script type=\"application\/ld+json\" class=\"yoast-schema-graph\">{\"@context\":\"https:\/\/schema.org\",\"@graph\":[{\"@type\":\"WebPage\",\"@id\":\"https:\/\/taboofashion.com\/hu\/shop\/premier-pr135-denim-bib-proron-short-division\/\",\"url\":\"https:\/\/taboofashion.com\/hu\/shop\/premier-pr135-denim-bib-proron-short-division\/\",\"name\":\"PR135 farmer k\u00f6t\u00e9ny r\u00f6vid \\\"Division\\\" &#8211; Fashion shop\",\"isPartOf\":{\"@id\":\"https:\/\/taboofashion.com\/hu\/#website\"},\"datePublished\":\"2022-08-30T01:02:28+00:00\",\"dateModified\":\"2023-03-01T14:10:31+00:00\",\"breadcrumb\":{\"@id\":\"https:\/\/taboofashion.com\/hu\/shop\/premier-pr135-denim-bib-proron-short-division\/#breadcrumb\"},\"inLanguage\":\"hu\",\"potentialAction\":[{\"@type\":\"ReadAction\",\"target\":[\"https:\/\/taboofashion.com\/hu\/shop\/premier-pr135-denim-bib-proron-short-division\/\"]}]},{\"@type\":\"BreadcrumbList\",\"@id\":\"https:\/\/taboofashion.com\/hu\/shop\/premier-pr135-denim-bib-proron-short-division\/#breadcrumb\",\"itemListElement\":[{\"@type\":\"ListItem\",\"position\":1,\"name\":\"Home\",\"item\":\"https:\/\/taboofashion.com\/hu\/\"},{\"@type\":\"ListItem\",\"position\":2,\"name\":\"Bolt\",\"item\":\"https:\/\/taboofashion.com\/hu\/\"},{\"@type\":\"ListItem\",\"position\":3,\"name\":\"PR135 farmer k\u00f6t\u00e9ny r\u00f6vid &#8222;Division&#8221;\"}]},{\"@type\":\"WebSite\",\"@id\":\"https:\/\/taboofashion.com\/hu\/#website\",\"url\":\"https:\/\/taboofashion.com\/hu\/\",\"name\":\"Fashion shop\",\"description\":\"\",\"publisher\":{\"@id\":\"https:\/\/taboofashion.com\/hu\/#organization\"},\"potentialAction\":[{\"@type\":\"SearchAction\",\"target\":{\"@type\":\"EntryPoint\",\"urlTemplate\":\"https:\/\/taboofashion.com\/hu\/?s={search_term_string}\"},\"query-input\":\"required name=search_term_string\"}],\"inLanguage\":\"hu\"},{\"@type\":\"Organization\",\"@id\":\"https:\/\/taboofashion.com\/hu\/#organization\",\"name\":\"Taboo Slovakia s.r.o.\",\"url\":\"https:\/\/taboofashion.com\/hu\/\",\"logo\":{\"@type\":\"ImageObject\",\"inLanguage\":\"hu\",\"@id\":\"https:\/\/taboofashion.com\/hu\/#\/schema\/logo\/image\/\",\"url\":\"https:\/\/taboofashion.com\/wp-content\/uploads\/2022\/12\/taboologo2100-002.png\",\"contentUrl\":\"https:\/\/taboofashion.com\/wp-content\/uploads\/2022\/12\/taboologo2100-002.png\",\"width\":2100,\"height\":1050,\"caption\":\"Taboo Slovakia s.r.o.\"},\"image\":{\"@id\":\"https:\/\/taboofashion.com\/hu\/#\/schema\/logo\/image\/\"},\"sameAs\":[\"https:\/\/www.facebook.com\/TabooSlovakia\",\"https:\/\/www.linkedin.com\/company\/541747\/\",\"https:\/\/www.instagram.com\/taboofashion.com1\/\"]}]}<\/script>\n<meta property=\"product:brand\" content=\"Premier\" \/>\n<meta property=\"og:availability\" content=\"instock\" \/>\n<meta property=\"product:availability\" content=\"instock\" \/>\n<meta property=\"product:retailer_item_id\" content=\"390135h4599\" \/>\n<meta property=\"product:condition\" content=\"new\" \/>\n<!-- \/ Yoast SEO plugin. -->","yoast_head_json":{"title":"PR135 farmer k\u00f6t\u00e9ny r\u00f6vid \"Division\" &#8211; Fashion shop","robots":{"index":"index","follow":"follow","max-snippet":"max-snippet:-1","max-image-preview":"max-image-preview:large","max-video-preview":"max-video-preview:-1"},"canonical":"https:\/\/taboofashion.com\/hu\/shop\/premier-pr135-denim-bib-proron-short-division\/","og_locale":"hu_HU","og_type":"article","og_title":"PR135 farmer k\u00f6t\u00e9ny r\u00f6vid \"Division\" &#8211; Fashion shop","og_description":"350g\/m\u00b2, 100% pamut-farmer-Twill akril bevonattal","og_url":"https:\/\/taboofashion.com\/hu\/shop\/premier-pr135-denim-bib-proron-short-division\/","og_site_name":"Fashion shop","article_publisher":"https:\/\/www.facebook.com\/TabooSlovakia","article_modified_time":"2023-03-01T14:10:31+00:00","og_image":[{"width":1000,"height":1000,"url":"https:\/\/taboofashion.com\/wp-content\/uploads\/2022\/08\/LS-39.0135-Premier-PR135-4.jpg","type":"image\/jpeg"}],"twitter_card":"summary_large_image","schema":{"@context":"https:\/\/schema.org","@graph":[{"@type":"WebPage","@id":"https:\/\/taboofashion.com\/hu\/shop\/premier-pr135-denim-bib-proron-short-division\/","url":"https:\/\/taboofashion.com\/hu\/shop\/premier-pr135-denim-bib-proron-short-division\/","name":"PR135 farmer k\u00f6t\u00e9ny r\u00f6vid \"Division\" &#8211; Fashion shop","isPartOf":{"@id":"https:\/\/taboofashion.com\/hu\/#website"},"datePublished":"2022-08-30T01:02:28+00:00","dateModified":"2023-03-01T14:10:31+00:00","breadcrumb":{"@id":"https:\/\/taboofashion.com\/hu\/shop\/premier-pr135-denim-bib-proron-short-division\/#breadcrumb"},"inLanguage":"hu","potentialAction":[{"@type":"ReadAction","target":["https:\/\/taboofashion.com\/hu\/shop\/premier-pr135-denim-bib-proron-short-division\/"]}]},{"@type":"BreadcrumbList","@id":"https:\/\/taboofashion.com\/hu\/shop\/premier-pr135-denim-bib-proron-short-division\/#breadcrumb","itemListElement":[{"@type":"ListItem","position":1,"name":"Home","item":"https:\/\/taboofashion.com\/hu\/"},{"@type":"ListItem","position":2,"name":"Bolt","item":"https:\/\/taboofashion.com\/hu\/"},{"@type":"ListItem","position":3,"name":"PR135 farmer k\u00f6t\u00e9ny r\u00f6vid &#8222;Division&#8221;"}]},{"@type":"WebSite","@id":"https:\/\/taboofashion.com\/hu\/#website","url":"https:\/\/taboofashion.com\/hu\/","name":"Fashion shop","description":"","publisher":{"@id":"https:\/\/taboofashion.com\/hu\/#organization"},"potentialAction":[{"@type":"SearchAction","target":{"@type":"EntryPoint","urlTemplate":"https:\/\/taboofashion.com\/hu\/?s={search_term_string}"},"query-input":"required name=search_term_string"}],"inLanguage":"hu"},{"@type":"Organization","@id":"https:\/\/taboofashion.com\/hu\/#organization","name":"Taboo Slovakia s.r.o.","url":"https:\/\/taboofashion.com\/hu\/","logo":{"@type":"ImageObject","inLanguage":"hu","@id":"https:\/\/taboofashion.com\/hu\/#\/schema\/logo\/image\/","url":"https:\/\/taboofashion.com\/wp-content\/uploads\/2022\/12\/taboologo2100-002.png","contentUrl":"https:\/\/taboofashion.com\/wp-content\/uploads\/2022\/12\/taboologo2100-002.png","width":2100,"height":1050,"caption":"Taboo Slovakia s.r.o."},"image":{"@id":"https:\/\/taboofashion.com\/hu\/#\/schema\/logo\/image\/"},"sameAs":["https:\/\/www.facebook.com\/TabooSlovakia","https:\/\/www.linkedin.com\/company\/541747\/","https:\/\/www.instagram.com\/taboofashion.com1\/"]}]},"product_brand":"Premier","og_availability":"instock","product_availability":"instock","product_retailer_item_id":"390135h4599","product_condition":"new"},"_links":{"self":[{"href":"https:\/\/taboofashion.com\/hu\/wp-json\/wp\/v2\/product\/644694","targetHints":{"allow":["GET"]}}],"collection":[{"href":"https:\/\/taboofashion.com\/hu\/wp-json\/wp\/v2\/product"}],"about":[{"href":"https:\/\/taboofashion.com\/hu\/wp-json\/wp\/v2\/types\/product"}],"wp:featuredmedia":[{"embeddable":true,"href":"https:\/\/taboofashion.com\/hu\/wp-json\/wp\/v2\/media\/609270"}],"wp:attachment":[{"href":"https:\/\/taboofashion.com\/hu\/wp-json\/wp\/v2\/media?parent=644694"}],"wp:term":[{"taxonomy":"product_cat","embeddable":true,"href":"https:\/\/taboofashion.com\/hu\/wp-json\/wp\/v2\/product_cat?post=644694"},{"taxonomy":"product_tag","embeddable":true,"href":"https:\/\/taboofashion.com\/hu\/wp-json\/wp\/v2\/product_tag?post=644694"}],"curies":[{"name":"wp","href":"https:\/\/api.w.org\/{rel}","templated":true}]}}