{"id":644801,"date":"2022-08-30T02:48:44","date_gmt":"2022-08-30T00:48:44","guid":{"rendered":"https:\/\/taboofashion.com\/shop\/dare2b-elite-dpl003-sztreccs-pulover-1-4-cipzarral\/"},"modified":"2023-07-18T18:29:21","modified_gmt":"2023-07-18T16:29:21","slug":"dare2b-elite-dpl003-sztreccs-pulover-1-4-cipzarral","status":"publish","type":"product","link":"https:\/\/taboofashion.com\/hu\/shop\/dare2b-elite-dpl003-sztreccs-pulover-1-4-cipzarral\/","title":{"rendered":"DPL003 F\u00e9rfi Stretch pul\u00f3ver 1\/4 cipz\u00e1rral"},"content":{"rendered":"<p>Szorosan szabott, \u00e1ll\u00f3gall\u00e9r 1\/4-es cipz\u00e1rral, gyorsan sz\u00e1rad\u00f3<\/p>\n","protected":false},"excerpt":{"rendered":"<p>95% poli\u00e9szter, \u00fajrahasznos\u00edtott poli\u00e9sztert (rPet), 5% elaszt\u00e1nt tartalmaz<\/p>\n","protected":false},"featured_media":608282,"template":"","meta":[],"product_cat":[3611,3624,3623],"product_tag":[],"class_list":{"0":"post-644801","1":"product","2":"type-product","3":"status-publish","4":"has-post-thumbnail","6":"product_cat-polar-pulover","7":"product_cat-soprt-puloverek","8":"product_cat-sport-ruhazat","9":"pa_brand-dare2b-hu","10":"pa_colour-ebenfa-szurke-fekete","11":"pa_colour-fekete","12":"pa_colour-nightfall-navy-hu","13":"pa_colour-nightfall-navy-sotet-metil-hu","14":"pa_colour-sarga-izzo-fekete","15":"pa_size-xs-hu","16":"pa_size-s-hu","17":"pa_size-m-hu","18":"pa_size-l-hu","19":"pa_size-xl-hu","20":"pa_size-xxl-hu","21":"pa_size-3xl-hu","23":"first","24":"instock","25":"taxable","26":"shipping-taxable","27":"purchasable","28":"product-type-variable","29":"has-default-attributes"},"yoast_head":"<!-- This site is optimized with the Yoast SEO plugin v21.8 - https:\/\/yoast.com\/wordpress\/plugins\/seo\/ -->\n<title>DPL003 F\u00e9rfi Stretch pul\u00f3ver 1\/4 cipz\u00e1rral &#8211; Fashion shop<\/title>\n<meta name=\"robots\" content=\"index, follow, max-snippet:-1, max-image-preview:large, max-video-preview:-1\" \/>\n<link rel=\"canonical\" href=\"https:\/\/taboofashion.com\/hu\/shop\/dare2b-elite-dpl003-sztreccs-pulover-1-4-cipzarral\/\" \/>\n<meta property=\"og:locale\" content=\"hu_HU\" \/>\n<meta property=\"og:type\" content=\"article\" \/>\n<meta property=\"og:title\" content=\"DPL003 F\u00e9rfi Stretch pul\u00f3ver 1\/4 cipz\u00e1rral &#8211; Fashion shop\" \/>\n<meta property=\"og:description\" content=\"95% poli\u00e9szter, \u00fajrahasznos\u00edtott poli\u00e9sztert (rPet), 5% elaszt\u00e1nt tartalmaz\" \/>\n<meta property=\"og:url\" content=\"https:\/\/taboofashion.com\/hu\/shop\/dare2b-elite-dpl003-sztreccs-pulover-1-4-cipzarral\/\" \/>\n<meta property=\"og:site_name\" content=\"Fashion shop\" \/>\n<meta property=\"article:publisher\" content=\"https:\/\/www.facebook.com\/TabooSlovakia\" \/>\n<meta property=\"article:modified_time\" content=\"2023-07-18T16:29:21+00:00\" \/>\n<meta property=\"og:image\" content=\"https:\/\/taboofashion.com\/wp-content\/uploads\/2022\/08\/LS-35.L003-DARE2B-Elite-DPL003-4.jpg\" \/>\n\t<meta property=\"og:image:width\" content=\"1000\" \/>\n\t<meta property=\"og:image:height\" content=\"1000\" \/>\n\t<meta property=\"og:image:type\" content=\"image\/jpeg\" \/>\n<meta name=\"twitter:card\" content=\"summary_large_image\" \/>\n<script type=\"application\/ld+json\" class=\"yoast-schema-graph\">{\"@context\":\"https:\/\/schema.org\",\"@graph\":[{\"@type\":\"WebPage\",\"@id\":\"https:\/\/taboofashion.com\/hu\/shop\/dare2b-elite-dpl003-sztreccs-pulover-1-4-cipzarral\/\",\"url\":\"https:\/\/taboofashion.com\/hu\/shop\/dare2b-elite-dpl003-sztreccs-pulover-1-4-cipzarral\/\",\"name\":\"DPL003 F\u00e9rfi Stretch pul\u00f3ver 1\/4 cipz\u00e1rral &#8211; Fashion shop\",\"isPartOf\":{\"@id\":\"https:\/\/taboofashion.com\/hu\/#website\"},\"datePublished\":\"2022-08-30T00:48:44+00:00\",\"dateModified\":\"2023-07-18T16:29:21+00:00\",\"breadcrumb\":{\"@id\":\"https:\/\/taboofashion.com\/hu\/shop\/dare2b-elite-dpl003-sztreccs-pulover-1-4-cipzarral\/#breadcrumb\"},\"inLanguage\":\"hu\",\"potentialAction\":[{\"@type\":\"ReadAction\",\"target\":[\"https:\/\/taboofashion.com\/hu\/shop\/dare2b-elite-dpl003-sztreccs-pulover-1-4-cipzarral\/\"]}]},{\"@type\":\"BreadcrumbList\",\"@id\":\"https:\/\/taboofashion.com\/hu\/shop\/dare2b-elite-dpl003-sztreccs-pulover-1-4-cipzarral\/#breadcrumb\",\"itemListElement\":[{\"@type\":\"ListItem\",\"position\":1,\"name\":\"Home\",\"item\":\"https:\/\/taboofashion.com\/hu\/\"},{\"@type\":\"ListItem\",\"position\":2,\"name\":\"Bolt\",\"item\":\"https:\/\/taboofashion.com\/hu\/\"},{\"@type\":\"ListItem\",\"position\":3,\"name\":\"DPL003 F\u00e9rfi Stretch pul\u00f3ver 1\/4 cipz\u00e1rral\"}]},{\"@type\":\"WebSite\",\"@id\":\"https:\/\/taboofashion.com\/hu\/#website\",\"url\":\"https:\/\/taboofashion.com\/hu\/\",\"name\":\"Fashion shop\",\"description\":\"\",\"publisher\":{\"@id\":\"https:\/\/taboofashion.com\/hu\/#organization\"},\"potentialAction\":[{\"@type\":\"SearchAction\",\"target\":{\"@type\":\"EntryPoint\",\"urlTemplate\":\"https:\/\/taboofashion.com\/hu\/?s={search_term_string}\"},\"query-input\":\"required name=search_term_string\"}],\"inLanguage\":\"hu\"},{\"@type\":\"Organization\",\"@id\":\"https:\/\/taboofashion.com\/hu\/#organization\",\"name\":\"Taboo Slovakia s.r.o.\",\"url\":\"https:\/\/taboofashion.com\/hu\/\",\"logo\":{\"@type\":\"ImageObject\",\"inLanguage\":\"hu\",\"@id\":\"https:\/\/taboofashion.com\/hu\/#\/schema\/logo\/image\/\",\"url\":\"https:\/\/taboofashion.com\/wp-content\/uploads\/2022\/12\/taboologo2100-002.png\",\"contentUrl\":\"https:\/\/taboofashion.com\/wp-content\/uploads\/2022\/12\/taboologo2100-002.png\",\"width\":2100,\"height\":1050,\"caption\":\"Taboo Slovakia s.r.o.\"},\"image\":{\"@id\":\"https:\/\/taboofashion.com\/hu\/#\/schema\/logo\/image\/\"},\"sameAs\":[\"https:\/\/www.facebook.com\/TabooSlovakia\",\"https:\/\/www.linkedin.com\/company\/541747\/\",\"https:\/\/www.instagram.com\/taboofashion.com1\/\"]}]}<\/script>\n<meta property=\"product:brand\" content=\"DARE2B\" \/>\n<meta property=\"og:availability\" content=\"instock\" \/>\n<meta property=\"product:availability\" content=\"instock\" \/>\n<meta property=\"product:retailer_item_id\" content=\"35L00300200\" \/>\n<meta property=\"product:condition\" content=\"new\" \/>\n<!-- \/ Yoast SEO plugin. -->","yoast_head_json":{"title":"DPL003 F\u00e9rfi Stretch pul\u00f3ver 1\/4 cipz\u00e1rral &#8211; Fashion shop","robots":{"index":"index","follow":"follow","max-snippet":"max-snippet:-1","max-image-preview":"max-image-preview:large","max-video-preview":"max-video-preview:-1"},"canonical":"https:\/\/taboofashion.com\/hu\/shop\/dare2b-elite-dpl003-sztreccs-pulover-1-4-cipzarral\/","og_locale":"hu_HU","og_type":"article","og_title":"DPL003 F\u00e9rfi Stretch pul\u00f3ver 1\/4 cipz\u00e1rral &#8211; Fashion shop","og_description":"95% poli\u00e9szter, \u00fajrahasznos\u00edtott poli\u00e9sztert (rPet), 5% elaszt\u00e1nt tartalmaz","og_url":"https:\/\/taboofashion.com\/hu\/shop\/dare2b-elite-dpl003-sztreccs-pulover-1-4-cipzarral\/","og_site_name":"Fashion shop","article_publisher":"https:\/\/www.facebook.com\/TabooSlovakia","article_modified_time":"2023-07-18T16:29:21+00:00","og_image":[{"width":1000,"height":1000,"url":"https:\/\/taboofashion.com\/wp-content\/uploads\/2022\/08\/LS-35.L003-DARE2B-Elite-DPL003-4.jpg","type":"image\/jpeg"}],"twitter_card":"summary_large_image","schema":{"@context":"https:\/\/schema.org","@graph":[{"@type":"WebPage","@id":"https:\/\/taboofashion.com\/hu\/shop\/dare2b-elite-dpl003-sztreccs-pulover-1-4-cipzarral\/","url":"https:\/\/taboofashion.com\/hu\/shop\/dare2b-elite-dpl003-sztreccs-pulover-1-4-cipzarral\/","name":"DPL003 F\u00e9rfi Stretch pul\u00f3ver 1\/4 cipz\u00e1rral &#8211; Fashion shop","isPartOf":{"@id":"https:\/\/taboofashion.com\/hu\/#website"},"datePublished":"2022-08-30T00:48:44+00:00","dateModified":"2023-07-18T16:29:21+00:00","breadcrumb":{"@id":"https:\/\/taboofashion.com\/hu\/shop\/dare2b-elite-dpl003-sztreccs-pulover-1-4-cipzarral\/#breadcrumb"},"inLanguage":"hu","potentialAction":[{"@type":"ReadAction","target":["https:\/\/taboofashion.com\/hu\/shop\/dare2b-elite-dpl003-sztreccs-pulover-1-4-cipzarral\/"]}]},{"@type":"BreadcrumbList","@id":"https:\/\/taboofashion.com\/hu\/shop\/dare2b-elite-dpl003-sztreccs-pulover-1-4-cipzarral\/#breadcrumb","itemListElement":[{"@type":"ListItem","position":1,"name":"Home","item":"https:\/\/taboofashion.com\/hu\/"},{"@type":"ListItem","position":2,"name":"Bolt","item":"https:\/\/taboofashion.com\/hu\/"},{"@type":"ListItem","position":3,"name":"DPL003 F\u00e9rfi Stretch pul\u00f3ver 1\/4 cipz\u00e1rral"}]},{"@type":"WebSite","@id":"https:\/\/taboofashion.com\/hu\/#website","url":"https:\/\/taboofashion.com\/hu\/","name":"Fashion shop","description":"","publisher":{"@id":"https:\/\/taboofashion.com\/hu\/#organization"},"potentialAction":[{"@type":"SearchAction","target":{"@type":"EntryPoint","urlTemplate":"https:\/\/taboofashion.com\/hu\/?s={search_term_string}"},"query-input":"required name=search_term_string"}],"inLanguage":"hu"},{"@type":"Organization","@id":"https:\/\/taboofashion.com\/hu\/#organization","name":"Taboo Slovakia s.r.o.","url":"https:\/\/taboofashion.com\/hu\/","logo":{"@type":"ImageObject","inLanguage":"hu","@id":"https:\/\/taboofashion.com\/hu\/#\/schema\/logo\/image\/","url":"https:\/\/taboofashion.com\/wp-content\/uploads\/2022\/12\/taboologo2100-002.png","contentUrl":"https:\/\/taboofashion.com\/wp-content\/uploads\/2022\/12\/taboologo2100-002.png","width":2100,"height":1050,"caption":"Taboo Slovakia s.r.o."},"image":{"@id":"https:\/\/taboofashion.com\/hu\/#\/schema\/logo\/image\/"},"sameAs":["https:\/\/www.facebook.com\/TabooSlovakia","https:\/\/www.linkedin.com\/company\/541747\/","https:\/\/www.instagram.com\/taboofashion.com1\/"]}]},"product_brand":"DARE2B","og_availability":"instock","product_availability":"instock","product_retailer_item_id":"35L00300200","product_condition":"new"},"_links":{"self":[{"href":"https:\/\/taboofashion.com\/hu\/wp-json\/wp\/v2\/product\/644801","targetHints":{"allow":["GET"]}}],"collection":[{"href":"https:\/\/taboofashion.com\/hu\/wp-json\/wp\/v2\/product"}],"about":[{"href":"https:\/\/taboofashion.com\/hu\/wp-json\/wp\/v2\/types\/product"}],"wp:featuredmedia":[{"embeddable":true,"href":"https:\/\/taboofashion.com\/hu\/wp-json\/wp\/v2\/media\/608282"}],"wp:attachment":[{"href":"https:\/\/taboofashion.com\/hu\/wp-json\/wp\/v2\/media?parent=644801"}],"wp:term":[{"taxonomy":"product_cat","embeddable":true,"href":"https:\/\/taboofashion.com\/hu\/wp-json\/wp\/v2\/product_cat?post=644801"},{"taxonomy":"product_tag","embeddable":true,"href":"https:\/\/taboofashion.com\/hu\/wp-json\/wp\/v2\/product_tag?post=644801"}],"curies":[{"name":"wp","href":"https:\/\/api.w.org\/{rel}","templated":true}]}}