{"id":645026,"date":"2022-08-29T23:05:35","date_gmt":"2022-08-29T21:05:35","guid":{"rendered":"https:\/\/taboofashion.com\/shop\/result-work-guard-r460x-safety-boots-kane\/"},"modified":"2023-09-14T04:31:43","modified_gmt":"2023-09-14T02:31:43","slug":"result-work-guard-r460x-safety-boots-kane","status":"publish","type":"product","link":"https:\/\/taboofashion.com\/hu\/shop\/result-work-guard-r460x-safety-boots-kane\/","title":{"rendered":"R460X &#8222;Kane&#8221; F\u00e9rfi biztons\u00e1gi csizma"},"content":{"rendered":"<p>V\u00edzleperget\u0151, ac\u00e9l l\u00e1bujjv\u00e9d\u0151, energiaelnyel\u0151 sarok, SRC cs\u00fasz\u00e1sg\u00e1tl\u00f3, ac\u00e9l k\u00f6z\u00e9ptalp, sarokhurok, oldalfalak szell\u0151z\u00e9ssel, h\u00e1l\u00f3s b\u00e9l\u00e9s k\u00f6nny\u0171 r\u00e9szleges p\u00e1rn\u00e1z\u00e1ssal, antisztatikus, olaj\u00e1ll\u00f3, CE EN 20345: 2011 S3 SRC<\/p>\n","protected":false},"excerpt":{"rendered":"<p>Fel\u00fclet: b\u0151r elasztikus oldalpanellel, k\u00f6z\u00e9ptalp: ac\u00e9l, talp: PU dupla er\u0151s\u00edt\u00e9ssel \u00e9s l\u00e9gp\u00e1rn\u00e1z\u00e1ssal<\/p>\n","protected":false},"featured_media":608825,"template":"","meta":[],"product_cat":[3622,3625],"product_tag":[],"class_list":{"0":"post-645026","1":"product","2":"type-product","3":"status-publish","4":"has-post-thumbnail","6":"product_cat-cipok","7":"product_cat-munkaruha-vedoruhazat","8":"pa_brand-result-hu","9":"pa_colour-fekete","10":"pa_size-10_44-hu","11":"pa_size-11_45-hu","12":"pa_size-12_46-hu","13":"pa_size-4_37-hu","14":"pa_size-5_38-hu","15":"pa_size-6_39-hu","16":"pa_size-6-5_40-hu","17":"pa_size-7_41-hu","18":"pa_size-8_42-hu","19":"pa_size-9_43-hu","21":"first","22":"instock","23":"taxable","24":"shipping-taxable","25":"purchasable","26":"product-type-variable","27":"has-default-attributes"},"yoast_head":"<!-- This site is optimized with the Yoast SEO plugin v21.8 - https:\/\/yoast.com\/wordpress\/plugins\/seo\/ -->\n<title>R460X &quot;Kane&quot; F\u00e9rfi biztons\u00e1gi csizma &#8211; Fashion shop<\/title>\n<meta name=\"robots\" content=\"index, follow, max-snippet:-1, max-image-preview:large, max-video-preview:-1\" \/>\n<link rel=\"canonical\" href=\"https:\/\/taboofashion.com\/hu\/shop\/result-work-guard-r460x-safety-boots-kane\/\" \/>\n<meta property=\"og:locale\" content=\"hu_HU\" \/>\n<meta property=\"og:type\" content=\"article\" \/>\n<meta property=\"og:title\" content=\"R460X &quot;Kane&quot; F\u00e9rfi biztons\u00e1gi csizma &#8211; Fashion shop\" \/>\n<meta property=\"og:description\" content=\"Fel\u00fclet: b\u0151r elasztikus oldalpanellel, k\u00f6z\u00e9ptalp: ac\u00e9l, talp: PU dupla er\u0151s\u00edt\u00e9ssel \u00e9s l\u00e9gp\u00e1rn\u00e1z\u00e1ssal\" \/>\n<meta property=\"og:url\" content=\"https:\/\/taboofashion.com\/hu\/shop\/result-work-guard-r460x-safety-boots-kane\/\" \/>\n<meta property=\"og:site_name\" content=\"Fashion shop\" \/>\n<meta property=\"article:publisher\" content=\"https:\/\/www.facebook.com\/TabooSlovakia\" \/>\n<meta property=\"article:modified_time\" content=\"2023-09-14T02:31:43+00:00\" \/>\n<meta property=\"og:image\" content=\"https:\/\/taboofashion.com\/wp-content\/uploads\/2022\/08\/PS-30.460X-Result-Work-Guard-R460X-black-1.jpg\" \/>\n\t<meta property=\"og:image:width\" content=\"1000\" \/>\n\t<meta property=\"og:image:height\" content=\"1000\" \/>\n\t<meta property=\"og:image:type\" content=\"image\/jpeg\" \/>\n<meta name=\"twitter:card\" content=\"summary_large_image\" \/>\n<script type=\"application\/ld+json\" class=\"yoast-schema-graph\">{\"@context\":\"https:\/\/schema.org\",\"@graph\":[{\"@type\":\"WebPage\",\"@id\":\"https:\/\/taboofashion.com\/hu\/shop\/result-work-guard-r460x-safety-boots-kane\/\",\"url\":\"https:\/\/taboofashion.com\/hu\/shop\/result-work-guard-r460x-safety-boots-kane\/\",\"name\":\"R460X \\\"Kane\\\" F\u00e9rfi biztons\u00e1gi csizma &#8211; Fashion shop\",\"isPartOf\":{\"@id\":\"https:\/\/taboofashion.com\/hu\/#website\"},\"datePublished\":\"2022-08-29T21:05:35+00:00\",\"dateModified\":\"2023-09-14T02:31:43+00:00\",\"breadcrumb\":{\"@id\":\"https:\/\/taboofashion.com\/hu\/shop\/result-work-guard-r460x-safety-boots-kane\/#breadcrumb\"},\"inLanguage\":\"hu\",\"potentialAction\":[{\"@type\":\"ReadAction\",\"target\":[\"https:\/\/taboofashion.com\/hu\/shop\/result-work-guard-r460x-safety-boots-kane\/\"]}]},{\"@type\":\"BreadcrumbList\",\"@id\":\"https:\/\/taboofashion.com\/hu\/shop\/result-work-guard-r460x-safety-boots-kane\/#breadcrumb\",\"itemListElement\":[{\"@type\":\"ListItem\",\"position\":1,\"name\":\"Home\",\"item\":\"https:\/\/taboofashion.com\/hu\/\"},{\"@type\":\"ListItem\",\"position\":2,\"name\":\"Bolt\",\"item\":\"https:\/\/taboofashion.com\/hu\/\"},{\"@type\":\"ListItem\",\"position\":3,\"name\":\"R460X &#8220;Kane&#8221; F\u00e9rfi biztons\u00e1gi csizma\"}]},{\"@type\":\"WebSite\",\"@id\":\"https:\/\/taboofashion.com\/hu\/#website\",\"url\":\"https:\/\/taboofashion.com\/hu\/\",\"name\":\"Fashion shop\",\"description\":\"\",\"publisher\":{\"@id\":\"https:\/\/taboofashion.com\/hu\/#organization\"},\"potentialAction\":[{\"@type\":\"SearchAction\",\"target\":{\"@type\":\"EntryPoint\",\"urlTemplate\":\"https:\/\/taboofashion.com\/hu\/?s={search_term_string}\"},\"query-input\":\"required name=search_term_string\"}],\"inLanguage\":\"hu\"},{\"@type\":\"Organization\",\"@id\":\"https:\/\/taboofashion.com\/hu\/#organization\",\"name\":\"Taboo Slovakia s.r.o.\",\"url\":\"https:\/\/taboofashion.com\/hu\/\",\"logo\":{\"@type\":\"ImageObject\",\"inLanguage\":\"hu\",\"@id\":\"https:\/\/taboofashion.com\/hu\/#\/schema\/logo\/image\/\",\"url\":\"https:\/\/taboofashion.com\/wp-content\/uploads\/2022\/12\/taboologo2100-002.png\",\"contentUrl\":\"https:\/\/taboofashion.com\/wp-content\/uploads\/2022\/12\/taboologo2100-002.png\",\"width\":2100,\"height\":1050,\"caption\":\"Taboo Slovakia s.r.o.\"},\"image\":{\"@id\":\"https:\/\/taboofashion.com\/hu\/#\/schema\/logo\/image\/\"},\"sameAs\":[\"https:\/\/www.facebook.com\/TabooSlovakia\",\"https:\/\/www.linkedin.com\/company\/541747\/\",\"https:\/\/www.instagram.com\/taboofashion.com1\/\"]}]}<\/script>\n<meta property=\"product:brand\" content=\"Result\" \/>\n<meta property=\"og:availability\" content=\"instock\" \/>\n<meta property=\"product:availability\" content=\"instock\" \/>\n<meta property=\"product:retailer_item_id\" content=\"30460X002f4\" \/>\n<meta property=\"product:condition\" content=\"new\" \/>\n<!-- \/ Yoast SEO plugin. -->","yoast_head_json":{"title":"R460X \"Kane\" F\u00e9rfi biztons\u00e1gi csizma &#8211; Fashion shop","robots":{"index":"index","follow":"follow","max-snippet":"max-snippet:-1","max-image-preview":"max-image-preview:large","max-video-preview":"max-video-preview:-1"},"canonical":"https:\/\/taboofashion.com\/hu\/shop\/result-work-guard-r460x-safety-boots-kane\/","og_locale":"hu_HU","og_type":"article","og_title":"R460X \"Kane\" F\u00e9rfi biztons\u00e1gi csizma &#8211; Fashion shop","og_description":"Fel\u00fclet: b\u0151r elasztikus oldalpanellel, k\u00f6z\u00e9ptalp: ac\u00e9l, talp: PU dupla er\u0151s\u00edt\u00e9ssel \u00e9s l\u00e9gp\u00e1rn\u00e1z\u00e1ssal","og_url":"https:\/\/taboofashion.com\/hu\/shop\/result-work-guard-r460x-safety-boots-kane\/","og_site_name":"Fashion shop","article_publisher":"https:\/\/www.facebook.com\/TabooSlovakia","article_modified_time":"2023-09-14T02:31:43+00:00","og_image":[{"width":1000,"height":1000,"url":"https:\/\/taboofashion.com\/wp-content\/uploads\/2022\/08\/PS-30.460X-Result-Work-Guard-R460X-black-1.jpg","type":"image\/jpeg"}],"twitter_card":"summary_large_image","schema":{"@context":"https:\/\/schema.org","@graph":[{"@type":"WebPage","@id":"https:\/\/taboofashion.com\/hu\/shop\/result-work-guard-r460x-safety-boots-kane\/","url":"https:\/\/taboofashion.com\/hu\/shop\/result-work-guard-r460x-safety-boots-kane\/","name":"R460X \"Kane\" F\u00e9rfi biztons\u00e1gi csizma &#8211; Fashion shop","isPartOf":{"@id":"https:\/\/taboofashion.com\/hu\/#website"},"datePublished":"2022-08-29T21:05:35+00:00","dateModified":"2023-09-14T02:31:43+00:00","breadcrumb":{"@id":"https:\/\/taboofashion.com\/hu\/shop\/result-work-guard-r460x-safety-boots-kane\/#breadcrumb"},"inLanguage":"hu","potentialAction":[{"@type":"ReadAction","target":["https:\/\/taboofashion.com\/hu\/shop\/result-work-guard-r460x-safety-boots-kane\/"]}]},{"@type":"BreadcrumbList","@id":"https:\/\/taboofashion.com\/hu\/shop\/result-work-guard-r460x-safety-boots-kane\/#breadcrumb","itemListElement":[{"@type":"ListItem","position":1,"name":"Home","item":"https:\/\/taboofashion.com\/hu\/"},{"@type":"ListItem","position":2,"name":"Bolt","item":"https:\/\/taboofashion.com\/hu\/"},{"@type":"ListItem","position":3,"name":"R460X &#8220;Kane&#8221; F\u00e9rfi biztons\u00e1gi csizma"}]},{"@type":"WebSite","@id":"https:\/\/taboofashion.com\/hu\/#website","url":"https:\/\/taboofashion.com\/hu\/","name":"Fashion shop","description":"","publisher":{"@id":"https:\/\/taboofashion.com\/hu\/#organization"},"potentialAction":[{"@type":"SearchAction","target":{"@type":"EntryPoint","urlTemplate":"https:\/\/taboofashion.com\/hu\/?s={search_term_string}"},"query-input":"required name=search_term_string"}],"inLanguage":"hu"},{"@type":"Organization","@id":"https:\/\/taboofashion.com\/hu\/#organization","name":"Taboo Slovakia s.r.o.","url":"https:\/\/taboofashion.com\/hu\/","logo":{"@type":"ImageObject","inLanguage":"hu","@id":"https:\/\/taboofashion.com\/hu\/#\/schema\/logo\/image\/","url":"https:\/\/taboofashion.com\/wp-content\/uploads\/2022\/12\/taboologo2100-002.png","contentUrl":"https:\/\/taboofashion.com\/wp-content\/uploads\/2022\/12\/taboologo2100-002.png","width":2100,"height":1050,"caption":"Taboo Slovakia s.r.o."},"image":{"@id":"https:\/\/taboofashion.com\/hu\/#\/schema\/logo\/image\/"},"sameAs":["https:\/\/www.facebook.com\/TabooSlovakia","https:\/\/www.linkedin.com\/company\/541747\/","https:\/\/www.instagram.com\/taboofashion.com1\/"]}]},"product_brand":"Result","og_availability":"instock","product_availability":"instock","product_retailer_item_id":"30460X002f4","product_condition":"new"},"_links":{"self":[{"href":"https:\/\/taboofashion.com\/hu\/wp-json\/wp\/v2\/product\/645026","targetHints":{"allow":["GET"]}}],"collection":[{"href":"https:\/\/taboofashion.com\/hu\/wp-json\/wp\/v2\/product"}],"about":[{"href":"https:\/\/taboofashion.com\/hu\/wp-json\/wp\/v2\/types\/product"}],"wp:featuredmedia":[{"embeddable":true,"href":"https:\/\/taboofashion.com\/hu\/wp-json\/wp\/v2\/media\/608825"}],"wp:attachment":[{"href":"https:\/\/taboofashion.com\/hu\/wp-json\/wp\/v2\/media?parent=645026"}],"wp:term":[{"taxonomy":"product_cat","embeddable":true,"href":"https:\/\/taboofashion.com\/hu\/wp-json\/wp\/v2\/product_cat?post=645026"},{"taxonomy":"product_tag","embeddable":true,"href":"https:\/\/taboofashion.com\/hu\/wp-json\/wp\/v2\/product_tag?post=645026"}],"curies":[{"name":"wp","href":"https:\/\/api.w.org\/{rel}","templated":true}]}}