{"id":645081,"date":"2022-08-29T22:59:18","date_gmt":"2022-08-29T20:59:18","guid":{"rendered":"https:\/\/taboofashion.com\/shop\/result-r452x-safety-parka\/"},"modified":"2023-08-08T11:40:21","modified_gmt":"2023-08-08T09:40:21","slug":"result-r452x-safety-parka","status":"publish","type":"product","link":"https:\/\/taboofashion.com\/hu\/shop\/result-r452x-safety-parka\/","title":{"rendered":"R452X Biztons\u00e1gi F\u00e9rfi kab\u00e1t"},"content":{"rendered":"<p>\u00c1ll\u00f3gall\u00e9r, feltekerhet\u0151 kapucni \u00e1ll\u00edthat\u00f3 h\u00faz\u00f3zsin\u00f3rral, s\u00f6t\u00e9t szennyez\u0151d\u00e9s\u00e1ll\u00f3 bet\u00e9tekkel a szeg\u00e9lyen \u00e9s a mandzsett\u00e1n, teljes hossz\u00fas\u00e1g\u00fa, 2 ir\u00e1ny\u00fa cipz\u00e1rral, vihar csappanty\u00fakkal, nagy oldalzsebek fed\u00e9llel, bels\u0151 zseb, z\u00e1rt varr\u00e1sok, dekor\u00e1ci\u00f3 hozz\u00e1f\u00e9r\u00e9s a szeg\u00e9lyn\u00e9l, EN ISO 20471:2013+A1-2016 oszt\u00e1ly 3, narancss\u00e1rga is RIS-3279-TOM-class 3, 50 mm sz\u00e9les varrott biztons\u00e1gi szalagok a v\u00e1llakon, a testen \u00e9s az ujjakon, semleges m\u00e9ret\u0171 c\u00edmke<\/p>\n","protected":false},"excerpt":{"rendered":"<p>160g\/m\u00b2, k\u00edv\u00fcl: 300D Oxford poli\u00e9szter PU bevonattal, bel\u00fcl: 100% 190T poli\u00e9szter gy\u00e9m\u00e1nt foltvarr\u00e1ssal<\/p>\n","protected":false},"featured_media":609285,"template":"","meta":[],"product_cat":[3614,3625],"product_tag":[],"class_list":{"0":"post-645081","1":"product","2":"type-product","3":"status-publish","4":"has-post-thumbnail","6":"product_cat-dzsekik","7":"product_cat-munkaruha-vedoruhazat","8":"pa_brand-result-hu","9":"pa_colour-fluoreszkalo-narancs-fekete-hu","10":"pa_colour-fluoreszkalo-sarga-fekete-hu","11":"pa_size-s-hu","12":"pa_size-m-hu","13":"pa_size-l-hu","14":"pa_size-xl-hu","15":"pa_size-xxl-hu","16":"pa_size-3xl-hu","18":"first","19":"instock","20":"taxable","21":"shipping-taxable","22":"purchasable","23":"product-type-variable","24":"has-default-attributes"},"yoast_head":"<!-- This site is optimized with the Yoast SEO plugin v21.8 - https:\/\/yoast.com\/wordpress\/plugins\/seo\/ -->\n<title>R452X Biztons\u00e1gi F\u00e9rfi kab\u00e1t &#8211; Fashion shop<\/title>\n<meta name=\"robots\" content=\"index, follow, max-snippet:-1, max-image-preview:large, max-video-preview:-1\" \/>\n<link rel=\"canonical\" href=\"https:\/\/taboofashion.com\/hu\/shop\/result-r452x-safety-parka\/\" \/>\n<meta property=\"og:locale\" content=\"hu_HU\" \/>\n<meta property=\"og:type\" content=\"article\" \/>\n<meta property=\"og:title\" content=\"R452X Biztons\u00e1gi F\u00e9rfi kab\u00e1t &#8211; Fashion shop\" \/>\n<meta property=\"og:description\" content=\"160g\/m\u00b2, k\u00edv\u00fcl: 300D Oxford poli\u00e9szter PU bevonattal, bel\u00fcl: 100% 190T poli\u00e9szter gy\u00e9m\u00e1nt foltvarr\u00e1ssal\" \/>\n<meta property=\"og:url\" content=\"https:\/\/taboofashion.com\/hu\/shop\/result-r452x-safety-parka\/\" \/>\n<meta property=\"og:site_name\" content=\"Fashion shop\" \/>\n<meta property=\"article:publisher\" content=\"https:\/\/www.facebook.com\/TabooSlovakia\" \/>\n<meta property=\"article:modified_time\" content=\"2023-08-08T09:40:21+00:00\" \/>\n<meta property=\"og:image\" content=\"https:\/\/taboofashion.com\/wp-content\/uploads\/2022\/08\/LS-30.452X-Result-R452X-1.jpg\" \/>\n\t<meta property=\"og:image:width\" content=\"1000\" \/>\n\t<meta property=\"og:image:height\" content=\"1000\" \/>\n\t<meta property=\"og:image:type\" content=\"image\/jpeg\" \/>\n<meta name=\"twitter:card\" content=\"summary_large_image\" \/>\n<script type=\"application\/ld+json\" class=\"yoast-schema-graph\">{\"@context\":\"https:\/\/schema.org\",\"@graph\":[{\"@type\":\"WebPage\",\"@id\":\"https:\/\/taboofashion.com\/hu\/shop\/result-r452x-safety-parka\/\",\"url\":\"https:\/\/taboofashion.com\/hu\/shop\/result-r452x-safety-parka\/\",\"name\":\"R452X Biztons\u00e1gi F\u00e9rfi kab\u00e1t &#8211; Fashion shop\",\"isPartOf\":{\"@id\":\"https:\/\/taboofashion.com\/hu\/#website\"},\"datePublished\":\"2022-08-29T20:59:18+00:00\",\"dateModified\":\"2023-08-08T09:40:21+00:00\",\"breadcrumb\":{\"@id\":\"https:\/\/taboofashion.com\/hu\/shop\/result-r452x-safety-parka\/#breadcrumb\"},\"inLanguage\":\"hu\",\"potentialAction\":[{\"@type\":\"ReadAction\",\"target\":[\"https:\/\/taboofashion.com\/hu\/shop\/result-r452x-safety-parka\/\"]}]},{\"@type\":\"BreadcrumbList\",\"@id\":\"https:\/\/taboofashion.com\/hu\/shop\/result-r452x-safety-parka\/#breadcrumb\",\"itemListElement\":[{\"@type\":\"ListItem\",\"position\":1,\"name\":\"Home\",\"item\":\"https:\/\/taboofashion.com\/hu\/\"},{\"@type\":\"ListItem\",\"position\":2,\"name\":\"Bolt\",\"item\":\"https:\/\/taboofashion.com\/hu\/\"},{\"@type\":\"ListItem\",\"position\":3,\"name\":\"R452X Biztons\u00e1gi F\u00e9rfi kab\u00e1t\"}]},{\"@type\":\"WebSite\",\"@id\":\"https:\/\/taboofashion.com\/hu\/#website\",\"url\":\"https:\/\/taboofashion.com\/hu\/\",\"name\":\"Fashion shop\",\"description\":\"\",\"publisher\":{\"@id\":\"https:\/\/taboofashion.com\/hu\/#organization\"},\"potentialAction\":[{\"@type\":\"SearchAction\",\"target\":{\"@type\":\"EntryPoint\",\"urlTemplate\":\"https:\/\/taboofashion.com\/hu\/?s={search_term_string}\"},\"query-input\":\"required name=search_term_string\"}],\"inLanguage\":\"hu\"},{\"@type\":\"Organization\",\"@id\":\"https:\/\/taboofashion.com\/hu\/#organization\",\"name\":\"Taboo Slovakia s.r.o.\",\"url\":\"https:\/\/taboofashion.com\/hu\/\",\"logo\":{\"@type\":\"ImageObject\",\"inLanguage\":\"hu\",\"@id\":\"https:\/\/taboofashion.com\/hu\/#\/schema\/logo\/image\/\",\"url\":\"https:\/\/taboofashion.com\/wp-content\/uploads\/2022\/12\/taboologo2100-002.png\",\"contentUrl\":\"https:\/\/taboofashion.com\/wp-content\/uploads\/2022\/12\/taboologo2100-002.png\",\"width\":2100,\"height\":1050,\"caption\":\"Taboo Slovakia s.r.o.\"},\"image\":{\"@id\":\"https:\/\/taboofashion.com\/hu\/#\/schema\/logo\/image\/\"},\"sameAs\":[\"https:\/\/www.facebook.com\/TabooSlovakia\",\"https:\/\/www.linkedin.com\/company\/541747\/\",\"https:\/\/www.instagram.com\/taboofashion.com1\/\"]}]}<\/script>\n<meta property=\"product:brand\" content=\"Result\" \/>\n<meta property=\"og:availability\" content=\"instock\" \/>\n<meta property=\"product:availability\" content=\"instock\" \/>\n<meta property=\"product:retailer_item_id\" content=\"30452Xf7201\" \/>\n<meta property=\"product:condition\" content=\"new\" \/>\n<!-- \/ Yoast SEO plugin. -->","yoast_head_json":{"title":"R452X Biztons\u00e1gi F\u00e9rfi kab\u00e1t &#8211; Fashion shop","robots":{"index":"index","follow":"follow","max-snippet":"max-snippet:-1","max-image-preview":"max-image-preview:large","max-video-preview":"max-video-preview:-1"},"canonical":"https:\/\/taboofashion.com\/hu\/shop\/result-r452x-safety-parka\/","og_locale":"hu_HU","og_type":"article","og_title":"R452X Biztons\u00e1gi F\u00e9rfi kab\u00e1t &#8211; Fashion shop","og_description":"160g\/m\u00b2, k\u00edv\u00fcl: 300D Oxford poli\u00e9szter PU bevonattal, bel\u00fcl: 100% 190T poli\u00e9szter gy\u00e9m\u00e1nt foltvarr\u00e1ssal","og_url":"https:\/\/taboofashion.com\/hu\/shop\/result-r452x-safety-parka\/","og_site_name":"Fashion shop","article_publisher":"https:\/\/www.facebook.com\/TabooSlovakia","article_modified_time":"2023-08-08T09:40:21+00:00","og_image":[{"width":1000,"height":1000,"url":"https:\/\/taboofashion.com\/wp-content\/uploads\/2022\/08\/LS-30.452X-Result-R452X-1.jpg","type":"image\/jpeg"}],"twitter_card":"summary_large_image","schema":{"@context":"https:\/\/schema.org","@graph":[{"@type":"WebPage","@id":"https:\/\/taboofashion.com\/hu\/shop\/result-r452x-safety-parka\/","url":"https:\/\/taboofashion.com\/hu\/shop\/result-r452x-safety-parka\/","name":"R452X Biztons\u00e1gi F\u00e9rfi kab\u00e1t &#8211; Fashion shop","isPartOf":{"@id":"https:\/\/taboofashion.com\/hu\/#website"},"datePublished":"2022-08-29T20:59:18+00:00","dateModified":"2023-08-08T09:40:21+00:00","breadcrumb":{"@id":"https:\/\/taboofashion.com\/hu\/shop\/result-r452x-safety-parka\/#breadcrumb"},"inLanguage":"hu","potentialAction":[{"@type":"ReadAction","target":["https:\/\/taboofashion.com\/hu\/shop\/result-r452x-safety-parka\/"]}]},{"@type":"BreadcrumbList","@id":"https:\/\/taboofashion.com\/hu\/shop\/result-r452x-safety-parka\/#breadcrumb","itemListElement":[{"@type":"ListItem","position":1,"name":"Home","item":"https:\/\/taboofashion.com\/hu\/"},{"@type":"ListItem","position":2,"name":"Bolt","item":"https:\/\/taboofashion.com\/hu\/"},{"@type":"ListItem","position":3,"name":"R452X Biztons\u00e1gi F\u00e9rfi kab\u00e1t"}]},{"@type":"WebSite","@id":"https:\/\/taboofashion.com\/hu\/#website","url":"https:\/\/taboofashion.com\/hu\/","name":"Fashion shop","description":"","publisher":{"@id":"https:\/\/taboofashion.com\/hu\/#organization"},"potentialAction":[{"@type":"SearchAction","target":{"@type":"EntryPoint","urlTemplate":"https:\/\/taboofashion.com\/hu\/?s={search_term_string}"},"query-input":"required name=search_term_string"}],"inLanguage":"hu"},{"@type":"Organization","@id":"https:\/\/taboofashion.com\/hu\/#organization","name":"Taboo Slovakia s.r.o.","url":"https:\/\/taboofashion.com\/hu\/","logo":{"@type":"ImageObject","inLanguage":"hu","@id":"https:\/\/taboofashion.com\/hu\/#\/schema\/logo\/image\/","url":"https:\/\/taboofashion.com\/wp-content\/uploads\/2022\/12\/taboologo2100-002.png","contentUrl":"https:\/\/taboofashion.com\/wp-content\/uploads\/2022\/12\/taboologo2100-002.png","width":2100,"height":1050,"caption":"Taboo Slovakia s.r.o."},"image":{"@id":"https:\/\/taboofashion.com\/hu\/#\/schema\/logo\/image\/"},"sameAs":["https:\/\/www.facebook.com\/TabooSlovakia","https:\/\/www.linkedin.com\/company\/541747\/","https:\/\/www.instagram.com\/taboofashion.com1\/"]}]},"product_brand":"Result","og_availability":"instock","product_availability":"instock","product_retailer_item_id":"30452Xf7201","product_condition":"new"},"_links":{"self":[{"href":"https:\/\/taboofashion.com\/hu\/wp-json\/wp\/v2\/product\/645081","targetHints":{"allow":["GET"]}}],"collection":[{"href":"https:\/\/taboofashion.com\/hu\/wp-json\/wp\/v2\/product"}],"about":[{"href":"https:\/\/taboofashion.com\/hu\/wp-json\/wp\/v2\/types\/product"}],"wp:featuredmedia":[{"embeddable":true,"href":"https:\/\/taboofashion.com\/hu\/wp-json\/wp\/v2\/media\/609285"}],"wp:attachment":[{"href":"https:\/\/taboofashion.com\/hu\/wp-json\/wp\/v2\/media?parent=645081"}],"wp:term":[{"taxonomy":"product_cat","embeddable":true,"href":"https:\/\/taboofashion.com\/hu\/wp-json\/wp\/v2\/product_cat?post=645081"},{"taxonomy":"product_tag","embeddable":true,"href":"https:\/\/taboofashion.com\/hu\/wp-json\/wp\/v2\/product_tag?post=645081"}],"curies":[{"name":"wp","href":"https:\/\/api.w.org\/{rel}","templated":true}]}}