{"id":645160,"date":"2022-08-29T22:47:34","date_gmt":"2022-08-29T20:47:34","guid":{"rendered":"https:\/\/taboofashion.com\/shop\/eredmeny-munka-or-r348x-biztonsagi-cipo\/"},"modified":"2023-09-14T04:40:17","modified_gmt":"2023-09-14T02:40:17","slug":"eredmeny-munka-or-r348x-biztonsagi-cipo","status":"publish","type":"product","link":"https:\/\/taboofashion.com\/hu\/shop\/eredmeny-munka-or-r348x-biztonsagi-cipo\/","title":{"rendered":"R348X F\u00e9rfi biztons\u00e1gi cip\u0151"},"content":{"rendered":"<p>L\u00e9g\u00e1tereszt\u0151, p\u00e1rn\u00e1zott nyelv, gumi l\u00e1bujjv\u00e9d\u0151, f\u0171z\u0151k: teljesen s\u00e1rga, s\u00e1rga\/fekete, teljesen fekete, gumi talp, cs\u00fasz\u00e1sg\u00e1tl\u00f3, antisztatikus, EN 20345:2011 S1P SRC, f\u00e9nyvisszaver\u0151 r\u00e9szlet, p\u00e1ronk\u00e9nti \u00e1tlags\u00faly: 1 kg<\/p>\n","protected":false},"excerpt":{"rendered":"<p>Fel\u00fclet: poliuret\u00e1n &amp; h\u00e1l\u00f3, talp: EVA (etil\u00e9n-vinil-acet\u00e1t)\/gumi, v\u00e9d\u0151kupak: m\u0171anyag<\/p>\n","protected":false},"featured_media":608830,"template":"","meta":[],"product_cat":[3625,3622],"product_tag":[],"class_list":{"0":"post-645160","1":"product","2":"type-product","3":"status-publish","4":"has-post-thumbnail","6":"product_cat-munkaruha-vedoruhazat","7":"product_cat-cipok","8":"pa_brand-result-hu","9":"pa_colour-fekete-szurke","10":"pa_size-10_44-5-hu","11":"pa_size-11_46-hu","12":"pa_size-12_47-hu","13":"pa_size-7_41-hu","14":"pa_size-8_42-hu","15":"pa_size-9_43-hu","17":"first","18":"instock","19":"taxable","20":"shipping-taxable","21":"purchasable","22":"product-type-variable","23":"has-default-attributes"},"yoast_head":"<!-- This site is optimized with the Yoast SEO plugin v21.8 - https:\/\/yoast.com\/wordpress\/plugins\/seo\/ -->\n<title>R348X F\u00e9rfi biztons\u00e1gi cip\u0151 &#8211; Fashion shop<\/title>\n<meta name=\"robots\" content=\"index, follow, max-snippet:-1, max-image-preview:large, max-video-preview:-1\" \/>\n<link rel=\"canonical\" href=\"https:\/\/taboofashion.com\/hu\/shop\/eredmeny-munka-or-r348x-biztonsagi-cipo\/\" \/>\n<meta property=\"og:locale\" content=\"hu_HU\" \/>\n<meta property=\"og:type\" content=\"article\" \/>\n<meta property=\"og:title\" content=\"R348X F\u00e9rfi biztons\u00e1gi cip\u0151 &#8211; Fashion shop\" \/>\n<meta property=\"og:description\" content=\"Fel\u00fclet: poliuret\u00e1n &amp; h\u00e1l\u00f3, talp: EVA (etil\u00e9n-vinil-acet\u00e1t)\/gumi, v\u00e9d\u0151kupak: m\u0171anyag\" \/>\n<meta property=\"og:url\" content=\"https:\/\/taboofashion.com\/hu\/shop\/eredmeny-munka-or-r348x-biztonsagi-cipo\/\" \/>\n<meta property=\"og:site_name\" content=\"Fashion shop\" \/>\n<meta property=\"article:publisher\" content=\"https:\/\/www.facebook.com\/TabooSlovakia\" \/>\n<meta property=\"article:modified_time\" content=\"2023-09-14T02:40:17+00:00\" \/>\n<meta property=\"og:image\" content=\"https:\/\/taboofashion.com\/wp-content\/uploads\/2022\/08\/PS-30.348X-Result-Work-Guard-R348X-black-grey-2.jpg\" \/>\n\t<meta property=\"og:image:width\" content=\"1000\" \/>\n\t<meta property=\"og:image:height\" content=\"1000\" \/>\n\t<meta property=\"og:image:type\" content=\"image\/jpeg\" \/>\n<meta name=\"twitter:card\" content=\"summary_large_image\" \/>\n<script type=\"application\/ld+json\" class=\"yoast-schema-graph\">{\"@context\":\"https:\/\/schema.org\",\"@graph\":[{\"@type\":\"WebPage\",\"@id\":\"https:\/\/taboofashion.com\/hu\/shop\/eredmeny-munka-or-r348x-biztonsagi-cipo\/\",\"url\":\"https:\/\/taboofashion.com\/hu\/shop\/eredmeny-munka-or-r348x-biztonsagi-cipo\/\",\"name\":\"R348X F\u00e9rfi biztons\u00e1gi cip\u0151 &#8211; Fashion shop\",\"isPartOf\":{\"@id\":\"https:\/\/taboofashion.com\/hu\/#website\"},\"datePublished\":\"2022-08-29T20:47:34+00:00\",\"dateModified\":\"2023-09-14T02:40:17+00:00\",\"breadcrumb\":{\"@id\":\"https:\/\/taboofashion.com\/hu\/shop\/eredmeny-munka-or-r348x-biztonsagi-cipo\/#breadcrumb\"},\"inLanguage\":\"hu\",\"potentialAction\":[{\"@type\":\"ReadAction\",\"target\":[\"https:\/\/taboofashion.com\/hu\/shop\/eredmeny-munka-or-r348x-biztonsagi-cipo\/\"]}]},{\"@type\":\"BreadcrumbList\",\"@id\":\"https:\/\/taboofashion.com\/hu\/shop\/eredmeny-munka-or-r348x-biztonsagi-cipo\/#breadcrumb\",\"itemListElement\":[{\"@type\":\"ListItem\",\"position\":1,\"name\":\"Home\",\"item\":\"https:\/\/taboofashion.com\/hu\/\"},{\"@type\":\"ListItem\",\"position\":2,\"name\":\"Bolt\",\"item\":\"https:\/\/taboofashion.com\/hu\/\"},{\"@type\":\"ListItem\",\"position\":3,\"name\":\"R348X F\u00e9rfi biztons\u00e1gi cip\u0151\"}]},{\"@type\":\"WebSite\",\"@id\":\"https:\/\/taboofashion.com\/hu\/#website\",\"url\":\"https:\/\/taboofashion.com\/hu\/\",\"name\":\"Fashion shop\",\"description\":\"\",\"publisher\":{\"@id\":\"https:\/\/taboofashion.com\/hu\/#organization\"},\"potentialAction\":[{\"@type\":\"SearchAction\",\"target\":{\"@type\":\"EntryPoint\",\"urlTemplate\":\"https:\/\/taboofashion.com\/hu\/?s={search_term_string}\"},\"query-input\":\"required name=search_term_string\"}],\"inLanguage\":\"hu\"},{\"@type\":\"Organization\",\"@id\":\"https:\/\/taboofashion.com\/hu\/#organization\",\"name\":\"Taboo Slovakia s.r.o.\",\"url\":\"https:\/\/taboofashion.com\/hu\/\",\"logo\":{\"@type\":\"ImageObject\",\"inLanguage\":\"hu\",\"@id\":\"https:\/\/taboofashion.com\/hu\/#\/schema\/logo\/image\/\",\"url\":\"https:\/\/taboofashion.com\/wp-content\/uploads\/2022\/12\/taboologo2100-002.png\",\"contentUrl\":\"https:\/\/taboofashion.com\/wp-content\/uploads\/2022\/12\/taboologo2100-002.png\",\"width\":2100,\"height\":1050,\"caption\":\"Taboo Slovakia s.r.o.\"},\"image\":{\"@id\":\"https:\/\/taboofashion.com\/hu\/#\/schema\/logo\/image\/\"},\"sameAs\":[\"https:\/\/www.facebook.com\/TabooSlovakia\",\"https:\/\/www.linkedin.com\/company\/541747\/\",\"https:\/\/www.instagram.com\/taboofashion.com1\/\"]}]}<\/script>\n<meta property=\"product:brand\" content=\"Result\" \/>\n<meta property=\"og:availability\" content=\"instock\" \/>\n<meta property=\"product:availability\" content=\"instock\" \/>\n<meta property=\"product:retailer_item_id\" content=\"30348X981g4\" \/>\n<meta property=\"product:condition\" content=\"new\" \/>\n<!-- \/ Yoast SEO plugin. -->","yoast_head_json":{"title":"R348X F\u00e9rfi biztons\u00e1gi cip\u0151 &#8211; Fashion shop","robots":{"index":"index","follow":"follow","max-snippet":"max-snippet:-1","max-image-preview":"max-image-preview:large","max-video-preview":"max-video-preview:-1"},"canonical":"https:\/\/taboofashion.com\/hu\/shop\/eredmeny-munka-or-r348x-biztonsagi-cipo\/","og_locale":"hu_HU","og_type":"article","og_title":"R348X F\u00e9rfi biztons\u00e1gi cip\u0151 &#8211; Fashion shop","og_description":"Fel\u00fclet: poliuret\u00e1n &amp; h\u00e1l\u00f3, talp: EVA (etil\u00e9n-vinil-acet\u00e1t)\/gumi, v\u00e9d\u0151kupak: m\u0171anyag","og_url":"https:\/\/taboofashion.com\/hu\/shop\/eredmeny-munka-or-r348x-biztonsagi-cipo\/","og_site_name":"Fashion shop","article_publisher":"https:\/\/www.facebook.com\/TabooSlovakia","article_modified_time":"2023-09-14T02:40:17+00:00","og_image":[{"width":1000,"height":1000,"url":"https:\/\/taboofashion.com\/wp-content\/uploads\/2022\/08\/PS-30.348X-Result-Work-Guard-R348X-black-grey-2.jpg","type":"image\/jpeg"}],"twitter_card":"summary_large_image","schema":{"@context":"https:\/\/schema.org","@graph":[{"@type":"WebPage","@id":"https:\/\/taboofashion.com\/hu\/shop\/eredmeny-munka-or-r348x-biztonsagi-cipo\/","url":"https:\/\/taboofashion.com\/hu\/shop\/eredmeny-munka-or-r348x-biztonsagi-cipo\/","name":"R348X F\u00e9rfi biztons\u00e1gi cip\u0151 &#8211; Fashion shop","isPartOf":{"@id":"https:\/\/taboofashion.com\/hu\/#website"},"datePublished":"2022-08-29T20:47:34+00:00","dateModified":"2023-09-14T02:40:17+00:00","breadcrumb":{"@id":"https:\/\/taboofashion.com\/hu\/shop\/eredmeny-munka-or-r348x-biztonsagi-cipo\/#breadcrumb"},"inLanguage":"hu","potentialAction":[{"@type":"ReadAction","target":["https:\/\/taboofashion.com\/hu\/shop\/eredmeny-munka-or-r348x-biztonsagi-cipo\/"]}]},{"@type":"BreadcrumbList","@id":"https:\/\/taboofashion.com\/hu\/shop\/eredmeny-munka-or-r348x-biztonsagi-cipo\/#breadcrumb","itemListElement":[{"@type":"ListItem","position":1,"name":"Home","item":"https:\/\/taboofashion.com\/hu\/"},{"@type":"ListItem","position":2,"name":"Bolt","item":"https:\/\/taboofashion.com\/hu\/"},{"@type":"ListItem","position":3,"name":"R348X F\u00e9rfi biztons\u00e1gi cip\u0151"}]},{"@type":"WebSite","@id":"https:\/\/taboofashion.com\/hu\/#website","url":"https:\/\/taboofashion.com\/hu\/","name":"Fashion shop","description":"","publisher":{"@id":"https:\/\/taboofashion.com\/hu\/#organization"},"potentialAction":[{"@type":"SearchAction","target":{"@type":"EntryPoint","urlTemplate":"https:\/\/taboofashion.com\/hu\/?s={search_term_string}"},"query-input":"required name=search_term_string"}],"inLanguage":"hu"},{"@type":"Organization","@id":"https:\/\/taboofashion.com\/hu\/#organization","name":"Taboo Slovakia s.r.o.","url":"https:\/\/taboofashion.com\/hu\/","logo":{"@type":"ImageObject","inLanguage":"hu","@id":"https:\/\/taboofashion.com\/hu\/#\/schema\/logo\/image\/","url":"https:\/\/taboofashion.com\/wp-content\/uploads\/2022\/12\/taboologo2100-002.png","contentUrl":"https:\/\/taboofashion.com\/wp-content\/uploads\/2022\/12\/taboologo2100-002.png","width":2100,"height":1050,"caption":"Taboo Slovakia s.r.o."},"image":{"@id":"https:\/\/taboofashion.com\/hu\/#\/schema\/logo\/image\/"},"sameAs":["https:\/\/www.facebook.com\/TabooSlovakia","https:\/\/www.linkedin.com\/company\/541747\/","https:\/\/www.instagram.com\/taboofashion.com1\/"]}]},"product_brand":"Result","og_availability":"instock","product_availability":"instock","product_retailer_item_id":"30348X981g4","product_condition":"new"},"_links":{"self":[{"href":"https:\/\/taboofashion.com\/hu\/wp-json\/wp\/v2\/product\/645160","targetHints":{"allow":["GET"]}}],"collection":[{"href":"https:\/\/taboofashion.com\/hu\/wp-json\/wp\/v2\/product"}],"about":[{"href":"https:\/\/taboofashion.com\/hu\/wp-json\/wp\/v2\/types\/product"}],"wp:featuredmedia":[{"embeddable":true,"href":"https:\/\/taboofashion.com\/hu\/wp-json\/wp\/v2\/media\/608830"}],"wp:attachment":[{"href":"https:\/\/taboofashion.com\/hu\/wp-json\/wp\/v2\/media?parent=645160"}],"wp:term":[{"taxonomy":"product_cat","embeddable":true,"href":"https:\/\/taboofashion.com\/hu\/wp-json\/wp\/v2\/product_cat?post=645160"},{"taxonomy":"product_tag","embeddable":true,"href":"https:\/\/taboofashion.com\/hu\/wp-json\/wp\/v2\/product_tag?post=645160"}],"curies":[{"name":"wp","href":"https:\/\/api.w.org\/{rel}","templated":true}]}}