{"id":645214,"date":"2022-08-29T22:39:05","date_gmt":"2022-08-29T20:39:05","guid":{"rendered":"https:\/\/taboofashion.com\/shop\/result-r331x-workwear-softshell-jacket-dynamic\/"},"modified":"2023-08-08T11:43:26","modified_gmt":"2023-08-08T09:43:26","slug":"result-r331x-workwear-softshell-jacket-dynamic","status":"publish","type":"product","link":"https:\/\/taboofashion.com\/hu\/shop\/result-r331x-workwear-softshell-jacket-dynamic\/","title":{"rendered":"R331X F\u00e9rfi munkaruh\u00e1zati Softshell kab\u00e1t &#8222;Dynamic&#8221;"},"content":{"rendered":"<p>V\u00edzleperget\u0151 (8000 mm-es v\u00edzoszlop), l\u00e9legz\u0151, \u00e1ll\u00f3gall\u00e9r, kapucni a gall\u00e9rban t\u00e9p\u0151z\u00e1rral, bel\u00fcl bord\u00e1zott mandzsetta, \u00e1ll\u00edthat\u00f3 szeg\u00e9ly h\u00faz\u00f3zsin\u00f3rral, cipz\u00e1r sz\u00e9lv\u00e9d\u0151vel \u00e9s nyom\u00f3gombokkal, bels\u0151 viharfed\u0151 \u00e1llv\u00e9d\u0151vel, 3 k\u00fcls\u0151 zseb cipz\u00e1rral, 2 bels\u0151 zsebbel, kontraszt sz\u00edn\u0171 (sz\u00fcrke) bels\u0151 b\u00e9l\u00e9ssel, h\u00e1tul \u00e9s bal mellkason d\u00edsz\u00edt\u00e9ssel, sz\u00e9l\u00e1ll\u00f3, EN ISO 20471:2013 2. oszt\u00e1ly (GO\/RT 3279 ISSUE 8:2013 2. oszt\u00e1ly narancss\u00e1rga), f\u00e9nyvisszaver\u0151 r\u00e9szletek, lev\u00e1gott c\u00edmke<\/p>\n","protected":false},"excerpt":{"rendered":"<p>K\u00edv\u00fcl: 100% poli\u00e9szter, b\u00e9l\u00e9s: 100% poli\u00e9szter b\u00e9l\u00e9s, bels\u0151 b\u00e9l\u00e9s: 100% poli\u00e9szter mikrofl\u00edz, TPU membr\u00e1n<\/p>\n","protected":false},"featured_media":609286,"template":"","meta":[],"product_cat":[3614,3625],"product_tag":[],"class_list":{"0":"post-645214","1":"product","2":"type-product","3":"status-publish","4":"has-post-thumbnail","6":"product_cat-dzsekik","7":"product_cat-munkaruha-vedoruhazat","8":"pa_brand-result-hu","9":"pa_colour-fluoreszkalo-narancssarga-hu","10":"pa_colour-fluoreszkalo-sarga-2","11":"pa_size-s-hu","12":"pa_size-m-hu","13":"pa_size-l-hu","14":"pa_size-xl-hu","15":"pa_size-xxl-hu","16":"pa_size-3xl-hu","17":"pa_size-4xl-hu","19":"first","20":"instock","21":"taxable","22":"shipping-taxable","23":"purchasable","24":"product-type-variable","25":"has-default-attributes"},"yoast_head":"<!-- This site is optimized with the Yoast SEO plugin v21.8 - https:\/\/yoast.com\/wordpress\/plugins\/seo\/ -->\n<title>R331X F\u00e9rfi munkaruh\u00e1zati Softshell kab\u00e1t &quot;Dynamic&quot; &#8211; Fashion shop<\/title>\n<meta name=\"robots\" content=\"index, follow, max-snippet:-1, max-image-preview:large, max-video-preview:-1\" \/>\n<link rel=\"canonical\" href=\"https:\/\/taboofashion.com\/hu\/shop\/result-r331x-workwear-softshell-jacket-dynamic\/\" \/>\n<meta property=\"og:locale\" content=\"hu_HU\" \/>\n<meta property=\"og:type\" content=\"article\" \/>\n<meta property=\"og:title\" content=\"R331X F\u00e9rfi munkaruh\u00e1zati Softshell kab\u00e1t &quot;Dynamic&quot; &#8211; Fashion shop\" \/>\n<meta property=\"og:description\" content=\"K\u00edv\u00fcl: 100% poli\u00e9szter, b\u00e9l\u00e9s: 100% poli\u00e9szter b\u00e9l\u00e9s, bels\u0151 b\u00e9l\u00e9s: 100% poli\u00e9szter mikrofl\u00edz, TPU membr\u00e1n\" \/>\n<meta property=\"og:url\" content=\"https:\/\/taboofashion.com\/hu\/shop\/result-r331x-workwear-softshell-jacket-dynamic\/\" \/>\n<meta property=\"og:site_name\" content=\"Fashion shop\" \/>\n<meta property=\"article:publisher\" content=\"https:\/\/www.facebook.com\/TabooSlovakia\" \/>\n<meta property=\"article:modified_time\" content=\"2023-08-08T09:43:26+00:00\" \/>\n<meta property=\"og:image\" content=\"https:\/\/taboofashion.com\/wp-content\/uploads\/2022\/08\/LS-30.331X-Result-R331X-3.jpg\" \/>\n\t<meta property=\"og:image:width\" content=\"1000\" \/>\n\t<meta property=\"og:image:height\" content=\"1000\" \/>\n\t<meta property=\"og:image:type\" content=\"image\/jpeg\" \/>\n<meta name=\"twitter:card\" content=\"summary_large_image\" \/>\n<script type=\"application\/ld+json\" class=\"yoast-schema-graph\">{\"@context\":\"https:\/\/schema.org\",\"@graph\":[{\"@type\":\"WebPage\",\"@id\":\"https:\/\/taboofashion.com\/hu\/shop\/result-r331x-workwear-softshell-jacket-dynamic\/\",\"url\":\"https:\/\/taboofashion.com\/hu\/shop\/result-r331x-workwear-softshell-jacket-dynamic\/\",\"name\":\"R331X F\u00e9rfi munkaruh\u00e1zati Softshell kab\u00e1t \\\"Dynamic\\\" &#8211; Fashion shop\",\"isPartOf\":{\"@id\":\"https:\/\/taboofashion.com\/hu\/#website\"},\"datePublished\":\"2022-08-29T20:39:05+00:00\",\"dateModified\":\"2023-08-08T09:43:26+00:00\",\"breadcrumb\":{\"@id\":\"https:\/\/taboofashion.com\/hu\/shop\/result-r331x-workwear-softshell-jacket-dynamic\/#breadcrumb\"},\"inLanguage\":\"hu\",\"potentialAction\":[{\"@type\":\"ReadAction\",\"target\":[\"https:\/\/taboofashion.com\/hu\/shop\/result-r331x-workwear-softshell-jacket-dynamic\/\"]}]},{\"@type\":\"BreadcrumbList\",\"@id\":\"https:\/\/taboofashion.com\/hu\/shop\/result-r331x-workwear-softshell-jacket-dynamic\/#breadcrumb\",\"itemListElement\":[{\"@type\":\"ListItem\",\"position\":1,\"name\":\"Home\",\"item\":\"https:\/\/taboofashion.com\/hu\/\"},{\"@type\":\"ListItem\",\"position\":2,\"name\":\"Bolt\",\"item\":\"https:\/\/taboofashion.com\/hu\/\"},{\"@type\":\"ListItem\",\"position\":3,\"name\":\"R331X F\u00e9rfi munkaruh\u00e1zati Softshell kab\u00e1t &#8220;Dynamic&#8221;\"}]},{\"@type\":\"WebSite\",\"@id\":\"https:\/\/taboofashion.com\/hu\/#website\",\"url\":\"https:\/\/taboofashion.com\/hu\/\",\"name\":\"Fashion shop\",\"description\":\"\",\"publisher\":{\"@id\":\"https:\/\/taboofashion.com\/hu\/#organization\"},\"potentialAction\":[{\"@type\":\"SearchAction\",\"target\":{\"@type\":\"EntryPoint\",\"urlTemplate\":\"https:\/\/taboofashion.com\/hu\/?s={search_term_string}\"},\"query-input\":\"required name=search_term_string\"}],\"inLanguage\":\"hu\"},{\"@type\":\"Organization\",\"@id\":\"https:\/\/taboofashion.com\/hu\/#organization\",\"name\":\"Taboo Slovakia s.r.o.\",\"url\":\"https:\/\/taboofashion.com\/hu\/\",\"logo\":{\"@type\":\"ImageObject\",\"inLanguage\":\"hu\",\"@id\":\"https:\/\/taboofashion.com\/hu\/#\/schema\/logo\/image\/\",\"url\":\"https:\/\/taboofashion.com\/wp-content\/uploads\/2022\/12\/taboologo2100-002.png\",\"contentUrl\":\"https:\/\/taboofashion.com\/wp-content\/uploads\/2022\/12\/taboologo2100-002.png\",\"width\":2100,\"height\":1050,\"caption\":\"Taboo Slovakia s.r.o.\"},\"image\":{\"@id\":\"https:\/\/taboofashion.com\/hu\/#\/schema\/logo\/image\/\"},\"sameAs\":[\"https:\/\/www.facebook.com\/TabooSlovakia\",\"https:\/\/www.linkedin.com\/company\/541747\/\",\"https:\/\/www.instagram.com\/taboofashion.com1\/\"]}]}<\/script>\n<meta property=\"product:brand\" content=\"Result\" \/>\n<meta property=\"og:availability\" content=\"instock\" \/>\n<meta property=\"product:availability\" content=\"instock\" \/>\n<meta property=\"product:retailer_item_id\" content=\"30331X02901\" \/>\n<meta property=\"product:condition\" content=\"new\" \/>\n<!-- \/ Yoast SEO plugin. -->","yoast_head_json":{"title":"R331X F\u00e9rfi munkaruh\u00e1zati Softshell kab\u00e1t \"Dynamic\" &#8211; Fashion shop","robots":{"index":"index","follow":"follow","max-snippet":"max-snippet:-1","max-image-preview":"max-image-preview:large","max-video-preview":"max-video-preview:-1"},"canonical":"https:\/\/taboofashion.com\/hu\/shop\/result-r331x-workwear-softshell-jacket-dynamic\/","og_locale":"hu_HU","og_type":"article","og_title":"R331X F\u00e9rfi munkaruh\u00e1zati Softshell kab\u00e1t \"Dynamic\" &#8211; Fashion shop","og_description":"K\u00edv\u00fcl: 100% poli\u00e9szter, b\u00e9l\u00e9s: 100% poli\u00e9szter b\u00e9l\u00e9s, bels\u0151 b\u00e9l\u00e9s: 100% poli\u00e9szter mikrofl\u00edz, TPU membr\u00e1n","og_url":"https:\/\/taboofashion.com\/hu\/shop\/result-r331x-workwear-softshell-jacket-dynamic\/","og_site_name":"Fashion shop","article_publisher":"https:\/\/www.facebook.com\/TabooSlovakia","article_modified_time":"2023-08-08T09:43:26+00:00","og_image":[{"width":1000,"height":1000,"url":"https:\/\/taboofashion.com\/wp-content\/uploads\/2022\/08\/LS-30.331X-Result-R331X-3.jpg","type":"image\/jpeg"}],"twitter_card":"summary_large_image","schema":{"@context":"https:\/\/schema.org","@graph":[{"@type":"WebPage","@id":"https:\/\/taboofashion.com\/hu\/shop\/result-r331x-workwear-softshell-jacket-dynamic\/","url":"https:\/\/taboofashion.com\/hu\/shop\/result-r331x-workwear-softshell-jacket-dynamic\/","name":"R331X F\u00e9rfi munkaruh\u00e1zati Softshell kab\u00e1t \"Dynamic\" &#8211; Fashion shop","isPartOf":{"@id":"https:\/\/taboofashion.com\/hu\/#website"},"datePublished":"2022-08-29T20:39:05+00:00","dateModified":"2023-08-08T09:43:26+00:00","breadcrumb":{"@id":"https:\/\/taboofashion.com\/hu\/shop\/result-r331x-workwear-softshell-jacket-dynamic\/#breadcrumb"},"inLanguage":"hu","potentialAction":[{"@type":"ReadAction","target":["https:\/\/taboofashion.com\/hu\/shop\/result-r331x-workwear-softshell-jacket-dynamic\/"]}]},{"@type":"BreadcrumbList","@id":"https:\/\/taboofashion.com\/hu\/shop\/result-r331x-workwear-softshell-jacket-dynamic\/#breadcrumb","itemListElement":[{"@type":"ListItem","position":1,"name":"Home","item":"https:\/\/taboofashion.com\/hu\/"},{"@type":"ListItem","position":2,"name":"Bolt","item":"https:\/\/taboofashion.com\/hu\/"},{"@type":"ListItem","position":3,"name":"R331X F\u00e9rfi munkaruh\u00e1zati Softshell kab\u00e1t &#8220;Dynamic&#8221;"}]},{"@type":"WebSite","@id":"https:\/\/taboofashion.com\/hu\/#website","url":"https:\/\/taboofashion.com\/hu\/","name":"Fashion shop","description":"","publisher":{"@id":"https:\/\/taboofashion.com\/hu\/#organization"},"potentialAction":[{"@type":"SearchAction","target":{"@type":"EntryPoint","urlTemplate":"https:\/\/taboofashion.com\/hu\/?s={search_term_string}"},"query-input":"required name=search_term_string"}],"inLanguage":"hu"},{"@type":"Organization","@id":"https:\/\/taboofashion.com\/hu\/#organization","name":"Taboo Slovakia s.r.o.","url":"https:\/\/taboofashion.com\/hu\/","logo":{"@type":"ImageObject","inLanguage":"hu","@id":"https:\/\/taboofashion.com\/hu\/#\/schema\/logo\/image\/","url":"https:\/\/taboofashion.com\/wp-content\/uploads\/2022\/12\/taboologo2100-002.png","contentUrl":"https:\/\/taboofashion.com\/wp-content\/uploads\/2022\/12\/taboologo2100-002.png","width":2100,"height":1050,"caption":"Taboo Slovakia s.r.o."},"image":{"@id":"https:\/\/taboofashion.com\/hu\/#\/schema\/logo\/image\/"},"sameAs":["https:\/\/www.facebook.com\/TabooSlovakia","https:\/\/www.linkedin.com\/company\/541747\/","https:\/\/www.instagram.com\/taboofashion.com1\/"]}]},"product_brand":"Result","og_availability":"instock","product_availability":"instock","product_retailer_item_id":"30331X02901","product_condition":"new"},"_links":{"self":[{"href":"https:\/\/taboofashion.com\/hu\/wp-json\/wp\/v2\/product\/645214","targetHints":{"allow":["GET"]}}],"collection":[{"href":"https:\/\/taboofashion.com\/hu\/wp-json\/wp\/v2\/product"}],"about":[{"href":"https:\/\/taboofashion.com\/hu\/wp-json\/wp\/v2\/types\/product"}],"wp:featuredmedia":[{"embeddable":true,"href":"https:\/\/taboofashion.com\/hu\/wp-json\/wp\/v2\/media\/609286"}],"wp:attachment":[{"href":"https:\/\/taboofashion.com\/hu\/wp-json\/wp\/v2\/media?parent=645214"}],"wp:term":[{"taxonomy":"product_cat","embeddable":true,"href":"https:\/\/taboofashion.com\/hu\/wp-json\/wp\/v2\/product_cat?post=645214"},{"taxonomy":"product_tag","embeddable":true,"href":"https:\/\/taboofashion.com\/hu\/wp-json\/wp\/v2\/product_tag?post=645214"}],"curies":[{"name":"wp","href":"https:\/\/api.w.org\/{rel}","templated":true}]}}