{"id":646739,"date":"2022-08-29T10:53:24","date_gmt":"2022-08-29T08:53:24","guid":{"rendered":"https:\/\/taboofashion.com\/shop\/sols-gamma-organic-bib-koteny\/"},"modified":"2023-05-12T16:03:56","modified_gmt":"2023-05-12T14:03:56","slug":"sols-gamma-organic-bib-koteny","status":"publish","type":"product","link":"https:\/\/taboofashion.com\/hu\/shop\/sols-gamma-organic-bib-koteny\/","title":{"rendered":"Gamma organikus v\u00e1llp\u00e1ntos k\u00f6t\u00e9ny"},"content":{"rendered":"<p>\u00c1ll\u00edthat\u00f3 nyakp\u00e1nt nyom\u00f3gombokkal, nagy el\u00fcls\u0151 zseb k\u00e9t rekesszel, c\u00edmke n\u00e9lk\u00fcl, m\u00e9rete: 90x75cm<\/p>\n","protected":false},"excerpt":{"rendered":"<p>240g\/m\u00b2, 100% min\u0151s\u00edtett biopamut, twill<\/p>\n","protected":false},"featured_media":609317,"template":"","meta":[],"product_cat":[3625],"product_tag":[],"class_list":{"0":"post-646739","1":"product","2":"type-product","3":"status-publish","4":"has-post-thumbnail","6":"product_cat-munkaruha-vedoruhazat","7":"pa_brand-sols-collection-hu","8":"pa_colour-bordo","9":"pa_colour-csokolade-barna","10":"pa_colour-feher","11":"pa_colour-fekete","12":"pa_colour-kotel","13":"pa_colour-osi-rozsaszin-hu","14":"pa_colour-piros","15":"pa_colour-sotetszurke","16":"pa_colour-tengereszgyalogsag","17":"pa_colour-uveg-zold","18":"pa_size-onesize-hu","20":"first","21":"instock","22":"taxable","23":"shipping-taxable","24":"purchasable","25":"product-type-variable","26":"has-default-attributes"},"yoast_head":"<!-- This site is optimized with the Yoast SEO plugin v21.8 - https:\/\/yoast.com\/wordpress\/plugins\/seo\/ -->\n<title>Gamma organikus v\u00e1llp\u00e1ntos k\u00f6t\u00e9ny &#8211; Fashion shop<\/title>\n<meta name=\"robots\" content=\"index, follow, max-snippet:-1, max-image-preview:large, max-video-preview:-1\" \/>\n<link rel=\"canonical\" href=\"https:\/\/taboofashion.com\/hu\/shop\/sols-gamma-organic-bib-koteny\/\" \/>\n<meta property=\"og:locale\" content=\"hu_HU\" \/>\n<meta property=\"og:type\" content=\"article\" \/>\n<meta property=\"og:title\" content=\"Gamma organikus v\u00e1llp\u00e1ntos k\u00f6t\u00e9ny &#8211; Fashion shop\" \/>\n<meta property=\"og:description\" content=\"240g\/m\u00b2, 100% min\u0151s\u00edtett biopamut, twill\" \/>\n<meta property=\"og:url\" content=\"https:\/\/taboofashion.com\/hu\/shop\/sols-gamma-organic-bib-koteny\/\" \/>\n<meta property=\"og:site_name\" content=\"Fashion shop\" \/>\n<meta property=\"article:publisher\" content=\"https:\/\/www.facebook.com\/TabooSlovakia\" \/>\n<meta property=\"article:modified_time\" content=\"2023-05-12T14:03:56+00:00\" \/>\n<meta property=\"og:image\" content=\"https:\/\/taboofashion.com\/wp-content\/uploads\/2022\/08\/image_267869.jpg\" \/>\n\t<meta property=\"og:image:width\" content=\"1000\" \/>\n\t<meta property=\"og:image:height\" content=\"1000\" \/>\n\t<meta property=\"og:image:type\" content=\"image\/jpeg\" \/>\n<meta name=\"twitter:card\" content=\"summary_large_image\" \/>\n<script type=\"application\/ld+json\" class=\"yoast-schema-graph\">{\"@context\":\"https:\/\/schema.org\",\"@graph\":[{\"@type\":\"WebPage\",\"@id\":\"https:\/\/taboofashion.com\/hu\/shop\/sols-gamma-organic-bib-koteny\/\",\"url\":\"https:\/\/taboofashion.com\/hu\/shop\/sols-gamma-organic-bib-koteny\/\",\"name\":\"Gamma organikus v\u00e1llp\u00e1ntos k\u00f6t\u00e9ny &#8211; Fashion shop\",\"isPartOf\":{\"@id\":\"https:\/\/taboofashion.com\/hu\/#website\"},\"datePublished\":\"2022-08-29T08:53:24+00:00\",\"dateModified\":\"2023-05-12T14:03:56+00:00\",\"breadcrumb\":{\"@id\":\"https:\/\/taboofashion.com\/hu\/shop\/sols-gamma-organic-bib-koteny\/#breadcrumb\"},\"inLanguage\":\"hu\",\"potentialAction\":[{\"@type\":\"ReadAction\",\"target\":[\"https:\/\/taboofashion.com\/hu\/shop\/sols-gamma-organic-bib-koteny\/\"]}]},{\"@type\":\"BreadcrumbList\",\"@id\":\"https:\/\/taboofashion.com\/hu\/shop\/sols-gamma-organic-bib-koteny\/#breadcrumb\",\"itemListElement\":[{\"@type\":\"ListItem\",\"position\":1,\"name\":\"Home\",\"item\":\"https:\/\/taboofashion.com\/hu\/\"},{\"@type\":\"ListItem\",\"position\":2,\"name\":\"Bolt\",\"item\":\"https:\/\/taboofashion.com\/hu\/\"},{\"@type\":\"ListItem\",\"position\":3,\"name\":\"Gamma organikus v\u00e1llp\u00e1ntos k\u00f6t\u00e9ny\"}]},{\"@type\":\"WebSite\",\"@id\":\"https:\/\/taboofashion.com\/hu\/#website\",\"url\":\"https:\/\/taboofashion.com\/hu\/\",\"name\":\"Fashion shop\",\"description\":\"\",\"publisher\":{\"@id\":\"https:\/\/taboofashion.com\/hu\/#organization\"},\"potentialAction\":[{\"@type\":\"SearchAction\",\"target\":{\"@type\":\"EntryPoint\",\"urlTemplate\":\"https:\/\/taboofashion.com\/hu\/?s={search_term_string}\"},\"query-input\":\"required name=search_term_string\"}],\"inLanguage\":\"hu\"},{\"@type\":\"Organization\",\"@id\":\"https:\/\/taboofashion.com\/hu\/#organization\",\"name\":\"Taboo Slovakia s.r.o.\",\"url\":\"https:\/\/taboofashion.com\/hu\/\",\"logo\":{\"@type\":\"ImageObject\",\"inLanguage\":\"hu\",\"@id\":\"https:\/\/taboofashion.com\/hu\/#\/schema\/logo\/image\/\",\"url\":\"https:\/\/taboofashion.com\/wp-content\/uploads\/2022\/12\/taboologo2100-002.png\",\"contentUrl\":\"https:\/\/taboofashion.com\/wp-content\/uploads\/2022\/12\/taboologo2100-002.png\",\"width\":2100,\"height\":1050,\"caption\":\"Taboo Slovakia s.r.o.\"},\"image\":{\"@id\":\"https:\/\/taboofashion.com\/hu\/#\/schema\/logo\/image\/\"},\"sameAs\":[\"https:\/\/www.facebook.com\/TabooSlovakia\",\"https:\/\/www.linkedin.com\/company\/541747\/\",\"https:\/\/www.instagram.com\/taboofashion.com1\/\"]}]}<\/script>\n<meta property=\"product:brand\" content=\"SOL&#039;s Collection\" \/>\n<meta property=\"og:availability\" content=\"instock\" \/>\n<meta property=\"product:availability\" content=\"instock\" \/>\n<meta property=\"product:retailer_item_id\" content=\"25356900199\" \/>\n<meta property=\"product:condition\" content=\"new\" \/>\n<!-- \/ Yoast SEO plugin. -->","yoast_head_json":{"title":"Gamma organikus v\u00e1llp\u00e1ntos k\u00f6t\u00e9ny &#8211; Fashion shop","robots":{"index":"index","follow":"follow","max-snippet":"max-snippet:-1","max-image-preview":"max-image-preview:large","max-video-preview":"max-video-preview:-1"},"canonical":"https:\/\/taboofashion.com\/hu\/shop\/sols-gamma-organic-bib-koteny\/","og_locale":"hu_HU","og_type":"article","og_title":"Gamma organikus v\u00e1llp\u00e1ntos k\u00f6t\u00e9ny &#8211; Fashion shop","og_description":"240g\/m\u00b2, 100% min\u0151s\u00edtett biopamut, twill","og_url":"https:\/\/taboofashion.com\/hu\/shop\/sols-gamma-organic-bib-koteny\/","og_site_name":"Fashion shop","article_publisher":"https:\/\/www.facebook.com\/TabooSlovakia","article_modified_time":"2023-05-12T14:03:56+00:00","og_image":[{"width":1000,"height":1000,"url":"https:\/\/taboofashion.com\/wp-content\/uploads\/2022\/08\/image_267869.jpg","type":"image\/jpeg"}],"twitter_card":"summary_large_image","schema":{"@context":"https:\/\/schema.org","@graph":[{"@type":"WebPage","@id":"https:\/\/taboofashion.com\/hu\/shop\/sols-gamma-organic-bib-koteny\/","url":"https:\/\/taboofashion.com\/hu\/shop\/sols-gamma-organic-bib-koteny\/","name":"Gamma organikus v\u00e1llp\u00e1ntos k\u00f6t\u00e9ny &#8211; Fashion shop","isPartOf":{"@id":"https:\/\/taboofashion.com\/hu\/#website"},"datePublished":"2022-08-29T08:53:24+00:00","dateModified":"2023-05-12T14:03:56+00:00","breadcrumb":{"@id":"https:\/\/taboofashion.com\/hu\/shop\/sols-gamma-organic-bib-koteny\/#breadcrumb"},"inLanguage":"hu","potentialAction":[{"@type":"ReadAction","target":["https:\/\/taboofashion.com\/hu\/shop\/sols-gamma-organic-bib-koteny\/"]}]},{"@type":"BreadcrumbList","@id":"https:\/\/taboofashion.com\/hu\/shop\/sols-gamma-organic-bib-koteny\/#breadcrumb","itemListElement":[{"@type":"ListItem","position":1,"name":"Home","item":"https:\/\/taboofashion.com\/hu\/"},{"@type":"ListItem","position":2,"name":"Bolt","item":"https:\/\/taboofashion.com\/hu\/"},{"@type":"ListItem","position":3,"name":"Gamma organikus v\u00e1llp\u00e1ntos k\u00f6t\u00e9ny"}]},{"@type":"WebSite","@id":"https:\/\/taboofashion.com\/hu\/#website","url":"https:\/\/taboofashion.com\/hu\/","name":"Fashion shop","description":"","publisher":{"@id":"https:\/\/taboofashion.com\/hu\/#organization"},"potentialAction":[{"@type":"SearchAction","target":{"@type":"EntryPoint","urlTemplate":"https:\/\/taboofashion.com\/hu\/?s={search_term_string}"},"query-input":"required name=search_term_string"}],"inLanguage":"hu"},{"@type":"Organization","@id":"https:\/\/taboofashion.com\/hu\/#organization","name":"Taboo Slovakia s.r.o.","url":"https:\/\/taboofashion.com\/hu\/","logo":{"@type":"ImageObject","inLanguage":"hu","@id":"https:\/\/taboofashion.com\/hu\/#\/schema\/logo\/image\/","url":"https:\/\/taboofashion.com\/wp-content\/uploads\/2022\/12\/taboologo2100-002.png","contentUrl":"https:\/\/taboofashion.com\/wp-content\/uploads\/2022\/12\/taboologo2100-002.png","width":2100,"height":1050,"caption":"Taboo Slovakia s.r.o."},"image":{"@id":"https:\/\/taboofashion.com\/hu\/#\/schema\/logo\/image\/"},"sameAs":["https:\/\/www.facebook.com\/TabooSlovakia","https:\/\/www.linkedin.com\/company\/541747\/","https:\/\/www.instagram.com\/taboofashion.com1\/"]}]},"product_brand":"SOL&#039;s Collection","og_availability":"instock","product_availability":"instock","product_retailer_item_id":"25356900199","product_condition":"new"},"_links":{"self":[{"href":"https:\/\/taboofashion.com\/hu\/wp-json\/wp\/v2\/product\/646739","targetHints":{"allow":["GET"]}}],"collection":[{"href":"https:\/\/taboofashion.com\/hu\/wp-json\/wp\/v2\/product"}],"about":[{"href":"https:\/\/taboofashion.com\/hu\/wp-json\/wp\/v2\/types\/product"}],"wp:featuredmedia":[{"embeddable":true,"href":"https:\/\/taboofashion.com\/hu\/wp-json\/wp\/v2\/media\/609317"}],"wp:attachment":[{"href":"https:\/\/taboofashion.com\/hu\/wp-json\/wp\/v2\/media?parent=646739"}],"wp:term":[{"taxonomy":"product_cat","embeddable":true,"href":"https:\/\/taboofashion.com\/hu\/wp-json\/wp\/v2\/product_cat?post=646739"},{"taxonomy":"product_tag","embeddable":true,"href":"https:\/\/taboofashion.com\/hu\/wp-json\/wp\/v2\/product_tag?post=646739"}],"curies":[{"name":"wp","href":"https:\/\/api.w.org\/{rel}","templated":true}]}}