{"id":648800,"date":"2022-08-29T04:38:50","date_gmt":"2022-08-29T02:38:50","guid":{"rendered":"https:\/\/taboofashion.com\/shop\/sols-imperial-heavy-shirt\/"},"modified":"2023-05-24T16:10:25","modified_gmt":"2023-05-24T14:10:25","slug":"sols-imperial-heavy-ing","status":"publish","type":"product","link":"https:\/\/taboofashion.com\/hu\/shop\/sols-imperial-heavy-ing\/","title":{"rendered":"Imperial Heavy F\u00e9rfi p\u00f3l\u00f3"},"content":{"rendered":"<p>Cs\u0151 alak\u00fa fel\u00e9p\u00edt\u00e9s, elaszt\u00e1n bord\u00e1s nyak, nyakszalag<\/p>\n","protected":false},"excerpt":{"rendered":"<p>190g\/m\u00b2, 100% f\u00e9lig f\u00e9s\u00fclt gy\u0171r\u0171s fonott pamut, hamu: 98% pamut, 2% viszk\u00f3z, sz\u00fcrke melanzs: 85% pamut, 15% viszk\u00f3z<\/p>\n","protected":false},"featured_media":608917,"template":"","meta":[],"product_cat":[3629],"product_tag":[6949],"class_list":{"0":"post-648800","1":"product","2":"type-product","3":"status-publish","4":"has-post-thumbnail","6":"product_cat-polok","7":"product_tag-sols_25_1500_imperial_heavy_men-hu","8":"pa_brand-sols-collection-hu","9":"pa_colour-almazold","10":"pa_colour-arany","11":"pa_colour-atoll-kek","12":"pa_colour-bordo","13":"pa_colour-cink","14":"pa_colour-citrom","15":"pa_colour-csokolade-barna","16":"pa_colour-egerszurke","17":"pa_colour-egszinkek","18":"pa_colour-farmer","19":"pa_colour-feher","20":"pa_colour-fekete","21":"pa_colour-fold","22":"pa_colour-francia-haditengereszet","23":"pa_colour-fukszia","24":"pa_colour-hadsereg","25":"pa_colour-hamu","26":"pa_colour-hibiszkusz","27":"pa_colour-homok","28":"pa_colour-jegkek","29":"pa_colour-karibi-kek","30":"pa_colour-kek-hu","31":"pa_colour-kelly-green-hu","32":"pa_colour-khaki-hu","33":"pa_colour-kiralykek","34":"pa_colour-krem","35":"pa_colour-narancs","36":"pa_colour-orchidea-rozsaszin","37":"pa_colour-osi-rozsaszin-hu","38":"pa_colour-petroleumkek-2","39":"pa_colour-piros","40":"pa_colour-piros-hu-2","41":"pa_colour-smaragd-hu","42":"pa_colour-sotet-khaki","43":"pa_colour-sotetlila","44":"pa_colour-sotetszurke","45":"pa_colour-szurke-melange","46":"pa_colour-tango-piros","47":"pa_colour-tengereszgyalogsag","48":"pa_colour-terrakotta-hu","49":"pa_colour-ultramarine-hu-2","50":"pa_colour-uveg-zold","51":"pa_colour-vilagos-lila","52":"pa_colour-vilagosszurke","53":"pa_colour-vizkek-hu","54":"pa_colour-zsalyazold","55":"pa_size-3xl-hu","56":"pa_size-4xl-hu","57":"pa_size-5xl-hu","58":"pa_size-l-hu","59":"pa_size-m-hu","60":"pa_size-s-hu","61":"pa_size-xl-hu","62":"pa_size-xs-hu","63":"pa_size-xxl-hu","65":"first","66":"instock","67":"taxable","68":"shipping-taxable","69":"purchasable","70":"product-type-variable","71":"has-default-attributes"},"yoast_head":"<!-- This site is optimized with the Yoast SEO plugin v21.8 - https:\/\/yoast.com\/wordpress\/plugins\/seo\/ -->\n<title>Imperial Heavy F\u00e9rfi p\u00f3l\u00f3 &#8211; Fashion shop<\/title>\n<meta name=\"robots\" content=\"index, follow, max-snippet:-1, max-image-preview:large, max-video-preview:-1\" \/>\n<link rel=\"canonical\" href=\"https:\/\/taboofashion.com\/hu\/shop\/sols-imperial-heavy-ing\/\" \/>\n<meta property=\"og:locale\" content=\"hu_HU\" \/>\n<meta property=\"og:type\" content=\"article\" \/>\n<meta property=\"og:title\" content=\"Imperial Heavy F\u00e9rfi p\u00f3l\u00f3 &#8211; Fashion shop\" \/>\n<meta property=\"og:description\" content=\"190g\/m\u00b2, 100% f\u00e9lig f\u00e9s\u00fclt gy\u0171r\u0171s fonott pamut, hamu: 98% pamut, 2% viszk\u00f3z, sz\u00fcrke melanzs: 85% pamut, 15% viszk\u00f3z\" \/>\n<meta property=\"og:url\" content=\"https:\/\/taboofashion.com\/hu\/shop\/sols-imperial-heavy-ing\/\" \/>\n<meta property=\"og:site_name\" content=\"Fashion shop\" \/>\n<meta property=\"article:publisher\" content=\"https:\/\/www.facebook.com\/TabooSlovakia\" \/>\n<meta property=\"article:modified_time\" content=\"2023-05-24T14:10:25+00:00\" \/>\n<meta property=\"og:image\" content=\"https:\/\/taboofashion.com\/wp-content\/uploads\/2022\/08\/SOLS_25_1500_Imperial_Heavy_Men.jpg\" \/>\n\t<meta property=\"og:image:width\" content=\"1000\" \/>\n\t<meta property=\"og:image:height\" content=\"1000\" \/>\n\t<meta property=\"og:image:type\" content=\"image\/jpeg\" \/>\n<meta name=\"twitter:card\" content=\"summary_large_image\" \/>\n<script type=\"application\/ld+json\" class=\"yoast-schema-graph\">{\"@context\":\"https:\/\/schema.org\",\"@graph\":[{\"@type\":\"WebPage\",\"@id\":\"https:\/\/taboofashion.com\/hu\/shop\/sols-imperial-heavy-ing\/\",\"url\":\"https:\/\/taboofashion.com\/hu\/shop\/sols-imperial-heavy-ing\/\",\"name\":\"Imperial Heavy F\u00e9rfi p\u00f3l\u00f3 &#8211; Fashion shop\",\"isPartOf\":{\"@id\":\"https:\/\/taboofashion.com\/hu\/#website\"},\"datePublished\":\"2022-08-29T02:38:50+00:00\",\"dateModified\":\"2023-05-24T14:10:25+00:00\",\"breadcrumb\":{\"@id\":\"https:\/\/taboofashion.com\/hu\/shop\/sols-imperial-heavy-ing\/#breadcrumb\"},\"inLanguage\":\"hu\",\"potentialAction\":[{\"@type\":\"ReadAction\",\"target\":[\"https:\/\/taboofashion.com\/hu\/shop\/sols-imperial-heavy-ing\/\"]}]},{\"@type\":\"BreadcrumbList\",\"@id\":\"https:\/\/taboofashion.com\/hu\/shop\/sols-imperial-heavy-ing\/#breadcrumb\",\"itemListElement\":[{\"@type\":\"ListItem\",\"position\":1,\"name\":\"Home\",\"item\":\"https:\/\/taboofashion.com\/hu\/\"},{\"@type\":\"ListItem\",\"position\":2,\"name\":\"Bolt\",\"item\":\"https:\/\/taboofashion.com\/hu\/\"},{\"@type\":\"ListItem\",\"position\":3,\"name\":\"Imperial Heavy F\u00e9rfi p\u00f3l\u00f3\"}]},{\"@type\":\"WebSite\",\"@id\":\"https:\/\/taboofashion.com\/hu\/#website\",\"url\":\"https:\/\/taboofashion.com\/hu\/\",\"name\":\"Fashion shop\",\"description\":\"\",\"publisher\":{\"@id\":\"https:\/\/taboofashion.com\/hu\/#organization\"},\"potentialAction\":[{\"@type\":\"SearchAction\",\"target\":{\"@type\":\"EntryPoint\",\"urlTemplate\":\"https:\/\/taboofashion.com\/hu\/?s={search_term_string}\"},\"query-input\":\"required name=search_term_string\"}],\"inLanguage\":\"hu\"},{\"@type\":\"Organization\",\"@id\":\"https:\/\/taboofashion.com\/hu\/#organization\",\"name\":\"Taboo Slovakia s.r.o.\",\"url\":\"https:\/\/taboofashion.com\/hu\/\",\"logo\":{\"@type\":\"ImageObject\",\"inLanguage\":\"hu\",\"@id\":\"https:\/\/taboofashion.com\/hu\/#\/schema\/logo\/image\/\",\"url\":\"https:\/\/taboofashion.com\/wp-content\/uploads\/2022\/12\/taboologo2100-002.png\",\"contentUrl\":\"https:\/\/taboofashion.com\/wp-content\/uploads\/2022\/12\/taboologo2100-002.png\",\"width\":2100,\"height\":1050,\"caption\":\"Taboo Slovakia s.r.o.\"},\"image\":{\"@id\":\"https:\/\/taboofashion.com\/hu\/#\/schema\/logo\/image\/\"},\"sameAs\":[\"https:\/\/www.facebook.com\/TabooSlovakia\",\"https:\/\/www.linkedin.com\/company\/541747\/\",\"https:\/\/www.instagram.com\/taboofashion.com1\/\"]}]}<\/script>\n<meta property=\"product:brand\" content=\"SOL&#039;s Collection\" \/>\n<meta property=\"og:availability\" content=\"instock\" \/>\n<meta property=\"product:availability\" content=\"instock\" \/>\n<meta property=\"product:retailer_item_id\" content=\"25150000100\" \/>\n<meta property=\"product:condition\" content=\"new\" \/>\n<!-- \/ Yoast SEO plugin. -->","yoast_head_json":{"title":"Imperial Heavy F\u00e9rfi p\u00f3l\u00f3 &#8211; Fashion shop","robots":{"index":"index","follow":"follow","max-snippet":"max-snippet:-1","max-image-preview":"max-image-preview:large","max-video-preview":"max-video-preview:-1"},"canonical":"https:\/\/taboofashion.com\/hu\/shop\/sols-imperial-heavy-ing\/","og_locale":"hu_HU","og_type":"article","og_title":"Imperial Heavy F\u00e9rfi p\u00f3l\u00f3 &#8211; Fashion shop","og_description":"190g\/m\u00b2, 100% f\u00e9lig f\u00e9s\u00fclt gy\u0171r\u0171s fonott pamut, hamu: 98% pamut, 2% viszk\u00f3z, sz\u00fcrke melanzs: 85% pamut, 15% viszk\u00f3z","og_url":"https:\/\/taboofashion.com\/hu\/shop\/sols-imperial-heavy-ing\/","og_site_name":"Fashion shop","article_publisher":"https:\/\/www.facebook.com\/TabooSlovakia","article_modified_time":"2023-05-24T14:10:25+00:00","og_image":[{"width":1000,"height":1000,"url":"https:\/\/taboofashion.com\/wp-content\/uploads\/2022\/08\/SOLS_25_1500_Imperial_Heavy_Men.jpg","type":"image\/jpeg"}],"twitter_card":"summary_large_image","schema":{"@context":"https:\/\/schema.org","@graph":[{"@type":"WebPage","@id":"https:\/\/taboofashion.com\/hu\/shop\/sols-imperial-heavy-ing\/","url":"https:\/\/taboofashion.com\/hu\/shop\/sols-imperial-heavy-ing\/","name":"Imperial Heavy F\u00e9rfi p\u00f3l\u00f3 &#8211; Fashion shop","isPartOf":{"@id":"https:\/\/taboofashion.com\/hu\/#website"},"datePublished":"2022-08-29T02:38:50+00:00","dateModified":"2023-05-24T14:10:25+00:00","breadcrumb":{"@id":"https:\/\/taboofashion.com\/hu\/shop\/sols-imperial-heavy-ing\/#breadcrumb"},"inLanguage":"hu","potentialAction":[{"@type":"ReadAction","target":["https:\/\/taboofashion.com\/hu\/shop\/sols-imperial-heavy-ing\/"]}]},{"@type":"BreadcrumbList","@id":"https:\/\/taboofashion.com\/hu\/shop\/sols-imperial-heavy-ing\/#breadcrumb","itemListElement":[{"@type":"ListItem","position":1,"name":"Home","item":"https:\/\/taboofashion.com\/hu\/"},{"@type":"ListItem","position":2,"name":"Bolt","item":"https:\/\/taboofashion.com\/hu\/"},{"@type":"ListItem","position":3,"name":"Imperial Heavy F\u00e9rfi p\u00f3l\u00f3"}]},{"@type":"WebSite","@id":"https:\/\/taboofashion.com\/hu\/#website","url":"https:\/\/taboofashion.com\/hu\/","name":"Fashion shop","description":"","publisher":{"@id":"https:\/\/taboofashion.com\/hu\/#organization"},"potentialAction":[{"@type":"SearchAction","target":{"@type":"EntryPoint","urlTemplate":"https:\/\/taboofashion.com\/hu\/?s={search_term_string}"},"query-input":"required name=search_term_string"}],"inLanguage":"hu"},{"@type":"Organization","@id":"https:\/\/taboofashion.com\/hu\/#organization","name":"Taboo Slovakia s.r.o.","url":"https:\/\/taboofashion.com\/hu\/","logo":{"@type":"ImageObject","inLanguage":"hu","@id":"https:\/\/taboofashion.com\/hu\/#\/schema\/logo\/image\/","url":"https:\/\/taboofashion.com\/wp-content\/uploads\/2022\/12\/taboologo2100-002.png","contentUrl":"https:\/\/taboofashion.com\/wp-content\/uploads\/2022\/12\/taboologo2100-002.png","width":2100,"height":1050,"caption":"Taboo Slovakia s.r.o."},"image":{"@id":"https:\/\/taboofashion.com\/hu\/#\/schema\/logo\/image\/"},"sameAs":["https:\/\/www.facebook.com\/TabooSlovakia","https:\/\/www.linkedin.com\/company\/541747\/","https:\/\/www.instagram.com\/taboofashion.com1\/"]}]},"product_brand":"SOL&#039;s Collection","og_availability":"instock","product_availability":"instock","product_retailer_item_id":"25150000100","product_condition":"new"},"_links":{"self":[{"href":"https:\/\/taboofashion.com\/hu\/wp-json\/wp\/v2\/product\/648800","targetHints":{"allow":["GET"]}}],"collection":[{"href":"https:\/\/taboofashion.com\/hu\/wp-json\/wp\/v2\/product"}],"about":[{"href":"https:\/\/taboofashion.com\/hu\/wp-json\/wp\/v2\/types\/product"}],"wp:featuredmedia":[{"embeddable":true,"href":"https:\/\/taboofashion.com\/hu\/wp-json\/wp\/v2\/media\/608917"}],"wp:attachment":[{"href":"https:\/\/taboofashion.com\/hu\/wp-json\/wp\/v2\/media?parent=648800"}],"wp:term":[{"taxonomy":"product_cat","embeddable":true,"href":"https:\/\/taboofashion.com\/hu\/wp-json\/wp\/v2\/product_cat?post=648800"},{"taxonomy":"product_tag","embeddable":true,"href":"https:\/\/taboofashion.com\/hu\/wp-json\/wp\/v2\/product_tag?post=648800"}],"curies":[{"name":"wp","href":"https:\/\/api.w.org\/{rel}","templated":true}]}}