{"id":651279,"date":"2022-08-25T21:45:32","date_gmt":"2022-08-25T19:45:32","guid":{"rendered":"https:\/\/taboofashion.com\/shop\/james-nicholson-jn-812-3-in-1-pilot-kabat\/"},"modified":"2023-09-13T14:51:46","modified_gmt":"2023-09-13T12:51:46","slug":"james-nicholson-jn-812-3-in-1-pilotenmantel","status":"publish","type":"product","link":"https:\/\/taboofashion.com\/hu\/shop\/james-nicholson-jn-812-3-in-1-pilotenmantel\/","title":{"rendered":"JN 812 3 az 1-ben F\u00e9rfi pil\u00f3takab\u00e1t"},"content":{"rendered":"<p>Mell\u00e9ny 1 bels\u0151 zsebbel, t\u00e9li kab\u00e1t, k\u00f6ztes kab\u00e1t \u00e9s mell\u00e9ny egyben, sz\u00e9l- \u00e9s v\u00edztasz\u00edt\u00f3 (600 mm-es v\u00edzoszlop), levehet\u0151 Sherpa gyapj\u00fa gall\u00e9r, levehet\u0151 ujjak, k\u00f6t\u00f6tt mandzsetta az ujjakon \u00e9s a szeg\u00e9lyen, 2 nagy cipz\u00e1ros mellzseb \u00e9s mobiltelefon zseb, 2 oldalzseb, cipz\u00e1ras ujjzseb, 2 t\u00e1gas bels\u0151 zseb, levehet\u0151 bels\u0151 mell\u00e9ny sherpa gyapj\u00fab\u00f3l, szennyez\u0151d\u00e9stasz\u00edt\u00f3, h\u00e1tul a d\u00edszekhez val\u00f3 hozz\u00e1f\u00e9r\u00e9s, a v\u00e1llakon biztons\u00e1gi f\u00e9nyvisszaver\u0151 t\u00f6ml\u0151 (v\u00e9d\u0151 funkci\u00f3 n\u00e9lk\u00fcl) ill. vissza<\/p>\n","protected":false},"excerpt":{"rendered":"<p>H\u00e9ja: 60% poli\u00e9szter, 40% pamut, b\u00e9l\u00e9s \u00e9s b\u00e9l\u00e9s: 100% poli\u00e9szter<\/p>\n","protected":false},"featured_media":609439,"template":"","meta":[],"product_cat":[3614,3625],"product_tag":[],"class_list":{"0":"post-651279","1":"product","2":"type-product","3":"status-publish","4":"has-post-thumbnail","6":"product_cat-dzsekik","7":"product_cat-munkaruha-vedoruhazat","8":"pa_brand-james-nicholson-hu","9":"pa_colour-fekete","10":"pa_colour-tengereszgyalogsag","11":"pa_size-s-hu","12":"pa_size-m-hu","13":"pa_size-l-hu","14":"pa_size-xl-hu","15":"pa_size-xxl-hu","16":"pa_size-3xl-hu","18":"first","19":"instock","20":"taxable","21":"shipping-taxable","22":"purchasable","23":"product-type-variable","24":"has-default-attributes"},"yoast_head":"<!-- This site is optimized with the Yoast SEO plugin v21.8 - https:\/\/yoast.com\/wordpress\/plugins\/seo\/ -->\n<title>JN 812 3 az 1-ben F\u00e9rfi pil\u00f3takab\u00e1t &#8211; Fashion shop<\/title>\n<meta name=\"robots\" content=\"index, follow, max-snippet:-1, max-image-preview:large, max-video-preview:-1\" \/>\n<link rel=\"canonical\" href=\"https:\/\/taboofashion.com\/hu\/shop\/james-nicholson-jn-812-3-in-1-pilotenmantel\/\" \/>\n<meta property=\"og:locale\" content=\"hu_HU\" \/>\n<meta property=\"og:type\" content=\"article\" \/>\n<meta property=\"og:title\" content=\"JN 812 3 az 1-ben F\u00e9rfi pil\u00f3takab\u00e1t &#8211; Fashion shop\" \/>\n<meta property=\"og:description\" content=\"H\u00e9ja: 60% poli\u00e9szter, 40% pamut, b\u00e9l\u00e9s \u00e9s b\u00e9l\u00e9s: 100% poli\u00e9szter\" \/>\n<meta property=\"og:url\" content=\"https:\/\/taboofashion.com\/hu\/shop\/james-nicholson-jn-812-3-in-1-pilotenmantel\/\" \/>\n<meta property=\"og:site_name\" content=\"Fashion shop\" \/>\n<meta property=\"article:publisher\" content=\"https:\/\/www.facebook.com\/TabooSlovakia\" \/>\n<meta property=\"article:modified_time\" content=\"2023-09-13T12:51:46+00:00\" \/>\n<meta property=\"og:image\" content=\"https:\/\/taboofashion.com\/wp-content\/uploads\/2022\/08\/LS-02.0812-James-Nicholson-JN-812-1.jpg\" \/>\n\t<meta property=\"og:image:width\" content=\"1000\" \/>\n\t<meta property=\"og:image:height\" content=\"1000\" \/>\n\t<meta property=\"og:image:type\" content=\"image\/jpeg\" \/>\n<meta name=\"twitter:card\" content=\"summary_large_image\" \/>\n<script type=\"application\/ld+json\" class=\"yoast-schema-graph\">{\"@context\":\"https:\/\/schema.org\",\"@graph\":[{\"@type\":\"WebPage\",\"@id\":\"https:\/\/taboofashion.com\/hu\/shop\/james-nicholson-jn-812-3-in-1-pilotenmantel\/\",\"url\":\"https:\/\/taboofashion.com\/hu\/shop\/james-nicholson-jn-812-3-in-1-pilotenmantel\/\",\"name\":\"JN 812 3 az 1-ben F\u00e9rfi pil\u00f3takab\u00e1t &#8211; Fashion shop\",\"isPartOf\":{\"@id\":\"https:\/\/taboofashion.com\/hu\/#website\"},\"datePublished\":\"2022-08-25T19:45:32+00:00\",\"dateModified\":\"2023-09-13T12:51:46+00:00\",\"breadcrumb\":{\"@id\":\"https:\/\/taboofashion.com\/hu\/shop\/james-nicholson-jn-812-3-in-1-pilotenmantel\/#breadcrumb\"},\"inLanguage\":\"hu\",\"potentialAction\":[{\"@type\":\"ReadAction\",\"target\":[\"https:\/\/taboofashion.com\/hu\/shop\/james-nicholson-jn-812-3-in-1-pilotenmantel\/\"]}]},{\"@type\":\"BreadcrumbList\",\"@id\":\"https:\/\/taboofashion.com\/hu\/shop\/james-nicholson-jn-812-3-in-1-pilotenmantel\/#breadcrumb\",\"itemListElement\":[{\"@type\":\"ListItem\",\"position\":1,\"name\":\"Home\",\"item\":\"https:\/\/taboofashion.com\/hu\/\"},{\"@type\":\"ListItem\",\"position\":2,\"name\":\"Bolt\",\"item\":\"https:\/\/taboofashion.com\/hu\/\"},{\"@type\":\"ListItem\",\"position\":3,\"name\":\"JN 812 3 az 1-ben F\u00e9rfi pil\u00f3takab\u00e1t\"}]},{\"@type\":\"WebSite\",\"@id\":\"https:\/\/taboofashion.com\/hu\/#website\",\"url\":\"https:\/\/taboofashion.com\/hu\/\",\"name\":\"Fashion shop\",\"description\":\"\",\"publisher\":{\"@id\":\"https:\/\/taboofashion.com\/hu\/#organization\"},\"potentialAction\":[{\"@type\":\"SearchAction\",\"target\":{\"@type\":\"EntryPoint\",\"urlTemplate\":\"https:\/\/taboofashion.com\/hu\/?s={search_term_string}\"},\"query-input\":\"required name=search_term_string\"}],\"inLanguage\":\"hu\"},{\"@type\":\"Organization\",\"@id\":\"https:\/\/taboofashion.com\/hu\/#organization\",\"name\":\"Taboo Slovakia s.r.o.\",\"url\":\"https:\/\/taboofashion.com\/hu\/\",\"logo\":{\"@type\":\"ImageObject\",\"inLanguage\":\"hu\",\"@id\":\"https:\/\/taboofashion.com\/hu\/#\/schema\/logo\/image\/\",\"url\":\"https:\/\/taboofashion.com\/wp-content\/uploads\/2022\/12\/taboologo2100-002.png\",\"contentUrl\":\"https:\/\/taboofashion.com\/wp-content\/uploads\/2022\/12\/taboologo2100-002.png\",\"width\":2100,\"height\":1050,\"caption\":\"Taboo Slovakia s.r.o.\"},\"image\":{\"@id\":\"https:\/\/taboofashion.com\/hu\/#\/schema\/logo\/image\/\"},\"sameAs\":[\"https:\/\/www.facebook.com\/TabooSlovakia\",\"https:\/\/www.linkedin.com\/company\/541747\/\",\"https:\/\/www.instagram.com\/taboofashion.com1\/\"]}]}<\/script>\n<meta property=\"product:brand\" content=\"James &amp; Nicholson\" \/>\n<meta property=\"og:availability\" content=\"instock\" \/>\n<meta property=\"product:availability\" content=\"instock\" \/>\n<meta property=\"product:retailer_item_id\" content=\"02081200201\" \/>\n<meta property=\"product:condition\" content=\"new\" \/>\n<!-- \/ Yoast SEO plugin. -->","yoast_head_json":{"title":"JN 812 3 az 1-ben F\u00e9rfi pil\u00f3takab\u00e1t &#8211; Fashion shop","robots":{"index":"index","follow":"follow","max-snippet":"max-snippet:-1","max-image-preview":"max-image-preview:large","max-video-preview":"max-video-preview:-1"},"canonical":"https:\/\/taboofashion.com\/hu\/shop\/james-nicholson-jn-812-3-in-1-pilotenmantel\/","og_locale":"hu_HU","og_type":"article","og_title":"JN 812 3 az 1-ben F\u00e9rfi pil\u00f3takab\u00e1t &#8211; Fashion shop","og_description":"H\u00e9ja: 60% poli\u00e9szter, 40% pamut, b\u00e9l\u00e9s \u00e9s b\u00e9l\u00e9s: 100% poli\u00e9szter","og_url":"https:\/\/taboofashion.com\/hu\/shop\/james-nicholson-jn-812-3-in-1-pilotenmantel\/","og_site_name":"Fashion shop","article_publisher":"https:\/\/www.facebook.com\/TabooSlovakia","article_modified_time":"2023-09-13T12:51:46+00:00","og_image":[{"width":1000,"height":1000,"url":"https:\/\/taboofashion.com\/wp-content\/uploads\/2022\/08\/LS-02.0812-James-Nicholson-JN-812-1.jpg","type":"image\/jpeg"}],"twitter_card":"summary_large_image","schema":{"@context":"https:\/\/schema.org","@graph":[{"@type":"WebPage","@id":"https:\/\/taboofashion.com\/hu\/shop\/james-nicholson-jn-812-3-in-1-pilotenmantel\/","url":"https:\/\/taboofashion.com\/hu\/shop\/james-nicholson-jn-812-3-in-1-pilotenmantel\/","name":"JN 812 3 az 1-ben F\u00e9rfi pil\u00f3takab\u00e1t &#8211; Fashion shop","isPartOf":{"@id":"https:\/\/taboofashion.com\/hu\/#website"},"datePublished":"2022-08-25T19:45:32+00:00","dateModified":"2023-09-13T12:51:46+00:00","breadcrumb":{"@id":"https:\/\/taboofashion.com\/hu\/shop\/james-nicholson-jn-812-3-in-1-pilotenmantel\/#breadcrumb"},"inLanguage":"hu","potentialAction":[{"@type":"ReadAction","target":["https:\/\/taboofashion.com\/hu\/shop\/james-nicholson-jn-812-3-in-1-pilotenmantel\/"]}]},{"@type":"BreadcrumbList","@id":"https:\/\/taboofashion.com\/hu\/shop\/james-nicholson-jn-812-3-in-1-pilotenmantel\/#breadcrumb","itemListElement":[{"@type":"ListItem","position":1,"name":"Home","item":"https:\/\/taboofashion.com\/hu\/"},{"@type":"ListItem","position":2,"name":"Bolt","item":"https:\/\/taboofashion.com\/hu\/"},{"@type":"ListItem","position":3,"name":"JN 812 3 az 1-ben F\u00e9rfi pil\u00f3takab\u00e1t"}]},{"@type":"WebSite","@id":"https:\/\/taboofashion.com\/hu\/#website","url":"https:\/\/taboofashion.com\/hu\/","name":"Fashion shop","description":"","publisher":{"@id":"https:\/\/taboofashion.com\/hu\/#organization"},"potentialAction":[{"@type":"SearchAction","target":{"@type":"EntryPoint","urlTemplate":"https:\/\/taboofashion.com\/hu\/?s={search_term_string}"},"query-input":"required name=search_term_string"}],"inLanguage":"hu"},{"@type":"Organization","@id":"https:\/\/taboofashion.com\/hu\/#organization","name":"Taboo Slovakia s.r.o.","url":"https:\/\/taboofashion.com\/hu\/","logo":{"@type":"ImageObject","inLanguage":"hu","@id":"https:\/\/taboofashion.com\/hu\/#\/schema\/logo\/image\/","url":"https:\/\/taboofashion.com\/wp-content\/uploads\/2022\/12\/taboologo2100-002.png","contentUrl":"https:\/\/taboofashion.com\/wp-content\/uploads\/2022\/12\/taboologo2100-002.png","width":2100,"height":1050,"caption":"Taboo Slovakia s.r.o."},"image":{"@id":"https:\/\/taboofashion.com\/hu\/#\/schema\/logo\/image\/"},"sameAs":["https:\/\/www.facebook.com\/TabooSlovakia","https:\/\/www.linkedin.com\/company\/541747\/","https:\/\/www.instagram.com\/taboofashion.com1\/"]}]},"product_brand":"James &amp; Nicholson","og_availability":"instock","product_availability":"instock","product_retailer_item_id":"02081200201","product_condition":"new"},"_links":{"self":[{"href":"https:\/\/taboofashion.com\/hu\/wp-json\/wp\/v2\/product\/651279","targetHints":{"allow":["GET"]}}],"collection":[{"href":"https:\/\/taboofashion.com\/hu\/wp-json\/wp\/v2\/product"}],"about":[{"href":"https:\/\/taboofashion.com\/hu\/wp-json\/wp\/v2\/types\/product"}],"wp:featuredmedia":[{"embeddable":true,"href":"https:\/\/taboofashion.com\/hu\/wp-json\/wp\/v2\/media\/609439"}],"wp:attachment":[{"href":"https:\/\/taboofashion.com\/hu\/wp-json\/wp\/v2\/media?parent=651279"}],"wp:term":[{"taxonomy":"product_cat","embeddable":true,"href":"https:\/\/taboofashion.com\/hu\/wp-json\/wp\/v2\/product_cat?post=651279"},{"taxonomy":"product_tag","embeddable":true,"href":"https:\/\/taboofashion.com\/hu\/wp-json\/wp\/v2\/product_tag?post=651279"}],"curies":[{"name":"wp","href":"https:\/\/api.w.org\/{rel}","templated":true}]}}