{"id":653870,"date":"2022-08-26T11:17:51","date_gmt":"2022-08-26T09:17:51","guid":{"rendered":"https:\/\/taboofashion.com\/shop\/james-nicholson-jn-1832-42-60-munkaruha-nadrag-modern-style-strong\/"},"modified":"2023-07-05T16:28:45","modified_gmt":"2023-07-05T14:28:45","slug":"james-nicholson-jn-1832-42-60-munkaruha-nadrag-modern-style-strong","status":"publish","type":"product","link":"https:\/\/taboofashion.com\/hu\/shop\/james-nicholson-jn-1832-42-60-munkaruha-nadrag-modern-style-strong\/","title":{"rendered":"JN 1832 (42-60) F\u00e9rfi munkanadr\u00e1g &#8222;Modern Style&#8221; &#8211; Er\u0151s"},"content":{"rendered":"<p>Keskeny szab\u00e1s\u00fa, rugalmas der\u00e9kr\u00e9sz \u00f6vhurokkal, YKK cipz\u00e1rak, oldalzsebek, t\u00f6bb szersz\u00e1mzseb, Cordura\u00ae-er\u0151s\u00edt\u00e9s\u0171 t\u00e9rdv\u00e9d\u0151 zseb, 2 cipz\u00e1ras zseb, mobiltelefon zseb, vonalz\u00f3 zseb, tolltart\u00f3 zseb, szakad\u00e1s\u00e1ll\u00f3 3 ir\u00e1ny\u00fa varr\u00e1sok, robusztus \u00e9s tart\u00f3s, rugalmas, f\u00e9nyvisszaver\u0151 elemek (v\u00e9d\u0151 funkci\u00f3 n\u00e9lk\u00fcl), 60\u00b0-on moshat\u00f3, sz\u00e1r\u00edt\u00f3g\u00e9pben sz\u00e1r\u00edthat\u00f3, 3 hosszban kaphat\u00f3, a web\u00e1ruh\u00e1zban: r\u00f6vid 02.132S, k\u00f6zepes 02.132M\/02.132X, hossz\u00fa 02.132L, 62-es m\u00e9ret Cikksz\u00e1m. 02.132X<\/p>\n","protected":false},"excerpt":{"rendered":"<p>260g\/m\u00b2, fels\u0151 anyag: 65% \u00fajrahasznos\u00edtott poli\u00e9szter, 32% organikus pamut, 3% elaszt\u00e1n, szeg\u00e9ly: 100% poliamid<\/p>\n","protected":false},"featured_media":609213,"template":"","meta":[],"product_cat":[3617,3625],"product_tag":[],"class_list":{"0":"post-653870","1":"product","2":"type-product","3":"status-publish","4":"has-post-thumbnail","6":"product_cat-nadragok","7":"product_cat-munkaruha-vedoruhazat","8":"pa_brand-james-nicholson-hu","9":"pa_colour-feher-szen-2","10":"pa_colour-fekete-szurke-hu","11":"pa_colour-kiralyi-navy","12":"pa_colour-ko-fekete-hu","13":"pa_colour-piros-fekete-hu","14":"pa_colour-sotetzold-fekete","15":"pa_colour-szurke-fekete-hu-3","16":"pa_colour-tengereszgyalogsag-tengereszgyalogsag","17":"pa_size-42-hu","18":"pa_size-44-hu","19":"pa_size-46-hu","20":"pa_size-48-hu","21":"pa_size-50-hu","22":"pa_size-52-hu","23":"pa_size-54-hu","24":"pa_size-56-hu","25":"pa_size-58-hu","26":"pa_size-60-hu","28":"first","29":"instock","30":"taxable","31":"shipping-taxable","32":"purchasable","33":"product-type-variable","34":"has-default-attributes"},"yoast_head":"<!-- This site is optimized with the Yoast SEO plugin v21.8 - https:\/\/yoast.com\/wordpress\/plugins\/seo\/ -->\n<title>JN 1832 (42-60) F\u00e9rfi munkanadr\u00e1g &quot;Modern Style&quot; - Er\u0151s &#8211; Fashion shop<\/title>\n<meta name=\"robots\" content=\"index, follow, max-snippet:-1, max-image-preview:large, max-video-preview:-1\" \/>\n<link rel=\"canonical\" href=\"https:\/\/taboofashion.com\/hu\/shop\/james-nicholson-jn-1832-42-60-munkaruha-nadrag-modern-style-strong\/\" \/>\n<meta property=\"og:locale\" content=\"hu_HU\" \/>\n<meta property=\"og:type\" content=\"article\" \/>\n<meta property=\"og:title\" content=\"JN 1832 (42-60) F\u00e9rfi munkanadr\u00e1g &quot;Modern Style&quot; - Er\u0151s &#8211; Fashion shop\" \/>\n<meta property=\"og:description\" content=\"260g\/m\u00b2, fels\u0151 anyag: 65% \u00fajrahasznos\u00edtott poli\u00e9szter, 32% organikus pamut, 3% elaszt\u00e1n, szeg\u00e9ly: 100% poliamid\" \/>\n<meta property=\"og:url\" content=\"https:\/\/taboofashion.com\/hu\/shop\/james-nicholson-jn-1832-42-60-munkaruha-nadrag-modern-style-strong\/\" \/>\n<meta property=\"og:site_name\" content=\"Fashion shop\" \/>\n<meta property=\"article:publisher\" content=\"https:\/\/www.facebook.com\/TabooSlovakia\" \/>\n<meta property=\"article:modified_time\" content=\"2023-07-05T14:28:45+00:00\" \/>\n<meta property=\"og:image\" content=\"https:\/\/taboofashion.com\/wp-content\/uploads\/2022\/08\/LS-02.132M-James-Nicholson-JN-1832-42-60-5.jpg\" \/>\n\t<meta property=\"og:image:width\" content=\"1000\" \/>\n\t<meta property=\"og:image:height\" content=\"1000\" \/>\n\t<meta property=\"og:image:type\" content=\"image\/jpeg\" \/>\n<meta name=\"twitter:card\" content=\"summary_large_image\" \/>\n<script type=\"application\/ld+json\" class=\"yoast-schema-graph\">{\"@context\":\"https:\/\/schema.org\",\"@graph\":[{\"@type\":\"WebPage\",\"@id\":\"https:\/\/taboofashion.com\/hu\/shop\/james-nicholson-jn-1832-42-60-munkaruha-nadrag-modern-style-strong\/\",\"url\":\"https:\/\/taboofashion.com\/hu\/shop\/james-nicholson-jn-1832-42-60-munkaruha-nadrag-modern-style-strong\/\",\"name\":\"JN 1832 (42-60) F\u00e9rfi munkanadr\u00e1g \\\"Modern Style\\\" - Er\u0151s &#8211; Fashion shop\",\"isPartOf\":{\"@id\":\"https:\/\/taboofashion.com\/hu\/#website\"},\"datePublished\":\"2022-08-26T09:17:51+00:00\",\"dateModified\":\"2023-07-05T14:28:45+00:00\",\"breadcrumb\":{\"@id\":\"https:\/\/taboofashion.com\/hu\/shop\/james-nicholson-jn-1832-42-60-munkaruha-nadrag-modern-style-strong\/#breadcrumb\"},\"inLanguage\":\"hu\",\"potentialAction\":[{\"@type\":\"ReadAction\",\"target\":[\"https:\/\/taboofashion.com\/hu\/shop\/james-nicholson-jn-1832-42-60-munkaruha-nadrag-modern-style-strong\/\"]}]},{\"@type\":\"BreadcrumbList\",\"@id\":\"https:\/\/taboofashion.com\/hu\/shop\/james-nicholson-jn-1832-42-60-munkaruha-nadrag-modern-style-strong\/#breadcrumb\",\"itemListElement\":[{\"@type\":\"ListItem\",\"position\":1,\"name\":\"Home\",\"item\":\"https:\/\/taboofashion.com\/hu\/\"},{\"@type\":\"ListItem\",\"position\":2,\"name\":\"Bolt\",\"item\":\"https:\/\/taboofashion.com\/hu\/\"},{\"@type\":\"ListItem\",\"position\":3,\"name\":\"JN 1832 (42-60) F\u00e9rfi munkanadr\u00e1g &#8220;Modern Style&#8221; &#8211; Er\u0151s\"}]},{\"@type\":\"WebSite\",\"@id\":\"https:\/\/taboofashion.com\/hu\/#website\",\"url\":\"https:\/\/taboofashion.com\/hu\/\",\"name\":\"Fashion shop\",\"description\":\"\",\"publisher\":{\"@id\":\"https:\/\/taboofashion.com\/hu\/#organization\"},\"potentialAction\":[{\"@type\":\"SearchAction\",\"target\":{\"@type\":\"EntryPoint\",\"urlTemplate\":\"https:\/\/taboofashion.com\/hu\/?s={search_term_string}\"},\"query-input\":\"required name=search_term_string\"}],\"inLanguage\":\"hu\"},{\"@type\":\"Organization\",\"@id\":\"https:\/\/taboofashion.com\/hu\/#organization\",\"name\":\"Taboo Slovakia s.r.o.\",\"url\":\"https:\/\/taboofashion.com\/hu\/\",\"logo\":{\"@type\":\"ImageObject\",\"inLanguage\":\"hu\",\"@id\":\"https:\/\/taboofashion.com\/hu\/#\/schema\/logo\/image\/\",\"url\":\"https:\/\/taboofashion.com\/wp-content\/uploads\/2022\/12\/taboologo2100-002.png\",\"contentUrl\":\"https:\/\/taboofashion.com\/wp-content\/uploads\/2022\/12\/taboologo2100-002.png\",\"width\":2100,\"height\":1050,\"caption\":\"Taboo Slovakia s.r.o.\"},\"image\":{\"@id\":\"https:\/\/taboofashion.com\/hu\/#\/schema\/logo\/image\/\"},\"sameAs\":[\"https:\/\/www.facebook.com\/TabooSlovakia\",\"https:\/\/www.linkedin.com\/company\/541747\/\",\"https:\/\/www.instagram.com\/taboofashion.com1\/\"]}]}<\/script>\n<meta property=\"product:brand\" content=\"James &amp; Nicholson\" \/>\n<meta property=\"og:availability\" content=\"instock\" \/>\n<meta property=\"product:availability\" content=\"instock\" \/>\n<meta property=\"product:retailer_item_id\" content=\"02132M809m6\" \/>\n<meta property=\"product:condition\" content=\"new\" \/>\n<!-- \/ Yoast SEO plugin. -->","yoast_head_json":{"title":"JN 1832 (42-60) F\u00e9rfi munkanadr\u00e1g \"Modern Style\" - Er\u0151s &#8211; Fashion shop","robots":{"index":"index","follow":"follow","max-snippet":"max-snippet:-1","max-image-preview":"max-image-preview:large","max-video-preview":"max-video-preview:-1"},"canonical":"https:\/\/taboofashion.com\/hu\/shop\/james-nicholson-jn-1832-42-60-munkaruha-nadrag-modern-style-strong\/","og_locale":"hu_HU","og_type":"article","og_title":"JN 1832 (42-60) F\u00e9rfi munkanadr\u00e1g \"Modern Style\" - Er\u0151s &#8211; Fashion shop","og_description":"260g\/m\u00b2, fels\u0151 anyag: 65% \u00fajrahasznos\u00edtott poli\u00e9szter, 32% organikus pamut, 3% elaszt\u00e1n, szeg\u00e9ly: 100% poliamid","og_url":"https:\/\/taboofashion.com\/hu\/shop\/james-nicholson-jn-1832-42-60-munkaruha-nadrag-modern-style-strong\/","og_site_name":"Fashion shop","article_publisher":"https:\/\/www.facebook.com\/TabooSlovakia","article_modified_time":"2023-07-05T14:28:45+00:00","og_image":[{"width":1000,"height":1000,"url":"https:\/\/taboofashion.com\/wp-content\/uploads\/2022\/08\/LS-02.132M-James-Nicholson-JN-1832-42-60-5.jpg","type":"image\/jpeg"}],"twitter_card":"summary_large_image","schema":{"@context":"https:\/\/schema.org","@graph":[{"@type":"WebPage","@id":"https:\/\/taboofashion.com\/hu\/shop\/james-nicholson-jn-1832-42-60-munkaruha-nadrag-modern-style-strong\/","url":"https:\/\/taboofashion.com\/hu\/shop\/james-nicholson-jn-1832-42-60-munkaruha-nadrag-modern-style-strong\/","name":"JN 1832 (42-60) F\u00e9rfi munkanadr\u00e1g \"Modern Style\" - Er\u0151s &#8211; Fashion shop","isPartOf":{"@id":"https:\/\/taboofashion.com\/hu\/#website"},"datePublished":"2022-08-26T09:17:51+00:00","dateModified":"2023-07-05T14:28:45+00:00","breadcrumb":{"@id":"https:\/\/taboofashion.com\/hu\/shop\/james-nicholson-jn-1832-42-60-munkaruha-nadrag-modern-style-strong\/#breadcrumb"},"inLanguage":"hu","potentialAction":[{"@type":"ReadAction","target":["https:\/\/taboofashion.com\/hu\/shop\/james-nicholson-jn-1832-42-60-munkaruha-nadrag-modern-style-strong\/"]}]},{"@type":"BreadcrumbList","@id":"https:\/\/taboofashion.com\/hu\/shop\/james-nicholson-jn-1832-42-60-munkaruha-nadrag-modern-style-strong\/#breadcrumb","itemListElement":[{"@type":"ListItem","position":1,"name":"Home","item":"https:\/\/taboofashion.com\/hu\/"},{"@type":"ListItem","position":2,"name":"Bolt","item":"https:\/\/taboofashion.com\/hu\/"},{"@type":"ListItem","position":3,"name":"JN 1832 (42-60) F\u00e9rfi munkanadr\u00e1g &#8220;Modern Style&#8221; &#8211; Er\u0151s"}]},{"@type":"WebSite","@id":"https:\/\/taboofashion.com\/hu\/#website","url":"https:\/\/taboofashion.com\/hu\/","name":"Fashion shop","description":"","publisher":{"@id":"https:\/\/taboofashion.com\/hu\/#organization"},"potentialAction":[{"@type":"SearchAction","target":{"@type":"EntryPoint","urlTemplate":"https:\/\/taboofashion.com\/hu\/?s={search_term_string}"},"query-input":"required name=search_term_string"}],"inLanguage":"hu"},{"@type":"Organization","@id":"https:\/\/taboofashion.com\/hu\/#organization","name":"Taboo Slovakia s.r.o.","url":"https:\/\/taboofashion.com\/hu\/","logo":{"@type":"ImageObject","inLanguage":"hu","@id":"https:\/\/taboofashion.com\/hu\/#\/schema\/logo\/image\/","url":"https:\/\/taboofashion.com\/wp-content\/uploads\/2022\/12\/taboologo2100-002.png","contentUrl":"https:\/\/taboofashion.com\/wp-content\/uploads\/2022\/12\/taboologo2100-002.png","width":2100,"height":1050,"caption":"Taboo Slovakia s.r.o."},"image":{"@id":"https:\/\/taboofashion.com\/hu\/#\/schema\/logo\/image\/"},"sameAs":["https:\/\/www.facebook.com\/TabooSlovakia","https:\/\/www.linkedin.com\/company\/541747\/","https:\/\/www.instagram.com\/taboofashion.com1\/"]}]},"product_brand":"James &amp; Nicholson","og_availability":"instock","product_availability":"instock","product_retailer_item_id":"02132M809m6","product_condition":"new"},"_links":{"self":[{"href":"https:\/\/taboofashion.com\/hu\/wp-json\/wp\/v2\/product\/653870","targetHints":{"allow":["GET"]}}],"collection":[{"href":"https:\/\/taboofashion.com\/hu\/wp-json\/wp\/v2\/product"}],"about":[{"href":"https:\/\/taboofashion.com\/hu\/wp-json\/wp\/v2\/types\/product"}],"wp:featuredmedia":[{"embeddable":true,"href":"https:\/\/taboofashion.com\/hu\/wp-json\/wp\/v2\/media\/609213"}],"wp:attachment":[{"href":"https:\/\/taboofashion.com\/hu\/wp-json\/wp\/v2\/media?parent=653870"}],"wp:term":[{"taxonomy":"product_cat","embeddable":true,"href":"https:\/\/taboofashion.com\/hu\/wp-json\/wp\/v2\/product_cat?post=653870"},{"taxonomy":"product_tag","embeddable":true,"href":"https:\/\/taboofashion.com\/hu\/wp-json\/wp\/v2\/product_tag?post=653870"}],"curies":[{"name":"wp","href":"https:\/\/api.w.org\/{rel}","templated":true}]}}