{"id":654357,"date":"2022-08-26T23:58:11","date_gmt":"2022-08-26T21:58:11","guid":{"rendered":"https:\/\/taboofashion.com\/shop\/mirtusz-part-mb-7964-horgolt-sapka-eluto-szegellyel-es-pomponnal\/"},"modified":"2023-05-14T16:19:29","modified_gmt":"2023-05-14T14:19:29","slug":"mirtuszpart-mb-7964-horgolt-sapka-feltuno-karimaju-es-buborekkal","status":"publish","type":"product","link":"https:\/\/taboofashion.com\/hu\/shop\/mirtuszpart-mb-7964-horgolt-sapka-feltuno-karimaju-es-buborekkal\/","title":{"rendered":"MB 7964 Horgolt sapka kontrasztos d\u00edsz\u00edt\u00e9ssel \u00e9s pomponnal"},"content":{"rendered":"<p>Bel\u00fcl pol\u00e1rp\u00e1nttal a kellemes visel\u00e9si k\u00e9nyelem\u00e9rt, bubor\u00e9k \u00e9s dekor\u00e1ci\u00f3 kontrasztos sz\u00ednben, k\u00e9zzel k\u00e9sz\u00edtett<\/p>\n","protected":false},"excerpt":{"rendered":"<p>85 g, 100% akril, b\u00e9l\u00e9s: 100% poli\u00e9szter<\/p>\n","protected":false},"featured_media":610746,"template":"","meta":[],"product_cat":[3613],"product_tag":[],"class_list":{"0":"post-654357","1":"product","2":"type-product","3":"status-publish","4":"has-post-thumbnail","6":"product_cat-sapkak","7":"pa_brand-myrtle-beach-hu","8":"pa_colour-fekete-neonzold","9":"pa_colour-fekete-rozsaszin","10":"pa_colour-fekete-turkiz-2","11":"pa_colour-fekete-vilagosszurke-hu","12":"pa_colour-kek-feher","13":"pa_colour-narancs-aqua","14":"pa_colour-piros-feher","15":"pa_colour-szurke-piros-hu-hu","16":"pa_colour-szurke-sarga-hu-2","17":"pa_colour-tengereszgyalogsag-feher","18":"pa_colour-zold-savanyu-sarga-hu","19":"pa_size-onesize-hu","21":"first","22":"instock","23":"taxable","24":"shipping-taxable","25":"purchasable","26":"product-type-variable","27":"has-default-attributes"},"yoast_head":"<!-- This site is optimized with the Yoast SEO plugin v21.8 - https:\/\/yoast.com\/wordpress\/plugins\/seo\/ -->\n<title>MB 7964 Horgolt sapka kontrasztos d\u00edsz\u00edt\u00e9ssel \u00e9s pomponnal &#8211; Fashion shop<\/title>\n<meta name=\"robots\" content=\"index, follow, max-snippet:-1, max-image-preview:large, max-video-preview:-1\" \/>\n<link rel=\"canonical\" href=\"https:\/\/taboofashion.com\/hu\/shop\/mirtuszpart-mb-7964-horgolt-sapka-feltuno-karimaju-es-buborekkal\/\" \/>\n<meta property=\"og:locale\" content=\"hu_HU\" \/>\n<meta property=\"og:type\" content=\"article\" \/>\n<meta property=\"og:title\" content=\"MB 7964 Horgolt sapka kontrasztos d\u00edsz\u00edt\u00e9ssel \u00e9s pomponnal &#8211; Fashion shop\" \/>\n<meta property=\"og:description\" content=\"85 g, 100% akril, b\u00e9l\u00e9s: 100% poli\u00e9szter\" \/>\n<meta property=\"og:url\" content=\"https:\/\/taboofashion.com\/hu\/shop\/mirtuszpart-mb-7964-horgolt-sapka-feltuno-karimaju-es-buborekkal\/\" \/>\n<meta property=\"og:site_name\" content=\"Fashion shop\" \/>\n<meta property=\"article:publisher\" content=\"https:\/\/www.facebook.com\/TabooSlovakia\" \/>\n<meta property=\"article:modified_time\" content=\"2023-05-14T14:19:29+00:00\" \/>\n<meta property=\"og:image\" content=\"https:\/\/taboofashion.com\/wp-content\/uploads\/2022\/08\/LS-03.7964-Myrtle-Beach-MB-7964-1.jpg\" \/>\n\t<meta property=\"og:image:width\" content=\"1000\" \/>\n\t<meta property=\"og:image:height\" content=\"1000\" \/>\n\t<meta property=\"og:image:type\" content=\"image\/jpeg\" \/>\n<meta name=\"twitter:card\" content=\"summary_large_image\" \/>\n<script type=\"application\/ld+json\" class=\"yoast-schema-graph\">{\"@context\":\"https:\/\/schema.org\",\"@graph\":[{\"@type\":\"WebPage\",\"@id\":\"https:\/\/taboofashion.com\/hu\/shop\/mirtuszpart-mb-7964-horgolt-sapka-feltuno-karimaju-es-buborekkal\/\",\"url\":\"https:\/\/taboofashion.com\/hu\/shop\/mirtuszpart-mb-7964-horgolt-sapka-feltuno-karimaju-es-buborekkal\/\",\"name\":\"MB 7964 Horgolt sapka kontrasztos d\u00edsz\u00edt\u00e9ssel \u00e9s pomponnal &#8211; Fashion shop\",\"isPartOf\":{\"@id\":\"https:\/\/taboofashion.com\/hu\/#website\"},\"datePublished\":\"2022-08-26T21:58:11+00:00\",\"dateModified\":\"2023-05-14T14:19:29+00:00\",\"breadcrumb\":{\"@id\":\"https:\/\/taboofashion.com\/hu\/shop\/mirtuszpart-mb-7964-horgolt-sapka-feltuno-karimaju-es-buborekkal\/#breadcrumb\"},\"inLanguage\":\"hu\",\"potentialAction\":[{\"@type\":\"ReadAction\",\"target\":[\"https:\/\/taboofashion.com\/hu\/shop\/mirtuszpart-mb-7964-horgolt-sapka-feltuno-karimaju-es-buborekkal\/\"]}]},{\"@type\":\"BreadcrumbList\",\"@id\":\"https:\/\/taboofashion.com\/hu\/shop\/mirtuszpart-mb-7964-horgolt-sapka-feltuno-karimaju-es-buborekkal\/#breadcrumb\",\"itemListElement\":[{\"@type\":\"ListItem\",\"position\":1,\"name\":\"Home\",\"item\":\"https:\/\/taboofashion.com\/hu\/\"},{\"@type\":\"ListItem\",\"position\":2,\"name\":\"Bolt\",\"item\":\"https:\/\/taboofashion.com\/hu\/\"},{\"@type\":\"ListItem\",\"position\":3,\"name\":\"MB 7964 Horgolt sapka kontrasztos d\u00edsz\u00edt\u00e9ssel \u00e9s pomponnal\"}]},{\"@type\":\"WebSite\",\"@id\":\"https:\/\/taboofashion.com\/hu\/#website\",\"url\":\"https:\/\/taboofashion.com\/hu\/\",\"name\":\"Fashion shop\",\"description\":\"\",\"publisher\":{\"@id\":\"https:\/\/taboofashion.com\/hu\/#organization\"},\"potentialAction\":[{\"@type\":\"SearchAction\",\"target\":{\"@type\":\"EntryPoint\",\"urlTemplate\":\"https:\/\/taboofashion.com\/hu\/?s={search_term_string}\"},\"query-input\":\"required name=search_term_string\"}],\"inLanguage\":\"hu\"},{\"@type\":\"Organization\",\"@id\":\"https:\/\/taboofashion.com\/hu\/#organization\",\"name\":\"Taboo Slovakia s.r.o.\",\"url\":\"https:\/\/taboofashion.com\/hu\/\",\"logo\":{\"@type\":\"ImageObject\",\"inLanguage\":\"hu\",\"@id\":\"https:\/\/taboofashion.com\/hu\/#\/schema\/logo\/image\/\",\"url\":\"https:\/\/taboofashion.com\/wp-content\/uploads\/2022\/12\/taboologo2100-002.png\",\"contentUrl\":\"https:\/\/taboofashion.com\/wp-content\/uploads\/2022\/12\/taboologo2100-002.png\",\"width\":2100,\"height\":1050,\"caption\":\"Taboo Slovakia s.r.o.\"},\"image\":{\"@id\":\"https:\/\/taboofashion.com\/hu\/#\/schema\/logo\/image\/\"},\"sameAs\":[\"https:\/\/www.facebook.com\/TabooSlovakia\",\"https:\/\/www.linkedin.com\/company\/541747\/\",\"https:\/\/www.instagram.com\/taboofashion.com1\/\"]}]}<\/script>\n<meta property=\"product:brand\" content=\"Myrtle Beach\" \/>\n<meta property=\"og:availability\" content=\"instock\" \/>\n<meta property=\"product:availability\" content=\"instock\" \/>\n<meta property=\"product:retailer_item_id\" content=\"03796481299\" \/>\n<meta property=\"product:condition\" content=\"new\" \/>\n<!-- \/ Yoast SEO plugin. -->","yoast_head_json":{"title":"MB 7964 Horgolt sapka kontrasztos d\u00edsz\u00edt\u00e9ssel \u00e9s pomponnal &#8211; Fashion shop","robots":{"index":"index","follow":"follow","max-snippet":"max-snippet:-1","max-image-preview":"max-image-preview:large","max-video-preview":"max-video-preview:-1"},"canonical":"https:\/\/taboofashion.com\/hu\/shop\/mirtuszpart-mb-7964-horgolt-sapka-feltuno-karimaju-es-buborekkal\/","og_locale":"hu_HU","og_type":"article","og_title":"MB 7964 Horgolt sapka kontrasztos d\u00edsz\u00edt\u00e9ssel \u00e9s pomponnal &#8211; Fashion shop","og_description":"85 g, 100% akril, b\u00e9l\u00e9s: 100% poli\u00e9szter","og_url":"https:\/\/taboofashion.com\/hu\/shop\/mirtuszpart-mb-7964-horgolt-sapka-feltuno-karimaju-es-buborekkal\/","og_site_name":"Fashion shop","article_publisher":"https:\/\/www.facebook.com\/TabooSlovakia","article_modified_time":"2023-05-14T14:19:29+00:00","og_image":[{"width":1000,"height":1000,"url":"https:\/\/taboofashion.com\/wp-content\/uploads\/2022\/08\/LS-03.7964-Myrtle-Beach-MB-7964-1.jpg","type":"image\/jpeg"}],"twitter_card":"summary_large_image","schema":{"@context":"https:\/\/schema.org","@graph":[{"@type":"WebPage","@id":"https:\/\/taboofashion.com\/hu\/shop\/mirtuszpart-mb-7964-horgolt-sapka-feltuno-karimaju-es-buborekkal\/","url":"https:\/\/taboofashion.com\/hu\/shop\/mirtuszpart-mb-7964-horgolt-sapka-feltuno-karimaju-es-buborekkal\/","name":"MB 7964 Horgolt sapka kontrasztos d\u00edsz\u00edt\u00e9ssel \u00e9s pomponnal &#8211; Fashion shop","isPartOf":{"@id":"https:\/\/taboofashion.com\/hu\/#website"},"datePublished":"2022-08-26T21:58:11+00:00","dateModified":"2023-05-14T14:19:29+00:00","breadcrumb":{"@id":"https:\/\/taboofashion.com\/hu\/shop\/mirtuszpart-mb-7964-horgolt-sapka-feltuno-karimaju-es-buborekkal\/#breadcrumb"},"inLanguage":"hu","potentialAction":[{"@type":"ReadAction","target":["https:\/\/taboofashion.com\/hu\/shop\/mirtuszpart-mb-7964-horgolt-sapka-feltuno-karimaju-es-buborekkal\/"]}]},{"@type":"BreadcrumbList","@id":"https:\/\/taboofashion.com\/hu\/shop\/mirtuszpart-mb-7964-horgolt-sapka-feltuno-karimaju-es-buborekkal\/#breadcrumb","itemListElement":[{"@type":"ListItem","position":1,"name":"Home","item":"https:\/\/taboofashion.com\/hu\/"},{"@type":"ListItem","position":2,"name":"Bolt","item":"https:\/\/taboofashion.com\/hu\/"},{"@type":"ListItem","position":3,"name":"MB 7964 Horgolt sapka kontrasztos d\u00edsz\u00edt\u00e9ssel \u00e9s pomponnal"}]},{"@type":"WebSite","@id":"https:\/\/taboofashion.com\/hu\/#website","url":"https:\/\/taboofashion.com\/hu\/","name":"Fashion shop","description":"","publisher":{"@id":"https:\/\/taboofashion.com\/hu\/#organization"},"potentialAction":[{"@type":"SearchAction","target":{"@type":"EntryPoint","urlTemplate":"https:\/\/taboofashion.com\/hu\/?s={search_term_string}"},"query-input":"required name=search_term_string"}],"inLanguage":"hu"},{"@type":"Organization","@id":"https:\/\/taboofashion.com\/hu\/#organization","name":"Taboo Slovakia s.r.o.","url":"https:\/\/taboofashion.com\/hu\/","logo":{"@type":"ImageObject","inLanguage":"hu","@id":"https:\/\/taboofashion.com\/hu\/#\/schema\/logo\/image\/","url":"https:\/\/taboofashion.com\/wp-content\/uploads\/2022\/12\/taboologo2100-002.png","contentUrl":"https:\/\/taboofashion.com\/wp-content\/uploads\/2022\/12\/taboologo2100-002.png","width":2100,"height":1050,"caption":"Taboo Slovakia s.r.o."},"image":{"@id":"https:\/\/taboofashion.com\/hu\/#\/schema\/logo\/image\/"},"sameAs":["https:\/\/www.facebook.com\/TabooSlovakia","https:\/\/www.linkedin.com\/company\/541747\/","https:\/\/www.instagram.com\/taboofashion.com1\/"]}]},"product_brand":"Myrtle Beach","og_availability":"instock","product_availability":"instock","product_retailer_item_id":"03796481299","product_condition":"new"},"_links":{"self":[{"href":"https:\/\/taboofashion.com\/hu\/wp-json\/wp\/v2\/product\/654357","targetHints":{"allow":["GET"]}}],"collection":[{"href":"https:\/\/taboofashion.com\/hu\/wp-json\/wp\/v2\/product"}],"about":[{"href":"https:\/\/taboofashion.com\/hu\/wp-json\/wp\/v2\/types\/product"}],"wp:featuredmedia":[{"embeddable":true,"href":"https:\/\/taboofashion.com\/hu\/wp-json\/wp\/v2\/media\/610746"}],"wp:attachment":[{"href":"https:\/\/taboofashion.com\/hu\/wp-json\/wp\/v2\/media?parent=654357"}],"wp:term":[{"taxonomy":"product_cat","embeddable":true,"href":"https:\/\/taboofashion.com\/hu\/wp-json\/wp\/v2\/product_cat?post=654357"},{"taxonomy":"product_tag","embeddable":true,"href":"https:\/\/taboofashion.com\/hu\/wp-json\/wp\/v2\/product_tag?post=654357"}],"curies":[{"name":"wp","href":"https:\/\/api.w.org\/{rel}","templated":true}]}}