{"id":656651,"date":"2022-08-30T17:38:27","date_gmt":"2022-08-30T15:38:27","guid":{"rendered":"https:\/\/taboofashion.com\/shop\/bukkmezo-b45-kotott-sapka-eredeti\/"},"modified":"2022-08-30T17:38:27","modified_gmt":"2022-08-30T15:38:27","slug":"bukkmezo-b45-kotott-sapka-eredeti","status":"publish","type":"product","link":"https:\/\/taboofashion.com\/hu\/shop\/bukkmezo-b45-kotott-sapka-eredeti\/","title":{"rendered":"B45 k\u00f6t\u00f6tt sapka &#8222;Eredeti&#8221;"},"content":{"rendered":"<p>Karim\u00e1j\u00fa, rugalmas anyagb\u00f3l, dupla k\u00f6t\u00f6tt anyagb\u00f3l<\/p>\n","protected":false},"excerpt":{"rendered":"<p>100% puha tapint\u00e1s\u00fa akril, sz\u00e9n: 52% poliakril, 48% poli\u00e9szter, hanga \u00e9s antik: 55% poli\u00e9szter, 45% poliakril<\/p>\n","protected":false},"featured_media":610680,"template":"","meta":[],"product_cat":[3613],"product_tag":[],"class_list":{"0":"post-656651","1":"product","2":"type-product","3":"status-publish","4":"has-post-thumbnail","6":"product_cat-sapkak","7":"pa_brand-beechfield-hu","8":"pa_colour-antik-szurke","9":"pa_colour-arany","10":"pa_colour-benzin","11":"pa_colour-bordo","12":"pa_colour-csokolade-barna","13":"pa_colour-egszinkek","14":"pa_colour-elenkpiros","15":"pa_colour-feher","16":"pa_colour-fekete","17":"pa_colour-fluoreszkalo-narancssarga-hu","18":"pa_colour-fluoreszkalo-rozsaszin","19":"pa_colour-fluoreszkalo-sarga-2","20":"pa_colour-fluoreszkalo-zold","21":"pa_colour-francia-haditengereszet","22":"pa_colour-fukszia","23":"pa_colour-grafitszurke-2","24":"pa_colour-heather-navy-hu","25":"pa_colour-heather-surf-hu","26":"pa_colour-heather-zabpehely","27":"pa_colour-homok","28":"pa_colour-karamell","29":"pa_colour-kelly-green-hu","30":"pa_colour-klasszikus-piros-2","31":"pa_colour-klasszikus-rozsaszin","32":"pa_colour-korall-hu","33":"pa_colour-kozepkek-hu-4","34":"pa_colour-legiero-kek","35":"pa_colour-levendula","36":"pa_colour-lila","37":"pa_colour-lime-zold","38":"pa_colour-magenta-hu","39":"pa_colour-mentazold","40":"pa_colour-mohazold-hu","41":"pa_colour-mustar-hu","42":"pa_colour-narancs","43":"pa_colour-narancssarga-rozsdaszin","44":"pa_colour-olajzold","45":"pa_colour-oxfordi-haditengereszet-2","46":"pa_colour-pasztell-rozsaszin","47":"pa_colour-sarga-hu","48":"pa_colour-smaragd-hu","49":"pa_colour-szilva","50":"pa_colour-szorfkek","51":"pa_colour-szurke-hu-2","52":"pa_colour-szurke-hofeherke","53":"pa_colour-szurkes-rozsaszin","54":"pa_colour-teal-hu-2","55":"pa_colour-uveg-zold","56":"pa_colour-valodi-rozsaszin","57":"pa_colour-vilagosszurke","58":"pa_colour-zafirkek-hu","59":"pa_size-onesize-hu","61":"first","62":"instock","63":"taxable","64":"shipping-taxable","65":"purchasable","66":"product-type-variable","67":"has-default-attributes"},"yoast_head":"<!-- This site is optimized with the Yoast SEO plugin v21.8 - https:\/\/yoast.com\/wordpress\/plugins\/seo\/ -->\n<title>B45 k\u00f6t\u00f6tt sapka &quot;Eredeti&quot; &#8211; Fashion shop<\/title>\n<meta name=\"robots\" content=\"index, follow, max-snippet:-1, max-image-preview:large, max-video-preview:-1\" \/>\n<link rel=\"canonical\" href=\"https:\/\/taboofashion.com\/hu\/shop\/bukkmezo-b45-kotott-sapka-eredeti\/\" \/>\n<meta property=\"og:locale\" content=\"hu_HU\" \/>\n<meta property=\"og:type\" content=\"article\" \/>\n<meta property=\"og:title\" content=\"B45 k\u00f6t\u00f6tt sapka &quot;Eredeti&quot; &#8211; Fashion shop\" \/>\n<meta property=\"og:description\" content=\"100% puha tapint\u00e1s\u00fa akril, sz\u00e9n: 52% poliakril, 48% poli\u00e9szter, hanga \u00e9s antik: 55% poli\u00e9szter, 45% poliakril\" \/>\n<meta property=\"og:url\" content=\"https:\/\/taboofashion.com\/hu\/shop\/bukkmezo-b45-kotott-sapka-eredeti\/\" \/>\n<meta property=\"og:site_name\" content=\"Fashion shop\" \/>\n<meta property=\"article:publisher\" content=\"https:\/\/www.facebook.com\/TabooSlovakia\" \/>\n<meta name=\"twitter:card\" content=\"summary_large_image\" \/>\n<script type=\"application\/ld+json\" class=\"yoast-schema-graph\">{\"@context\":\"https:\/\/schema.org\",\"@graph\":[{\"@type\":\"WebPage\",\"@id\":\"https:\/\/taboofashion.com\/hu\/shop\/bukkmezo-b45-kotott-sapka-eredeti\/\",\"url\":\"https:\/\/taboofashion.com\/hu\/shop\/bukkmezo-b45-kotott-sapka-eredeti\/\",\"name\":\"B45 k\u00f6t\u00f6tt sapka \\\"Eredeti\\\" &#8211; Fashion shop\",\"isPartOf\":{\"@id\":\"https:\/\/taboofashion.com\/hu\/#website\"},\"datePublished\":\"2022-08-30T15:38:27+00:00\",\"dateModified\":\"2022-08-30T15:38:27+00:00\",\"breadcrumb\":{\"@id\":\"https:\/\/taboofashion.com\/hu\/shop\/bukkmezo-b45-kotott-sapka-eredeti\/#breadcrumb\"},\"inLanguage\":\"hu\",\"potentialAction\":[{\"@type\":\"ReadAction\",\"target\":[\"https:\/\/taboofashion.com\/hu\/shop\/bukkmezo-b45-kotott-sapka-eredeti\/\"]}]},{\"@type\":\"BreadcrumbList\",\"@id\":\"https:\/\/taboofashion.com\/hu\/shop\/bukkmezo-b45-kotott-sapka-eredeti\/#breadcrumb\",\"itemListElement\":[{\"@type\":\"ListItem\",\"position\":1,\"name\":\"Home\",\"item\":\"https:\/\/taboofashion.com\/hu\/\"},{\"@type\":\"ListItem\",\"position\":2,\"name\":\"Bolt\",\"item\":\"https:\/\/taboofashion.com\/hu\/\"},{\"@type\":\"ListItem\",\"position\":3,\"name\":\"B45 k\u00f6t\u00f6tt sapka &#8222;Eredeti&#8221;\"}]},{\"@type\":\"WebSite\",\"@id\":\"https:\/\/taboofashion.com\/hu\/#website\",\"url\":\"https:\/\/taboofashion.com\/hu\/\",\"name\":\"Fashion shop\",\"description\":\"\",\"publisher\":{\"@id\":\"https:\/\/taboofashion.com\/hu\/#organization\"},\"potentialAction\":[{\"@type\":\"SearchAction\",\"target\":{\"@type\":\"EntryPoint\",\"urlTemplate\":\"https:\/\/taboofashion.com\/hu\/?s={search_term_string}\"},\"query-input\":\"required name=search_term_string\"}],\"inLanguage\":\"hu\"},{\"@type\":\"Organization\",\"@id\":\"https:\/\/taboofashion.com\/hu\/#organization\",\"name\":\"Taboo Slovakia s.r.o.\",\"url\":\"https:\/\/taboofashion.com\/hu\/\",\"logo\":{\"@type\":\"ImageObject\",\"inLanguage\":\"hu\",\"@id\":\"https:\/\/taboofashion.com\/hu\/#\/schema\/logo\/image\/\",\"url\":\"https:\/\/taboofashion.com\/wp-content\/uploads\/2022\/12\/taboologo2100-002.png\",\"contentUrl\":\"https:\/\/taboofashion.com\/wp-content\/uploads\/2022\/12\/taboologo2100-002.png\",\"width\":2100,\"height\":1050,\"caption\":\"Taboo Slovakia s.r.o.\"},\"image\":{\"@id\":\"https:\/\/taboofashion.com\/hu\/#\/schema\/logo\/image\/\"},\"sameAs\":[\"https:\/\/www.facebook.com\/TabooSlovakia\",\"https:\/\/www.linkedin.com\/company\/541747\/\",\"https:\/\/www.instagram.com\/taboofashion.com1\/\"]}]}<\/script>\n<meta property=\"product:brand\" content=\"Beechfield\" \/>\n<meta property=\"og:availability\" content=\"instock\" \/>\n<meta property=\"product:availability\" content=\"instock\" \/>\n<meta property=\"product:retailer_item_id\" content=\"53004500199\" \/>\n<meta property=\"product:condition\" content=\"new\" \/>\n<!-- \/ Yoast SEO plugin. -->","yoast_head_json":{"title":"B45 k\u00f6t\u00f6tt sapka \"Eredeti\" &#8211; Fashion shop","robots":{"index":"index","follow":"follow","max-snippet":"max-snippet:-1","max-image-preview":"max-image-preview:large","max-video-preview":"max-video-preview:-1"},"canonical":"https:\/\/taboofashion.com\/hu\/shop\/bukkmezo-b45-kotott-sapka-eredeti\/","og_locale":"hu_HU","og_type":"article","og_title":"B45 k\u00f6t\u00f6tt sapka \"Eredeti\" &#8211; Fashion shop","og_description":"100% puha tapint\u00e1s\u00fa akril, sz\u00e9n: 52% poliakril, 48% poli\u00e9szter, hanga \u00e9s antik: 55% poli\u00e9szter, 45% poliakril","og_url":"https:\/\/taboofashion.com\/hu\/shop\/bukkmezo-b45-kotott-sapka-eredeti\/","og_site_name":"Fashion shop","article_publisher":"https:\/\/www.facebook.com\/TabooSlovakia","twitter_card":"summary_large_image","schema":{"@context":"https:\/\/schema.org","@graph":[{"@type":"WebPage","@id":"https:\/\/taboofashion.com\/hu\/shop\/bukkmezo-b45-kotott-sapka-eredeti\/","url":"https:\/\/taboofashion.com\/hu\/shop\/bukkmezo-b45-kotott-sapka-eredeti\/","name":"B45 k\u00f6t\u00f6tt sapka \"Eredeti\" &#8211; Fashion shop","isPartOf":{"@id":"https:\/\/taboofashion.com\/hu\/#website"},"datePublished":"2022-08-30T15:38:27+00:00","dateModified":"2022-08-30T15:38:27+00:00","breadcrumb":{"@id":"https:\/\/taboofashion.com\/hu\/shop\/bukkmezo-b45-kotott-sapka-eredeti\/#breadcrumb"},"inLanguage":"hu","potentialAction":[{"@type":"ReadAction","target":["https:\/\/taboofashion.com\/hu\/shop\/bukkmezo-b45-kotott-sapka-eredeti\/"]}]},{"@type":"BreadcrumbList","@id":"https:\/\/taboofashion.com\/hu\/shop\/bukkmezo-b45-kotott-sapka-eredeti\/#breadcrumb","itemListElement":[{"@type":"ListItem","position":1,"name":"Home","item":"https:\/\/taboofashion.com\/hu\/"},{"@type":"ListItem","position":2,"name":"Bolt","item":"https:\/\/taboofashion.com\/hu\/"},{"@type":"ListItem","position":3,"name":"B45 k\u00f6t\u00f6tt sapka &#8222;Eredeti&#8221;"}]},{"@type":"WebSite","@id":"https:\/\/taboofashion.com\/hu\/#website","url":"https:\/\/taboofashion.com\/hu\/","name":"Fashion shop","description":"","publisher":{"@id":"https:\/\/taboofashion.com\/hu\/#organization"},"potentialAction":[{"@type":"SearchAction","target":{"@type":"EntryPoint","urlTemplate":"https:\/\/taboofashion.com\/hu\/?s={search_term_string}"},"query-input":"required name=search_term_string"}],"inLanguage":"hu"},{"@type":"Organization","@id":"https:\/\/taboofashion.com\/hu\/#organization","name":"Taboo Slovakia s.r.o.","url":"https:\/\/taboofashion.com\/hu\/","logo":{"@type":"ImageObject","inLanguage":"hu","@id":"https:\/\/taboofashion.com\/hu\/#\/schema\/logo\/image\/","url":"https:\/\/taboofashion.com\/wp-content\/uploads\/2022\/12\/taboologo2100-002.png","contentUrl":"https:\/\/taboofashion.com\/wp-content\/uploads\/2022\/12\/taboologo2100-002.png","width":2100,"height":1050,"caption":"Taboo Slovakia s.r.o."},"image":{"@id":"https:\/\/taboofashion.com\/hu\/#\/schema\/logo\/image\/"},"sameAs":["https:\/\/www.facebook.com\/TabooSlovakia","https:\/\/www.linkedin.com\/company\/541747\/","https:\/\/www.instagram.com\/taboofashion.com1\/"]}]},"product_brand":"Beechfield","og_availability":"instock","product_availability":"instock","product_retailer_item_id":"53004500199","product_condition":"new"},"_links":{"self":[{"href":"https:\/\/taboofashion.com\/hu\/wp-json\/wp\/v2\/product\/656651","targetHints":{"allow":["GET"]}}],"collection":[{"href":"https:\/\/taboofashion.com\/hu\/wp-json\/wp\/v2\/product"}],"about":[{"href":"https:\/\/taboofashion.com\/hu\/wp-json\/wp\/v2\/types\/product"}],"wp:featuredmedia":[{"embeddable":true,"href":"https:\/\/taboofashion.com\/hu\/wp-json\/wp\/v2\/media\/610680"}],"wp:attachment":[{"href":"https:\/\/taboofashion.com\/hu\/wp-json\/wp\/v2\/media?parent=656651"}],"wp:term":[{"taxonomy":"product_cat","embeddable":true,"href":"https:\/\/taboofashion.com\/hu\/wp-json\/wp\/v2\/product_cat?post=656651"},{"taxonomy":"product_tag","embeddable":true,"href":"https:\/\/taboofashion.com\/hu\/wp-json\/wp\/v2\/product_tag?post=656651"}],"curies":[{"name":"wp","href":"https:\/\/api.w.org\/{rel}","templated":true}]}}