{"id":657149,"date":"2022-08-30T14:42:53","date_gmt":"2022-08-30T12:42:53","guid":{"rendered":"https:\/\/taboofashion.com\/shop\/az-egy-klasszikus-70-klasszikus-furdolepedo\/"},"modified":"2022-08-30T14:42:53","modified_gmt":"2022-08-30T12:42:53","slug":"az-egy-klasszikus-70-klasszikus-furdolepedo","status":"publish","type":"product","link":"https:\/\/taboofashion.com\/hu\/shop\/az-egy-klasszikus-70-klasszikus-furdolepedo\/","title":{"rendered":"Classic 70 Classic f\u00fcrd\u0151leped\u0151"},"content":{"rendered":"<p>6,5cm (plusz 1cm k\u00fcls\u0151 \u00e9l) cs\u00edkos mint\u00e1s szeg\u00e9ly, akaszt\u00f3hurok, m\u00e9rete: 70x140cm, 60\u00b0-ban moshat\u00f3<\/p>\n","protected":false},"excerpt":{"rendered":"<p>450g\/m\u00b2, 100% f\u00e9s\u00fclt pamut<\/p>\n","protected":false},"featured_media":608783,"template":"","meta":[],"product_cat":[3612],"product_tag":[],"class_list":{"0":"post-657149","1":"product","2":"type-product","3":"status-publish","4":"has-post-thumbnail","6":"product_cat-frottir-termekek","7":"pa_brand-the-one-towelling-hu","8":"pa_colour-antracit","9":"pa_colour-azurkek-aqua","10":"pa_colour-barna-hu","11":"pa_colour-benzin","12":"pa_colour-feher","13":"pa_colour-fekete","14":"pa_colour-kifakult-farmer-2","15":"pa_colour-kiralykek","16":"pa_colour-krem","17":"pa_colour-lazac-hu","18":"pa_colour-levendula","19":"pa_colour-lila","20":"pa_colour-lime-hu","21":"pa_colour-magenta-hu","22":"pa_colour-menta","23":"pa_colour-mezsarga","24":"pa_colour-narancs","25":"pa_colour-olajzold","26":"pa_colour-piros","27":"pa_colour-sarga-hu","28":"pa_colour-szilva","29":"pa_colour-taupe-hu","30":"pa_colour-tengereszgyalogsag","31":"pa_colour-turkizkek-hu","32":"pa_colour-vilagos-rozsaszin","33":"pa_colour-vilagoskek","34":"pa_colour-vilagosszurke","35":"pa_colour-zold-2","36":"pa_size-onesize-hu","38":"first","39":"instock","40":"taxable","41":"shipping-taxable","42":"purchasable","43":"product-type-variable","44":"has-default-attributes"},"yoast_head":"<!-- This site is optimized with the Yoast SEO plugin v21.8 - https:\/\/yoast.com\/wordpress\/plugins\/seo\/ -->\n<title>Classic 70 Classic f\u00fcrd\u0151leped\u0151 &#8211; Fashion shop<\/title>\n<meta name=\"robots\" content=\"index, follow, max-snippet:-1, max-image-preview:large, max-video-preview:-1\" \/>\n<link rel=\"canonical\" href=\"https:\/\/taboofashion.com\/hu\/shop\/az-egy-klasszikus-70-klasszikus-furdolepedo\/\" \/>\n<meta property=\"og:locale\" content=\"hu_HU\" \/>\n<meta property=\"og:type\" content=\"article\" \/>\n<meta property=\"og:title\" content=\"Classic 70 Classic f\u00fcrd\u0151leped\u0151 &#8211; Fashion shop\" \/>\n<meta property=\"og:description\" content=\"450g\/m\u00b2, 100% f\u00e9s\u00fclt pamut\" \/>\n<meta property=\"og:url\" content=\"https:\/\/taboofashion.com\/hu\/shop\/az-egy-klasszikus-70-klasszikus-furdolepedo\/\" \/>\n<meta property=\"og:site_name\" content=\"Fashion shop\" \/>\n<meta property=\"article:publisher\" content=\"https:\/\/www.facebook.com\/TabooSlovakia\" \/>\n<meta name=\"twitter:card\" content=\"summary_large_image\" \/>\n<script type=\"application\/ld+json\" class=\"yoast-schema-graph\">{\"@context\":\"https:\/\/schema.org\",\"@graph\":[{\"@type\":\"WebPage\",\"@id\":\"https:\/\/taboofashion.com\/hu\/shop\/az-egy-klasszikus-70-klasszikus-furdolepedo\/\",\"url\":\"https:\/\/taboofashion.com\/hu\/shop\/az-egy-klasszikus-70-klasszikus-furdolepedo\/\",\"name\":\"Classic 70 Classic f\u00fcrd\u0151leped\u0151 &#8211; Fashion shop\",\"isPartOf\":{\"@id\":\"https:\/\/taboofashion.com\/hu\/#website\"},\"datePublished\":\"2022-08-30T12:42:53+00:00\",\"dateModified\":\"2022-08-30T12:42:53+00:00\",\"breadcrumb\":{\"@id\":\"https:\/\/taboofashion.com\/hu\/shop\/az-egy-klasszikus-70-klasszikus-furdolepedo\/#breadcrumb\"},\"inLanguage\":\"hu\",\"potentialAction\":[{\"@type\":\"ReadAction\",\"target\":[\"https:\/\/taboofashion.com\/hu\/shop\/az-egy-klasszikus-70-klasszikus-furdolepedo\/\"]}]},{\"@type\":\"BreadcrumbList\",\"@id\":\"https:\/\/taboofashion.com\/hu\/shop\/az-egy-klasszikus-70-klasszikus-furdolepedo\/#breadcrumb\",\"itemListElement\":[{\"@type\":\"ListItem\",\"position\":1,\"name\":\"Home\",\"item\":\"https:\/\/taboofashion.com\/hu\/\"},{\"@type\":\"ListItem\",\"position\":2,\"name\":\"Bolt\",\"item\":\"https:\/\/taboofashion.com\/hu\/\"},{\"@type\":\"ListItem\",\"position\":3,\"name\":\"Classic 70 Classic f\u00fcrd\u0151leped\u0151\"}]},{\"@type\":\"WebSite\",\"@id\":\"https:\/\/taboofashion.com\/hu\/#website\",\"url\":\"https:\/\/taboofashion.com\/hu\/\",\"name\":\"Fashion shop\",\"description\":\"\",\"publisher\":{\"@id\":\"https:\/\/taboofashion.com\/hu\/#organization\"},\"potentialAction\":[{\"@type\":\"SearchAction\",\"target\":{\"@type\":\"EntryPoint\",\"urlTemplate\":\"https:\/\/taboofashion.com\/hu\/?s={search_term_string}\"},\"query-input\":\"required name=search_term_string\"}],\"inLanguage\":\"hu\"},{\"@type\":\"Organization\",\"@id\":\"https:\/\/taboofashion.com\/hu\/#organization\",\"name\":\"Taboo Slovakia s.r.o.\",\"url\":\"https:\/\/taboofashion.com\/hu\/\",\"logo\":{\"@type\":\"ImageObject\",\"inLanguage\":\"hu\",\"@id\":\"https:\/\/taboofashion.com\/hu\/#\/schema\/logo\/image\/\",\"url\":\"https:\/\/taboofashion.com\/wp-content\/uploads\/2022\/12\/taboologo2100-002.png\",\"contentUrl\":\"https:\/\/taboofashion.com\/wp-content\/uploads\/2022\/12\/taboologo2100-002.png\",\"width\":2100,\"height\":1050,\"caption\":\"Taboo Slovakia s.r.o.\"},\"image\":{\"@id\":\"https:\/\/taboofashion.com\/hu\/#\/schema\/logo\/image\/\"},\"sameAs\":[\"https:\/\/www.facebook.com\/TabooSlovakia\",\"https:\/\/www.linkedin.com\/company\/541747\/\",\"https:\/\/www.instagram.com\/taboofashion.com1\/\"]}]}<\/script>\n<meta property=\"product:brand\" content=\"The One Towelling\" \/>\n<meta property=\"og:availability\" content=\"instock\" \/>\n<meta property=\"product:availability\" content=\"instock\" \/>\n<meta property=\"product:retailer_item_id\" content=\"48100600199\" \/>\n<meta property=\"product:condition\" content=\"new\" \/>\n<!-- \/ Yoast SEO plugin. -->","yoast_head_json":{"title":"Classic 70 Classic f\u00fcrd\u0151leped\u0151 &#8211; Fashion shop","robots":{"index":"index","follow":"follow","max-snippet":"max-snippet:-1","max-image-preview":"max-image-preview:large","max-video-preview":"max-video-preview:-1"},"canonical":"https:\/\/taboofashion.com\/hu\/shop\/az-egy-klasszikus-70-klasszikus-furdolepedo\/","og_locale":"hu_HU","og_type":"article","og_title":"Classic 70 Classic f\u00fcrd\u0151leped\u0151 &#8211; Fashion shop","og_description":"450g\/m\u00b2, 100% f\u00e9s\u00fclt pamut","og_url":"https:\/\/taboofashion.com\/hu\/shop\/az-egy-klasszikus-70-klasszikus-furdolepedo\/","og_site_name":"Fashion shop","article_publisher":"https:\/\/www.facebook.com\/TabooSlovakia","twitter_card":"summary_large_image","schema":{"@context":"https:\/\/schema.org","@graph":[{"@type":"WebPage","@id":"https:\/\/taboofashion.com\/hu\/shop\/az-egy-klasszikus-70-klasszikus-furdolepedo\/","url":"https:\/\/taboofashion.com\/hu\/shop\/az-egy-klasszikus-70-klasszikus-furdolepedo\/","name":"Classic 70 Classic f\u00fcrd\u0151leped\u0151 &#8211; Fashion shop","isPartOf":{"@id":"https:\/\/taboofashion.com\/hu\/#website"},"datePublished":"2022-08-30T12:42:53+00:00","dateModified":"2022-08-30T12:42:53+00:00","breadcrumb":{"@id":"https:\/\/taboofashion.com\/hu\/shop\/az-egy-klasszikus-70-klasszikus-furdolepedo\/#breadcrumb"},"inLanguage":"hu","potentialAction":[{"@type":"ReadAction","target":["https:\/\/taboofashion.com\/hu\/shop\/az-egy-klasszikus-70-klasszikus-furdolepedo\/"]}]},{"@type":"BreadcrumbList","@id":"https:\/\/taboofashion.com\/hu\/shop\/az-egy-klasszikus-70-klasszikus-furdolepedo\/#breadcrumb","itemListElement":[{"@type":"ListItem","position":1,"name":"Home","item":"https:\/\/taboofashion.com\/hu\/"},{"@type":"ListItem","position":2,"name":"Bolt","item":"https:\/\/taboofashion.com\/hu\/"},{"@type":"ListItem","position":3,"name":"Classic 70 Classic f\u00fcrd\u0151leped\u0151"}]},{"@type":"WebSite","@id":"https:\/\/taboofashion.com\/hu\/#website","url":"https:\/\/taboofashion.com\/hu\/","name":"Fashion shop","description":"","publisher":{"@id":"https:\/\/taboofashion.com\/hu\/#organization"},"potentialAction":[{"@type":"SearchAction","target":{"@type":"EntryPoint","urlTemplate":"https:\/\/taboofashion.com\/hu\/?s={search_term_string}"},"query-input":"required name=search_term_string"}],"inLanguage":"hu"},{"@type":"Organization","@id":"https:\/\/taboofashion.com\/hu\/#organization","name":"Taboo Slovakia s.r.o.","url":"https:\/\/taboofashion.com\/hu\/","logo":{"@type":"ImageObject","inLanguage":"hu","@id":"https:\/\/taboofashion.com\/hu\/#\/schema\/logo\/image\/","url":"https:\/\/taboofashion.com\/wp-content\/uploads\/2022\/12\/taboologo2100-002.png","contentUrl":"https:\/\/taboofashion.com\/wp-content\/uploads\/2022\/12\/taboologo2100-002.png","width":2100,"height":1050,"caption":"Taboo Slovakia s.r.o."},"image":{"@id":"https:\/\/taboofashion.com\/hu\/#\/schema\/logo\/image\/"},"sameAs":["https:\/\/www.facebook.com\/TabooSlovakia","https:\/\/www.linkedin.com\/company\/541747\/","https:\/\/www.instagram.com\/taboofashion.com1\/"]}]},"product_brand":"The One Towelling","og_availability":"instock","product_availability":"instock","product_retailer_item_id":"48100600199","product_condition":"new"},"_links":{"self":[{"href":"https:\/\/taboofashion.com\/hu\/wp-json\/wp\/v2\/product\/657149","targetHints":{"allow":["GET"]}}],"collection":[{"href":"https:\/\/taboofashion.com\/hu\/wp-json\/wp\/v2\/product"}],"about":[{"href":"https:\/\/taboofashion.com\/hu\/wp-json\/wp\/v2\/types\/product"}],"wp:featuredmedia":[{"embeddable":true,"href":"https:\/\/taboofashion.com\/hu\/wp-json\/wp\/v2\/media\/608783"}],"wp:attachment":[{"href":"https:\/\/taboofashion.com\/hu\/wp-json\/wp\/v2\/media?parent=657149"}],"wp:term":[{"taxonomy":"product_cat","embeddable":true,"href":"https:\/\/taboofashion.com\/hu\/wp-json\/wp\/v2\/product_cat?post=657149"},{"taxonomy":"product_tag","embeddable":true,"href":"https:\/\/taboofashion.com\/hu\/wp-json\/wp\/v2\/product_tag?post=657149"}],"curies":[{"name":"wp","href":"https:\/\/api.w.org\/{rel}","templated":true}]}}